{"id":47889,"date":"2026-01-15T15:29:10","date_gmt":"2026-01-15T07:29:10","guid":{"rendered":"https:\/\/ulpmat.com\/product\/natriumsulfid\/"},"modified":"2026-01-15T15:29:10","modified_gmt":"2026-01-15T07:29:10","slug":"natriumsulfid","status":"publish","type":"product","link":"https:\/\/ulpmat.com\/de\/produkt\/natriumsulfid\/","title":{"rendered":"Natriumsulfid"},"content":{"rendered":"<h2><span style=\"font-size: 14pt;\">\u00dcbersicht \u00fcber Natriumsulfidpulver<\/span><\/h2>\n<p><span style=\"color: #0000ff;\"><a style=\"color: #0000ff;\" href=\"https:\/\/ulpmat.com\/de\/search\/?type=name&#038;keyword=Sodium+sulfide\">Natriumsulfidpulver<\/a><\/span><br \/>\nist eine hochreaktive, wasserl\u00f6sliche anorganische Chemikalie, die h\u00e4ufig in der chemischen Synthese, der Zellstoff- und Papierverarbeitung sowie der Wasseraufbereitung eingesetzt wird. Seine feine Pulverform gew\u00e4hrleistet eine schnelle Aufl\u00f6sung, gleichm\u00e4\u00dfige Durchmischung und pr\u00e4zise Dosierung und eignet sich sowohl f\u00fcr industrielle als auch f\u00fcr Laboranwendungen.<\/p>\n<p>Wir liefern Natriumsulfidpulver, dessen Reinheit und Partikelgr\u00f6\u00dfe an die Kundenanforderungen angepasst werden kann. Bei Fragen oder Bestellungen <span style=\"color: #0000ff;\"><a style=\"color: #0000ff;\" href=\"https:\/\/ulpmat.com\/de\/kontakt-us\/\">wenden Sie sich<\/a><\/span><br \/>\nbitte direkt <span style=\"color: #0000ff;\"><a style=\"color: #0000ff;\" href=\"https:\/\/ulpmat.com\/de\/kontakt-us\/\">an uns<\/a><\/span><br \/>\n.<\/p>\n<h2><span style=\"font-size: 14pt;\">Produkt-Highlights<\/span><\/h2>\n<p>Feines Pulver, schnelle Aufl\u00f6sung<br \/>\nHohe Reinheit, stabile Qualit\u00e4t<br \/>\nErh\u00e4ltlich in Industrie- und Laborqualit\u00e4t<br \/>\nAnpassbare Partikelgr\u00f6\u00dfe und Verpackung<br \/>\nStrenge Qualit\u00e4tskontrolle gew\u00e4hrleistet Zuverl\u00e4ssigkeit<br \/>\nEinfach zu handhaben und zu lagern<\/p>\n<h2><span style=\"font-size: 14pt;\">Anwendungen von Natriumsulfidpulver<\/span><\/h2>\n<p>Chemische Industrie: Natriumsulfidpulver ist ein wichtiger Rohstoff f\u00fcr die Herstellung von schwefelhaltigen Verbindungen, Farbstoffen und Reagenzien.<br \/>\nZellstoff- und Papierindustrie: Wird in Sulfatzellstoffverfahren zur Unterst\u00fctzung der Zellstoffgewinnung, des Bleichens und der chemischen R\u00fcckgewinnung verwendet.<br \/>\nWasseraufbereitung: Entfernt effektiv Schwermetalle und reinigt industrielles Abwasser.<br \/>\nLederindustrie: Wird als Enthaarungsmittel und Rohstoff in Ledergerbungsprozessen verwendet.<\/p>\n<h2><span style=\"font-size: 14pt; color: #0000ff;\"><a style=\"color: #0000ff;\" href=\"https:\/\/ulpmat.com\/de\/unternehmen\/faqs\/\">H\u00e4ufig gestellte Fragen<\/a><\/span><\/h2>\n<p>F1: Wie gro\u00df ist der Partikelgr\u00f6\u00dfenbereich von Natriumsulfidpulver?<br \/>\nA1: Die Partikelgr\u00f6\u00dfe kann in der Regel an die industriellen Anforderungen angepasst werden.<\/p>\n<p>F2: Wie sollte Natriumsulfidpulver gelagert werden?<br \/>\nA2: An einem k\u00fchlen, trockenen und gut bel\u00fcfteten Ort, fern von sauren Substanzen und feuchten Umgebungen lagern, um eine Zersetzung zu verhindern.<\/p>\n<p>F3: Kann Natriumsulfidpulver direkt in Wasser aufgel\u00f6st werden?<br \/>\nA3: Ja, das Pulver l\u00f6st sich schnell auf und eignet sich daher ideal f\u00fcr pr\u00e4zise industrielle Messungen.<\/p>\n<p>F4: Welche Reinheitsgrade sind verf\u00fcgbar?<br \/>\nA4: Der \u00fcblicherweise verwendete Reinheitsgrad betr\u00e4gt 99,9 %. Wir produzieren haupts\u00e4chlich hochreine Produkte in Laborqualit\u00e4t.<\/p>\n<h2><span style=\"font-size: 14pt;\">Berichte<\/span><\/h2>\n<p>Jede Charge wird geliefert mit:<br \/>\n<span style=\"color: #0000ff;\"><a style=\"color: #0000ff;\" href=\"https:\/\/ulpmat.com\/de\/dokumente\/zertifikat-der-analyse\/\"><u>Analysezertifikat (COA)<\/u><\/a><\/span><\/p>\n<p><span style=\"color: #0000ff;\"><a style=\"color: #0000ff;\" href=\"https:\/\/ulpmat.com\/de\/dokumente\/technisches-datenblatt\/\"><u>Technisches Datenblatt (TDS)<\/u><\/a><\/span><\/p>\n<p><span style=\"color: #0000ff;\"><a style=\"color: #0000ff;\" href=\"https:\/\/ulpmat.com\/de\/dokumente\/sicherheitsdatenblatt\/\"><u>Sicherheitsdatenblatt (MSDS)<\/u><\/a><\/span><br \/>\nPr\u00fcfberichte von Drittanbietern sind auf Anfrage erh\u00e4ltlich.<\/p>\n<h2><span style=\"font-size: 14pt;\">Warum sollten Sie sich f\u00fcr uns entscheiden?<\/span><\/h2>\n<p>Wir bieten hochwertiges Natriumsulfidpulver mit zuverl\u00e4ssiger Lieferung, strenger Qualit\u00e4tskontrolle und ma\u00dfgeschneiderten L\u00f6sungen f\u00fcr eine Vielzahl von industriellen Anwendungen. Unsere Produkte gew\u00e4hrleisten die Sicherheit, Effizienz und stabile Leistung all Ihrer Prozesse.<\/p>\n","protected":false},"excerpt":{"rendered":"<p>\u00dcbersicht \u00fcber Natriumsulfidpulver Natriumsulfidpulver ist eine hochreaktive, wasserl\u00f6sliche anorganische Chemikalie, die h\u00e4ufig in der chemischen Synthese, der Zellstoff- und Papierverarbeitung sowie der Wasseraufbereitung eingesetzt wird. Seine feine Pulverform gew\u00e4hrleistet eine schnelle Aufl\u00f6sung, gleichm\u00e4\u00dfige Durchmischung und pr\u00e4zise Dosierung und eignet sich sowohl f\u00fcr industrielle als auch f\u00fcr Laboranwendungen. Wir liefern Natriumsulfidpulver, dessen Reinheit und Partikelgr\u00f6\u00dfe an [&hellip;]<\/p>\n","protected":false},"featured_media":47890,"template":"","meta":{"_acf_changed":false},"product_brand":[132],"product_cat":[670,1090],"product_tag":[6873],"class_list":{"0":"post-47889","1":"product","2":"type-product","3":"status-publish","4":"has-post-thumbnail","6":"product_brand-ulpmat","7":"product_cat-chalkogenid-materialien","8":"product_cat-chalkogenid-materialien-de","9":"product_tag-natriumsulfid-pulver","11":"first","12":"instock","13":"shipping-taxable","14":"product-type-variable"},"acf":[],"_links":{"self":[{"href":"https:\/\/ulpmat.com\/de\/wp-json\/wp\/v2\/product\/47889","targetHints":{"allow":["GET"]}}],"collection":[{"href":"https:\/\/ulpmat.com\/de\/wp-json\/wp\/v2\/product"}],"about":[{"href":"https:\/\/ulpmat.com\/de\/wp-json\/wp\/v2\/types\/product"}],"wp:featuredmedia":[{"embeddable":true,"href":"https:\/\/ulpmat.com\/de\/wp-json\/wp\/v2\/media\/47890"}],"wp:attachment":[{"href":"https:\/\/ulpmat.com\/de\/wp-json\/wp\/v2\/media?parent=47889"}],"wp:term":[{"taxonomy":"product_brand","embeddable":true,"href":"https:\/\/ulpmat.com\/de\/wp-json\/wp\/v2\/product_brand?post=47889"},{"taxonomy":"product_cat","embeddable":true,"href":"https:\/\/ulpmat.com\/de\/wp-json\/wp\/v2\/product_cat?post=47889"},{"taxonomy":"product_tag","embeddable":true,"href":"https:\/\/ulpmat.com\/de\/wp-json\/wp\/v2\/product_tag?post=47889"}],"curies":[{"name":"wp","href":"https:\/\/api.w.org\/{rel}","templated":true}]}}