{"id":47611,"date":"2026-01-15T15:29:17","date_gmt":"2026-01-15T07:29:17","guid":{"rendered":"https:\/\/ulpmat.com\/product\/natriumhexafluorophosphat\/"},"modified":"2026-01-15T15:29:17","modified_gmt":"2026-01-15T07:29:17","slug":"natriumhexafluorophosphat","status":"publish","type":"product","link":"https:\/\/ulpmat.com\/de\/produkt\/natriumhexafluorophosphat\/","title":{"rendered":"Natriumhexafluorophosphat"},"content":{"rendered":"<h2><span style=\"font-size: 14pt;\">\u00dcbersicht \u00fcber Natriumhexafluorophosphat-Pulver<\/span><\/h2>\n<p><span style=\"color: #0000ff;\"><a style=\"color: #0000ff;\" href=\"https:\/\/ulpmat.com\/de\/search\/?type=name&#038;keyword=Sodium+Hexafluorophoshate\">Natriumhexafluorophosphat<\/a><\/span><br \/>\n-Pulver ist eine hochreaktive anorganische Verbindung, die h\u00e4ufig bei der Herstellung von Elektrolyten f\u00fcr Lithium-Ionen-Batterien, Katalysatoren und anderen chemischen Anwendungen verwendet wird. Es spielt eine entscheidende Rolle in Energiespeichern und verbessert die elektrochemische Leistung und Stabilit\u00e4t. Die feine Pulverform gew\u00e4hrleistet eine effiziente Aufl\u00f6sung und pr\u00e4zise Dosierung in industriellen Prozessen.<\/p>\n<p>Wir bieten Natriumhexafluorophosphat-Pulver in verschiedenen Qualit\u00e4ten an, die f\u00fcr industrielle, chemische und Energiespeicheranwendungen geeignet sind. Bei Fragen oder Bestellungen <span style=\"color: #0000ff;\"><a style=\"color: #0000ff;\" href=\"https:\/\/ulpmat.com\/de\/kontakt-us\/\">wenden Sie<\/a><\/span><br \/>\n<span style=\"color: #0000ff;\"><a style=\"color: #0000ff;\" href=\"https:\/\/ulpmat.com\/de\/kontakt-us\/\">sich<\/a><\/span><br \/>\nbitte direkt <span style=\"color: #0000ff;\"><a style=\"color: #0000ff;\" href=\"https:\/\/ulpmat.com\/de\/kontakt-us\/\">an uns<\/a><\/span><br \/>\n.<\/p>\n<h2><span style=\"font-size: 14pt;\">Produkt-Highlights<\/span><\/h2>\n<p>Hohe Stabilit\u00e4t in Elektrolytl\u00f6sungen f\u00fcr die Energiespeicherung<br \/>\nVerwendung in Lithium-Ionen-Batterie-Elektrolyten und Energiespeicherger\u00e4ten<br \/>\nIdeal f\u00fcr die Katalysatorherstellung und andere chemische Prozesse<br \/>\nHochreaktiv mit ausgezeichneten elektrochemischen Eigenschaften<br \/>\nSichere Handhabung und Lagerung unter Standardbedingungen<br \/>\nStrenge Qualit\u00e4tskontrolle f\u00fcr gleichbleibende Leistung<\/p>\n<h2><span style=\"font-size: 14pt;\">Anwendung von Natriumhexafluorophosphat-Pulver<\/span><\/h2>\n<p><strong>Lithium-Ionen-<span style=\"color: #0000ff;\"><a style=\"color: #0000ff;\" href=\"https:\/\/ulpmat.com\/de\/anwendung\/batterie-materialien\/\">Batterien<\/a><\/span>:<\/strong><br \/>\nNatriumhexafluorophosphat wird in Elektrolyten f\u00fcr Lithium-Ionen-Batterien verwendet und tr\u00e4gt zu einer l\u00e4ngeren Lebensdauer und besseren Leistung der Batterien bei.<br \/>\n<strong>Energiespeichersysteme:<\/strong><br \/>\nWird in anderen fortschrittlichen Energiespeichersystemen verwendet, in denen stabile, leistungsstarke Elektrolyte erforderlich sind.<br \/>\n<strong>Katalysatoren:<\/strong><br \/>\nNatriumhexafluorophosphat wird bei der Herstellung verschiedener Katalysatoren f\u00fcr chemische Reaktionen verwendet und verbessert die Reaktionsleistung und Selektivit\u00e4t.<br \/>\n<strong>Elektrochemische Anwendungen:<\/strong><br \/>\nIdeal f\u00fcr den Einsatz in verschiedenen elektrochemischen Prozessen, bietet Stabilit\u00e4t und hohe Reaktivit\u00e4t in industriellen Anwendungen.<\/p>\n<h2><span style=\"font-size: 14pt; color: #0000ff;\"><a style=\"color: #0000ff;\" href=\"https:\/\/ulpmat.com\/de\/unternehmen\/faqs\/\">H\u00e4ufig gestellte Fragen<\/a><\/span><\/h2>\n<p>F1: Welche Rolle spielt Natriumhexafluorophosphat in Lithium-Ionen-Batterien?<br \/>\nA1: Es wird in Elektrolyten verwendet, um die elektrochemische Stabilit\u00e4t, Leitf\u00e4higkeit und Gesamtleistung von Lithium-Ionen-Batterien zu verbessern.<\/p>\n<p>F2: Wie sollte Natriumhexafluorophosphat-Pulver gelagert werden?<br \/>\nA2: Lagern Sie es an einem k\u00fchlen, trockenen und gut bel\u00fcfteten Ort, fern von Feuchtigkeit und starken S\u00e4uren, um seine Stabilit\u00e4t und Reaktivit\u00e4t zu erhalten.<\/p>\n<p>F3: Kann Natriumhexafluorophosphat bei der Herstellung von Katalysatoren verwendet werden?<br \/>\nA3: Ja, es wird h\u00e4ufig bei der Herstellung von Katalysatoren verwendet, um die Reaktionsleistung in verschiedenen chemischen Prozessen zu verbessern.<\/p>\n<p>F4: Welche Branchen profitieren von Natriumhexafluorophosphat?<br \/>\nA4: Es ist unverzichtbar in der Energiespeicher-, Chemie- und Elektrochemieindustrie, insbesondere f\u00fcr Batterietechnologie und Katalysatorsysteme.<\/p>\n<h2><span style=\"font-size: 14pt;\">Bericht<\/span><\/h2>\n<p>Jede Charge wird geliefert mit:<br \/>\n<span style=\"color: #0000ff;\"><a style=\"color: #0000ff;\" href=\"https:\/\/ulpmat.com\/de\/dokumente\/zertifikat-der-analyse\/\"><u>Analysezertifikat (COA)<\/u><\/a><\/span><\/p>\n<p><span style=\"color: #0000ff;\"><a style=\"color: #0000ff;\" href=\"https:\/\/ulpmat.com\/de\/dokumente\/technisches-datenblatt\/\"><u>Technisches Datenblatt (TDS)<\/u><\/a><\/span><\/p>\n<p><span style=\"color: #0000ff;\"><a style=\"color: #0000ff;\" href=\"https:\/\/ulpmat.com\/de\/dokumente\/sicherheitsdatenblatt\/\"><u>Sicherheitsdatenblatt (MSDS)<\/u><\/a><\/span><br \/>\nTestberichte von Drittanbietern sind auf Anfrage erh\u00e4ltlich<\/p>\n<h2><span style=\"font-size: 14pt;\">Warum sollten Sie sich f\u00fcr uns entscheiden?<\/span><\/h2>\n<p>Wir bieten hochwertiges Natriumhexafluorophosphat-Pulver mit zuverl\u00e4ssiger Lieferung, strenger Qualit\u00e4tskontrolle und ma\u00dfgeschneiderten L\u00f6sungen f\u00fcr Energiespeicher-, chemische und elektrochemische Anwendungen. Unsere Produkte gew\u00e4hrleisten optimale Leistung, Stabilit\u00e4t und Effizienz in allen Prozessen.<\/p>\n","protected":false},"excerpt":{"rendered":"<p>\u00dcbersicht \u00fcber Natriumhexafluorophosphat-Pulver Natriumhexafluorophosphat -Pulver ist eine hochreaktive anorganische Verbindung, die h\u00e4ufig bei der Herstellung von Elektrolyten f\u00fcr Lithium-Ionen-Batterien, Katalysatoren und anderen chemischen Anwendungen verwendet wird. Es spielt eine entscheidende Rolle in Energiespeichern und verbessert die elektrochemische Leistung und Stabilit\u00e4t. Die feine Pulverform gew\u00e4hrleistet eine effiziente Aufl\u00f6sung und pr\u00e4zise Dosierung in industriellen Prozessen. Wir bieten [&hellip;]<\/p>\n","protected":false},"featured_media":47612,"template":"","meta":{"_acf_changed":false},"product_brand":[132],"product_cat":[318],"product_tag":[6789],"class_list":{"0":"post-47611","1":"product","2":"type-product","3":"status-publish","4":"has-post-thumbnail","6":"product_brand-ulpmat","7":"product_cat-halogenid-materialien","8":"product_tag-natriumhexafluorophosphat-pulver","10":"first","11":"instock","12":"shipping-taxable","13":"product-type-variable"},"acf":[],"_links":{"self":[{"href":"https:\/\/ulpmat.com\/de\/wp-json\/wp\/v2\/product\/47611","targetHints":{"allow":["GET"]}}],"collection":[{"href":"https:\/\/ulpmat.com\/de\/wp-json\/wp\/v2\/product"}],"about":[{"href":"https:\/\/ulpmat.com\/de\/wp-json\/wp\/v2\/types\/product"}],"wp:featuredmedia":[{"embeddable":true,"href":"https:\/\/ulpmat.com\/de\/wp-json\/wp\/v2\/media\/47612"}],"wp:attachment":[{"href":"https:\/\/ulpmat.com\/de\/wp-json\/wp\/v2\/media?parent=47611"}],"wp:term":[{"taxonomy":"product_brand","embeddable":true,"href":"https:\/\/ulpmat.com\/de\/wp-json\/wp\/v2\/product_brand?post=47611"},{"taxonomy":"product_cat","embeddable":true,"href":"https:\/\/ulpmat.com\/de\/wp-json\/wp\/v2\/product_cat?post=47611"},{"taxonomy":"product_tag","embeddable":true,"href":"https:\/\/ulpmat.com\/de\/wp-json\/wp\/v2\/product_tag?post=47611"}],"curies":[{"name":"wp","href":"https:\/\/api.w.org\/{rel}","templated":true}]}}