{"id":47395,"date":"2026-01-16T16:07:21","date_gmt":"2026-01-16T08:07:21","guid":{"rendered":"https:\/\/ulpmat.com\/product\/lithium-tellurid\/"},"modified":"2026-01-16T16:07:21","modified_gmt":"2026-01-16T08:07:21","slug":"lithium-tellurid","status":"publish","type":"product","link":"https:\/\/ulpmat.com\/de\/produkt\/lithium-tellurid\/","title":{"rendered":"Lithium-Tellurid"},"content":{"rendered":"<h2><span style=\"font-size: 14pt;\">Lithiumtellurid-Pulver <\/span><span style=\"font-size: 14pt;\">\u00dcbersicht<\/span><\/h2>\n<p><span style=\"color: #0000ff;\"><a style=\"color: #0000ff;\" href=\"https:\/\/ulpmat.com\/de\/search\/?type=name&#038;keyword=Lithium+Telluride\">Lithiumtellurid<\/a><\/span><br \/>\nist eine Lithium-Tellur-Verbindung, die aufgrund der Wechselwirkung zwischen elektropositivem Lithium und elektronegativem Tellur einzigartige Eigenschaften aufweist, was zu einer hohen Ionenbeweglichkeit und einer interessanten elektronischen Struktur f\u00fchrt.<\/p>\n<p>Unser Lithiumtellurid-Pulver hat eine kontrollierte Partikelgr\u00f6\u00dfenverteilung und einen geringen Verunreinigungsgrad und eignet sich f\u00fcr den Einsatz in Energiespeichern, Lithium-Tellur-Batterien und anderen Materialien auf Lithiumbasis. Wir bieten auch einen umfassenden Kundendienst \u2013 bei Fragen k\u00f6nnen Sie <span style=\"color: #0000ff;\"><a style=\"color: #0000ff;\" href=\"https:\/\/ulpmat.com\/de\/kontakt-us\/\">sich<\/a><\/span><br \/>\ngerne <span style=\"color: #0000ff;\"><a style=\"color: #0000ff;\" href=\"https:\/\/ulpmat.com\/de\/kontakt-us\/\">an uns wenden<\/a><\/span><br \/>\n.<\/p>\n<h2><span style=\"font-size: 14pt;\">Produkt-Highlights<\/span><\/h2>\n<p>Reinheit: \u226599,9 % (auf Anfrage anpassbar)<br \/>\nKundenspezifische Partikelgr\u00f6\u00dfe<br \/>\nHoher Lithiumgehalt<br \/>\nAnpassbare Partikelgr\u00f6\u00dfe: Nano- oder Mikrometerbereich verf\u00fcgbar<br \/>\nFlexible Mengen: Von Gramm f\u00fcr Forschung und Entwicklung bis zu Kilogramm<\/p>\n<h2><span style=\"font-size: 14pt;\">Anwendungen von Lithiumtellurid-Pulver<\/span><\/h2>\n<p><span style=\"color: #0000ff;\"><a style=\"color: #0000ff;\" href=\"https:\/\/ulpmat.com\/de\/anwendung\/batterie-materialien\/\">Batter<\/a><\/span><br \/>\nieforschung: Neues Material in Lithium-Tellur- und Hybridbatterien<br \/>\nFestk\u00f6rperchemie: Vorl\u00e4ufer f\u00fcr die Synthese von Materialien auf Li-Te-Basis<br \/>\nThermoelektrik: Erforschung von Materialien auf Telluridbasis mit geringer Bandl\u00fccke<br \/>\nLegierungsmittel: Zwischenprodukt in fortschrittlichen Lithiumlegierungssystemen<br \/>\nElektronische Materialien: M\u00f6gliche Verwendung in Halbleitern oder Ionenleitern<\/p>\n<h2><span style=\"font-size: 14pt; color: #0000ff;\"><a style=\"color: #0000ff;\" href=\"https:\/\/ulpmat.com\/de\/unternehmen\/faqs\/\">H\u00e4ufig gestellte Fragen<\/a><\/span><\/h2>\n<p>F1: In welchen Forschungs- oder Anwendungsbereichen wird Lithiumtelluridpulver typischerweise verwendet?<br \/>\nA1: Dieses Pulver wird haupts\u00e4chlich in der Forschung und Materialentwicklung im Zusammenhang mit Lithiumverbindungen, funktionalen Halbleitermaterialien und neuartigen Energiematerialien verwendet.<\/p>\n<p>F2: Welche Rolle spielt Lithiumtelluridpulver in der Materialforschung?<br \/>\nA2: Dieses Material wird h\u00e4ufig als Vorl\u00e4ufer oder funktionelle Komponente verwendet, um die elektrischen, chemischen Stabilit\u00e4ts- und Struktureigenschaften von Materialien zu untersuchen.<\/p>\n<p>F3: F\u00fcr welche Versuchs- oder Pr\u00e4parationsszenarien ist dieses Pulvermaterial geeignet?<br \/>\nA3: Lithiumtelluridpulver eignet sich f\u00fcr die Festphasensynthese, Materialmodifikation und vorl\u00e4ufige Pr\u00e4parationsforschung von entsprechenden D\u00fcnnschichten oder Verbundwerkstoffen.<\/p>\n<p>F4: Welche Vorsichtsma\u00dfnahmen sollten bei der Lagerung und Handhabung von Lithiumtelluridpulver getroffen werden?<br \/>\nA4: Es wird empfohlen, es in einer versiegelten, trockenen Umgebung zu lagern und zu handhaben und l\u00e4ngeren Kontakt mit Luft und Feuchtigkeit zu vermeiden, um die Stabilit\u00e4t der Materialeigenschaften zu erhalten.<\/p>\n<h2><span style=\"font-size: 14pt;\">Berichte<\/span><\/h2>\n<p>Jede Charge von Li2Te wird mit einem <span style=\"color: #0000ff;\"><a style=\"color: #0000ff;\" href=\"https:\/\/ulpmat.com\/de\/dokumente\/zertifikat-der-analyse\/\">Analysezertifikat (COA)<\/a><\/span><br \/>\nund <span style=\"color: #0000ff;\"><a style=\"color: #0000ff;\" href=\"https:\/\/ulpmat.com\/de\/dokumente\/sicherheitsdatenblatt\/\">einem Sicherheitsdatenblatt (MSDS)<\/a><\/span><br \/>\ngeliefert<span style=\"color: #0000ff;\"><a style=\"color: #0000ff;\" href=\"https:\/\/ulpmat.com\/de\/dokumente\/sicherheitsdatenblatt\/\">.<\/a><\/span><br \/>\nOptionale Testberichte von Drittanbietern sind auf Anfrage erh\u00e4ltlich.<br \/>\nOptionale Berichte: XRD-Muster, SEM-Morphologie, Partikelgr\u00f6\u00dfenverteilung und ICP-Verunreinigungsprofil<\/p>\n","protected":false},"excerpt":{"rendered":"<p>Lithiumtellurid-Pulver \u00dcbersicht Lithiumtellurid ist eine Lithium-Tellur-Verbindung, die aufgrund der Wechselwirkung zwischen elektropositivem Lithium und elektronegativem Tellur einzigartige Eigenschaften aufweist, was zu einer hohen Ionenbeweglichkeit und einer interessanten elektronischen Struktur f\u00fchrt. Unser Lithiumtellurid-Pulver hat eine kontrollierte Partikelgr\u00f6\u00dfenverteilung und einen geringen Verunreinigungsgrad und eignet sich f\u00fcr den Einsatz in Energiespeichern, Lithium-Tellur-Batterien und anderen Materialien auf Lithiumbasis. Wir [&hellip;]<\/p>\n","protected":false},"featured_media":47396,"template":"","meta":{"_acf_changed":false},"product_brand":[132],"product_cat":[926],"product_tag":[6513],"class_list":{"0":"post-47395","1":"product","2":"type-product","3":"status-publish","4":"has-post-thumbnail","6":"product_brand-ulpmat","7":"product_cat-batterie-materialien","8":"product_tag-lithium-tellurid-pulver","10":"first","11":"instock","12":"shipping-taxable","13":"product-type-variable"},"acf":[],"_links":{"self":[{"href":"https:\/\/ulpmat.com\/de\/wp-json\/wp\/v2\/product\/47395","targetHints":{"allow":["GET"]}}],"collection":[{"href":"https:\/\/ulpmat.com\/de\/wp-json\/wp\/v2\/product"}],"about":[{"href":"https:\/\/ulpmat.com\/de\/wp-json\/wp\/v2\/types\/product"}],"wp:featuredmedia":[{"embeddable":true,"href":"https:\/\/ulpmat.com\/de\/wp-json\/wp\/v2\/media\/47396"}],"wp:attachment":[{"href":"https:\/\/ulpmat.com\/de\/wp-json\/wp\/v2\/media?parent=47395"}],"wp:term":[{"taxonomy":"product_brand","embeddable":true,"href":"https:\/\/ulpmat.com\/de\/wp-json\/wp\/v2\/product_brand?post=47395"},{"taxonomy":"product_cat","embeddable":true,"href":"https:\/\/ulpmat.com\/de\/wp-json\/wp\/v2\/product_cat?post=47395"},{"taxonomy":"product_tag","embeddable":true,"href":"https:\/\/ulpmat.com\/de\/wp-json\/wp\/v2\/product_tag?post=47395"}],"curies":[{"name":"wp","href":"https:\/\/api.w.org\/{rel}","templated":true}]}}