{"id":47048,"date":"2026-01-16T16:07:30","date_gmt":"2026-01-16T08:07:30","guid":{"rendered":"https:\/\/ulpmat.com\/product\/lithium-aluminat-2\/"},"modified":"2026-01-16T16:07:30","modified_gmt":"2026-01-16T08:07:30","slug":"lithium-aluminat-2","status":"publish","type":"product","link":"https:\/\/ulpmat.com\/de\/produkt\/lithium-aluminat-2\/","title":{"rendered":"Lithium-Aluminat"},"content":{"rendered":"<h2><span style=\"font-size: 14pt;\">Lithiumaluminat-Pulver \u00dcbersicht<\/span><\/h2>\n<p><span style=\"color: #0000ff;\"><a style=\"color: #0000ff;\" href=\"https:\/\/ulpmat.com\/de\/search\/?type=name&#038;keyword=Lithium+Aluminate\">Lithiumaluminat<\/a><\/span><br \/>\n-Pulver ist ein hochreines Keramikmaterial, das h\u00e4ufig in Lithiumbatteriekomponenten, Hochleistungskeramik und Festk\u00f6rperelektrolyten verwendet wird. In der Mikroelektronik gilt Lithiumaluminat als gitterangepasstes Substrat f\u00fcr Galliumnitrid.<\/p>\n<p>Unser hochreines Lithiumaluminat-Pulver wird mit kontrollierter Partikelgr\u00f6\u00dfe und Phasenreinheit synthetisiert, um den strengen Anforderungen von Forschung und industriellen Prozessen gerecht zu werden. Wir bieten auch umfassenden Support \u2013 bitte z\u00f6gern Sie nicht, <span style=\"color: #0000ff;\"><a style=\"color: #0000ff;\" href=\"https:\/\/ulpmat.com\/de\/kontakt-us\/\">uns<\/a><\/span><br \/>\nzu <span style=\"color: #0000ff;\"><a style=\"color: #0000ff;\" href=\"https:\/\/ulpmat.com\/de\/kontakt-us\/\">kontaktieren.<\/a><\/span><\/p>\n<h2><span style=\"font-size: 14pt;\">Produkt-Highlights<\/span><\/h2>\n<p>Reinheit: \u226599,9<br \/>\nAnpassbare Partikelgr\u00f6\u00dfe: Nano- oder Mikrometerbereich verf\u00fcgbar<br \/>\nFlexible Mengen: Von Gramm f\u00fcr Forschung und Entwicklung bis zu Kilogramm<\/p>\n<h2><span style=\"font-size: 14pt;\">Anwendungen von Lithiumaluminatpulver<\/span><\/h2>\n<p>Ausgangsstoff f\u00fcr Lithium-Ionen-Batteriekeramik und Festelektrolyte<br \/>\nAdditiv in Keramikverbundwerkstoffen und feuerfesten Materialien<br \/>\nKomponente in Lithium-Aluminiumsilikat-Glaskeramiken<br \/>\nMaterial f\u00fcr W\u00e4rmed\u00e4mmschichten und elektronische Keramiken<\/p>\n<h2><span style=\"font-size: 14pt; color: #0000ff;\"><a style=\"color: #0000ff;\" href=\"https:\/\/ulpmat.com\/de\/unternehmen\/faqs\/\">H\u00e4ufig gestellte Fragen<\/a><\/span><\/h2>\n<p>F1: In welchen Bereichen wird Lithiumaluminatpulver haupts\u00e4chlich verwendet?<br \/>\nA1: Es wird h\u00e4ufig in Materialien f\u00fcr Lithiumbatterien, Funktionskeramiken, der Nuklearindustrie und der Forschung zu Hochtemperatur-Strukturmaterialien verwendet und eignet sich besonders f\u00fcr Anwendungen, die chemische Stabilit\u00e4t erfordern.<\/p>\n<p>F2: Wie verh\u00e4lt sich Lithiumaluminatpulver in Hochtemperaturumgebungen?<br \/>\nA2: Dieses Material weist unter Hochtemperaturbedingungen eine gute thermische Stabilit\u00e4t auf und seine Struktur zersetzt sich nicht leicht, sodass es f\u00fcr Anwendungen im Zusammenhang mit Hochtemperaturreaktionen und langfristiger W\u00e4rmebehandlung geeignet ist.<\/p>\n<p>F3: Ist Lithiumaluminatpulver f\u00fcr keramische Sinterprozesse geeignet?<br \/>\nA3: Es kann in keramischen Formungs- und Sinterprozessen verwendet werden und hilft bei der Herstellung dichter, gleichm\u00e4\u00dfig strukturierter funktioneller Keramikmaterialien.<\/p>\n<p>F4: Welche Vorsichtsma\u00dfnahmen sollten bei der Lagerung und Verwendung von Lithiumaluminatpulver getroffen werden?<br \/>\nA4: Es wird empfohlen, es in einer trockenen, versiegelten Umgebung zu lagern, um Feuchtigkeitsaufnahme und Verunreinigungen zu vermeiden und so die Stabilit\u00e4t und Konsistenz des Materials w\u00e4hrend der Verwendung zu gew\u00e4hrleisten.<\/p>\n<h2><span style=\"font-size: 14pt;\">Berichte<\/span><\/h2>\n<div class=\"D5aOJc vJwDU\">\nJede Charge von LiAlO2 wird mit einem<span style=\"color: #0000ff;\"><a style=\"color: #0000ff;\" href=\"https:\/\/ulpmat.com\/de\/dokumente\/zertifikat-der-analyse\/\"> Analysezertifikat (COA)<\/a><\/span><br \/>\nund <span style=\"color: #0000ff;\"><a style=\"color: #0000ff;\" href=\"https:\/\/ulpmat.com\/de\/dokumente\/sicherheitsdatenblatt\/\">einem Sicherheitsdatenblatt (MSDS)<\/a><\/span><br \/>\ngeliefert<span style=\"color: #0000ff;\"><a style=\"color: #0000ff;\" href=\"https:\/\/ulpmat.com\/de\/dokumente\/sicherheitsdatenblatt\/\">.<\/a><\/span><br \/>\nOptionale Testberichte von Drittanbietern sind auf Anfrage erh\u00e4ltlich.<br \/>\nOptionale Berichte: XRD-Muster, Partikelgr\u00f6\u00dfenverteilung, Reinheitsanalyse<\/div>\n","protected":false},"excerpt":{"rendered":"<p>Lithiumaluminat-Pulver \u00dcbersicht Lithiumaluminat -Pulver ist ein hochreines Keramikmaterial, das h\u00e4ufig in Lithiumbatteriekomponenten, Hochleistungskeramik und Festk\u00f6rperelektrolyten verwendet wird. In der Mikroelektronik gilt Lithiumaluminat als gitterangepasstes Substrat f\u00fcr Galliumnitrid. Unser hochreines Lithiumaluminat-Pulver wird mit kontrollierter Partikelgr\u00f6\u00dfe und Phasenreinheit synthetisiert, um den strengen Anforderungen von Forschung und industriellen Prozessen gerecht zu werden. Wir bieten auch umfassenden Support \u2013 [&hellip;]<\/p>\n","protected":false},"featured_media":47049,"template":"","meta":{"_acf_changed":false},"product_brand":[132],"product_cat":[925,926],"product_tag":[6399],"class_list":{"0":"post-47048","1":"product","2":"type-product","3":"status-publish","4":"has-post-thumbnail","6":"product_brand-ulpmat","7":"product_cat-batterie-dotierstoffe","8":"product_cat-batterie-materialien","9":"product_tag-lithiumaluminat-pulver","11":"first","12":"instock","13":"shipping-taxable","14":"product-type-variable"},"acf":[],"_links":{"self":[{"href":"https:\/\/ulpmat.com\/de\/wp-json\/wp\/v2\/product\/47048","targetHints":{"allow":["GET"]}}],"collection":[{"href":"https:\/\/ulpmat.com\/de\/wp-json\/wp\/v2\/product"}],"about":[{"href":"https:\/\/ulpmat.com\/de\/wp-json\/wp\/v2\/types\/product"}],"wp:featuredmedia":[{"embeddable":true,"href":"https:\/\/ulpmat.com\/de\/wp-json\/wp\/v2\/media\/47049"}],"wp:attachment":[{"href":"https:\/\/ulpmat.com\/de\/wp-json\/wp\/v2\/media?parent=47048"}],"wp:term":[{"taxonomy":"product_brand","embeddable":true,"href":"https:\/\/ulpmat.com\/de\/wp-json\/wp\/v2\/product_brand?post=47048"},{"taxonomy":"product_cat","embeddable":true,"href":"https:\/\/ulpmat.com\/de\/wp-json\/wp\/v2\/product_cat?post=47048"},{"taxonomy":"product_tag","embeddable":true,"href":"https:\/\/ulpmat.com\/de\/wp-json\/wp\/v2\/product_tag?post=47048"}],"curies":[{"name":"wp","href":"https:\/\/api.w.org\/{rel}","templated":true}]}}