{"id":46493,"date":"2026-01-16T16:11:20","date_gmt":"2026-01-16T08:11:20","guid":{"rendered":"https:\/\/ulpmat.com\/product\/lithium-mangan-phosphat\/"},"modified":"2026-01-16T16:11:20","modified_gmt":"2026-01-16T08:11:20","slug":"lithium-mangan-phosphat","status":"publish","type":"product","link":"https:\/\/ulpmat.com\/de\/produkt\/lithium-mangan-phosphat\/","title":{"rendered":"Lithium-Mangan-Phosphat"},"content":{"rendered":"<h2><span style=\"font-size: 14pt;\">\u00dcbersicht \u00fcber Lithium-Mangan-Phosphat-Sputter-Targets<\/span><\/h2>\n<p><span style=\"color: #0000ff;\"><a style=\"color: #0000ff;\" href=\"https:\/\/ulpmat.com\/de\/search\/?type=name&#038;keyword=Lithium+Manganese+Phosphate\">Lithium-Mangan-Phosphat<\/a><\/span><br \/>\n-Sputter-Targets sind hochreine Targets aus Lithium-Ionen-Batterie-Kathodenmaterial, die f\u00fcr die Herstellung von D\u00fcnnschichten und wissenschaftliche Forschungsexperimente verwendet werden. Sie erm\u00f6glichen eine gleichm\u00e4\u00dfige D\u00fcnnschichtabscheidung und werden h\u00e4ufig in der Forschung zu Leistungsbatterien, Festk\u00f6rperbatterien und Funktionsbeschichtungen eingesetzt.<\/p>\n<p>Wir bieten Lithium-Mangan-Phosphat-Sputter-Targets mit hoher Dichte und hoher Gleichm\u00e4\u00dfigkeit an; Abmessungen und Dicken k\u00f6nnen an die Kundenanforderungen angepasst werden. <span style=\"color: #0000ff;\"><a style=\"color: #0000ff;\" href=\"https:\/\/ulpmat.com\/de\/kontakt-us\/\">Kontaktieren Sie uns<\/a><\/span><br \/>\nf\u00fcr Muster oder ma\u00dfgeschneiderte L\u00f6sungen!<\/p>\n<h2><span style=\"font-size: 14pt;\">Produkt-Highlights<\/span><\/h2>\n<p>Hohe Reinheit, geringe Verunreinigungen<br \/>\nHohe Dichte und mechanische Festigkeit<br \/>\nStabile Kristallstruktur, ausgezeichnete Gleichm\u00e4\u00dfigkeit der D\u00fcnnschicht<br \/>\nAnpassbare Gr\u00f6\u00dfe, Form und Dicke<br \/>\nUnterst\u00fctzt wissenschaftliche Forschung und industrielle Anwendungen<br \/>\nSchnelle Reaktion des technischen Supports<\/p>\n<h2><span style=\"font-size: 14pt;\">Anwendungen von Lithium-Mangan-Phosphat-Sputter-Targets<\/span><\/h2>\n<p><strong>Forschung im Bereich <span style=\"color: #0000ff;\"><a style=\"color: #0000ff;\" href=\"https:\/\/ulpmat.com\/de\/anwendung\/batterie-materialien\/\">Leistungsbatterien<\/a><\/span>:<\/strong><br \/>\nWird zur Herstellung von LMP-D\u00fcnnschicht-Kathodenmaterialien f\u00fcr die Entwicklung von Hochleistungsbatterien verwendet.<br \/>\n<strong>Festk\u00f6rperbatterien:<\/strong><br \/>\nUnterst\u00fctzt die D\u00fcnnschichtabscheidung von Festk\u00f6rperbatterien und gew\u00e4hrleistet die Gleichm\u00e4\u00dfigkeit der Grenzfl\u00e4che und die Ionenleitf\u00e4higkeit.<br \/>\n<strong>Funktionale Beschichtungen:<\/strong><br \/>\nKann f\u00fcr die hochpr\u00e4zise D\u00fcnnschichtvorbereitung in der Optoelektronik, Mikroelektronik und anderen Bereichen verwendet werden.<\/p>\n<h2><span style=\"color: #0000ff;\"><strong><span style=\"font-size: 14pt;\"><a style=\"color: #0000ff;\" href=\"https:\/\/ulpmat.com\/de\/unternehmen\/faqs\/\">H\u00e4ufig gestellte Fragen<\/a><\/span><\/strong><\/span><\/h2>\n<p>F1: Welche Abscheidungsverfahren eignen sich f\u00fcr Lithium-Mangan-Phosphat-Sputter-Targets?<br \/>\nA1: Geeignet f\u00fcr herk\u00f6mmliche PVD-Verfahren wie Magnetron-Sputtern und Elektronenstrahlverdampfung.<\/p>\n<p>F2: K\u00f6nnen die Targetgr\u00f6\u00dfe und -dicke angepasst werden?<br \/>\nA2: Ja, je nach den Anforderungen der Kundenausr\u00fcstung sind verschiedene Spezifikationen verf\u00fcgbar.<\/p>\n<p>F3: Wie ist die Gleichm\u00e4\u00dfigkeit der gesputterten Schicht?<br \/>\nA3: Die Targetsdichte und die optimierte Kristallstruktur erm\u00f6glichen eine hochgradig gleichm\u00e4\u00dfige Schichtabscheidung.<\/p>\n<p>F4: Welche Anforderungen gelten f\u00fcr die Reinheit und die Kontrolle von Verunreinigungen des Targets?<br \/>\nA4: Reinheit bis zu 99,9 % bei strenger Kontrolle der Metallverunreinigungen und des Sauerstoffgehalts.<\/p>\n<h2><span style=\"font-size: 14pt;\">Berichte<\/span><\/h2>\n<p>Jede Charge wird mit folgenden Unterlagen geliefert:<br \/>\n<span style=\"color: #0000ff;\"><a style=\"color: #0000ff;\" href=\"https:\/\/ulpmat.com\/de\/dokumente\/zertifikat-der-analyse\/\"><u>Analysezertifikat (COA)<\/u><\/a><\/span><\/p>\n<p><span style=\"color: #0000ff;\"><a style=\"color: #0000ff;\" href=\"https:\/\/ulpmat.com\/de\/dokumente\/technisches-datenblatt\/\"><u>Technisches Datenblatt (TDS)<\/u><\/a><\/span><\/p>\n<p><span style=\"color: #0000ff;\"><a style=\"color: #0000ff;\" href=\"https:\/\/ulpmat.com\/de\/dokumente\/sicherheitsdatenblatt\/\"><u>Sicherheitsdatenblatt (MSDS)<\/u><\/a><\/span><br \/>\nGr\u00f6\u00dfenpr\u00fcfbericht<br \/>\nPr\u00fcfberichte von Drittanbietern sind auf Anfrage erh\u00e4ltlich<\/p>\n<h2><span style=\"font-size: 14pt;\">. Warum sollten Sie sich f\u00fcr uns entscheiden?<\/span><\/h2>\n<p>Wir verf\u00fcgen \u00fcber professionelle Anlagen zur Target-Herstellung und ein technisches Team und k\u00f6nnen ma\u00dfgeschneiderte, hochwertige LMP-Sputter-Targets liefern, um stabile und effiziente D\u00fcnnschichtabscheidungsergebnisse in der wissenschaftlichen Forschung und in industriellen Anwendungen zu gew\u00e4hrleisten.<\/p>\n","protected":false},"excerpt":{"rendered":"<p>\u00dcbersicht \u00fcber Lithium-Mangan-Phosphat-Sputter-Targets Lithium-Mangan-Phosphat -Sputter-Targets sind hochreine Targets aus Lithium-Ionen-Batterie-Kathodenmaterial, die f\u00fcr die Herstellung von D\u00fcnnschichten und wissenschaftliche Forschungsexperimente verwendet werden. Sie erm\u00f6glichen eine gleichm\u00e4\u00dfige D\u00fcnnschichtabscheidung und werden h\u00e4ufig in der Forschung zu Leistungsbatterien, Festk\u00f6rperbatterien und Funktionsbeschichtungen eingesetzt. Wir bieten Lithium-Mangan-Phosphat-Sputter-Targets mit hoher Dichte und hoher Gleichm\u00e4\u00dfigkeit an; Abmessungen und Dicken k\u00f6nnen an die Kundenanforderungen [&hellip;]<\/p>\n","protected":false},"featured_media":46494,"template":"","meta":{"_acf_changed":false},"product_brand":[132],"product_cat":[451],"product_tag":[6177],"class_list":{"0":"post-46493","1":"product","2":"type-product","3":"status-publish","4":"has-post-thumbnail","6":"product_brand-ulpmat","7":"product_cat-keramisches-sputtering-target","8":"product_tag-lithium-mangan-phosphat-sputtering-target","10":"first","11":"instock","12":"shipping-taxable","13":"product-type-variable"},"acf":[],"_links":{"self":[{"href":"https:\/\/ulpmat.com\/de\/wp-json\/wp\/v2\/product\/46493","targetHints":{"allow":["GET"]}}],"collection":[{"href":"https:\/\/ulpmat.com\/de\/wp-json\/wp\/v2\/product"}],"about":[{"href":"https:\/\/ulpmat.com\/de\/wp-json\/wp\/v2\/types\/product"}],"wp:featuredmedia":[{"embeddable":true,"href":"https:\/\/ulpmat.com\/de\/wp-json\/wp\/v2\/media\/46494"}],"wp:attachment":[{"href":"https:\/\/ulpmat.com\/de\/wp-json\/wp\/v2\/media?parent=46493"}],"wp:term":[{"taxonomy":"product_brand","embeddable":true,"href":"https:\/\/ulpmat.com\/de\/wp-json\/wp\/v2\/product_brand?post=46493"},{"taxonomy":"product_cat","embeddable":true,"href":"https:\/\/ulpmat.com\/de\/wp-json\/wp\/v2\/product_cat?post=46493"},{"taxonomy":"product_tag","embeddable":true,"href":"https:\/\/ulpmat.com\/de\/wp-json\/wp\/v2\/product_tag?post=46493"}],"curies":[{"name":"wp","href":"https:\/\/api.w.org\/{rel}","templated":true}]}}