{"id":46228,"date":"2026-01-16T16:11:25","date_gmt":"2026-01-16T08:11:25","guid":{"rendered":"https:\/\/ulpmat.com\/product\/lithium-silicid\/"},"modified":"2026-01-16T16:11:25","modified_gmt":"2026-01-16T08:11:25","slug":"lithium-silicid","status":"publish","type":"product","link":"https:\/\/ulpmat.com\/de\/produkt\/lithium-silicid\/","title":{"rendered":"Lithium-Silicid"},"content":{"rendered":"<h2><span style=\"font-size: 14pt;\">Lithiumsilicid-Granulat \u2013 \u00dcbersicht<\/span><\/h2>\n<p><span style=\"color: #0000ff;\"><a style=\"color: #0000ff;\" href=\"https:\/\/ulpmat.com\/de\/search\/?type=name&#038;keyword=Lithium+silicide\">Lithiumsilicid<\/a><\/span><br \/>\n-Granulat ist ein neuartiges Anodenmaterial mit hoher Kapazit\u00e4t, das die Energiedichte von Lithium-Ionen-Batterien erheblich verbessert. Es wird h\u00e4ufig in Leistungsbatterien, Energiespeichersystemen und leistungsstarken tragbaren elektronischen Ger\u00e4ten verwendet.<\/p>\n<p>Wir bieten hochreines, \u00e4u\u00dferst konsistentes LiSi2-Granulat mit kontrollierbarer Partikelgr\u00f6\u00dfe, das sich sowohl f\u00fcr Forschungszwecke als auch f\u00fcr industrielle Anwendungen eignet. <span style=\"color: #0000ff;\"><a style=\"color: #0000ff;\" href=\"https:\/\/ulpmat.com\/de\/kontakt-us\/\">Kontaktieren Sie uns<\/a><\/span><br \/>\nf\u00fcr Muster oder ma\u00dfgeschneiderte L\u00f6sungen!<\/p>\n<h2><span style=\"font-size: 14pt;\">Produkt-Highlights<\/span><\/h2>\n<p>Hohe Kapazit\u00e4t, verbesserte Batterieenergiedichte<br \/>\nKontrollierbare Partikelgr\u00f6\u00dfe, ausgezeichnete Dispergierbarkeit<br \/>\nHohe chemische Stabilit\u00e4t, ausgezeichnete Sicherheit<br \/>\nUnterst\u00fctzt Forschungs- und Industrieanwendungen<br \/>\nAnpassbare Verpackungsspezifikationen<br \/>\nSchnelle Reaktion unseres technischen Teams<\/p>\n<h2><span style=\"font-size: 14pt;\">Anwendungen von Lithiumsilicid-Granulat<\/span><\/h2>\n<p><strong>Anode f\u00fcr Leistungsbatterien:<\/strong><br \/>\nLiSi2-Partikel werden als Anodenmaterial in Elektro- und Hybridfahrzeugen verwendet, um die Energiedichte und die Zyklusleistung zu verbessern.<br \/>\n<strong>Energiespeichersysteme<\/strong><br \/>\n: Verwendung in privaten und industriellen Energiespeichersystemen, um einen hocheffizienten Zyklus und Stabilit\u00e4t zu gew\u00e4hrleisten.<br \/>\n<strong>Tragbare elektronische Ger\u00e4te:<\/strong><br \/>\nVerwendung in Smartphones, Tablets und Laptop-Batterien zur Verbesserung der Kapazit\u00e4t und Lebensdauer.<\/p>\n<h2><span style=\"color: #0000ff;\"><a style=\"color: #0000ff;\" href=\"https:\/\/ulpmat.com\/de\/unternehmen\/faqs\/\"><span style=\"font-size: 14pt;\">H\u00e4ufig gestellte Fragen<\/span><\/a><\/span><\/h2>\n<p>F1: F\u00fcr welche Batteriesysteme sind LiSi2-Partikel geeignet?<br \/>\nA1: Geeignet f\u00fcr Lithium-Ionen-Batterieanodensysteme, kann in Verbindung mit Graphit- oder Silizium-Verbundwerkstoffen verwendet werden.<\/p>\n<p>F2: Wie hoch ist die chemische Stabilit\u00e4t?<br \/>\nA2: Hohe chemische Stabilit\u00e4t der Partikel, geeignet f\u00fcr Anwendungen mit langen Lade- und Entladezyklen.<\/p>\n<p>F3: Wie lauten die Verpackungsspezifikationen?<br \/>\nA3: Wir k\u00f6nnen experimentelle Kleinverpackungen und industrielle Gro\u00dfverpackungen anbieten, die auf die Bed\u00fcrfnisse der Kunden zugeschnitten sind.<\/p>\n<h2><span style=\"font-size: 14pt;\">Berichte<\/span><\/h2>\n<p>Jede Charge wird geliefert mit:<br \/>\n<span style=\"color: #0000ff;\"><a style=\"color: #0000ff;\" href=\"https:\/\/ulpmat.com\/de\/dokumente\/zertifikat-der-analyse\/\"><u>Analysezertifikat (COA)<\/u><\/a><\/span><\/p>\n<p><span style=\"color: #0000ff;\"><a style=\"color: #0000ff;\" href=\"https:\/\/ulpmat.com\/de\/dokumente\/technisches-datenblatt\/\"><u>Technisches Datenblatt (TDS)<\/u><\/a><\/span><\/p>\n<p><span style=\"color: #0000ff;\"><a style=\"color: #0000ff;\" href=\"https:\/\/ulpmat.com\/de\/dokumente\/sicherheitsdatenblatt\/\"><u>Sicherheitsdatenblatt (MSDS)<\/u><\/a><\/span><br \/>\nGr\u00f6\u00dfenpr\u00fcfbericht<br \/>\nPr\u00fcfberichte von Drittanbietern sind auf Anfrage erh\u00e4ltlich.<\/p>\n<h2><span style=\"font-size: 14pt;\">Warum sollten Sie sich f\u00fcr uns entscheiden?<\/span><\/h2>\n<p>Wir verf\u00fcgen \u00fcber langj\u00e4hrige Erfahrung in der Herstellung von Lithium-Batteriematerialpartikeln und bieten eine stabile und zuverl\u00e4ssige Produktqualit\u00e4t. Wir k\u00f6nnen ma\u00dfgeschneiderte L\u00f6sungen entsprechend den Kundenanforderungen anbieten. Unser technisches Team kann schnell reagieren und so dazu beitragen, die wissenschaftliche Forschung und industrielle Anwendungen reibungslos voranzutreiben.<\/p>\n","protected":false},"excerpt":{"rendered":"<p>Lithiumsilicid-Granulat \u2013 \u00dcbersicht Lithiumsilicid -Granulat ist ein neuartiges Anodenmaterial mit hoher Kapazit\u00e4t, das die Energiedichte von Lithium-Ionen-Batterien erheblich verbessert. Es wird h\u00e4ufig in Leistungsbatterien, Energiespeichersystemen und leistungsstarken tragbaren elektronischen Ger\u00e4ten verwendet. Wir bieten hochreines, \u00e4u\u00dferst konsistentes LiSi2-Granulat mit kontrollierbarer Partikelgr\u00f6\u00dfe, das sich sowohl f\u00fcr Forschungszwecke als auch f\u00fcr industrielle Anwendungen eignet. Kontaktieren Sie uns f\u00fcr [&hellip;]<\/p>\n","protected":false},"featured_media":46229,"template":"","meta":{"_acf_changed":false},"product_brand":[132],"product_cat":[299],"product_tag":[6099],"class_list":{"0":"post-46228","1":"product","2":"type-product","3":"status-publish","4":"has-post-thumbnail","6":"product_brand-ulpmat","7":"product_cat-verdampfen-von-materialien","8":"product_tag-lithiumsilicid-granulat","10":"first","11":"instock","12":"shipping-taxable","13":"product-type-variable"},"acf":[],"_links":{"self":[{"href":"https:\/\/ulpmat.com\/de\/wp-json\/wp\/v2\/product\/46228","targetHints":{"allow":["GET"]}}],"collection":[{"href":"https:\/\/ulpmat.com\/de\/wp-json\/wp\/v2\/product"}],"about":[{"href":"https:\/\/ulpmat.com\/de\/wp-json\/wp\/v2\/types\/product"}],"wp:featuredmedia":[{"embeddable":true,"href":"https:\/\/ulpmat.com\/de\/wp-json\/wp\/v2\/media\/46229"}],"wp:attachment":[{"href":"https:\/\/ulpmat.com\/de\/wp-json\/wp\/v2\/media?parent=46228"}],"wp:term":[{"taxonomy":"product_brand","embeddable":true,"href":"https:\/\/ulpmat.com\/de\/wp-json\/wp\/v2\/product_brand?post=46228"},{"taxonomy":"product_cat","embeddable":true,"href":"https:\/\/ulpmat.com\/de\/wp-json\/wp\/v2\/product_cat?post=46228"},{"taxonomy":"product_tag","embeddable":true,"href":"https:\/\/ulpmat.com\/de\/wp-json\/wp\/v2\/product_tag?post=46228"}],"curies":[{"name":"wp","href":"https:\/\/api.w.org\/{rel}","templated":true}]}}