{"id":45545,"date":"2026-01-20T13:46:11","date_gmt":"2026-01-20T05:46:11","guid":{"rendered":"https:\/\/ulpmat.com\/product\/silizium-aluminium-legierung-2\/"},"modified":"2026-01-20T13:46:11","modified_gmt":"2026-01-20T05:46:11","slug":"silizium-aluminium-legierung-2","status":"publish","type":"product","link":"https:\/\/ulpmat.com\/de\/produkt\/silizium-aluminium-legierung-2\/","title":{"rendered":"Silizium-Aluminium-Legierung"},"content":{"rendered":"<h2><span style=\"font-size: 14pt;\">Sputter-Targets aus Silizium-Aluminium-Legierung \u2013 \u00dcbersicht<\/span><\/h2>\n<p>Sputter-Targets<br \/>\n<span style=\"color: #0000ff;\"><a style=\"color: #0000ff;\" href=\"https:\/\/ulpmat.com\/de\/search\/?type=name&#038;keyword=Silicon+Aluminum\">aus Silizium-Aluminium<\/a><\/span><br \/>\n-Legierung sind Metalltargets auf Basis von Silizium-Aluminium-Legierungen, die h\u00e4ufig zur Herstellung von funktionalen D\u00fcnnschichten mit Leitf\u00e4higkeit und Stabilit\u00e4t verwendet werden. Sie finden breite Anwendung in Halbleiter-Verbindungsschichten, Display-Panels, D\u00fcnnschichtschaltungen und entsprechenden funktionalen Beschichtungen.<\/p>\n<p>Wir bieten Sputter-Targets aus Silizium-Aluminium-Legierung in verschiedenen Strukturen und Gr\u00f6\u00dfen an und unterst\u00fctzen Sie bei der Auswahl der passenden Ausr\u00fcstung und der Prozesskommunikation. Bitte<span style=\"color: #0000ff;\"><a style=\"color: #0000ff;\" href=\"https:\/\/ulpmat.com\/de\/kontakt-us\/\"> kontaktieren Sie uns<\/a><\/span><br \/>\ndirekt f\u00fcr L\u00f6sungen und Angebote.<\/p>\n<h2><span style=\"font-size: 14pt;\">Produkt-Highlights<\/span><\/h2>\n<p>Stabile Legierungsstruktur<br \/>\nKontrollierbare Sputterrate<br \/>\nGute Filmgleichm\u00e4\u00dfigkeit<br \/>\nGeeignet f\u00fcr Metallverbindungsprozesse<br \/>\nStarke Ger\u00e4tekompatibilit\u00e4t<br \/>\nKundenspezifische Gr\u00f6\u00dfen und Strukturen werden unterst\u00fctzt<\/p>\n<h2><span style=\"font-size: 14pt;\">Anwendungen von Sputtertargets aus Silizium-Aluminium-Legierungen<\/span><\/h2>\n<p><strong>Halbleiterverbindungen und leitf\u00e4hige D\u00fcnnschichten:<\/strong><br \/>\nWerden h\u00e4ufig f\u00fcr die Abscheidung von leitf\u00e4higen und verbindenden D\u00fcnnschichten verwendet, um die Leitf\u00e4higkeit und Prozessstabilit\u00e4t bei der Ger\u00e4teherstellung auszugleichen.<br \/>\n<strong>Displays und D\u00fcnnschichtschaltungen:<\/strong><br \/>\nGeeignet f\u00fcr die Herstellung von funktionalen Metallschichten in Displaypanels und D\u00fcnnschichtschaltungen, die den Anforderungen f\u00fcr gro\u00dffl\u00e4chige Beschichtungen gerecht werden.<br \/>\n<strong>Elektronische Verpackungen und Funktionsschichten:<\/strong><br \/>\nIn elektronischen Verpackungen und zugeh\u00f6rigen Funktionsschichten k\u00f6nnen D\u00fcnnschichten aus Silizium-Aluminium-Legierungen verwendet werden, um die strukturelle Zuverl\u00e4ssigkeit und elektrische Konsistenz zu verbessern.<br \/>\n<strong>Forschung und Prozessvalidierung:<\/strong><br \/>\nWeit verbreitet in Laborsputteranlagen und Pilotanlagen f\u00fcr die Forschung an neuartigen Legierungsd\u00fcnnschichten und Prozessparametern.<\/p>\n<h2><span style=\"font-size: 14pt; color: #0000ff;\"><a style=\"color: #0000ff;\" href=\"https:\/\/ulpmat.com\/de\/unternehmen\/faqs\/\">H\u00e4ufig gestellte Fragen<\/a><\/span><\/h2>\n<p>F1: Welche Sputterprozesse eignen sich f\u00fcr Sputtertargets aus Silizium-Aluminium-Legierungen?<br \/>\nA1: Sie k\u00f6nnen je nach Anlagenkonfiguration in g\u00e4ngigen physikalischen Aufdampfprozessen wie DC-Sputtern und RF-Sputtern eingesetzt werden.<\/p>\n<p>F2: Ist die auf einem Silizium-Aluminium-Legierungs-Target gebildete Schicht w\u00e4hrend des Sputterns stabil?<br \/>\nA2: Unter geeigneten Leistungs- und Atmosph\u00e4renbedingungen tragen Legierungs-Targets dazu bei, d\u00fcnne Schichten mit relativ gleichm\u00e4\u00dfiger Zusammensetzung und Dicke zu erhalten.<\/p>\n<p>F3: Gibt es Anforderungen an die K\u00fchlung der Anlage bei der Verwendung von Silizium-Aluminium-Legierungs-Targets?<br \/>\nA3: Metalllegierungs-Targets erfordern im Allgemeinen gute K\u00fchlbedingungen, um die Kontinuit\u00e4t und Stabilit\u00e4t des Sputterprozesses aufrechtzuerhalten.<\/p>\n<p>F4: F\u00fcr welche Anwendungsszenarien sind Silizium-Aluminium-Legierungs-Targets besser geeignet?<br \/>\nA4: Geeignet f\u00fcr elektronische und displaybezogene Anwendungen, die eine hohe Leitf\u00e4higkeit, Filmgleichm\u00e4\u00dfigkeit und Prozesskompatibilit\u00e4t erfordern.<\/p>\n<h2><span style=\"font-size: 14pt;\">Bericht<\/span><\/h2>\n<p>Jede Charge wird geliefert mit:<br \/>\n<span style=\"color: #0000ff;\"><a style=\"color: #0000ff;\" href=\"https:\/\/ulpmat.com\/de\/dokumente\/zertifikat-der-analyse\/\"><u>Analysezertifikat (COA)<\/u><\/a><\/span><\/p>\n<p><span style=\"color: #0000ff;\"><a style=\"color: #0000ff;\" href=\"https:\/\/ulpmat.com\/de\/dokumente\/technisches-datenblatt\/\"><u>Technisches Datenblatt (TDS)<\/u><\/a><\/span><\/p>\n<p><span style=\"color: #0000ff;\"><a style=\"color: #0000ff;\" href=\"https:\/\/ulpmat.com\/de\/dokumente\/sicherheitsdatenblatt\/\"><u>Sicherheitsdatenblatt (MSDS)<\/u><\/a><\/span><br \/>\nGr\u00f6\u00dfenpr\u00fcfbericht<br \/>\nPr\u00fcfberichte von Drittanbietern sind auf Anfrage erh\u00e4ltlich.<\/p>\n<h2><span style=\"font-size: 14pt;\">Warum sollten Sie sich f\u00fcr uns entscheiden?<\/span><\/h2>\n<p>Wir sind auf die anwendungsorientierte Lieferung von Sputtertargets aus Legierungen spezialisiert und legen besonderen Wert auf die Kompatibilit\u00e4t und Sputterstabilit\u00e4t der Targets in den tats\u00e4chlichen Anlagen. Wir bieten unseren Kunden zuverl\u00e4ssige Produkte und effizienten technischen Support.<\/p>\n","protected":false},"excerpt":{"rendered":"<p>Sputter-Targets aus Silizium-Aluminium-Legierung \u2013 \u00dcbersicht Sputter-Targets aus Silizium-Aluminium -Legierung sind Metalltargets auf Basis von Silizium-Aluminium-Legierungen, die h\u00e4ufig zur Herstellung von funktionalen D\u00fcnnschichten mit Leitf\u00e4higkeit und Stabilit\u00e4t verwendet werden. Sie finden breite Anwendung in Halbleiter-Verbindungsschichten, Display-Panels, D\u00fcnnschichtschaltungen und entsprechenden funktionalen Beschichtungen. Wir bieten Sputter-Targets aus Silizium-Aluminium-Legierung in verschiedenen Strukturen und Gr\u00f6\u00dfen an und unterst\u00fctzen Sie bei [&hellip;]<\/p>\n","protected":false},"featured_media":45546,"template":"","meta":{"_acf_changed":false},"product_brand":[132],"product_cat":[562],"product_tag":[6019],"class_list":{"0":"post-45545","1":"product","2":"type-product","3":"status-publish","4":"has-post-thumbnail","6":"product_brand-ulpmat","7":"product_cat-legierung-sputtering-target","8":"product_tag-silizium-aluminium-legierung-sputtering-target","10":"first","11":"instock","12":"featured","13":"shipping-taxable","14":"product-type-variable"},"acf":[],"_links":{"self":[{"href":"https:\/\/ulpmat.com\/de\/wp-json\/wp\/v2\/product\/45545","targetHints":{"allow":["GET"]}}],"collection":[{"href":"https:\/\/ulpmat.com\/de\/wp-json\/wp\/v2\/product"}],"about":[{"href":"https:\/\/ulpmat.com\/de\/wp-json\/wp\/v2\/types\/product"}],"wp:featuredmedia":[{"embeddable":true,"href":"https:\/\/ulpmat.com\/de\/wp-json\/wp\/v2\/media\/45546"}],"wp:attachment":[{"href":"https:\/\/ulpmat.com\/de\/wp-json\/wp\/v2\/media?parent=45545"}],"wp:term":[{"taxonomy":"product_brand","embeddable":true,"href":"https:\/\/ulpmat.com\/de\/wp-json\/wp\/v2\/product_brand?post=45545"},{"taxonomy":"product_cat","embeddable":true,"href":"https:\/\/ulpmat.com\/de\/wp-json\/wp\/v2\/product_cat?post=45545"},{"taxonomy":"product_tag","embeddable":true,"href":"https:\/\/ulpmat.com\/de\/wp-json\/wp\/v2\/product_tag?post=45545"}],"curies":[{"name":"wp","href":"https:\/\/api.w.org\/{rel}","templated":true}]}}