{"id":45434,"date":"2026-01-20T13:46:13","date_gmt":"2026-01-20T05:46:13","guid":{"rendered":"https:\/\/ulpmat.com\/product\/siliziumkarbid-5\/"},"modified":"2026-01-20T13:46:13","modified_gmt":"2026-01-20T05:46:13","slug":"siliziumkarbid-5","status":"publish","type":"product","link":"https:\/\/ulpmat.com\/de\/produkt\/siliziumkarbid-5\/","title":{"rendered":"Siliziumkarbid"},"content":{"rendered":"<h2><span style=\"font-size: 14pt;\">\u00dcbersicht \u00fcber Siliziumkarbidgranulat<\/span><\/h2>\n<p><span style=\"color: #0000ff;\"><a style=\"color: #0000ff;\" href=\"https:\/\/ulpmat.com\/de\/search\/?type=name&#038;keyword=Silicon+carbide\">Siliziumkarbid<\/a><\/span><br \/>\ngranulat ist ein hochhartes, thermisch stabiles Material in Keramikqualit\u00e4t mit ausgezeichneter Verschlei\u00dffestigkeit, Korrosionsbest\u00e4ndigkeit und W\u00e4rmeleitf\u00e4higkeit. Es wird h\u00e4ufig in der Leistungselektronik, bei der D\u00fcnnschichtabscheidung, in der Hochleistungskeramik und in Hochtemperatur-Strukturmaterialien eingesetzt.<\/p>\n<p>Wir k\u00f6nnen Siliziumkarbidgranulat in verschiedenen Spezifikationen entsprechend Ihren Prozessanforderungen stabil liefern. Bitte <span style=\"color: #0000ff;\"><a style=\"color: #0000ff;\" href=\"https:\/\/ulpmat.com\/de\/kontakt-us\/\">kontaktieren Sie uns<\/a><\/span><br \/>\nf\u00fcr L\u00f6sungen, die auf Ihre Anwendung zugeschnitten sind.<\/p>\n<h2><span style=\"font-size: 14pt;\">Produkt-Highlights<\/span><\/h2>\n<p>Hohe H\u00e4rte und hohe Verschlei\u00dffestigkeit<br \/>\nAusgezeichnete thermische Stabilit\u00e4t<br \/>\nGute chemische Inertheit<br \/>\nGeeignet f\u00fcr Hochtemperatur- und Hochleistungsumgebungen<br \/>\nGleichm\u00e4\u00dfige Partikelmorphologie und starke Prozesskompatibilit\u00e4t<\/p>\n<h2><span style=\"font-size: 14pt;\">Anwendungen von Siliziumkarbidgranulat<\/span><\/h2>\n<p><strong>D\u00fcnnschichtabscheidung und Verdampfung Quelle:<\/strong><br \/>\nSiliziumkarbidgranulat eignet sich als Verdampfungs- oder Hilfsabscheidungsmaterial f\u00fcr die Herstellung von verschlei\u00dffesten, sch\u00fctzenden und funktionellen Beschichtungen.<br \/>\n<strong><span style=\"color: #0000ff;\"><a style=\"color: #0000ff;\" href=\"https:\/\/ulpmat.com\/de\/anwendung\/halbleiter-materialien\/\">Leistungshalbleiter<\/a> <\/span>und elektronische Bauelemente:<\/strong><br \/>\nIn elektronischen Bauelementen mit hoher Leistung und hohen Temperaturen k\u00f6nnen Siliziumkarbidmaterialien die Zuverl\u00e4ssigkeit und Effizienz der Bauelemente erheblich verbessern.<br \/>\n<strong>Fortschrittliche Keramik und Verbundwerkstoffe:<\/strong><br \/>\nAls strukturelle Keramik oder Verst\u00e4rkungsphase verbessert es die mechanische Festigkeit und die Temperaturwechselbest\u00e4ndigkeit von Werkstoffen.<br \/>\n<strong>Verschlei\u00dffeste und korrosionsbest\u00e4ndige Komponenten:<\/strong><br \/>\nWeit verbreitet in Industrieteilen und Funktionsstrukturen, die einen langfristigen Einsatz in rauen Umgebungen erfordern.<\/p>\n<h2><span style=\"color: #0000ff;\"><a style=\"color: #0000ff;\" href=\"https:\/\/ulpmat.com\/de\/unternehmen\/faqs\/\"><span style=\"font-size: 14pt;\">H\u00e4ufig gestellte Fragen<\/span><\/a><\/span><\/h2>\n<p>F1: Sind Siliziumkarbidgranulate f\u00fcr Hochtemperaturanwendungen geeignet?<br \/>\nA1: Ja, Siliziumkarbid beh\u00e4lt auch bei hohen Temperaturen stabile physikalische und chemische Eigenschaften.<\/p>\n<p>F2: Wie wirkt sich die Partikelmorphologie auf den Anwendungsprozess aus?<br \/>\nA2: Eine einheitliche Partikelmorphologie tr\u00e4gt zur Verbesserung der Prozessstabilit\u00e4t und Materialausnutzung bei.<\/p>\n<p>F3: K\u00f6nnen Siliziumkarbidgranulate in D\u00fcnnschichtprozessen verwendet werden?<br \/>\nA3: Ja, es wird h\u00e4ufig bei Verdampfungs-, assistierten Abscheidungs- oder Funktionsbeschichtungsanwendungen eingesetzt.<\/p>\n<p>F4: Was sind die Hauptvorteile von Siliziumkarbid-Materialien?<br \/>\nA4: In erster Linie hohe H\u00e4rte, hohe Verschlei\u00dffestigkeit, Korrosionsbest\u00e4ndigkeit und hervorragende thermische Eigenschaften.<\/p>\n<h2><span style=\"font-size: 14pt;\">Bericht<\/span><\/h2>\n<p>Jede Charge wird geliefert mit:<br \/>\n<span style=\"color: #0000ff;\"><a style=\"color: #0000ff;\" href=\"https:\/\/ulpmat.com\/de\/dokumente\/zertifikat-der-analyse\/\"><u>Analysezertifikat (COA)<\/u><\/a><\/span><\/p>\n<p><span style=\"color: #0000ff;\"><a style=\"color: #0000ff;\" href=\"https:\/\/ulpmat.com\/de\/dokumente\/technisches-datenblatt\/\"><u>Technisches Datenblatt (TDS)<\/u><\/a><\/span><\/p>\n<p><span style=\"color: #0000ff;\"><a style=\"color: #0000ff;\" href=\"https:\/\/ulpmat.com\/de\/dokumente\/sicherheitsdatenblatt\/\"><u>Sicherheitsdatenblatt (MSDS)<\/u><\/a><\/span><br \/>\nGr\u00f6\u00dfenpr\u00fcfbericht<br \/>\nPr\u00fcfberichte von Drittanbietern sind auf Anfrage erh\u00e4ltlich.<\/p>\n<h2><span style=\"font-size: 14pt;\">Warum sollten Sie sich f\u00fcr uns entscheiden?<\/span><\/h2>\n<p>Wir sind auf die Lieferung von anorganischen Funktionsmaterialien und Partikelprodukten spezialisiert, sind mit den Anforderungen der nachgelagerten Prozesse vertraut und k\u00f6nnen stabile, r\u00fcckverfolgbare Siliziumkarbidgranulate liefern, die unseren Kunden helfen, die Materialkonsistenz und -zuverl\u00e4ssigkeit w\u00e4hrend der Forschung und Entwicklung sowie der Massenproduktion aufrechtzuerhalten.<\/p>\n","protected":false},"excerpt":{"rendered":"<p>\u00dcbersicht \u00fcber Siliziumkarbidgranulat Siliziumkarbid granulat ist ein hochhartes, thermisch stabiles Material in Keramikqualit\u00e4t mit ausgezeichneter Verschlei\u00dffestigkeit, Korrosionsbest\u00e4ndigkeit und W\u00e4rmeleitf\u00e4higkeit. Es wird h\u00e4ufig in der Leistungselektronik, bei der D\u00fcnnschichtabscheidung, in der Hochleistungskeramik und in Hochtemperatur-Strukturmaterialien eingesetzt. Wir k\u00f6nnen Siliziumkarbidgranulat in verschiedenen Spezifikationen entsprechend Ihren Prozessanforderungen stabil liefern. Bitte kontaktieren Sie uns f\u00fcr L\u00f6sungen, die auf Ihre [&hellip;]<\/p>\n","protected":false},"featured_media":45435,"template":"","meta":{"_acf_changed":false},"product_brand":[132],"product_cat":[299],"product_tag":[5995],"class_list":{"0":"post-45434","1":"product","2":"type-product","3":"status-publish","4":"has-post-thumbnail","6":"product_brand-ulpmat","7":"product_cat-verdampfen-von-materialien","8":"product_tag-siliziumkarbid-granulat","10":"first","11":"instock","12":"shipping-taxable","13":"product-type-variable"},"acf":[],"_links":{"self":[{"href":"https:\/\/ulpmat.com\/de\/wp-json\/wp\/v2\/product\/45434","targetHints":{"allow":["GET"]}}],"collection":[{"href":"https:\/\/ulpmat.com\/de\/wp-json\/wp\/v2\/product"}],"about":[{"href":"https:\/\/ulpmat.com\/de\/wp-json\/wp\/v2\/types\/product"}],"wp:featuredmedia":[{"embeddable":true,"href":"https:\/\/ulpmat.com\/de\/wp-json\/wp\/v2\/media\/45435"}],"wp:attachment":[{"href":"https:\/\/ulpmat.com\/de\/wp-json\/wp\/v2\/media?parent=45434"}],"wp:term":[{"taxonomy":"product_brand","embeddable":true,"href":"https:\/\/ulpmat.com\/de\/wp-json\/wp\/v2\/product_brand?post=45434"},{"taxonomy":"product_cat","embeddable":true,"href":"https:\/\/ulpmat.com\/de\/wp-json\/wp\/v2\/product_cat?post=45434"},{"taxonomy":"product_tag","embeddable":true,"href":"https:\/\/ulpmat.com\/de\/wp-json\/wp\/v2\/product_tag?post=45434"}],"curies":[{"name":"wp","href":"https:\/\/api.w.org\/{rel}","templated":true}]}}