{"id":44415,"date":"2026-01-23T11:37:49","date_gmt":"2026-01-23T03:37:49","guid":{"rendered":"https:\/\/ulpmat.com\/product\/titan-zinn-karbid\/"},"modified":"2026-01-23T11:37:49","modified_gmt":"2026-01-23T03:37:49","slug":"titan-zinn-karbid","status":"publish","type":"product","link":"https:\/\/ulpmat.com\/de\/produkt\/titan-zinn-karbid\/","title":{"rendered":"Titan-Zinn-Karbid"},"content":{"rendered":"<h2><span style=\"font-size: 14pt;\">\u00dcbersicht \u00fcber Titanzinnkarbidpulver<\/span><\/h2>\n<p><span style=\"color: #0000ff;\"><a style=\"color: #0000ff;\" href=\"https:\/\/ulpmat.com\/de\/search\/?type=name&#038;keyword=Titanium+Tin+Carbide\">Titanzinnkarbidpulver<\/a><\/span><br \/>\nist ein typisches <span style=\"color: #0000ff;\"><a style=\"color: #0000ff;\" href=\"https:\/\/ulpmat.com\/de\/product-category\/erstklassige-materialien\/mxen-vorlaufer-max-phasen-materialien\/\">MAX-Phasen<\/a><\/span><br \/>\n-Material, das die Eigenschaften von Metallen und Keramiken vereint und eine ausgezeichnete elektrische Leitf\u00e4higkeit und thermische Stabilit\u00e4t aufweist. Dieses Material wird h\u00e4ufig in der Funktionskeramik, bei Verbundwerkstoffen und in der Forschung zu fortschrittlichen Materialien eingesetzt.<\/p>\n<p>Wir k\u00f6nnen Ti2SnC-Pulver mit stabiler Zusammensetzung und kontrollierbarer Struktur f\u00fcr Forschungs- und Materialentwicklungsanwendungen liefern. Bitte <span style=\"color: #0000ff;\"><a style=\"color: #0000ff;\" href=\"https:\/\/ulpmat.com\/de\/kontakt-us\/\">kontaktieren Sie uns.<\/a><\/span><\/p>\n<p>Produkt-Highlights<\/p>\n<p>Typisches <span style=\"color: #0000ff;\"><a style=\"color: #0000ff;\" href=\"https:\/\/ulpmat.com\/de\/product-category\/erstklassige-materialien\/mxen-vorlaufer-max-phasen-materialien\/\">MAX-Phasen-<\/a><\/span><br \/>\nMaterial (M\u2082AX)<br \/>\nDoppelte Metall-Keramik-Eigenschaften<br \/>\nHervorragende elektrische Leitf\u00e4higkeit<br \/>\nAu\u00dfergew\u00f6hnliche thermische Stabilit\u00e4t<br \/>\nSchichtkristallstruktur<br \/>\n\u00dcberlegene Verarbeitbarkeit gegen\u00fcber herk\u00f6mmlichen Keramiken<br \/>\nStabile Chargenkonsistenz<\/p>\n<h2><span style=\"font-size: 14pt;\">Anwendungen von Titanzinnkarbidpulver<\/span><\/h2>\n<p><strong>MAX-Phasen- und Schichtmaterialforschung:<\/strong><br \/>\nWeit verbreitet in der Untersuchung der Struktur, Eigenschaften und Phasenumwandlungsmechanismen von MAX-Phasen-Materialien und ein wichtiger Rohstoff f\u00fcr die Erforschung von Schichtkeramiken.<\/p>\n<p><strong>Funktionale Verbundwerkstoffe:<\/strong><br \/>\nAls Verst\u00e4rkungsphase oder funktioneller F\u00fcllstoff kann es zur Herstellung von Verbundwerkstoffsystemen mit elektrischer Leitf\u00e4higkeit oder Hochtemperaturbest\u00e4ndigkeit verwendet werden.<\/p>\n<p><strong>Forschung zu Hochtemperatur-Strukturwerkstoffen:<\/strong><br \/>\nZeigt eine gute Hochtemperaturstabilit\u00e4t und eignet sich zur Untersuchung von Materialeigenschaften und Strukturstabilit\u00e4t unter Hochtemperaturbedingungen.<\/p>\n<p><strong>Leitf\u00e4hige Keramikwerkstoffe:<\/strong><br \/>\nAufgrund seiner metallischen Leitf\u00e4higkeit eignet sich Ti\u2082SnC-Pulver f\u00fcr die Entwicklung von leitf\u00e4higen Keramiken und verwandten Funktionswerkstoffen.<\/p>\n<p><strong>Materialwissenschaft und Grundlagenforschung:<\/strong><br \/>\nWird h\u00e4ufig an Universit\u00e4ten und Forschungseinrichtungen f\u00fcr die Erforschung neuartiger MAX-Phasen-Materialien und ihrer Derivate verwendet.<\/p>\n<h2><span style=\"color: #0000ff; font-size: 14pt;\"><a style=\"color: #0000ff;\" href=\"https:\/\/ulpmat.com\/de\/unternehmen\/faqs\/\">H\u00e4ufig gestellte Fragen<\/a><\/span><\/h2>\n<p>F1: Zu welcher Materialkategorie geh\u00f6rt Titanzinnkarbid?<br \/>\nA1: Ti\u2082SnC geh\u00f6rt zur Materialkategorie der MAX-Phase (M\u2082AX) und besitzt sowohl die Bearbeitbarkeit von Metallen als auch die Hochtemperaturbest\u00e4ndigkeit von Keramiken.<\/p>\n<p>F2: Was sind die Vorteile von Titanzinnkarbidpulver gegen\u00fcber herk\u00f6mmlichen Keramikmaterialien?<br \/>\nA2: Im Vergleich zu herk\u00f6mmlichen Keramiken beh\u00e4lt Ti\u2082SnC seine Hochtemperaturstabilit\u00e4t bei und weist gleichzeitig eine bessere Leitf\u00e4higkeit und Temperaturwechselbest\u00e4ndigkeit auf.<\/p>\n<p>F3: Wird Ti\u2082SnC-Pulver haupts\u00e4chlich in der Forschung oder in der Industrie verwendet?<br \/>\nA3: Derzeit wird es haupts\u00e4chlich in der Forschung und Materialentwicklung sowie zur Erforschung seiner potenziellen industriellen Anwendungen in Funktionsmaterialien und Verbundwerkstoffen eingesetzt.<\/p>\n<p>F4: Ist Ti\u2082SnC-Pulver f\u00fcr Hochtemperaturumgebungen geeignet?<br \/>\nA4: Dieses Material weist unter Hochtemperaturbedingungen strukturelle Stabilit\u00e4t auf und eignet sich daher f\u00fcr die Erforschung von Hochtemperatur-bezogenen Materialeigenschaften.<\/p>\n<h2><span style=\"font-size: 14pt;\">Bericht<\/span><\/h2>\n<p>Jede Charge wird geliefert mit:<br \/>\n<span style=\"color: #0000ff;\"><a style=\"color: #0000ff;\" href=\"https:\/\/ulpmat.com\/de\/dokumente\/zertifikat-der-analyse\/\"><u>Analysezertifikat (COA)<\/u><\/a><\/span><\/p>\n<p><span style=\"color: #0000ff;\"><a style=\"color: #0000ff;\" href=\"https:\/\/ulpmat.com\/de\/dokumente\/technisches-datenblatt\/\"><u>Technisches Datenblatt (TDS)<\/u><\/a><\/span><\/p>\n<p><span style=\"color: #0000ff;\"><a style=\"color: #0000ff;\" href=\"https:\/\/ulpmat.com\/de\/dokumente\/sicherheitsdatenblatt\/\"><u>Sicherheitsdatenblatt (MSDS)<\/u><\/a><\/span><br \/>\nTestberichte von Drittanbietern auf Anfrage erh\u00e4ltlich<\/p>\n<h2><span style=\"font-size: 14pt;\">Warum sollten Sie sich f\u00fcr uns entscheiden?<\/span><\/h2>\n<p>Wir sind auf die stabile Herstellung und Qualit\u00e4tskontrolle von MAX-Phase- und funktionellen anorganischen Pulvermaterialien spezialisiert und bieten zuverl\u00e4ssige Unterst\u00fctzung f\u00fcr die Forschung und Anwendungsentwicklung von Ti\u2082SnC-Pulver.<\/p>\n","protected":false},"excerpt":{"rendered":"<p>\u00dcbersicht \u00fcber Titanzinnkarbidpulver Titanzinnkarbidpulver ist ein typisches MAX-Phasen -Material, das die Eigenschaften von Metallen und Keramiken vereint und eine ausgezeichnete elektrische Leitf\u00e4higkeit und thermische Stabilit\u00e4t aufweist. Dieses Material wird h\u00e4ufig in der Funktionskeramik, bei Verbundwerkstoffen und in der Forschung zu fortschrittlichen Materialien eingesetzt. Wir k\u00f6nnen Ti2SnC-Pulver mit stabiler Zusammensetzung und kontrollierbarer Struktur f\u00fcr Forschungs- und [&hellip;]<\/p>\n","protected":false},"featured_media":44416,"template":"","meta":{"_acf_changed":false},"product_brand":[132],"product_cat":[712,1203],"product_tag":[5841],"class_list":{"0":"post-44415","1":"product","2":"type-product","3":"status-publish","4":"has-post-thumbnail","6":"product_brand-ulpmat","7":"product_cat-feuerfeste-materialien","8":"product_cat-mxen-vorlaufer-max-phasen-materialien","9":"product_tag-titan-zinn-karbid-pulver","11":"first","12":"instock","13":"shipping-taxable","14":"product-type-variable"},"acf":[],"_links":{"self":[{"href":"https:\/\/ulpmat.com\/de\/wp-json\/wp\/v2\/product\/44415","targetHints":{"allow":["GET"]}}],"collection":[{"href":"https:\/\/ulpmat.com\/de\/wp-json\/wp\/v2\/product"}],"about":[{"href":"https:\/\/ulpmat.com\/de\/wp-json\/wp\/v2\/types\/product"}],"wp:featuredmedia":[{"embeddable":true,"href":"https:\/\/ulpmat.com\/de\/wp-json\/wp\/v2\/media\/44416"}],"wp:attachment":[{"href":"https:\/\/ulpmat.com\/de\/wp-json\/wp\/v2\/media?parent=44415"}],"wp:term":[{"taxonomy":"product_brand","embeddable":true,"href":"https:\/\/ulpmat.com\/de\/wp-json\/wp\/v2\/product_brand?post=44415"},{"taxonomy":"product_cat","embeddable":true,"href":"https:\/\/ulpmat.com\/de\/wp-json\/wp\/v2\/product_cat?post=44415"},{"taxonomy":"product_tag","embeddable":true,"href":"https:\/\/ulpmat.com\/de\/wp-json\/wp\/v2\/product_tag?post=44415"}],"curies":[{"name":"wp","href":"https:\/\/api.w.org\/{rel}","templated":true}]}}