{"id":44392,"date":"2026-01-23T11:37:49","date_gmt":"2026-01-23T03:37:49","guid":{"rendered":"https:\/\/ulpmat.com\/product\/titan-aluminium-karbid-3\/"},"modified":"2026-01-23T11:37:49","modified_gmt":"2026-01-23T03:37:49","slug":"titan-aluminium-karbid-3","status":"publish","type":"product","link":"https:\/\/ulpmat.com\/de\/produkt\/titan-aluminium-karbid-3\/","title":{"rendered":"Titan-Aluminium-Karbid"},"content":{"rendered":"<h2><span style=\"font-size: 14pt;\">\u00dcbersicht \u00fcber Titanaluminiumkarbidpulver<\/span><\/h2>\n<p><span style=\"color: #0000ff;\"><a style=\"color: #0000ff;\" href=\"https:\/\/ulpmat.com\/de\/search\/?type=name&#038;keyword=Titanium+Aluminum+Carbide\">Titanaluminiumkarbidpulver<\/a><\/span><br \/>\nist ein typisches MAX-Phasen-Material, das die Eigenschaften von Metallen und Keramiken vereint, wie beispielsweise eine hervorragende elektrische Leitf\u00e4higkeit und thermische Stabilit\u00e4t. Dieses Material wird h\u00e4ufig in der Forschung zu Funktionskeramiken, Verbundwerkstoffen und fortschrittlichen Strukturwerkstoffen eingesetzt.<\/p>\n<p>Wir k\u00f6nnen Titan-Aluminiumkarbidpulver mit stabiler Zusammensetzung und Kristallphase f\u00fcr Forschung und Materialentwicklung liefern. Bitte <span style=\"color: #0000ff;\"><a style=\"color: #0000ff;\" href=\"https:\/\/ulpmat.com\/de\/kontakt-us\/\">kontaktieren Sie uns,<\/a><\/span><br \/>\num spezifische Anwendungen und Verarbeitungsanforderungen zu besprechen.<\/p>\n<h2><span style=\"font-size: 14pt;\">Produkt-Highlights<\/span><\/h2>\n<p><span style=\"color: #0000ff;\"><a style=\"color: #0000ff;\" href=\"https:\/\/ulpmat.com\/de\/product-category\/erstklassige-materialien\/mxen-vorlaufer-max-phasen-materialien\/\">MAX<\/a><\/span><br \/>\n-Phasen-bezogene Karbide auf Titanbasis<br \/>\nDoppelte Eigenschaften von Metall und Keramik<br \/>\nHervorragende elektrische Leitf\u00e4higkeit<br \/>\nHervorragende thermische Stabilit\u00e4t<br \/>\nSchichtkristallstruktur<br \/>\nIm Vergleich zu herk\u00f6mmlichen Keramiken \u00fcberlegene Verarbeitbarkeit<br \/>\nStabile Konsistenz von Charge zu Charge<\/p>\n<h2><span style=\"font-size: 14pt;\">Anwendungen von Titanaluminiumkarbidpulver<\/span><\/h2>\n<p><strong><span style=\"color: #0000ff;\"><a style=\"color: #0000ff;\" href=\"https:\/\/ulpmat.com\/de\/product-category\/erstklassige-materialien\/mxen-vorlaufer-max-phasen-materialien\/\">MAX-Phasen-<\/a><\/span> und Schichtmaterialforschung:<\/strong><br \/>\nWird h\u00e4ufig zur Untersuchung der Struktur, der Eigenschaften und der Phasenstabilit\u00e4t von MAX-Phasen-Materialien im Titanaluminiumkarbid-System verwendet.<\/p>\n<p><strong>Funktionale Verbundwerkstoffe:<\/strong><br \/>\nAls Verst\u00e4rkungsphase oder funktioneller F\u00fcllstoff kann dieses Pulver zur Herstellung von Verbundwerkstoffen mit elektrischer Leitf\u00e4higkeit, Hochtemperaturbest\u00e4ndigkeit oder Temperaturwechselbest\u00e4ndigkeit verwendet werden.<\/p>\n<p><strong>Forschung zu Hochtemperatur-Strukturwerkstoffen:<\/strong><br \/>\nTitan-Aluminiumkarbid weist eine ausgezeichnete strukturelle Stabilit\u00e4t bei hohen Temperaturen auf und eignet sich daher f\u00fcr die Grundlagenforschung zu Hochtemperatur-Werkstoffen.<\/p>\n<p><strong>Leitf\u00e4hige Keramiken und Funktionswerkstoffe:<\/strong><br \/>\nDurch seine Kombination aus metallischen und keramischen Eigenschaften ist es f\u00fcr die Entwicklung von leitf\u00e4higen Keramiken und verwandten Funktionswerkstoffen wertvoll.<\/p>\n<p><strong>Materialwissenschaft und Grundlagenforschung:<\/strong><br \/>\nWeit verbreitet in Universit\u00e4ten, Forschungsinstituten und Labors f\u00fcr fortgeschrittene Werkstoffe zur Erforschung neuartiger geschichteter Keramikwerkstoffe.<\/p>\n<h2><span style=\"font-size: 14pt;\">H\u00e4ufig gestellte Fragen<\/span><\/h2>\n<p>F1: Ist Titanaluminiumkarbid ein MAX-Phasen-Werkstoff?<br \/>\nA1: Bezieht sich im Allgemeinen auf die MAX-Phase oder verwandte Karbidmaterialien im Ti\u2013Al\u2013C-System, die sich durch eine Schichtstruktur auszeichnen.<\/p>\n<p>F2: Wie unterscheidet sich Ti\u2013Al\u2013C-Material von herk\u00f6mmlicher Karbidkeramik?<br \/>\nA2: Im Vergleich zu herk\u00f6mmlicher Karbidkeramik weist Ti\u2013Al\u2013C-Material eine bessere Leitf\u00e4higkeit und Temperaturwechselbest\u00e4ndigkeit auf und beh\u00e4lt gleichzeitig seine Hochtemperaturstabilit\u00e4t bei.<\/p>\n<p>F3: In welchen Bereichen wird Titanaluminiumkarbidpulver haupts\u00e4chlich verwendet?<br \/>\nA3: Es wird in erster Linie f\u00fcr die Forschung an MAX-Phasen-Materialien, die Entwicklung von Funktionsverbundwerkstoffen und die Forschung im Zusammenhang mit Hochtemperaturmaterialien und leitf\u00e4higen Keramiken verwendet.<\/p>\n<p>F4: Ist dieses Pulver eher f\u00fcr die wissenschaftliche Forschung oder f\u00fcr industrielle Anwendungen geeignet?<br \/>\nA4: Derzeit wird es haupts\u00e4chlich f\u00fcr wissenschaftliche Forschung und Materialentwicklung verwendet, w\u00e4hrend sein industrielles Potenzial in fortschrittlichen technischen Werkstoffen ebenfalls untersucht wird.<\/p>\n<h2><span style=\"font-size: 14pt;\">Berichte<\/span><\/h2>\n<p>Jede Charge wird geliefert mit:<br \/>\n<span style=\"color: #0000ff;\"><a style=\"color: #0000ff;\" href=\"https:\/\/ulpmat.com\/de\/dokumente\/zertifikat-der-analyse\/\"><u>Analysezertifikat (COA)<\/u><\/a><\/span><\/p>\n<p><span style=\"color: #0000ff;\"><a style=\"color: #0000ff;\" href=\"https:\/\/ulpmat.com\/de\/dokumente\/technisches-datenblatt\/\"><u>Technisches Datenblatt (TDS)<\/u><\/a><\/span><\/p>\n<p><span style=\"color: #0000ff;\"><a style=\"color: #0000ff;\" href=\"https:\/\/ulpmat.com\/de\/dokumente\/sicherheitsdatenblatt\/\"><u>Sicherheitsdatenblatt (MSDS)<\/u><\/a><\/span><br \/>\nTestberichte von Drittanbietern auf Anfrage erh\u00e4ltlich<\/p>\n<h2><span style=\"font-size: 14pt;\">Warum sollten Sie sich f\u00fcr uns entscheiden?<\/span><\/h2>\n<p>Wir konzentrieren uns auf die stabile Lieferung und das Qualit\u00e4tsmanagement von Karbiden auf Titanbasis und MAX-Phasen-Materialien und bieten zuverl\u00e4ssige Unterst\u00fctzung f\u00fcr die Forschung und Anwendung von Titanaluminiumkarbidpulver.<\/p>\n","protected":false},"excerpt":{"rendered":"<p>\u00dcbersicht \u00fcber Titanaluminiumkarbidpulver Titanaluminiumkarbidpulver ist ein typisches MAX-Phasen-Material, das die Eigenschaften von Metallen und Keramiken vereint, wie beispielsweise eine hervorragende elektrische Leitf\u00e4higkeit und thermische Stabilit\u00e4t. Dieses Material wird h\u00e4ufig in der Forschung zu Funktionskeramiken, Verbundwerkstoffen und fortschrittlichen Strukturwerkstoffen eingesetzt. Wir k\u00f6nnen Titan-Aluminiumkarbidpulver mit stabiler Zusammensetzung und Kristallphase f\u00fcr Forschung und Materialentwicklung liefern. Bitte kontaktieren Sie [&hellip;]<\/p>\n","protected":false},"featured_media":44393,"template":"","meta":{"_acf_changed":false},"product_brand":[],"product_cat":[712,1203],"product_tag":[5829],"class_list":{"0":"post-44392","1":"product","2":"type-product","3":"status-publish","4":"has-post-thumbnail","6":"product_cat-feuerfeste-materialien","7":"product_cat-mxen-vorlaufer-max-phasen-materialien","8":"product_tag-titan-aluminiumkarbid-pulver","10":"first","11":"instock","12":"shipping-taxable","13":"product-type-variable"},"acf":[],"_links":{"self":[{"href":"https:\/\/ulpmat.com\/de\/wp-json\/wp\/v2\/product\/44392","targetHints":{"allow":["GET"]}}],"collection":[{"href":"https:\/\/ulpmat.com\/de\/wp-json\/wp\/v2\/product"}],"about":[{"href":"https:\/\/ulpmat.com\/de\/wp-json\/wp\/v2\/types\/product"}],"wp:featuredmedia":[{"embeddable":true,"href":"https:\/\/ulpmat.com\/de\/wp-json\/wp\/v2\/media\/44393"}],"wp:attachment":[{"href":"https:\/\/ulpmat.com\/de\/wp-json\/wp\/v2\/media?parent=44392"}],"wp:term":[{"taxonomy":"product_brand","embeddable":true,"href":"https:\/\/ulpmat.com\/de\/wp-json\/wp\/v2\/product_brand?post=44392"},{"taxonomy":"product_cat","embeddable":true,"href":"https:\/\/ulpmat.com\/de\/wp-json\/wp\/v2\/product_cat?post=44392"},{"taxonomy":"product_tag","embeddable":true,"href":"https:\/\/ulpmat.com\/de\/wp-json\/wp\/v2\/product_tag?post=44392"}],"curies":[{"name":"wp","href":"https:\/\/api.w.org\/{rel}","templated":true}]}}