{"id":43989,"date":"2026-01-23T13:24:20","date_gmt":"2026-01-23T05:24:20","guid":{"rendered":"https:\/\/ulpmat.com\/product\/titan-aluminium-silizium-legierung\/"},"modified":"2026-01-23T13:24:20","modified_gmt":"2026-01-23T05:24:20","slug":"titan-aluminium-silizium-legierung","status":"publish","type":"product","link":"https:\/\/ulpmat.com\/de\/produkt\/titan-aluminium-silizium-legierung\/","title":{"rendered":"Titan-Aluminium-Silizium-Legierung"},"content":{"rendered":"<h2><span style=\"font-size: 14pt;\">Titan-Aluminium-Silizium-Aolly-Sputtertarget \u00dcbersicht<\/span><\/h2>\n<p><span style=\"color: #0000ff;\"><a style=\"color: #0000ff;\" href=\"https:\/\/ulpmat.com\/de\/search\/?type=name&#038;keyword=Titanium+Aluminum+Silicon\">Das Titan-Aluminium-Silizium<\/a><\/span><br \/>\n-Legierungs-Sputtertarget ist ein hochtemperaturstabiles Titan-Aluminium-Silizium-Legierungsmaterial, das sowohl eine ausgezeichnete Leitf\u00e4higkeit als auch eine hohe Temperaturbest\u00e4ndigkeit aufweist. Es wird h\u00e4ufig bei der Entwicklung von funktionalen D\u00fcnnschichten, leitf\u00e4higen Keramikbeschichtungen, Hochtemperatur-Elektronikger\u00e4ten und wissenschaftlichen D\u00fcnnschichtmaterialien eingesetzt.<\/p>\n<p>Wir bieten TiAlSi-Sputtertargets mit einheitlicher Zusammensetzung und dichter Struktur an, die f\u00fcr DC- oder RF-Magnetron-Sputteranlagen geeignet sind. Bitte <span style=\"color: #0000ff;\"><a style=\"color: #0000ff;\" href=\"https:\/\/ulpmat.com\/de\/kontakt-us\/\">kontaktieren Sie uns<\/a><\/span><br \/>\nf\u00fcr detaillierte Spezifikationen und technische Informationen.<\/p>\n<h2><span style=\"font-size: 14pt;\">Produkt-Highlights<\/span><\/h2>\n<p>Hochtemperaturstabil<br \/>\nHervorragende Leitf\u00e4higkeit und thermische Stabilit\u00e4t<br \/>\nZusammensetzungsstabilit\u00e4t und gute Filmwiederholbarkeit beim Sputtern<br \/>\nGeeignet f\u00fcr Abscheidungen bei hohen Temperaturen, im Vakuum und in inerter Atmosph\u00e4re<br \/>\nHohe Chargenkonsistenz<br \/>\nAnpassbare Gr\u00f6\u00dfen und Formfaktoren<br \/>\nGeeignet f\u00fcr die wissenschaftliche und industrielle D\u00fcnnschichtherstellung<\/p>\n<h2><span style=\"font-size: 14pt;\">Anwendungen von Titan-Aluminium-Silizium-Sputter-Targets<\/span><\/h2>\n<p><strong>Abscheidung funktionaler D\u00fcnnschichten:<\/strong><br \/>\nKann zur Herstellung hochleitf\u00e4higer, hochtemperaturbest\u00e4ndiger und korrosionsbest\u00e4ndiger funktionaler D\u00fcnnschichten f\u00fcr elektronische Ger\u00e4te und leitf\u00e4hige Beschichtungen verwendet werden.<br \/>\n<strong>Leitf\u00e4hige Keramik- und Verbundd\u00fcnnschichten:<\/strong><br \/>\nAufgrund seiner Leitf\u00e4higkeit und Hochtemperaturstabilit\u00e4t kann es zur Herstellung von Metall-Keramik-Verbundd\u00fcnnschichten und hochleistungsf\u00e4higen leitf\u00e4higen Keramikschichten verwendet werden.<br \/>\n<strong>Forschung und Materialentwicklung:<\/strong><br \/>\nWeit verbreitet in der Forschung zu D\u00fcnnschichten aus Titan-Aluminium-Silizium-Legierungen, der Entwicklung neuartiger Hochtemperaturmaterialien und der Pr\u00fcfung der Schichtleistung.<br \/>\n<strong>Korrosionsbest\u00e4ndige Hochtemperaturbeschichtungen:<\/strong><br \/>\nTiAlSi-D\u00fcnnschichten weisen eine stabile Leistung in Hochtemperatur- und korrosiven Umgebungen auf, wodurch sie sich f\u00fcr die Forschung an hochtemperaturbest\u00e4ndigen und sch\u00fctzenden Beschichtungen eignen.<\/p>\n<h2><span style=\"font-size: 14pt; color: #0000ff;\"><a style=\"color: #0000ff;\" href=\"https:\/\/ulpmat.com\/de\/unternehmen\/faqs\/\">H\u00e4ufig gestellte Fragen<\/a><\/span><\/h2>\n<p>F1: Welches Sputterverfahren eignet sich f\u00fcr TiAlSi-Targets?<br \/>\nA1: Geeignet f\u00fcr DC-Magnetron-Sputtern und RF-Magnetron-Sputtern. Es verf\u00fcgt \u00fcber eine ausgezeichnete Leitf\u00e4higkeit und eignet sich f\u00fcr verschiedene PVD-Verfahren.<\/p>\n<p>F2: Ist die Zusammensetzung von TiAlSi-Targets w\u00e4hrend des Sputterns stabil?<br \/>\nA2: Unter geeigneten Prozessbedingungen beh\u00e4lt das Target eine stabile chemische Zusammensetzung bei, was zu einer guten Wiederholbarkeit und Konsistenz der Schicht f\u00fchrt.<\/p>\n<p>F3: Sind TiAlSi-Targets f\u00fcr die Hochtemperaturabscheidung geeignet?<br \/>\nA3: Ja, das Target verf\u00fcgt \u00fcber eine ausgezeichnete thermische Stabilit\u00e4t und Temperaturwechselbest\u00e4ndigkeit, wodurch es f\u00fcr die Hochtemperatur-D\u00fcnnschichtabscheidung geeignet ist.<\/p>\n<p>F4: In welchen Bereichen werden TiAlSi-D\u00fcnnschichten haupts\u00e4chlich verwendet?<br \/>\nA4: Haupts\u00e4chlich f\u00fcr leitf\u00e4hige Beschichtungen, funktionelle D\u00fcnnschichten, Hochtemperatur-Elektronikger\u00e4te und die Entwicklung von Forschungsd\u00fcnnschichtmaterialien.<\/p>\n<h2><span style=\"font-size: 14pt;\">Bericht<\/span><\/h2>\n<p>Jede Charge wird geliefert mit:<br \/>\n<span style=\"color: #0000ff;\"><a style=\"color: #0000ff;\" href=\"https:\/\/ulpmat.com\/de\/dokumente\/zertifikat-der-analyse\/\"><u>Analysezertifikat (COA)<\/u><\/a><\/span><\/p>\n<p><span style=\"color: #0000ff;\"><a style=\"color: #0000ff;\" href=\"https:\/\/ulpmat.com\/de\/dokumente\/technisches-datenblatt\/\"><u>Technisches Datenblatt (TDS)<\/u><\/a><\/span><\/p>\n<p><span style=\"color: #0000ff;\"><a style=\"color: #0000ff;\" href=\"https:\/\/ulpmat.com\/de\/dokumente\/sicherheitsdatenblatt\/\"><u>Sicherheitsdatenblatt (MSDS)<\/u><\/a><\/span><br \/>\nGr\u00f6\u00dfenpr\u00fcfbericht<br \/>\nPr\u00fcfberichte von Drittanbietern sind auf Anfrage erh\u00e4ltlich.<\/p>\n<h2><span style=\"font-size: 14pt;\">Warum sollten Sie sich f\u00fcr uns entscheiden?<\/span><\/h2>\n<p>Wir sind auf die Forschung und Lieferung von hochleistungsf\u00e4higen TiAlSi-Sputtertargets spezialisiert und stellen sicher, dass unsere TiAlSi-Sputtertargets den Forschungs- und Industriestandards in Bezug auf Materialstruktur, Verdichtung und Sputterkompatibilit\u00e4t entsprechen, wodurch eine zuverl\u00e4ssige Sicherheit f\u00fcr die D\u00fcnnschichtvorbereitung gew\u00e4hrleistet ist.<\/p>\n","protected":false},"excerpt":{"rendered":"<p>Titan-Aluminium-Silizium-Aolly-Sputtertarget \u00dcbersicht Das Titan-Aluminium-Silizium -Legierungs-Sputtertarget ist ein hochtemperaturstabiles Titan-Aluminium-Silizium-Legierungsmaterial, das sowohl eine ausgezeichnete Leitf\u00e4higkeit als auch eine hohe Temperaturbest\u00e4ndigkeit aufweist. Es wird h\u00e4ufig bei der Entwicklung von funktionalen D\u00fcnnschichten, leitf\u00e4higen Keramikbeschichtungen, Hochtemperatur-Elektronikger\u00e4ten und wissenschaftlichen D\u00fcnnschichtmaterialien eingesetzt. Wir bieten TiAlSi-Sputtertargets mit einheitlicher Zusammensetzung und dichter Struktur an, die f\u00fcr DC- oder RF-Magnetron-Sputteranlagen geeignet sind. Bitte kontaktieren [&hellip;]<\/p>\n","protected":false},"featured_media":43990,"template":"","meta":{"_acf_changed":false},"product_brand":[132],"product_cat":[562],"product_tag":[5763],"class_list":{"0":"post-43989","1":"product","2":"type-product","3":"status-publish","4":"has-post-thumbnail","6":"product_brand-ulpmat","7":"product_cat-legierung-sputtering-target","8":"product_tag-titan-aluminium-silizium-legierung-sputtering-target","10":"first","11":"instock","12":"shipping-taxable","13":"product-type-variable"},"acf":[],"_links":{"self":[{"href":"https:\/\/ulpmat.com\/de\/wp-json\/wp\/v2\/product\/43989","targetHints":{"allow":["GET"]}}],"collection":[{"href":"https:\/\/ulpmat.com\/de\/wp-json\/wp\/v2\/product"}],"about":[{"href":"https:\/\/ulpmat.com\/de\/wp-json\/wp\/v2\/types\/product"}],"wp:featuredmedia":[{"embeddable":true,"href":"https:\/\/ulpmat.com\/de\/wp-json\/wp\/v2\/media\/43990"}],"wp:attachment":[{"href":"https:\/\/ulpmat.com\/de\/wp-json\/wp\/v2\/media?parent=43989"}],"wp:term":[{"taxonomy":"product_brand","embeddable":true,"href":"https:\/\/ulpmat.com\/de\/wp-json\/wp\/v2\/product_brand?post=43989"},{"taxonomy":"product_cat","embeddable":true,"href":"https:\/\/ulpmat.com\/de\/wp-json\/wp\/v2\/product_cat?post=43989"},{"taxonomy":"product_tag","embeddable":true,"href":"https:\/\/ulpmat.com\/de\/wp-json\/wp\/v2\/product_tag?post=43989"}],"curies":[{"name":"wp","href":"https:\/\/api.w.org\/{rel}","templated":true}]}}