{"id":43113,"date":"2026-01-23T13:27:56","date_gmt":"2026-01-23T05:27:56","guid":{"rendered":"https:\/\/ulpmat.com\/product\/titanphosphid\/"},"modified":"2026-01-23T13:27:56","modified_gmt":"2026-01-23T05:27:56","slug":"titanphosphid","status":"publish","type":"product","link":"https:\/\/ulpmat.com\/de\/produkt\/titanphosphid\/","title":{"rendered":"Titanphosphid"},"content":{"rendered":"<h2><span style=\"font-size: 14pt;\">\u00dcbersicht \u00fcber Titaniumphosphidpulver<\/span><\/h2>\n<p><span style=\"color: #0000ff;\"><a style=\"color: #0000ff;\" href=\"https:\/\/ulpmat.com\/de\/search\/?type=name&#038;keyword=Titanium+phosphide\">Titaniumphosphidpulver<\/a><\/span><br \/>\nist ein Metallphosphid-Keramikpulver, das sich durch hohe H\u00e4rte, ausgezeichnete thermische Stabilit\u00e4t und gute elektrische Leitf\u00e4higkeit auszeichnet. Es dient in erster Linie als Verst\u00e4rkungsphase in Hochleistungsverbundwerkstoffen, als Beschichtungsmaterial und als Vorl\u00e4ufer f\u00fcr Lithium-Ionen-Batterieanoden und hat einen entscheidenden Anwendungswert im Bereich des Verschlei\u00dfschutzes in extremen Umgebungen und in neuen Energiesektoren.<\/p>\n<p>Wir bieten hochreines Titanphosphidpulver mit unterschiedlichen Partikelgr\u00f6\u00dfenverteilungen und streng kontrollierten chemischen Zusammensetzungen sowie Oberfl\u00e4chenmodifizierungsdienstleistungen, die auf Ihre spezifischen Anwendungen zugeschnitten sind.<\/p>\n<h2><span style=\"font-size: 14pt;\">Produkt-Highlights<\/span><\/h2>\n<p>Hohe Reinheit mit kontrollierbarer St\u00f6chiometrie<br \/>\nGleichm\u00e4\u00dfige und anpassbare Partikelgr\u00f6\u00dfenverteilung<br \/>\nHervorragende chemische und thermische Stabilit\u00e4t<br \/>\nHohe H\u00e4rte und gute elektrische Leitf\u00e4higkeit<br \/>\nNanoskalige Pulveroptionen verf\u00fcgbar<\/p>\n<h2><span style=\"font-size: 14pt;\">Anwendungen von Titaniumphosphidpulver<\/span><\/h2>\n<p><strong>Verst\u00e4rkung von Metallmatrix-Verbundwerkstoffen:<\/strong><br \/>\nAls Verst\u00e4rkungsphase f\u00fcr Aluminium, Titan und andere Metallmatrizen hinzugef\u00fcgt, verbessert es die H\u00e4rte, Verschlei\u00dffestigkeit und Hochtemperaturfestigkeit von Verbundwerkstoffen erheblich und eignet sich f\u00fcr kritische Komponenten in der Luft- und Raumfahrt sowie in der Automobilindustrie.<\/p>\n<p><strong>Verschlei\u00dffeste und korrosionsbest\u00e4ndige Beschichtungsmaterialien:<\/strong><br \/>\nDurch thermisches Spritzen oder Laserauftragschwei\u00dfen hergestellte Beschichtungen bieten au\u00dfergew\u00f6hnlichen Verschlei\u00df- und Korrosionsschutz f\u00fcr Werkzeuge, Schiffsausr\u00fcstung und Komponenten f\u00fcr die chemische Verarbeitung.<\/p>\n<p><strong>Lithium-Ionen<span style=\"color: #0000ff;\"><a style=\"color: #0000ff;\" href=\"https:\/\/ulpmat.com\/de\/anwendung\/batterie-materialien\/\">-Batterie<\/a><\/span>-Anodenmaterial:<\/strong><br \/>\nAls aktive oder inerte Matrix\/Additiv f\u00fcr Hochleistungsanoden (z. B. Anoden auf Siliziumbasis) tr\u00e4gt es mit seiner hervorragenden Leitf\u00e4higkeit und strukturellen Stabilit\u00e4t zur Verbesserung der Lebensdauer und Leistungsf\u00e4higkeit von Batterien bei.<\/p>\n<p><strong>Spezialkeramik und feuerfeste Materialien:<\/strong><br \/>\nEs wird bei der Herstellung von Spezialfunktionskeramik oder als Additiv in feuerfesten Materialien verwendet und verbessert die Temperaturwechselbest\u00e4ndigkeit, die Festigkeit bei hohen Temperaturen und die Best\u00e4ndigkeit gegen Erosion durch geschmolzenes Metall.<\/p>\n<h2><span style=\"color: #0000ff;\"><a style=\"color: #0000ff;\" href=\"https:\/\/ulpmat.com\/de\/unternehmen\/faqs\/\"><span style=\"font-size: 14pt;\">H\u00e4ufig gestellte Fragen<\/span><\/a><\/span><\/h2>\n<p>F1: Was sind die prim\u00e4ren Reinheitsgrade und typischen Partikelgr\u00f6\u00dfen f\u00fcr Titaniumphosphidpulver?<br \/>\nA1: Wir liefern routinem\u00e4\u00dfig eine Reinheit von 99,95 %, wobei auch h\u00f6here Reinheitsgrade erh\u00e4ltlich sind. Die Partikelgr\u00f6\u00dfenbereiche sind umfangreich und k\u00f6nnen an Ihre spezifischen Prozessanforderungen angepasst werden.<\/p>\n<p>F2: Ist TiP-Pulver in Luft stabil? Wie sollte es gelagert werden?<br \/>\nA2: TiP-Pulver ist in trockener Luft relativ stabil. Wir empfehlen, es in einer k\u00fchlen, trockenen Umgebung mit inerter Atmosph\u00e4re versiegelt zu lagern. Nach dem \u00d6ffnen ist es ratsam, die gesamte Menge auf einmal zu verbrauchen oder mit Inertgas wieder zu verschlie\u00dfen.<\/p>\n<p>F3: F\u00fcr welche Formgebungs- oder Beschichtungsverfahren ist dieses Pulver geeignet?<br \/>\nA3: Es eignet sich f\u00fcr verschiedene pulvermetallurgische Verfahren (z. B. Hei\u00dfpressen, EDM-Plasmasintern), thermisches Spritzen (Plasma, HVOF), Laserauftragschwei\u00dfen und kann auch als Rohstoffpulver f\u00fcr die Herstellung von Keramik- oder Verbundwerkstoffen verwendet werden.<\/p>\n<p>F4: K\u00f6nnen Sie TiP-Pulver in Nanogr\u00f6\u00dfe liefern? Was sind seine besonderen Eigenschaften?<br \/>\nA4: Ja. TiP-Pulver in Nanogr\u00f6\u00dfe weist eine h\u00f6here spezifische Oberfl\u00e4che und Oberfl\u00e4chenaktivit\u00e4t auf. Es bietet eine hervorragende Grenzfl\u00e4chenbindung, wenn es als Verst\u00e4rkungsphase in Verbundwerkstoffen verwendet wird, und bietet mehr aktive Stellen in elektrochemischen Anwendungen, was zu einer erheblichen Verbesserung der mechanischen oder elektrochemischen Leistung f\u00fchren kann.<\/p>\n<h2><span style=\"font-size: 14pt;\">Bericht<\/span><\/h2>\n<p>Jede Charge wird geliefert mit:<br \/>\n<span style=\"color: #0000ff;\"><a style=\"color: #0000ff;\" href=\"https:\/\/ulpmat.com\/de\/dokumente\/zertifikat-der-analyse\/\"><u>Analysezertifikat (COA)<\/u><\/a><\/span><\/p>\n<p><span style=\"color: #0000ff;\"><a style=\"color: #0000ff;\" href=\"https:\/\/ulpmat.com\/de\/dokumente\/technisches-datenblatt\/\"><u>Technisches Datenblatt (TDS)<\/u><\/a><\/span><\/p>\n<p><span style=\"color: #0000ff;\"><a style=\"color: #0000ff;\" href=\"https:\/\/ulpmat.com\/de\/dokumente\/sicherheitsdatenblatt\/\"><u>Sicherheitsdatenblatt (MSDS)<\/u><\/a><\/span><br \/>\nTestberichte von Drittanbietern sind auf Anfrage erh\u00e4ltlich<\/p>\n<h2><span style=\"font-size: 14pt;\">Warum sollten Sie sich f\u00fcr uns entscheiden?<\/span><\/h2>\n<p>Wir sind auf die Forschung und Entwicklung sowie die pr\u00e4zise Herstellung von hochwertigen Metallverbindungspulvern spezialisiert. Bei Titaniumphosphidpulver kontrollieren wir nicht nur streng die chemische Zusammensetzung und Partikelgr\u00f6\u00dfe, sondern verstehen auch die Kernanforderungen an die Pulvereigenschaften in verschiedenen Anwendungsszenarien.<\/p>\n","protected":false},"excerpt":{"rendered":"<p>\u00dcbersicht \u00fcber Titaniumphosphidpulver Titaniumphosphidpulver ist ein Metallphosphid-Keramikpulver, das sich durch hohe H\u00e4rte, ausgezeichnete thermische Stabilit\u00e4t und gute elektrische Leitf\u00e4higkeit auszeichnet. Es dient in erster Linie als Verst\u00e4rkungsphase in Hochleistungsverbundwerkstoffen, als Beschichtungsmaterial und als Vorl\u00e4ufer f\u00fcr Lithium-Ionen-Batterieanoden und hat einen entscheidenden Anwendungswert im Bereich des Verschlei\u00dfschutzes in extremen Umgebungen und in neuen Energiesektoren. Wir bieten hochreines [&hellip;]<\/p>\n","protected":false},"featured_media":43114,"template":"","meta":{"_acf_changed":false},"product_brand":[132],"product_cat":[1191],"product_tag":[5565],"class_list":{"0":"post-43113","1":"product","2":"type-product","3":"status-publish","4":"has-post-thumbnail","6":"product_brand-ulpmat","7":"product_cat-phosphorhaltige-materialien","8":"product_tag-titanphosphid-pulver","10":"first","11":"instock","12":"shipping-taxable","13":"product-type-variable"},"acf":[],"_links":{"self":[{"href":"https:\/\/ulpmat.com\/de\/wp-json\/wp\/v2\/product\/43113","targetHints":{"allow":["GET"]}}],"collection":[{"href":"https:\/\/ulpmat.com\/de\/wp-json\/wp\/v2\/product"}],"about":[{"href":"https:\/\/ulpmat.com\/de\/wp-json\/wp\/v2\/types\/product"}],"wp:featuredmedia":[{"embeddable":true,"href":"https:\/\/ulpmat.com\/de\/wp-json\/wp\/v2\/media\/43114"}],"wp:attachment":[{"href":"https:\/\/ulpmat.com\/de\/wp-json\/wp\/v2\/media?parent=43113"}],"wp:term":[{"taxonomy":"product_brand","embeddable":true,"href":"https:\/\/ulpmat.com\/de\/wp-json\/wp\/v2\/product_brand?post=43113"},{"taxonomy":"product_cat","embeddable":true,"href":"https:\/\/ulpmat.com\/de\/wp-json\/wp\/v2\/product_cat?post=43113"},{"taxonomy":"product_tag","embeddable":true,"href":"https:\/\/ulpmat.com\/de\/wp-json\/wp\/v2\/product_tag?post=43113"}],"curies":[{"name":"wp","href":"https:\/\/api.w.org\/{rel}","templated":true}]}}