{"id":42921,"date":"2026-01-23T13:27:59","date_gmt":"2026-01-23T05:27:59","guid":{"rendered":"https:\/\/ulpmat.com\/product\/titan-tantal-zirkonium-hafnium-aluminium\/"},"modified":"2026-01-23T13:27:59","modified_gmt":"2026-01-23T05:27:59","slug":"titan-tantal-zirkonium-hafnium-aluminium","status":"publish","type":"product","link":"https:\/\/ulpmat.com\/de\/produkt\/titan-tantal-zirkonium-hafnium-aluminium\/","title":{"rendered":"Titan Tantal Zirkonium Hafnium Aluminium"},"content":{"rendered":"<h2><span style=\"font-size: 14pt;\">\u00dcbersicht \u00fcber Sputtertargets aus Titan-Tantal-Zirkonium-Hafnium-Aluminium-Legierung<\/span><\/h2>\n<p>Sputtertargets aus<br \/>\n<span style=\"color: #0000ff;\"><a style=\"color: #0000ff;\" href=\"https:\/\/ulpmat.com\/de\/search\/?type=name&#038;keyword=Titanium+Tantalum+Zirconium+Hafnium+Aluminum\">Titan-Tantal-Zirkonium-Hafnium-Aluminium<\/a><\/span><br \/>\n-Legierung sind hochleistungsf\u00e4hige Mehrkomponenten-Legierungstargets, die speziell f\u00fcr die Abscheidung fortschrittlicher Schichten mit au\u00dfergew\u00f6hnlichen umfassenden Eigenschaften entwickelt wurden. Dieses Material vereint die herausragenden Eigenschaften mehrerer Metalle mit hohem Schmelzpunkt und eignet sich daher f\u00fcr technologische Spitzenbereiche, in denen extrem hohe Temperaturfestigkeit, Korrosionsbest\u00e4ndigkeit und thermische Stabilit\u00e4t gefordert sind.<\/p>\n<p>Wir bieten hochreine f\u00fcnfwertige Legierungs-Sputter-Targets in verschiedenen Zusammensetzungsverh\u00e4ltnissen an und unterst\u00fctzen die individuelle Anpassung der Zusammensetzung, der Abmessungen und der L\u00f6sungen <span style=\"color: #0000ff;\"><a style=\"color: #0000ff;\" href=\"https:\/\/ulpmat.com\/de\/service\/ziel-bindung\/\">f\u00fcr die Verbindung mit<\/a><\/span><br \/>\nTr\u00e4gerplatten, um spezifischen Anwendungsanforderungen gerecht zu werden.<\/p>\n<h2><span style=\"font-size: 14pt;\">Produkt-Highlights<\/span><\/h2>\n<p>Extrem hohe Temperaturstabilit\u00e4t<br \/>\nHervorragende Korrosions- und Oxidationsbest\u00e4ndigkeit<br \/>\nHervorragende Festigkeit und Z\u00e4higkeit bei hohen Temperaturen<br \/>\nPr\u00e4zise Zusammensetzungskontrolle<br \/>\nGleichm\u00e4\u00dfige und dichte Sputterbeschichtung<\/p>\n<h2><span style=\"font-size: 14pt;\">Anwendungen von Sputtertargets aus einer Titan-Tantal-Zirkonium-Hafnium-Aluminium-Legierung<\/span><\/h2>\n<p><strong>Schutz von Hochtemperaturkomponenten in der Luft- und Raumfahrt:<\/strong><br \/>\nVerwendung f\u00fcr Schutzbeschichtungen auf kritischen Hei\u00dfkomponenten wie Flugzeugtriebwerksschaufeln und Brennkammern, wodurch die Best\u00e4ndigkeit gegen Hochtemperaturoxidation und thermische Korrosion erheblich verbessert wird.<br \/>\n<strong>Spezielle Anwendungen in der Nuklearindustrie:<\/strong><br \/>\nBietet hervorragende Best\u00e4ndigkeit gegen Strahlensch\u00e4den und Korrosion in extremen Umgebungen, z. B. bei Materialien f\u00fcr Kernreaktorm\u00e4ntel und Kernbrennstoffanordnungen.<br \/>\n<strong>Ultrahochtemperaturprozesse in <span style=\"color: #0000ff;\"><a style=\"color: #0000ff;\" href=\"https:\/\/ulpmat.com\/de\/anwendung\/halbleiter-materialien\/\">Halbleitern<\/a><\/span>:<\/strong><br \/>\nGeeignet f\u00fcr Ultrahochtemperatur-Elektroden oder Barriereschichten bei der Herstellung von Halbleiterbauelementen der dritten Generation (z. B. SiC, GaN), um die Zuverl\u00e4ssigkeit der Bauelemente bei erh\u00f6hten Temperaturen zu gew\u00e4hrleisten.<br \/>\n<strong>Verschlei\u00dffeste Beschichtungen f\u00fcr High-End-Werkzeuge:<\/strong><br \/>\nWird zur Oberfl\u00e4chenverfestigung von Hochgeschwindigkeits-Schneidwerkzeugen und Pr\u00e4zisionsformen verwendet und verl\u00e4ngert die Lebensdauer der Werkzeuge unter Hochtemperatur- und Hochgeschwindigkeitsbedingungen erheblich.<\/p>\n<h2><span style=\"color: #0000ff;\"><a style=\"color: #0000ff;\" href=\"https:\/\/ulpmat.com\/de\/unternehmen\/faqs\/\"><span style=\"font-size: 14pt;\">H\u00e4ufig gestellte Fragen<\/span><\/a><\/span><\/h2>\n<p>F1: Was sind die Hauptvorteile dieses f\u00fcnfkomponentigen Legierungs-Targetmaterials?<br \/>\nA1: Durch die synergistischen Effekte mehrerer hochschmelzender Metalle erreicht es au\u00dfergew\u00f6hnliche umfassende Eigenschaften, die mit einzelnen Metallen nicht erreichbar sind, und zeichnet sich insbesondere durch hohe Temperaturfestigkeit, Korrosionsbest\u00e4ndigkeit und thermische Stabilit\u00e4t aus.<\/p>\n<p>F2: Wie wird die Gleichm\u00e4\u00dfigkeit der Zusammensetzung in Mehrkomponentenlegierungen sichergestellt?<br \/>\nA2: Wir verwenden Vakuumbogenschmelzen in Kombination mit mehreren Umschmelzzyklen und einer homogenisierenden W\u00e4rmebehandlung, um eine hohe makro- und mikrostrukturelle Gleichm\u00e4\u00dfigkeit zu gew\u00e4hrleisten.<\/p>\n<p>F3: Was sind die Herausforderungen bei der Herstellung dieses Targetmaterials?<br \/>\nA3: Die Schwierigkeiten liegen in der Schmelz- und Zusammensetzungskontrolle mehrerer hochschmelzender, hochreaktiver Metalle sowie in der Herstellung von hochdichten, fehlerfreien Targetbl\u00f6cken. Wir verf\u00fcgen \u00fcber spezielle Schmelzanlagen und Verfahrenstechnologien, um diese Herausforderungen zu meistern.<\/p>\n<p>F4: Welche Standardspezifikationen sind verf\u00fcgbar?<br \/>\nA4: Wir bieten runde und rechteckige Targets in verschiedenen Abmessungen an und k\u00f6nnen nicht standardm\u00e4\u00dfige Gr\u00f6\u00dfen je nach Ger\u00e4teanforderungen anpassen.<\/p>\n<h2><span style=\"font-size: 14pt;\">Bericht<\/span><\/h2>\n<p>Jede Charge wird mit folgenden Unterlagen geliefert:<br \/>\n<span style=\"color: #0000ff;\"><a style=\"color: #0000ff;\" href=\"https:\/\/ulpmat.com\/de\/dokumente\/zertifikat-der-analyse\/\"><u>Analysezertifikat (COA)<\/u><\/a><\/span><\/p>\n<p><span style=\"color: #0000ff;\"><a style=\"color: #0000ff;\" href=\"https:\/\/ulpmat.com\/de\/dokumente\/technisches-datenblatt\/\"><u>Technisches Datenblatt (TDS)<\/u><\/a><\/span><\/p>\n<p><span style=\"color: #0000ff;\"><a style=\"color: #0000ff;\" href=\"https:\/\/ulpmat.com\/de\/dokumente\/sicherheitsdatenblatt\/\"><u>Sicherheitsdatenblatt (MSDS)<\/u><\/a><\/span><br \/>\nGr\u00f6\u00dfenpr\u00fcfbericht<br \/>\nPr\u00fcfberichte von Drittanbietern sind auf Anfrage erh\u00e4ltlich.<\/p>\n<h2><span style=\"font-size: 14pt;\">Warum sollten Sie sich f\u00fcr uns entscheiden?<\/span><\/h2>\n<p>Wir verf\u00fcgen \u00fcber fundiertes technisches Know-how im Bereich von Targets aus Mehrkomponenten-Legierungen mit hohem Schmelzpunkt und \u00fcber unabh\u00e4ngige Produktionskapazit\u00e4ten entlang der gesamten Wertsch\u00f6pfungskette, die von der Rohstoffreinigung \u00fcber das Vakuumschmelzen und die thermische Verarbeitung bis hin zur Pr\u00e4zisionsbearbeitung reichen. \u00dcber die Lieferung hochwertiger Target-Materialien hinaus bieten wir Empfehlungen zur Zusammensetzung und L\u00f6sungen zur Prozessoptimierung auf der Grundlage von Materialgenetik. Mit uns gewinnen Sie einen professionellen Partner, der sich der L\u00f6sung von Materialproblemen unter extremen Betriebsbedingungen verschrieben hat.<\/p>\n","protected":false},"excerpt":{"rendered":"<p>\u00dcbersicht \u00fcber Sputtertargets aus Titan-Tantal-Zirkonium-Hafnium-Aluminium-Legierung Sputtertargets aus Titan-Tantal-Zirkonium-Hafnium-Aluminium -Legierung sind hochleistungsf\u00e4hige Mehrkomponenten-Legierungstargets, die speziell f\u00fcr die Abscheidung fortschrittlicher Schichten mit au\u00dfergew\u00f6hnlichen umfassenden Eigenschaften entwickelt wurden. Dieses Material vereint die herausragenden Eigenschaften mehrerer Metalle mit hohem Schmelzpunkt und eignet sich daher f\u00fcr technologische Spitzenbereiche, in denen extrem hohe Temperaturfestigkeit, Korrosionsbest\u00e4ndigkeit und thermische Stabilit\u00e4t gefordert sind. Wir [&hellip;]<\/p>\n","protected":false},"featured_media":42922,"template":"","meta":{"_acf_changed":false},"product_brand":[132],"product_cat":[562],"product_tag":[5517],"class_list":{"0":"post-42921","1":"product","2":"type-product","3":"status-publish","4":"has-post-thumbnail","6":"product_brand-ulpmat","7":"product_cat-legierung-sputtering-target","8":"product_tag-titan-tantal-zirkonium-hafnium-aluminium-sputtering-target","10":"first","11":"instock","12":"shipping-taxable","13":"product-type-variable"},"acf":[],"_links":{"self":[{"href":"https:\/\/ulpmat.com\/de\/wp-json\/wp\/v2\/product\/42921","targetHints":{"allow":["GET"]}}],"collection":[{"href":"https:\/\/ulpmat.com\/de\/wp-json\/wp\/v2\/product"}],"about":[{"href":"https:\/\/ulpmat.com\/de\/wp-json\/wp\/v2\/types\/product"}],"wp:featuredmedia":[{"embeddable":true,"href":"https:\/\/ulpmat.com\/de\/wp-json\/wp\/v2\/media\/42922"}],"wp:attachment":[{"href":"https:\/\/ulpmat.com\/de\/wp-json\/wp\/v2\/media?parent=42921"}],"wp:term":[{"taxonomy":"product_brand","embeddable":true,"href":"https:\/\/ulpmat.com\/de\/wp-json\/wp\/v2\/product_brand?post=42921"},{"taxonomy":"product_cat","embeddable":true,"href":"https:\/\/ulpmat.com\/de\/wp-json\/wp\/v2\/product_cat?post=42921"},{"taxonomy":"product_tag","embeddable":true,"href":"https:\/\/ulpmat.com\/de\/wp-json\/wp\/v2\/product_tag?post=42921"}],"curies":[{"name":"wp","href":"https:\/\/api.w.org\/{rel}","templated":true}]}}