{"id":40382,"date":"2025-12-29T16:47:27","date_gmt":"2025-12-29T08:47:27","guid":{"rendered":"https:\/\/ulpmat.com\/product\/s590-sphaerischer-schnellarbeitsstahl\/"},"modified":"2025-12-29T16:47:27","modified_gmt":"2025-12-29T08:47:27","slug":"s590-sphaerischer-schnellarbeitsstahl","status":"publish","type":"product","link":"https:\/\/ulpmat.com\/de\/produkt\/s590-sphaerischer-schnellarbeitsstahl\/","title":{"rendered":"S590 Sph\u00e4rischer Schnellarbeitsstahl"},"content":{"rendered":"<h2><span style=\"font-size: 14pt;\">S590 Hochgeschwindigkeitsstahl-Kugelmaterial \u2013 \u00dcbersicht<\/span><\/h2>\n<p><strong><span style=\"color: #0000ff;\"><a style=\"color: #0000ff;\" href=\"https:\/\/ulpmat.com\/de\/search\/?type=name&#038;keyword=S590\">S590<\/a><\/span><\/strong><br \/>\nHochgeschwindigkeitsstahl<strong><span style=\"color: #0000ff;\"><a style=\"color: #0000ff;\" href=\"https:\/\/ulpmat.com\/de\/anwendung\/3d-druck\/\">-Kugelmaterial<\/a><\/span><\/strong><br \/>\nist ein hochlegierter Hochgeschwindigkeitsstahlwerkstoff. Durch einen Sph\u00e4roidisierungsprozess werden hohe H\u00e4rte, Verschlei\u00dffestigkeit und gute Formbarkeit in Einklang gebracht, wodurch sich dieser Werkstoff f\u00fcr die Herstellung von Hochleistungsteilen eignet.<\/p>\n<p>Wir bieten sph\u00e4rische Pulverwerkstoffe mit unterschiedlichen Partikelgr\u00f6\u00dfenbereichen und Chargenkontrolloptionen an. Wir unterst\u00fctzen Sie bei der Projektkommunikation und der Musterbewertung. Bitte <strong><span style=\"color: #0000ff;\"><a style=\"color: #0000ff;\" href=\"https:\/\/ulpmat.com\/de\/kontakt-us\/\">kontaktieren Sie uns<\/a><\/span><\/strong><br \/>\nf\u00fcr technische Informationen und Anwendungsvorschl\u00e4ge.<\/p>\n<h2><span style=\"font-size: 14pt;\">Produkt-Highlights<\/span><\/h2>\n<p>Hohe Sph\u00e4rizit\u00e4t und gute Flie\u00dff\u00e4higkeit<\/p>\n<p>Ausgezeichnete H\u00e4rte und Verschlei\u00dffestigkeit<\/p>\n<p>Hohe Formbarkeitsstabilit\u00e4t<\/p>\n<p>Unterst\u00fctzt kundenspezifische Anforderungen<\/p>\n<p>Kleine Chargen und Projektlieferungen<\/p>\n<p>Langfristig stabile Lieferung<\/p>\n<h2><span style=\"font-size: 14pt;\">Anwendungen von sph\u00e4rischem S590-Hochgeschwindigkeitsstahlpulver<\/span><\/h2>\n<p><strong>Additive Fertigung:<\/strong><br \/>\nDieses sph\u00e4rische Pulver eignet sich f\u00fcr additive Fertigungsverfahren mit Metall und erf\u00fcllt die Fertigungsanforderungen f\u00fcr hochpr\u00e4zise Formteile und komplexe Strukturteile.<\/p>\n<p><strong>Pulvermetallurgische Teile:<\/strong><br \/>\nIn pulvermetallurgischen Umformprozessen tr\u00e4gt es zur Verbesserung der Dichte und der Konsistenz des Endprodukts bei und eignet sich daher f\u00fcr Hochleistungswerkzeugteile.<\/p>\n<p><strong>Hochverschlei\u00dffeste Werkzeugmaterialien:<\/strong><br \/>\nWird h\u00e4ufig bei der Herstellung von Werkzeugen und Funktionskomponenten f\u00fcr verschlei\u00dffeste, hochbelastete Bedingungen verwendet und erf\u00fcllt die Anforderungen f\u00fcr einen langfristig stabilen Einsatz.<\/p>\n<h2><span style=\"font-size: 14pt;\">H\u00e4ufig gestellte Fragen<\/span><\/h2>\n<p><strong>F1: F\u00fcr welchen Formgebungsprozess eignet sich das kugelf\u00f6rmige Pulver S590 Spherical High Speed Steel am besten?<\/strong><br \/>\nA1: Es wird h\u00e4ufig in additiven Fertigungs- und pulvermetallurgischen Prozessen verwendet. Die konkrete Auswahl h\u00e4ngt von den Anlagen- und Prozessbedingungen ab.<\/p>\n<p><strong>F2: Sind verschiedene Partikelgr\u00f6\u00dfen verf\u00fcgbar?<\/strong><br \/>\nA2: Ja, es sind mehrere Partikelgr\u00f6\u00dfenbereiche verf\u00fcgbar, um den Anwendungsanforderungen gerecht zu werden.<\/p>\n<p><strong>F3: Welche Vorsichtsma\u00dfnahmen sollten bei der Lagerung und dem Transport des Pulvers getroffen werden?<\/strong><br \/>\nA3: Eine versiegelte Verpackung wird empfohlen. Lagern Sie das<\/p>\n<p><strong><\/strong><br \/>\nPulver in einer trockenen Umgebung, um Feuchtigkeit und Verunreinigungen zu vermeiden.<\/p>\n<p><strong>F4: Wie verbessert das sph\u00e4rische Pulver aus S590-Hochgeschwindigkeitsstahl die Leistung von Bauteilen?<\/strong><br \/>\nA4: Dieses sph\u00e4rische Pulver tr\u00e4gt dazu bei, eine gleichm\u00e4\u00dfige, hochdichte Formstruktur zu erzielen, wodurch die Verschlei\u00dffestigkeit, Festigkeitsstabilit\u00e4t und Lebensdauer von Bauteilen verbessert wird, sodass es f\u00fcr Anwendungen mit hoher Belastung geeignet ist.<\/p>\n<h2><span style=\"font-size: 14pt;\">Berichte<\/span><\/h2>\n<p>Jede Charge wird mit folgenden Dokumenten geliefert:<\/p>\n<p>Analysezertifikat (COA)<\/p>\n<p>Technisches Datenblatt (TDS)<\/p>\n<p>Sicherheitsdatenblatt (MSDS)<\/p>\n<p>Pr\u00fcfberichte von Drittanbietern sind auf Anfrage erh\u00e4ltlich<\/p>\n<h2><span style=\"font-size: 14pt;\">. Warum sollten Sie sich f\u00fcr uns entscheiden?<\/span><\/h2>\n<p>Wir konzentrieren uns auf eine stabile Lieferung und technische Unterst\u00fctzung von hochleistungsf\u00e4higen Metallpulvermaterialien. Wir verf\u00fcgen \u00fcber ein ausgereiftes Qualit\u00e4tsmanagementsystem und flexible Anpassungsm\u00f6glichkeiten, sodass wir unseren Kunden zuverl\u00e4ssige, r\u00fcckverfolgbare Pulverl\u00f6sungen anbieten k\u00f6nnen, die sowohl f\u00fcr die Forschung als auch f\u00fcr die Industrialisierung geeignet sind und einen effizienten Projektfortschritt erm\u00f6glichen.<\/p>\n","protected":false},"excerpt":{"rendered":"<p>S590 Hochgeschwindigkeitsstahl-Kugelmaterial \u2013 \u00dcbersicht S590 Hochgeschwindigkeitsstahl-Kugelmaterial ist ein hochlegierter Hochgeschwindigkeitsstahlwerkstoff. Durch einen Sph\u00e4roidisierungsprozess werden hohe H\u00e4rte, Verschlei\u00dffestigkeit und gute Formbarkeit in Einklang gebracht, wodurch sich dieser Werkstoff f\u00fcr die Herstellung von Hochleistungsteilen eignet. Wir bieten sph\u00e4rische Pulverwerkstoffe mit unterschiedlichen Partikelgr\u00f6\u00dfenbereichen und Chargenkontrolloptionen an. Wir unterst\u00fctzen Sie bei der Projektkommunikation und der Musterbewertung. Bitte kontaktieren Sie [&hellip;]<\/p>\n","protected":false},"featured_media":40834,"template":"","meta":{"_acf_changed":false},"product_brand":[],"product_cat":[1143],"product_tag":[4933],"class_list":{"0":"post-40382","1":"product","2":"type-product","3":"status-publish","4":"has-post-thumbnail","6":"product_cat-3d-druck-von-kugelformigem-pulver","7":"product_tag-s590-spharischer-schnellarbeitsstahl-spharisches-pulver","9":"first","10":"instock","11":"shipping-taxable","12":"product-type-variable"},"acf":[],"_links":{"self":[{"href":"https:\/\/ulpmat.com\/de\/wp-json\/wp\/v2\/product\/40382","targetHints":{"allow":["GET"]}}],"collection":[{"href":"https:\/\/ulpmat.com\/de\/wp-json\/wp\/v2\/product"}],"about":[{"href":"https:\/\/ulpmat.com\/de\/wp-json\/wp\/v2\/types\/product"}],"wp:featuredmedia":[{"embeddable":true,"href":"https:\/\/ulpmat.com\/de\/wp-json\/wp\/v2\/media\/40834"}],"wp:attachment":[{"href":"https:\/\/ulpmat.com\/de\/wp-json\/wp\/v2\/media?parent=40382"}],"wp:term":[{"taxonomy":"product_brand","embeddable":true,"href":"https:\/\/ulpmat.com\/de\/wp-json\/wp\/v2\/product_brand?post=40382"},{"taxonomy":"product_cat","embeddable":true,"href":"https:\/\/ulpmat.com\/de\/wp-json\/wp\/v2\/product_cat?post=40382"},{"taxonomy":"product_tag","embeddable":true,"href":"https:\/\/ulpmat.com\/de\/wp-json\/wp\/v2\/product_tag?post=40382"}],"curies":[{"name":"wp","href":"https:\/\/api.w.org\/{rel}","templated":true}]}}