{"id":40351,"date":"2025-12-29T16:47:27","date_gmt":"2025-12-29T08:47:27","guid":{"rendered":"https:\/\/ulpmat.com\/product\/kobalt-chrom-molybdaen-legierung-stellite21\/"},"modified":"2025-12-29T16:47:27","modified_gmt":"2025-12-29T08:47:27","slug":"kobalt-chrom-molybdaen-legierung-stellite21","status":"publish","type":"product","link":"https:\/\/ulpmat.com\/de\/produkt\/kobalt-chrom-molybdaen-legierung-stellite21\/","title":{"rendered":"Kobalt-Chrom-Molybd\u00e4n-Legierung (Stellite21)"},"content":{"rendered":"<h2><span style=\"font-size: 14pt;\">Stellite21 Kobaltlegierungspulver \u2013 \u00dcbersicht<\/span><\/h2>\n<p><strong><span style=\"color: #0000ff;\"><a style=\"color: #0000ff;\" href=\"https:\/\/ulpmat.com\/de\/search\/?type=name&#038;keyword=Cobalt+Chromium+Molybdenum\">Kobalt-Chrom-Molybd\u00e4n<\/a><\/span><\/strong><br \/>\n-Legierungspulver (Stellite21) ist ein Hochleistungswerkstoff auf Kobaltbasis, der sich durch Verschlei\u00dffestigkeit, Korrosionsbest\u00e4ndigkeit und Hochtemperaturstabilit\u00e4t auszeichnet. Es eignet sich f\u00fcr Funktionswerkstoffe und oberfl\u00e4chentechnische Anwendungen unter anspruchsvollen Bedingungen.<\/p>\n<p>Wir k\u00f6nnen Pulverwerkstoffe mit unterschiedlichen Partikelgr\u00f6\u00dfen und Chargenkontrollschemata entsprechend den Anwendungsszenarien liefern und unterst\u00fctzen Sie bei der technischen Kommunikation und Musterbewertung. Bitte <strong><span style=\"color: #0000ff;\"><a style=\"color: #0000ff;\" href=\"https:\/\/ulpmat.com\/de\/kontakt-us\/\">kontaktieren Sie uns<\/a><\/span><\/strong><br \/>\nf\u00fcr detaillierte Informationen.<\/p>\n<h2><span style=\"font-size: 14pt;\">Produkt-Highlights<\/span><\/h2>\n<p>Stabile Hochtemperaturleistung<\/p>\n<p>Hervorragende Verschlei\u00dffestigkeit<\/p>\n<p>Zuverl\u00e4ssige Korrosionsbest\u00e4ndigkeit<\/p>\n<p>Gleichm\u00e4\u00dfige Partikelmorphologie<\/p>\n<p>Mehrere Partikelgr\u00f6\u00dfenbereiche verf\u00fcgbar<\/p>\n<p>Unterst\u00fctzung bei der Anpassung<\/p>\n<p>Langfristige Liefergarantie<\/p>\n<h2><span style=\"font-size: 14pt;\">Anwendungen von Kobalt-Chrom-Molybd\u00e4n-Legierung (Stellite21) Pulver<\/span><\/h2>\n<p><strong>Oberfl\u00e4chentechnik und verschlei\u00dffeste Beschichtungen:<\/strong><br \/>\nDieses Pulver wird h\u00e4ufig in verschlei\u00dffesten Beschichtungen und zur Oberfl\u00e4chenverfestigung eingesetzt und verbessert die Lebensdauer von Bauteilen unter komplexen Betriebsbedingungen erheblich.<\/p>\n<p><strong>Reparatur von Hochtemperatur-Strukturkomponenten:<\/strong><br \/>\nGeeignet f\u00fcr die Reparatur und Wiederaufarbeitung von Bauteilen, die in Hochtemperaturumgebungen betrieben werden, und tr\u00e4gt zur Wiederherstellung der kritischen Strukturleistung bei.<\/p>\n<p><strong>Energie- und Chemieanlagen:<\/strong><br \/>\nForschung zu Materialanwendungen in Energie- und Chemieanlagen, insbesondere solchen, die mit korrosiven Medien und thermischen Schockumgebungen zu tun haben.<\/p>\n<h2><span style=\"font-size: 14pt;\">H\u00e4ufig gestellte Fragen<\/span><\/h2>\n<p><strong>F1: Welche Verarbeitungsmethoden eignen sich am besten f\u00fcr dieses Pulver?<\/strong><br \/>\nA1: H\u00e4ufig verwendet in Oberfl\u00e4chenbeschichtungen, Schwei\u00dfarbeiten und verwandten Verfahren. Spezifische Methoden k\u00f6nnen je nach Ausstattungsbedingungen ausgew\u00e4hlt werden.<\/p>\n<p><strong>F2: K\u00f6nnen Sie verschiedene Partikelgr\u00f6\u00dfenanforderungen erf\u00fcllen?<\/strong><br \/>\nA2: Ja, wir unterst\u00fctzen mehrere Partikelgr\u00f6\u00dfenbereiche, um den Anwendungsanforderungen gerecht zu werden.<\/p>\n<p><strong>F3: Welche Vorsichtsma\u00dfnahmen sollten bei der Lagerung des Produkts getroffen werden?<\/strong><br \/>\nA3: Es wird empfohlen, es in einer versiegelten, trockenen Umgebung zu lagern, um Feuchtigkeit und Oxidation zu vermeiden.<\/p>\n<p><strong>F4: K\u00f6nnen Sie eine stabile, langfristige Lieferung gew\u00e4hrleisten?<\/strong><br \/>\nA4: Ja, wir unterst\u00fctzen projektbasierte und langfristige Kooperationsmodelle f\u00fcr die Lieferung.<\/p>\n<h2><span style=\"font-size: 14pt;\">Berichte<\/span><\/h2>\n<p>Jede Charge wird mit folgenden Unterlagen geliefert:<\/p>\n<p>Analysezertifikat (COA)<\/p>\n<p>Technisches Datenblatt (TDS)<\/p>\n<p>Sicherheitsdatenblatt (MSDS)<\/p>\n<p>Pr\u00fcfberichte von Drittanbietern sind auf Anfrage erh\u00e4ltlich<\/p>\n<h2><span style=\"font-size: 14pt;\">. Warum sollten Sie sich f\u00fcr uns entscheiden?<\/span><\/h2>\n<p>Wir konzentrieren uns seit langem auf die stabile Herstellung und Lieferung von <strong>hochleistungsf\u00e4higen Legierungspulvermaterialien<\/strong><br \/>\n. Mit einem umfassenden Qualit\u00e4tskontrollsystem und flexiblen Anpassungsm\u00f6glichkeiten k\u00f6nnen wir unseren Kunden zuverl\u00e4ssige, r\u00fcckverfolgbare und f\u00fcr eine langfristige Zusammenarbeit geeignete Materiall\u00f6sungen anbieten, damit Projekte auch unter komplexen Arbeitsbedingungen reibungslos ablaufen k\u00f6nnen.<\/p>\n","protected":false},"excerpt":{"rendered":"<p>Stellite21 Kobaltlegierungspulver \u2013 \u00dcbersicht Kobalt-Chrom-Molybd\u00e4n -Legierungspulver (Stellite21) ist ein Hochleistungswerkstoff auf Kobaltbasis, der sich durch Verschlei\u00dffestigkeit, Korrosionsbest\u00e4ndigkeit und Hochtemperaturstabilit\u00e4t auszeichnet. Es eignet sich f\u00fcr Funktionswerkstoffe und oberfl\u00e4chentechnische Anwendungen unter anspruchsvollen Bedingungen. Wir k\u00f6nnen Pulverwerkstoffe mit unterschiedlichen Partikelgr\u00f6\u00dfen und Chargenkontrollschemata entsprechend den Anwendungsszenarien liefern und unterst\u00fctzen Sie bei der technischen Kommunikation und Musterbewertung. Bitte kontaktieren Sie [&hellip;]<\/p>\n","protected":false},"featured_media":40352,"template":"","meta":{"_acf_changed":false},"product_brand":[],"product_cat":[1143],"product_tag":[],"class_list":{"0":"post-40351","1":"product","2":"type-product","3":"status-publish","4":"has-post-thumbnail","6":"product_cat-3d-druck-von-kugelformigem-pulver","8":"first","9":"instock","10":"shipping-taxable","11":"product-type-variable"},"acf":[],"_links":{"self":[{"href":"https:\/\/ulpmat.com\/de\/wp-json\/wp\/v2\/product\/40351","targetHints":{"allow":["GET"]}}],"collection":[{"href":"https:\/\/ulpmat.com\/de\/wp-json\/wp\/v2\/product"}],"about":[{"href":"https:\/\/ulpmat.com\/de\/wp-json\/wp\/v2\/types\/product"}],"wp:featuredmedia":[{"embeddable":true,"href":"https:\/\/ulpmat.com\/de\/wp-json\/wp\/v2\/media\/40352"}],"wp:attachment":[{"href":"https:\/\/ulpmat.com\/de\/wp-json\/wp\/v2\/media?parent=40351"}],"wp:term":[{"taxonomy":"product_brand","embeddable":true,"href":"https:\/\/ulpmat.com\/de\/wp-json\/wp\/v2\/product_brand?post=40351"},{"taxonomy":"product_cat","embeddable":true,"href":"https:\/\/ulpmat.com\/de\/wp-json\/wp\/v2\/product_cat?post=40351"},{"taxonomy":"product_tag","embeddable":true,"href":"https:\/\/ulpmat.com\/de\/wp-json\/wp\/v2\/product_tag?post=40351"}],"curies":[{"name":"wp","href":"https:\/\/api.w.org\/{rel}","templated":true}]}}