{"id":40302,"date":"2025-12-29T16:47:28","date_gmt":"2025-12-29T08:47:28","guid":{"rendered":"https:\/\/ulpmat.com\/product\/s390-sphaerischer-schnellarbeitsstahl\/"},"modified":"2025-12-29T16:47:28","modified_gmt":"2025-12-29T08:47:28","slug":"s390-sphaerischer-schnellarbeitsstahl","status":"publish","type":"product","link":"https:\/\/ulpmat.com\/de\/produkt\/s390-sphaerischer-schnellarbeitsstahl\/","title":{"rendered":"S390 Sph\u00e4rischer Schnellarbeitsstahl"},"content":{"rendered":"<h2><span style=\"font-size: 14pt;\">S390 Sph\u00e4risches Schnellarbeitsstahlpulver \u00dcbersicht<\/span><\/h2>\n<p><strong><span style=\"color: #0000ff;\"><a style=\"color: #0000ff;\" href=\"https:\/\/ulpmat.com\/de\/search\/?type=name&#038;keyword=S390\">S390<\/a><\/span><\/strong><br \/>\nSph\u00e4risches Schnellarbeitsstahlpulver ist ein hochlegiertes <span style=\"color: #0000ff;\"><strong><a style=\"color: #0000ff;\" href=\"https:\/\/ulpmat.com\/de\/anwendung\/3d-druck\/\">sph\u00e4risches<\/a><\/strong><\/span><br \/>\nPulvermaterial aus Schnellarbeitsstahl, das hohe H\u00e4rte, ausgezeichnete Verschlei\u00dffestigkeit und gute Formbarkeit vereint und sich daher f\u00fcr die Herstellung von Hochleistungsteilen eignet.<\/p>\n<p>Wir bieten sph\u00e4rische Pulverl\u00f6sungen mit unterschiedlichen Partikelgr\u00f6\u00dfenbereichen und Chargenkonsistenzsteuerung an. Wir unterst\u00fctzen Sie bei der technischen Kommunikation und der Bewertung von Mustern. Bitte <span style=\"color: #0000ff;\"><strong><a style=\"color: #0000ff;\" href=\"https:\/\/ulpmat.com\/de\/kontakt-us\/\">kontaktieren Sie uns<\/a><\/strong><\/span><br \/>\nf\u00fcr detaillierte Informationen.<\/p>\n<h2><span style=\"font-size: 14pt;\">Produkt-Highlights<\/span><\/h2>\n<p>Sph\u00e4rische Partikel, gute Flie\u00dff\u00e4higkeit<\/p>\n<p>Hervorragende H\u00e4rte und Verschlei\u00dffestigkeit<\/p>\n<p>Hohe Formstabilit\u00e4t<\/p>\n<p>Unterst\u00fctzung bei der Anpassung<\/p>\n<p>Kontrollierbarer Lieferzyklus<\/p>\n<p>Kundendienst und technischer Support<\/p>\n<p>Langfristig stabile Lieferung<\/p>\n<h2><span style=\"font-size: 14pt;\">Anwendungen von S390 Sph\u00e4risches Schnellarbeitsstahlpulver<\/span><\/h2>\n<p><strong>3D-Druck:<\/strong><br \/>\nWird in additiven Fertigungsverfahren f\u00fcr Metalle verwendet und tr\u00e4gt zur stabilen Formgebung von hochdichten und komplexen Strukturteilen bei.<\/p>\n<p><strong>Pulvermetallurgische Teile:<\/strong><br \/>\nIn pulvermetallurgischen Formgebungsprozessen kann es die Konsistenz des Pressens und Sinterns verbessern und erf\u00fcllt die Anforderungen an hochfeste und hochverschlei\u00dffeste Teile.<\/p>\n<p><strong>Hochverschlei\u00dffestes Werkzeugmaterial:<\/strong><br \/>\nGeeignet f\u00fcr die Herstellung von Werkzeugen und Funktionsteilen unter hoher Belastung und hohem Verschlei\u00df, wodurch die Lebensdauer verl\u00e4ngert wird.<\/p>\n<h2><span style=\"font-size: 14pt;\">H\u00e4ufig gestellte Fragen<\/span><\/h2>\n<p><strong>F1: Was sind die Vorteile von S390 sph\u00e4rischem Schnellarbeitsstahlpulver gegen\u00fcber gew\u00f6hnlichem unregelm\u00e4\u00dfigem Pulver?<\/strong><br \/>\nA1: Sph\u00e4rische Partikel haben eine bessere Flie\u00dff\u00e4higkeit und F\u00fcllbarkeit, was zur Verbesserung der Formstabilit\u00e4t und der Enddichte beitr\u00e4gt.<\/p>\n<p><strong>F2: Kann der Partikelgr\u00f6\u00dfenbereich entsprechend den Anforderungen der Ausr\u00fcstung ausgew\u00e4hlt werden?<\/strong><br \/>\nA2: Ja, wir k\u00f6nnen je nach den spezifischen Prozess- und Ausr\u00fcstungsanforderungen verschiedene Partikelgr\u00f6\u00dfenbereiche anbieten.<\/p>\n<p><strong>F3: Welche Vorsichtsma\u00dfnahmen sind beim Transport und bei der Lagerung des Pulvers zu beachten?<\/strong><br \/>\nA3: Es wird empfohlen, die Verpackung zu versiegeln, um Feuchtigkeit und Verunreinigungen zu vermeiden, und sie in einer trockenen Umgebung zu lagern.<\/p>\n<h2><span style=\"font-size: 14pt;\">Berichte<\/span><\/h2>\n<p>Jede Charge wird geliefert mit:<\/p>\n<p>Analysezertifikat (COA)<\/p>\n<p>Technisches Datenblatt (TDS)<\/p>\n<p>Sicherheitsdatenblatt (MSDS)<\/p>\n<p>Pr\u00fcfberichte von Drittanbietern auf Anfrage erh\u00e4ltlich<\/p>\n<h2><span style=\"font-size: 14pt;\">Warum sollten Sie sich f\u00fcr uns entscheiden?<\/span><\/h2>\n<p>Wir sind auf die stabile Herstellung und Lieferung von <strong>hochleistungsf\u00e4higem sph\u00e4rischem Pulver aus Schnellarbeitsstahl<\/strong><br \/>\nspezialisiert. Wir verf\u00fcgen \u00fcber ein umfassendes Qualit\u00e4tsmanagementsystem und flexible Anpassungsm\u00f6glichkeiten, sodass wir unseren Kunden zuverl\u00e4ssige, r\u00fcckverfolgbare und geeignete Materiall\u00f6sungen f\u00fcr wissenschaftliche Forschung und gro\u00dftechnische Anwendungen bieten k\u00f6nnen, die zur effizienten Umsetzung von Projekten beitragen.<\/p>\n","protected":false},"excerpt":{"rendered":"<p>S390 Sph\u00e4risches Schnellarbeitsstahlpulver \u00dcbersicht S390 Sph\u00e4risches Schnellarbeitsstahlpulver ist ein hochlegiertes sph\u00e4risches Pulvermaterial aus Schnellarbeitsstahl, das hohe H\u00e4rte, ausgezeichnete Verschlei\u00dffestigkeit und gute Formbarkeit vereint und sich daher f\u00fcr die Herstellung von Hochleistungsteilen eignet. Wir bieten sph\u00e4rische Pulverl\u00f6sungen mit unterschiedlichen Partikelgr\u00f6\u00dfenbereichen und Chargenkonsistenzsteuerung an. Wir unterst\u00fctzen Sie bei der technischen Kommunikation und der Bewertung von Mustern. Bitte [&hellip;]<\/p>\n","protected":false},"featured_media":40303,"template":"","meta":{"_acf_changed":false},"product_brand":[],"product_cat":[1143],"product_tag":[4915],"class_list":{"0":"post-40302","1":"product","2":"type-product","3":"status-publish","4":"has-post-thumbnail","6":"product_cat-3d-druck-von-kugelformigem-pulver","7":"product_tag-s390-spharischer-schnellarbeitsstahl-spharisches-pulver","9":"first","10":"instock","11":"shipping-taxable","12":"product-type-variable"},"acf":[],"_links":{"self":[{"href":"https:\/\/ulpmat.com\/de\/wp-json\/wp\/v2\/product\/40302","targetHints":{"allow":["GET"]}}],"collection":[{"href":"https:\/\/ulpmat.com\/de\/wp-json\/wp\/v2\/product"}],"about":[{"href":"https:\/\/ulpmat.com\/de\/wp-json\/wp\/v2\/types\/product"}],"wp:featuredmedia":[{"embeddable":true,"href":"https:\/\/ulpmat.com\/de\/wp-json\/wp\/v2\/media\/40303"}],"wp:attachment":[{"href":"https:\/\/ulpmat.com\/de\/wp-json\/wp\/v2\/media?parent=40302"}],"wp:term":[{"taxonomy":"product_brand","embeddable":true,"href":"https:\/\/ulpmat.com\/de\/wp-json\/wp\/v2\/product_brand?post=40302"},{"taxonomy":"product_cat","embeddable":true,"href":"https:\/\/ulpmat.com\/de\/wp-json\/wp\/v2\/product_cat?post=40302"},{"taxonomy":"product_tag","embeddable":true,"href":"https:\/\/ulpmat.com\/de\/wp-json\/wp\/v2\/product_tag?post=40302"}],"curies":[{"name":"wp","href":"https:\/\/api.w.org\/{rel}","templated":true}]}}