{"id":40278,"date":"2025-12-29T16:47:29","date_gmt":"2025-12-29T08:47:29","guid":{"rendered":"https:\/\/ulpmat.com\/product\/kobaltkarbonat\/"},"modified":"2025-12-29T16:47:29","modified_gmt":"2025-12-29T08:47:29","slug":"kobaltkarbonat","status":"publish","type":"product","link":"https:\/\/ulpmat.com\/de\/produkt\/kobaltkarbonat\/","title":{"rendered":"Kobaltkarbonat"},"content":{"rendered":"<h2><span style=\"font-size: 14pt;\">\u00dcbersicht \u00fcber Kobaltcarbonatpulver<\/span><\/h2>\n<p><strong><span style=\"color: #0000ff;\">Kobaltcarbon<\/span><\/strong><br \/>\natpulver ist ein wichtiger Vorl\u00e4ufer f\u00fcr Kobaltverbindungen, der h\u00e4ufig in Batteriematerialien, Katalysatoren und bei der Herstellung von Hochleistungskeramiken verwendet wird.<\/p>\n<p>Wir bieten Kobaltcarbonatpulver in verschiedenen Partikelgr\u00f6\u00dfen und Reinheitsgraden an und unterst\u00fctzen Sie bei der technischen Kommunikation und der Pr\u00fcfung von Mustern. F\u00fcr weitere Informationen <span style=\"color: #0000ff;\"><strong><a style=\"color: #0000ff;\" href=\"https:\/\/ulpmat.com\/de\/kontakt-us\/\">wenden Sie sich<\/a><\/strong><\/span><br \/>\nbitte <span style=\"color: #0000ff;\"><strong><a style=\"color: #0000ff;\" href=\"https:\/\/ulpmat.com\/de\/kontakt-us\/\">an uns<\/a><\/strong><\/span><br \/>\n.<\/p>\n<h2><span style=\"font-size: 14pt;\">Produkt-Highlights<\/span><\/h2>\n<p>Stabile chemische Zusammensetzung<\/p>\n<p>Leicht l\u00f6slich in S\u00e4uren<\/p>\n<p>Gute thermische Zersetzungsleistung<\/p>\n<p>Anpassbare Partikelgr\u00f6\u00dfe und Reinheit verf\u00fcgbar<\/p>\n<p>Strenge Kontrolle der Chargenkonsistenz<\/p>\n<p>Geeignet f\u00fcr F&amp;E-Experimente<\/p>\n<p>Langfristig stabile Lieferung<\/p>\n<h2><span style=\"font-size: 14pt;\">Anwendungen von Kobaltcarbonatpulver<\/span><\/h2>\n<p><strong>Herstellung von Batteriematerialien:<\/strong><br \/>\nAls Vorl\u00e4ufer f\u00fcr Lithium-Ionen- und Nickel-Metallhydrid-Batterien kann es zur Herstellung von Hochleistungskathodenmaterialien verwendet werden, wodurch die Zyklusleistung der Batterien verbessert wird.<\/p>\n<p><strong>Herstellung von Katalysatoren:<\/strong><br \/>\nKann zur Herstellung verschiedener Katalysatorvorl\u00e4ufer verwendet werden, um eine gleichm\u00e4\u00dfige Verteilung der aktiven Komponenten und die katalytische Effizienz sicherzustellen.<\/p>\n<p><strong>Hochleistungskeramikmaterialien:<\/strong><br \/>\nWird bei der Synthese von Kobaltkeramik oder Funktionskeramik verwendet, um die H\u00e4rte, Verschlei\u00dffestigkeit und thermische Stabilit\u00e4t der Materialien zu verbessern.<\/p>\n<h2><span style=\"font-size: 14pt;\">H\u00e4ufig gestellte Fragen<\/span><\/h2>\n<p><strong>F1: Ist Kobaltcarbonatpulver leicht l\u00f6slich?<\/strong><br \/>\nA1: Ja, dieses Pulver ist in sauren Medien leicht l\u00f6slich, was die Herstellung von Kobaltsalzl\u00f6sungen oder nachfolgende Reaktionen erleichtert.<\/p>\n<p><strong>F2: Beeinflusst die Partikelgr\u00f6\u00dfe des Pulvers die sp\u00e4teren Materialeigenschaften?<\/strong><br \/>\nA2: Ja, die Partikelgr\u00f6\u00dfenuniformit\u00e4t wirkt sich direkt auf die Dispergierbarkeit und Aktivit\u00e4t des Materials aus. Es wird empfohlen, eine geeignete Partikelgr\u00f6\u00dfe entsprechend dem Prozess auszuw\u00e4hlen.<\/p>\n<p><strong>F3: K\u00f6nnen Sie Pulver mit unterschiedlichen Reinheitsgraden liefern?<\/strong><br \/>\nA3: Ja, wir k\u00f6nnen je nach Kundenwunsch hochreine oder spezifische Reinheitsgrade des Pulvers liefern.<\/p>\n<p><strong>F4: Welche Vorsichtsma\u00dfnahmen sollten bei der Lagerung des Pulvers getroffen werden?<\/strong><br \/>\nA4: Es wird empfohlen, das Pulver in einem verschlossenen Beh\u00e4lter in einer trockenen Umgebung zu lagern und Feuchtigkeit und l\u00e4ngere Einwirkung von Luft zu vermeiden, um die Aktivit\u00e4t des Pulvers zu erhalten.<\/p>\n<h2><span style=\"font-size: 14pt;\">Berichte<\/span><\/h2>\n<p>Jede Charge wird geliefert mit:<\/p>\n<p>Analysezertifikat (COA)<\/p>\n<p>Technisches Datenblatt (TDS)<\/p>\n<p>Sicherheitsdatenblatt (MSDS)<\/p>\n<p>Pr\u00fcfberichte von Drittanbietern sind auf Anfrage erh\u00e4ltlich<\/p>\n<h2><span style=\"font-size: 14pt;\">. Warum sollten Sie sich f\u00fcr uns entscheiden?<\/span><\/h2>\n<p>Wir konzentrieren uns seit langem auf die Forschung und Lieferung von <strong>hochwertigen Kobaltverbindungspulvern<\/strong><br \/>\nund verf\u00fcgen \u00fcber ein umfassendes Qualit\u00e4tsmanagementsystem und flexible Anpassungsm\u00f6glichkeiten. Wir k\u00f6nnen unseren Kunden zuverl\u00e4ssige, r\u00fcckverfolgbare Materiall\u00f6sungen anbieten, die f\u00fcr wissenschaftliche Forschung und industrielle Anwendungen geeignet sind und zum effizienten Fortschritt von Projekten beitragen.<\/p>\n","protected":false},"excerpt":{"rendered":"<p>\u00dcbersicht \u00fcber Kobaltcarbonatpulver Kobaltcarbon atpulver ist ein wichtiger Vorl\u00e4ufer f\u00fcr Kobaltverbindungen, der h\u00e4ufig in Batteriematerialien, Katalysatoren und bei der Herstellung von Hochleistungskeramiken verwendet wird. Wir bieten Kobaltcarbonatpulver in verschiedenen Partikelgr\u00f6\u00dfen und Reinheitsgraden an und unterst\u00fctzen Sie bei der technischen Kommunikation und der Pr\u00fcfung von Mustern. F\u00fcr weitere Informationen wenden Sie sich bitte an uns . [&hellip;]<\/p>\n","protected":false},"featured_media":40279,"template":"","meta":{"_acf_changed":false},"product_brand":[],"product_cat":[1185],"product_tag":[4909],"class_list":{"0":"post-40278","1":"product","2":"type-product","3":"status-publish","4":"has-post-thumbnail","6":"product_cat-andere-saeuren","7":"product_tag-kobaltkarbonat-pulver","9":"first","10":"instock","11":"shipping-taxable","12":"product-type-variable"},"acf":[],"_links":{"self":[{"href":"https:\/\/ulpmat.com\/de\/wp-json\/wp\/v2\/product\/40278","targetHints":{"allow":["GET"]}}],"collection":[{"href":"https:\/\/ulpmat.com\/de\/wp-json\/wp\/v2\/product"}],"about":[{"href":"https:\/\/ulpmat.com\/de\/wp-json\/wp\/v2\/types\/product"}],"wp:featuredmedia":[{"embeddable":true,"href":"https:\/\/ulpmat.com\/de\/wp-json\/wp\/v2\/media\/40279"}],"wp:attachment":[{"href":"https:\/\/ulpmat.com\/de\/wp-json\/wp\/v2\/media?parent=40278"}],"wp:term":[{"taxonomy":"product_brand","embeddable":true,"href":"https:\/\/ulpmat.com\/de\/wp-json\/wp\/v2\/product_brand?post=40278"},{"taxonomy":"product_cat","embeddable":true,"href":"https:\/\/ulpmat.com\/de\/wp-json\/wp\/v2\/product_cat?post=40278"},{"taxonomy":"product_tag","embeddable":true,"href":"https:\/\/ulpmat.com\/de\/wp-json\/wp\/v2\/product_tag?post=40278"}],"curies":[{"name":"wp","href":"https:\/\/api.w.org\/{rel}","templated":true}]}}