{"id":40220,"date":"2025-12-29T16:47:29","date_gmt":"2025-12-29T08:47:29","guid":{"rendered":"https:\/\/ulpmat.com\/product\/kobalt-eisen-legierung\/"},"modified":"2025-12-29T16:47:29","modified_gmt":"2025-12-29T08:47:29","slug":"kobalt-eisen-legierung","status":"publish","type":"product","link":"https:\/\/ulpmat.com\/de\/produkt\/kobalt-eisen-legierung\/","title":{"rendered":"Kobalt-Eisen-Legierung"},"content":{"rendered":"<h2><span style=\"font-size: 14pt;\">\u00dcbersicht \u00fcber Sputtertargets aus Kobalt-Eisen-Legierung<\/span><\/h2>\n<p>Sputtertargets<br \/>\n<strong><span style=\"color: #0000ff;\"><a style=\"color: #0000ff;\" href=\"https:\/\/ulpmat.com\/de\/search\/?type=element&#038;keyword=Co%2CFe\">aus Kobalt-Eisen-Legierung<\/a><\/span><\/strong><br \/>\nsind hochleistungsf\u00e4hige Metalllegierungstargets, die hervorragende magnetische Eigenschaften, Verschlei\u00dffestigkeit und strukturelle Stabilit\u00e4t vereinen. Sie werden h\u00e4ufig bei der D\u00fcnnschichtabscheidung und der Herstellung elektronischer Ger\u00e4te eingesetzt.<\/p>\n<p>Wir k\u00f6nnen Sputtertargets aus Kobalt-Eisen-Legierung in verschiedenen Gr\u00f6\u00dfen, Zusammensetzungsverh\u00e4ltnissen und Reinheitsgraden entsprechend den Kundenanforderungen liefern und bieten technische Beratung und Musterbewertung. Bitte <strong><span style=\"color: #0000ff;\"><a style=\"color: #0000ff;\" href=\"https:\/\/ulpmat.com\/de\/kontakt-us\/\">kontaktieren Sie uns<\/a><\/span><\/strong><br \/>\nf\u00fcr weitere Informationen.<\/p>\n<h2><span style=\"font-size: 14pt;\">Produkt-Highlights<\/span><\/h2>\n<p>Hervorragende magnetische Eigenschaften<\/p>\n<p>Hohe Verschlei\u00df- und Korrosionsbest\u00e4ndigkeit<\/p>\n<p>Gute thermische Stabilit\u00e4t<\/p>\n<p>Geeignet f\u00fcr mehrere Sputterprozesse<\/p>\n<p>Flexible Anpassung von Gr\u00f6\u00dfe und Zusammensetzung<\/p>\n<p>Starke Lieferkapazit\u00e4t f\u00fcr Chargen<\/p>\n<p>Kundendienst und technischer Support<\/p>\n<h2><span style=\"font-size: 14pt;\">Anwendungen von Sputtertargets aus Kobalt-Eisen-Legierungen<\/span><\/h2>\n<p><strong>Herstellung magnetischer D\u00fcnnschichten:<\/strong><br \/>\nSputtertargets aus Kobalt-Eisen-Legierungen eignen sich f\u00fcr die Herstellung hochleistungsf\u00e4higer magnetischer D\u00fcnnschichten, die in Sensoren, Speichern und mikroelektronischen Ger\u00e4ten eingesetzt werden k\u00f6nnen.<\/p>\n<p><strong>Herstellung elektronischer Bauteile:<\/strong><br \/>\nDas Sputtertarget aus einer Kobalt-Eisen-Legierung kann f\u00fcr die Abscheidung von Metall-D\u00fcnnschichten in elektronischen Bauteilen verwendet werden und gew\u00e4hrleistet eine stabile und gleichbleibende Ger\u00e4teleistung.<\/p>\n<p><strong>Forschung und Prozessentwicklung:<\/strong><br \/>\nWeit verbreitet in Forschungseinrichtungen und F&amp;E-Abteilungen von Unternehmen f\u00fcr die Erforschung der Leistung magnetischer D\u00fcnnschichtmaterialien und die Optimierung von Prozessparametern.<\/p>\n<p><strong>Energie- und Funktionsger\u00e4te:<\/strong><br \/>\nGeeignet f\u00fcr die Herstellung von Energieger\u00e4ten und Funktionsbeschichtungen, zur Verbesserung der Ger\u00e4teeffizienz und -stabilit\u00e4t.<\/p>\n<h2><span style=\"font-size: 14pt;\">H\u00e4ufig gestellte Fragen<\/span><\/h2>\n<p><strong>F1: F\u00fcr welche Arten von Sputteranlagen ist das Sputtertarget aus einer Kobalt-Eisen-Legierung geeignet?<\/strong><br \/>\nA1: Es kann in g\u00e4ngigen Sputteranlagen wie Magnetron-Sputtern, Gleichstrom-Sputtern und HF-Sputtern verwendet werden. Die spezifischen Targetspezifikationen werden entsprechend der Leistung und Gr\u00f6\u00dfe der Anlage ausgew\u00e4hlt.<\/p>\n<p><strong>F2: Kann die Gr\u00f6\u00dfe des Targets aus einer Kobalt-Eisen-Legierung angepasst werden?<\/strong><br \/>\nA2: Ja, Targets mit unterschiedlichen Durchmessern, Dicken und Formen k\u00f6nnen entsprechend den Anforderungen der Anlage angepasst werden.<\/p>\n<p><strong>F3: Neigen Sputtertargets aus einer Kobalt-Eisen-Legierung zu Rissen oder Porosit\u00e4t?<\/strong><br \/>\nA3: Dieses Produkt wird in einem dichten metallurgischen Verfahren hergestellt, was zu einer hohen Dichte und einer gleichm\u00e4\u00dfigen Struktur f\u00fchrt und das Risiko von Rissen und Porosit\u00e4t wirksam verringert.<\/p>\n<p><strong>F4: Welche Vorsichtsma\u00dfnahmen sollten bei der Lagerung des Targets aus einer Kobalt-Eisen-Legierung getroffen werden?<\/strong><br \/>\nA4: Es wird empfohlen, das Target in einer trockenen, gut bel\u00fcfteten Umgebung zu lagern und Feuchtigkeit, Verunreinigungen und l\u00e4ngere Oxidation zu vermeiden, um die Stabilit\u00e4t der Targetleistung zu gew\u00e4hrleisten.<\/p>\n<h2><span style=\"font-size: 14pt;\">Berichte<\/span><\/h2>\n<p>Jede Charge wird mit folgenden Unterlagen geliefert:<\/p>\n<p>Analysezertifikat (COA)<\/p>\n<p>Technisches Datenblatt (TDS)<\/p>\n<p>Sicherheitsdatenblatt (MSDS)<\/p>\n<p>Gr\u00f6\u00dfenpr\u00fcfbericht<\/p>\n<p>Pr\u00fcfberichte von Drittanbietern sind auf Anfrage erh\u00e4ltlich<\/p>\n<h2><span style=\"font-size: 14pt;\">. Warum sollten Sie sich f\u00fcr uns entscheiden?<\/span><\/h2>\n<p>Wir sind auf die Forschung und Entwicklung sowie die stabile Lieferung von hochleistungsf\u00e4higen Sputtertargets aus einer Kobalt-Eisen-Legierung spezialisiert. Mit einem ausgereiften Qualit\u00e4tsmanagementsystem und flexiblen Anpassungsm\u00f6glichkeiten k\u00f6nnen wir unseren Kunden zuverl\u00e4ssige, r\u00fcckverfolgbare Target-L\u00f6sungen anbieten, die f\u00fcr wissenschaftliche Forschung und industrielle Anwendungen geeignet sind und zum effizienten Fortschritt von Projekten beitragen.<\/p>\n","protected":false},"excerpt":{"rendered":"<p>\u00dcbersicht \u00fcber Sputtertargets aus Kobalt-Eisen-Legierung Sputtertargets aus Kobalt-Eisen-Legierung sind hochleistungsf\u00e4hige Metalllegierungstargets, die hervorragende magnetische Eigenschaften, Verschlei\u00dffestigkeit und strukturelle Stabilit\u00e4t vereinen. Sie werden h\u00e4ufig bei der D\u00fcnnschichtabscheidung und der Herstellung elektronischer Ger\u00e4te eingesetzt. Wir k\u00f6nnen Sputtertargets aus Kobalt-Eisen-Legierung in verschiedenen Gr\u00f6\u00dfen, Zusammensetzungsverh\u00e4ltnissen und Reinheitsgraden entsprechend den Kundenanforderungen liefern und bieten technische Beratung und Musterbewertung. Bitte kontaktieren [&hellip;]<\/p>\n","protected":false},"featured_media":40221,"template":"","meta":{"_acf_changed":false},"product_brand":[],"product_cat":[562],"product_tag":[383,4897],"class_list":{"0":"post-40220","1":"product","2":"type-product","3":"status-publish","4":"has-post-thumbnail","6":"product_cat-legierung-sputtering-target","7":"product_tag-sputtertarget","8":"product_tag-sputtertarget-aus-kobalt-eisen-legierung","10":"first","11":"instock","12":"shipping-taxable","13":"product-type-variable"},"acf":[],"_links":{"self":[{"href":"https:\/\/ulpmat.com\/de\/wp-json\/wp\/v2\/product\/40220","targetHints":{"allow":["GET"]}}],"collection":[{"href":"https:\/\/ulpmat.com\/de\/wp-json\/wp\/v2\/product"}],"about":[{"href":"https:\/\/ulpmat.com\/de\/wp-json\/wp\/v2\/types\/product"}],"wp:featuredmedia":[{"embeddable":true,"href":"https:\/\/ulpmat.com\/de\/wp-json\/wp\/v2\/media\/40221"}],"wp:attachment":[{"href":"https:\/\/ulpmat.com\/de\/wp-json\/wp\/v2\/media?parent=40220"}],"wp:term":[{"taxonomy":"product_brand","embeddable":true,"href":"https:\/\/ulpmat.com\/de\/wp-json\/wp\/v2\/product_brand?post=40220"},{"taxonomy":"product_cat","embeddable":true,"href":"https:\/\/ulpmat.com\/de\/wp-json\/wp\/v2\/product_cat?post=40220"},{"taxonomy":"product_tag","embeddable":true,"href":"https:\/\/ulpmat.com\/de\/wp-json\/wp\/v2\/product_tag?post=40220"}],"curies":[{"name":"wp","href":"https:\/\/api.w.org\/{rel}","templated":true}]}}