{"id":40198,"date":"2025-12-29T16:47:30","date_gmt":"2025-12-29T08:47:30","guid":{"rendered":"https:\/\/ulpmat.com\/product\/kobalt-eisen-oxid-2\/"},"modified":"2025-12-29T16:47:30","modified_gmt":"2025-12-29T08:47:30","slug":"kobalt-eisen-oxid-2","status":"publish","type":"product","link":"https:\/\/ulpmat.com\/de\/produkt\/kobalt-eisen-oxid-2\/","title":{"rendered":"Kobalt-Eisen-Oxid"},"content":{"rendered":"<h2><span style=\"font-size: 14pt;\">\u00dcbersicht \u00fcber Kobalt-Eisenoxid-Pulver<\/span><\/h2>\n<p><span style=\"color: #0000ff;\"><strong><a style=\"color: #0000ff;\" href=\"https:\/\/ulpmat.com\/de\/search\/?type=name&#038;keyword=Cobalt+iron+oxide\">Kobalt-Eisenoxid<\/a><\/strong><\/span><br \/>\n-Pulver ist ein funktionelles Metalloxidmaterial mit ausgezeichneter magnetischer und thermischer Stabilit\u00e4t, das h\u00e4ufig bei der Herstellung von magnetischen Materialien, Katalysatoren und elektronischen Ger\u00e4ten verwendet wird.<\/p>\n<p>Wir bieten <strong>Kobalt-Eisenoxid-Pulver<\/strong><br \/>\nin verschiedenen Partikelgr\u00f6\u00dfen, Reinheiten und Kristallformen an. Wir unterst\u00fctzen Sie bei der Pr\u00fcfung von Mustern und der Prozessberatung. Bitte <span style=\"color: #0000ff;\"><strong><a style=\"color: #0000ff;\" href=\"https:\/\/ulpmat.com\/de\/kontakt-us\/\">kontaktieren Sie uns<\/a><\/strong><\/span><br \/>\nf\u00fcr technische Informationen und Anwendungsvorschl\u00e4ge.<\/p>\n<h2><span style=\"font-size: 14pt;\">Produkt-Highlights<\/span><\/h2>\n<p>Stabile magnetische Eigenschaften<\/p>\n<p>Hervorragende thermische Stabilit\u00e4t<\/p>\n<p>Hohe Korrosionsbest\u00e4ndigkeit und chemische Stabilit\u00e4t<\/p>\n<p>Leicht mit anderen Materialien zu kombinieren<\/p>\n<p>Anpassbare Partikelgr\u00f6\u00dfe und Kristallform<\/p>\n<p>Flexible Lieferzeiten<\/p>\n<p>Geeignet f\u00fcr F&amp;E- und Versuchszwecke<\/p>\n<h2><span style=\"font-size: 14pt;\">Anwendungen von Kobalt-Eisenoxid-Pulver<\/span><\/h2>\n<p><strong>Magnetische Materialien:<\/strong><br \/>\nKobalt-Eisenoxid-Pulver kann zur Herstellung von Hochleistungs-Magnetmaterialien wie Magnetaufzeichnungsger\u00e4ten, Permanentmagneten und Sensoren verwendet werden, um die Stabilit\u00e4t der magnetischen Eigenschaften zu verbessern.<\/p>\n<p><strong>Katalysatorherstellung:<\/strong><br \/>\nAls Katalysator oder Katalysatortr\u00e4ger-Vorl\u00e4ufer sorgt es f\u00fcr eine gleichm\u00e4\u00dfige Verteilung der aktiven Komponenten und verbessert die katalytische Effizienz.<\/p>\n<p><strong>Herstellung elektronischer Bauteile:<\/strong><br \/>\nGeeignet f\u00fcr elektronische Ger\u00e4te und D\u00fcnnschichtabscheidungen, verbessert die Funktionsstabilit\u00e4t und Zuverl\u00e4ssigkeit von Ger\u00e4ten.<\/p>\n<p><strong>Forschung und Prozessentwicklung:<\/strong><br \/>\nWeit verbreitet in Forschungseinrichtungen und F&amp;E-Abteilungen von Unternehmen zur Leistungsbewertung von magnetischen Materialien und zur Optimierung von Prozessparametern.<\/p>\n<h2><span style=\"font-size: 14pt;\">H\u00e4ufig gestellte Fragen<\/span><\/h2>\n<p><strong>F1: Welche magnetischen Eigenschaften hat Kobalt-Eisenoxid-Pulver?<\/strong><br \/>\nA1: Dieses Pulver hat gute magnetische Eigenschaften, die je nach Partikelgr\u00f6\u00dfe und Zusammensetzung angepasst werden k\u00f6nnen, wodurch es f\u00fcr verschiedene magnetische Anwendungen geeignet ist.<\/p>\n<p><strong>F2: Beeinflusst die Partikelgr\u00f6\u00dfe des Pulvers die Materialaktivit\u00e4t?<\/strong><br \/>\nA2: Ja, die Partikelgr\u00f6\u00dfenverteilung wirkt sich direkt auf die Dispergierbarkeit des Materials und seine katalytischen oder magnetischen Eigenschaften aus. Die geeignete Partikelgr\u00f6\u00dfe sollte je nach Anwendung ausgew\u00e4hlt werden.<\/p>\n<p><strong>F3: Kann dieses Pulver in Hochtemperaturprozessen verwendet werden?<\/strong><br \/>\nA3: Ja, dieses Pulver hat eine ausgezeichnete thermische Stabilit\u00e4t und eignet sich f\u00fcr Hochtemperatursinter- und D\u00fcnnschicht-Herstellungsprozesse.<\/p>\n<p><strong>F4: Welche Vorsichtsma\u00dfnahmen sollten bei der Lagerung des Pulvers getroffen werden?<\/strong><br \/>\nA4: Es wird empfohlen, es in einer versiegelten, trockenen und gut bel\u00fcfteten Umgebung zu lagern und Feuchtigkeit und Verunreinigungen zu vermeiden, um die Leistungsstabilit\u00e4t des Pulvers zu gew\u00e4hrleisten.<\/p>\n<h2><span style=\"font-size: 14pt;\">Berichte<\/span><\/h2>\n<p>Jede Charge wird geliefert mit:<\/p>\n<p>Analysezertifikat (COA)<\/p>\n<p>Technisches Datenblatt (TDS)<\/p>\n<p>Sicherheitsdatenblatt (MSDS)<\/p>\n<p>Pr\u00fcfberichte von Drittanbietern sind auf Anfrage erh\u00e4ltlich<\/p>\n<h2><span style=\"font-size: 14pt;\">. Warum sollten Sie sich f\u00fcr uns entscheiden?<\/span><\/h2>\n<p>Wir sind auf die Forschung und die stabile Lieferung von hochleistungsf\u00e4higen Kobalt-Eisenoxid-Pulvern spezialisiert. Mit einem umfassenden Qualit\u00e4tsmanagementsystem und flexiblen Anpassungsm\u00f6glichkeiten k\u00f6nnen wir unseren Kunden zuverl\u00e4ssige, r\u00fcckverfolgbare Materiall\u00f6sungen anbieten, die f\u00fcr wissenschaftliche Forschung und industrielle Anwendungen geeignet sind und zum effizienten Fortschritt von Projekten beitragen.<\/p>\n","protected":false},"excerpt":{"rendered":"<p>\u00dcbersicht \u00fcber Kobalt-Eisenoxid-Pulver Kobalt-Eisenoxid -Pulver ist ein funktionelles Metalloxidmaterial mit ausgezeichneter magnetischer und thermischer Stabilit\u00e4t, das h\u00e4ufig bei der Herstellung von magnetischen Materialien, Katalysatoren und elektronischen Ger\u00e4ten verwendet wird. Wir bieten Kobalt-Eisenoxid-Pulver in verschiedenen Partikelgr\u00f6\u00dfen, Reinheiten und Kristallformen an. Wir unterst\u00fctzen Sie bei der Pr\u00fcfung von Mustern und der Prozessberatung. Bitte kontaktieren Sie uns f\u00fcr [&hellip;]<\/p>\n","protected":false},"featured_media":40827,"template":"","meta":{"_acf_changed":false},"product_brand":[132],"product_cat":[1185],"product_tag":[4891],"class_list":{"0":"post-40198","1":"product","2":"type-product","3":"status-publish","4":"has-post-thumbnail","6":"product_brand-ulpmat","7":"product_cat-andere-saeuren","8":"product_tag-kobalteisenoxid-pulver","10":"first","11":"instock","12":"shipping-taxable","13":"product-type-variable"},"acf":[],"_links":{"self":[{"href":"https:\/\/ulpmat.com\/de\/wp-json\/wp\/v2\/product\/40198","targetHints":{"allow":["GET"]}}],"collection":[{"href":"https:\/\/ulpmat.com\/de\/wp-json\/wp\/v2\/product"}],"about":[{"href":"https:\/\/ulpmat.com\/de\/wp-json\/wp\/v2\/types\/product"}],"wp:featuredmedia":[{"embeddable":true,"href":"https:\/\/ulpmat.com\/de\/wp-json\/wp\/v2\/media\/40827"}],"wp:attachment":[{"href":"https:\/\/ulpmat.com\/de\/wp-json\/wp\/v2\/media?parent=40198"}],"wp:term":[{"taxonomy":"product_brand","embeddable":true,"href":"https:\/\/ulpmat.com\/de\/wp-json\/wp\/v2\/product_brand?post=40198"},{"taxonomy":"product_cat","embeddable":true,"href":"https:\/\/ulpmat.com\/de\/wp-json\/wp\/v2\/product_cat?post=40198"},{"taxonomy":"product_tag","embeddable":true,"href":"https:\/\/ulpmat.com\/de\/wp-json\/wp\/v2\/product_tag?post=40198"}],"curies":[{"name":"wp","href":"https:\/\/api.w.org\/{rel}","templated":true}]}}