{"id":40175,"date":"2025-12-29T16:47:30","date_gmt":"2025-12-29T08:47:30","guid":{"rendered":"https:\/\/ulpmat.com\/product\/kobalt-eisen-oxid\/"},"modified":"2025-12-29T16:47:30","modified_gmt":"2025-12-29T08:47:30","slug":"kobalt-eisen-oxid","status":"publish","type":"product","link":"https:\/\/ulpmat.com\/de\/produkt\/kobalt-eisen-oxid\/","title":{"rendered":"Kobalt-Eisen-Oxid"},"content":{"rendered":"<h2><span style=\"font-size: 14pt;\">\u00dcbersicht \u00fcber Sputtertargets aus Kobalt-Eisenoxid<\/span><\/h2>\n<p>Sputtertargets<br \/>\n<strong><span style=\"color: #0000ff;\"><a style=\"color: #0000ff;\" href=\"https:\/\/ulpmat.com\/de\/search\/?type=name&#038;keyword=Cobalt+iron+oxide\">aus Kobalt-Eisenoxid<\/a><\/span><\/strong><br \/>\nsind hochleistungsf\u00e4hige Oxidtargets, die stabile Magnetismus, Verschlei\u00dffestigkeit und chemische Stabilit\u00e4t vereinen und daher h\u00e4ufig bei der Herstellung von magnetischen D\u00fcnnschichten und elektronischen Ger\u00e4ten zum Einsatz kommen.<\/p>\n<p>Wir bieten Sputtertargets aus Kobalt-Eisenoxid in verschiedenen Gr\u00f6\u00dfen, Kristallformen und Reinheitsgraden an und unterst\u00fctzen Sie gerne bei der technischen Beratung und der Pr\u00fcfung von Mustern. F\u00fcr weitere Informationen <span style=\"color: #0000ff;\"><strong><a style=\"color: #0000ff;\" href=\"https:\/\/ulpmat.com\/de\/kontakt-us\/\">wenden Sie<\/a><\/strong><\/span><br \/>\n<span style=\"color: #0000ff;\"><strong><a style=\"color: #0000ff;\" href=\"https:\/\/ulpmat.com\/de\/kontakt-us\/\">sich<\/a><\/strong><\/span><br \/>\nbitte <span style=\"color: #0000ff;\"><strong><a style=\"color: #0000ff;\" href=\"https:\/\/ulpmat.com\/de\/kontakt-us\/\">an uns<\/a><\/strong><\/span><br \/>\n.<\/p>\n<h2><span style=\"font-size: 14pt;\">Produkt-Highlights<\/span><\/h2>\n<p>Hervorragende magnetische Eigenschaften<\/p>\n<p>Verschlei\u00df- und Korrosionsbest\u00e4ndigkeit<\/p>\n<p>Gute thermische Stabilit\u00e4t<\/p>\n<p>Geeignet f\u00fcr verschiedene Sputterprozesse<\/p>\n<p>Flexible Anpassung von Gr\u00f6\u00dfe und Kristallform<\/p>\n<p>Kundendienst und technischer Support<\/p>\n<p>Beratung bei der Materialauswahl<\/p>\n<h2><span style=\"font-size: 14pt;\">Anwendungen von Sputtertargets aus Kobalt-Eisenoxid<\/span><\/h2>\n<p><strong>Herstellung magnetischer D\u00fcnnschichten:<\/strong><br \/>\nSputtertargets aus Kobalt-Eisenoxid eignen sich f\u00fcr die Herstellung hochleistungsf\u00e4higer magnetischer D\u00fcnnschichten f\u00fcr magnetische Speicherger\u00e4te, Sensoren und mikroelektronische Ger\u00e4te und gew\u00e4hrleisten eine stabile Leistung.<\/p>\n<p><strong>Abscheidung<\/strong><br \/>\nin <strong>elektronischen Ger\u00e4ten:<\/strong><br \/>\nKann f\u00fcr die D\u00fcnnschichtabscheidung in elektronischen Ger\u00e4ten verwendet werden, wodurch die Stabilit\u00e4t und Zuverl\u00e4ssigkeit der Ger\u00e4tefunktionalit\u00e4t verbessert wird.<\/p>\n<p><strong>Katalytische Funktionsbeschichtungen:<\/strong><br \/>\nGeeignet f\u00fcr die Herstellung von katalytischen Funktionsbeschichtungen, die eine gleichm\u00e4\u00dfige Verteilung der aktiven Komponenten gew\u00e4hrleisten und die katalytische Effizienz verbessern.<\/p>\n<p><strong>Forschung und Prozessentwicklung:<\/strong><br \/>\nWeit verbreitet in Forschungseinrichtungen und F&amp;E-Abteilungen von Unternehmen f\u00fcr Leistungstests und die Optimierung von Prozessparametern von magnetischen D\u00fcnnschichtmaterialien.<\/p>\n<h2><span style=\"font-size: 14pt;\">H\u00e4ufig gestellte Fragen<\/span><\/h2>\n<p><strong>F1: F\u00fcr welche Art von Sputteranlagen ist das Sputtertarget aus Kobalt-Eisenoxid geeignet?<\/strong><br \/>\nA1: Es kann in Magnetron-Sputter-, RF-Sputter- und DC-Sputteranlagen verwendet werden. Die Targetspezifikationen werden anhand der Leistung und Gr\u00f6\u00dfe ausgew\u00e4hlt.<\/p>\n<p><strong>F2: Kann die Kristallform des Targets angepasst werden?<\/strong><br \/>\nA2: Ja, wir bieten je nach Anwendungsanforderungen verschiedene Kristallformen von Targets an, um die Leistungsanforderungen zu erf\u00fcllen.<\/p>\n<p><strong>F3: Ist das Target anf\u00e4llig f\u00fcr Risse oder Porosit\u00e4t?<\/strong><br \/>\nA3: Das Target wird in einem hochdichten metallurgischen Verfahren hergestellt, dessen gleichm\u00e4\u00dfige Mikrostruktur das Risiko von Rissen und Porosit\u00e4t wirksam reduziert.<\/p>\n<p><strong>F4: Welche Vorsichtsma\u00dfnahmen sind bei der Lagerung des Targets zu beachten?<\/strong><br \/>\nA4: Es wird empfohlen, das Target in einer trockenen, gut bel\u00fcfteten Umgebung zu lagern und Feuchtigkeit, Verunreinigungen und l\u00e4ngere Einwirkung von Luft zu vermeiden, um die Leistungsstabilit\u00e4t zu gew\u00e4hrleisten.<\/p>\n<h2><span style=\"font-size: 14pt;\">Berichte<\/span><\/h2>\n<p>Jede Charge wird mit folgenden Unterlagen geliefert:<\/p>\n<p>Analysezertifikat (COA)<\/p>\n<p>Technisches Datenblatt (TDS)<\/p>\n<p>Sicherheitsdatenblatt (MSDS)<\/p>\n<p>Gr\u00f6\u00dfenpr\u00fcfbericht<\/p>\n<p>Pr\u00fcfberichte von Drittanbietern auf Anfrage erh\u00e4ltlich<\/p>\n<h2><span style=\"font-size: 14pt;\">Warum sollten Sie sich f\u00fcr uns entscheiden?<\/span><\/h2>\n<p>Wir sind auf die Forschung und Entwicklung sowie die stabile Lieferung von <strong>hochleistungsf\u00e4higen Sputtertargets aus Kobalt-Eisenoxid<\/strong><br \/>\nspezialisiert<strong>.<\/strong><br \/>\nMit einem ausgereiften Qualit\u00e4tsmanagementsystem und flexiblen Anpassungsm\u00f6glichkeiten k\u00f6nnen wir unseren Kunden zuverl\u00e4ssige, r\u00fcckverfolgbare Target-L\u00f6sungen anbieten, die f\u00fcr wissenschaftliche Forschung und industrielle Anwendungen geeignet sind und zum effizienten Fortschritt von Projekten beitragen.<\/p>\n","protected":false},"excerpt":{"rendered":"<p>\u00dcbersicht \u00fcber Sputtertargets aus Kobalt-Eisenoxid Sputtertargets aus Kobalt-Eisenoxid sind hochleistungsf\u00e4hige Oxidtargets, die stabile Magnetismus, Verschlei\u00dffestigkeit und chemische Stabilit\u00e4t vereinen und daher h\u00e4ufig bei der Herstellung von magnetischen D\u00fcnnschichten und elektronischen Ger\u00e4ten zum Einsatz kommen. Wir bieten Sputtertargets aus Kobalt-Eisenoxid in verschiedenen Gr\u00f6\u00dfen, Kristallformen und Reinheitsgraden an und unterst\u00fctzen Sie gerne bei der technischen Beratung und [&hellip;]<\/p>\n","protected":false},"featured_media":40176,"template":"","meta":{"_acf_changed":false},"product_brand":[],"product_cat":[451],"product_tag":[4881,4880],"class_list":{"0":"post-40175","1":"product","2":"type-product","3":"status-publish","4":"has-post-thumbnail","6":"product_cat-keramisches-sputtering-target","7":"product_tag-kobalt-eisen-oxid","8":"product_tag-kobalt-eisen-oxid-sputtering-target","10":"first","11":"instock","12":"shipping-taxable","13":"product-type-variable"},"acf":[],"_links":{"self":[{"href":"https:\/\/ulpmat.com\/de\/wp-json\/wp\/v2\/product\/40175","targetHints":{"allow":["GET"]}}],"collection":[{"href":"https:\/\/ulpmat.com\/de\/wp-json\/wp\/v2\/product"}],"about":[{"href":"https:\/\/ulpmat.com\/de\/wp-json\/wp\/v2\/types\/product"}],"wp:featuredmedia":[{"embeddable":true,"href":"https:\/\/ulpmat.com\/de\/wp-json\/wp\/v2\/media\/40176"}],"wp:attachment":[{"href":"https:\/\/ulpmat.com\/de\/wp-json\/wp\/v2\/media?parent=40175"}],"wp:term":[{"taxonomy":"product_brand","embeddable":true,"href":"https:\/\/ulpmat.com\/de\/wp-json\/wp\/v2\/product_brand?post=40175"},{"taxonomy":"product_cat","embeddable":true,"href":"https:\/\/ulpmat.com\/de\/wp-json\/wp\/v2\/product_cat?post=40175"},{"taxonomy":"product_tag","embeddable":true,"href":"https:\/\/ulpmat.com\/de\/wp-json\/wp\/v2\/product_tag?post=40175"}],"curies":[{"name":"wp","href":"https:\/\/api.w.org\/{rel}","templated":true}]}}