{"id":40156,"date":"2025-12-29T16:47:30","date_gmt":"2025-12-29T08:47:30","guid":{"rendered":"https:\/\/ulpmat.com\/product\/kobalt-eisen-bor\/"},"modified":"2025-12-29T16:47:30","modified_gmt":"2025-12-29T08:47:30","slug":"kobalt-eisen-bor","status":"publish","type":"product","link":"https:\/\/ulpmat.com\/de\/produkt\/kobalt-eisen-bor\/","title":{"rendered":"Kobalt Eisen Bor"},"content":{"rendered":"<h2><span style=\"font-size: 14pt;\">\u00dcbersicht \u00fcber Sputtertargets aus Kobalt-Eisen-Bor<\/span><\/h2>\n<p>Sputtertargets aus<br \/>\n<strong><span style=\"color: #0000ff;\"><a style=\"color: #0000ff;\" href=\"https:\/\/ulpmat.com\/de\/search\/?type=name&#038;keyword=Cobalt+Iron+Boron\">Kobalt-Eisen-Bor<\/a><\/span><\/strong><br \/>\nsind hochleistungsf\u00e4hige magnetische Legierungstargets, die sich durch hohe Permeabilit\u00e4t, Verschlei\u00dffestigkeit und thermische Stabilit\u00e4t auszeichnen. Sie werden h\u00e4ufig bei der Herstellung von magnetischen D\u00fcnnschichten und elektronischen Ger\u00e4ten eingesetzt.<\/p>\n<p>Wir bieten CoFeB-Sputter-Targets in verschiedenen Gr\u00f6\u00dfen, Zusammensetzungsverh\u00e4ltnissen und Reinheitsgraden an und unterst\u00fctzen Sie bei der Pr\u00fcfung von Mustern und der technischen Beratung. Bitte <span style=\"color: #0000ff;\"><strong><a style=\"color: #0000ff;\" href=\"https:\/\/ulpmat.com\/de\/kontakt-us\/\">kontaktieren Sie uns<\/a><\/strong><\/span><br \/>\nf\u00fcr detaillierte Informationen.<\/p>\n<h2><span style=\"font-size: 14pt;\">Produkt-Highlights<\/span><\/h2>\n<p>Dichte Mikrostruktur, gleichm\u00e4\u00dfige K\u00f6rner<\/p>\n<p>Hervorragende magnetische Eigenschaften<\/p>\n<p>Gute thermische Stabilit\u00e4t<\/p>\n<p>Verschlei\u00df- und Korrosionsbest\u00e4ndigkeit<\/p>\n<p>Anpassbare Gr\u00f6\u00dfe und Zusammensetzungsverh\u00e4ltnisse<\/p>\n<p>Lieferung kleiner und gro\u00dfer Chargen<\/p>\n<p>Beratung bei der Materialauswahl<\/p>\n<h2><span style=\"font-size: 14pt;\">Anwendungen von Kobalt-Eisen-Bor-Sputter-Targets<\/span><\/h2>\n<p><strong>Herstellung magnetischer D\u00fcnnschichten:<\/strong><br \/>\nKobalt-Eisen-Bor-Sputter-Targets k\u00f6nnen zur Herstellung hochleistungsf\u00e4higer magnetischer D\u00fcnnschichten f\u00fcr Anwendungen in der Magnetaufzeichnung, in Sensoren und mikroelektronischen Ger\u00e4ten verwendet werden und gew\u00e4hrleisten stabile magnetische Eigenschaften.<\/p>\n<p><strong>Abscheidung in elektronischen Ger\u00e4ten:<\/strong><br \/>\nGeeignet f\u00fcr die D\u00fcnnschichtabscheidung in elektronischen Bauteilen, verbessert die Funktionsstabilit\u00e4t und Zuverl\u00e4ssigkeit der Ger\u00e4te.<\/p>\n<p><strong>Forschung und Prozessentwicklung:<\/strong><br \/>\nWeit verbreitet in Forschungseinrichtungen und F&amp;E-Abteilungen von Unternehmen f\u00fcr die Erforschung der Eigenschaften magnetischer Materialien und die Optimierung von Prozessparametern.<\/p>\n<p><strong>Funktionale Beschichtungen und Energieger\u00e4te:<\/strong><br \/>\nSputtertargets aus Kobalt-Eisen-Bor k\u00f6nnen zur Herstellung funktionaler Beschichtungen und magnetischer Energieger\u00e4te verwendet werden, wodurch die Materialleistung und -effizienz verbessert werden.<\/p>\n<h2><span style=\"font-size: 14pt;\">H\u00e4ufig gestellte Fragen<\/span><\/h2>\n<p><strong>F1: F\u00fcr welche Arten von Sputteranlagen sind Sputtertargets aus Kobalt-Eisen-Bor geeignet?<\/strong><br \/>\nA1: Sie k\u00f6nnen in Magnetron-Sputter-, Gleichstrom-Sputter- und HF-Sputteranlagen verwendet werden. Die Spezifikationen werden auf der Grundlage der Anlagenleistung und der Targetgr\u00f6\u00dfe ausgew\u00e4hlt.<\/p>\n<p><strong>F2: K\u00f6nnen die Targetdicke und der Targetdurchmesser individuell angepasst werden?<\/strong><br \/>\nA2: Ja, wir k\u00f6nnen Targets mit unterschiedlichen Dicken und Durchmessern entsprechend den Anforderungen der Kundenanlagen liefern.<\/p>\n<p><strong>F3: Neigen die Targets zu Rissen oder Porosit\u00e4t?<\/strong><br \/>\nA3: Die Targets werden in einem hochdichten metallurgischen Verfahren hergestellt, wodurch die K\u00f6rner gleichm\u00e4\u00dfig sind und das Risiko von Rissen und Porosit\u00e4t effektiv verringert wird.<\/p>\n<p><strong>F4: Welche Vorsichtsma\u00dfnahmen sollten bei der Lagerung des Targets getroffen werden?<\/strong><br \/>\nA4: Es wird empfohlen, das Target in einer trockenen, gut bel\u00fcfteten Umgebung zu lagern und Feuchtigkeit, Verunreinigungen und l\u00e4ngere Oxidation zu vermeiden, um eine stabile Leistung zu gew\u00e4hrleisten.<\/p>\n<h2><span style=\"font-size: 14pt;\">Berichte<\/span><\/h2>\n<p>Jede Charge wird mit folgenden Unterlagen geliefert:<\/p>\n<p>Analysezertifikat (COA)<\/p>\n<p>Technisches Datenblatt (TDS)<\/p>\n<p>Sicherheitsdatenblatt (MSDS)<\/p>\n<p>Gr\u00f6\u00dfenpr\u00fcfbericht<\/p>\n<p>Pr\u00fcfberichte von Drittanbietern sind auf Anfrage erh\u00e4ltlich<\/p>\n<h2><span style=\"font-size: 14pt;\">. Warum sollten Sie sich f\u00fcr uns entscheiden?<\/span><\/h2>\n<p>Wir sind auf die Forschung und Entwicklung sowie die stabile Lieferung von <strong>hochleistungsf\u00e4higen Sputtertargets aus einer Kobalt-Eisen-Bor-Legierung<\/strong><br \/>\nspezialisiert. Mit einem ausgereiften Qualit\u00e4tsmanagementsystem und flexiblen Anpassungsm\u00f6glichkeiten k\u00f6nnen wir unseren Kunden zuverl\u00e4ssige, r\u00fcckverfolgbare Target-L\u00f6sungen anbieten, die f\u00fcr wissenschaftliche Forschung und industrielle Anwendungen geeignet sind und zum effizienten Fortschritt von Projekten beitragen.<\/p>\n","protected":false},"excerpt":{"rendered":"<p>\u00dcbersicht \u00fcber Sputtertargets aus Kobalt-Eisen-Bor Sputtertargets aus Kobalt-Eisen-Bor sind hochleistungsf\u00e4hige magnetische Legierungstargets, die sich durch hohe Permeabilit\u00e4t, Verschlei\u00dffestigkeit und thermische Stabilit\u00e4t auszeichnen. Sie werden h\u00e4ufig bei der Herstellung von magnetischen D\u00fcnnschichten und elektronischen Ger\u00e4ten eingesetzt. Wir bieten CoFeB-Sputter-Targets in verschiedenen Gr\u00f6\u00dfen, Zusammensetzungsverh\u00e4ltnissen und Reinheitsgraden an und unterst\u00fctzen Sie bei der Pr\u00fcfung von Mustern und der [&hellip;]<\/p>\n","protected":false},"featured_media":40157,"template":"","meta":{"_acf_changed":false},"product_brand":[],"product_cat":[562],"product_tag":[4873,383],"class_list":{"0":"post-40156","1":"product","2":"type-product","3":"status-publish","4":"has-post-thumbnail","6":"product_cat-legierung-sputtering-target","7":"product_tag-kobalt-eisen-bor-sputtering-target","8":"product_tag-sputtertarget","10":"first","11":"instock","12":"shipping-taxable","13":"product-type-variable"},"acf":[],"_links":{"self":[{"href":"https:\/\/ulpmat.com\/de\/wp-json\/wp\/v2\/product\/40156","targetHints":{"allow":["GET"]}}],"collection":[{"href":"https:\/\/ulpmat.com\/de\/wp-json\/wp\/v2\/product"}],"about":[{"href":"https:\/\/ulpmat.com\/de\/wp-json\/wp\/v2\/types\/product"}],"wp:featuredmedia":[{"embeddable":true,"href":"https:\/\/ulpmat.com\/de\/wp-json\/wp\/v2\/media\/40157"}],"wp:attachment":[{"href":"https:\/\/ulpmat.com\/de\/wp-json\/wp\/v2\/media?parent=40156"}],"wp:term":[{"taxonomy":"product_brand","embeddable":true,"href":"https:\/\/ulpmat.com\/de\/wp-json\/wp\/v2\/product_brand?post=40156"},{"taxonomy":"product_cat","embeddable":true,"href":"https:\/\/ulpmat.com\/de\/wp-json\/wp\/v2\/product_cat?post=40156"},{"taxonomy":"product_tag","embeddable":true,"href":"https:\/\/ulpmat.com\/de\/wp-json\/wp\/v2\/product_tag?post=40156"}],"curies":[{"name":"wp","href":"https:\/\/api.w.org\/{rel}","templated":true}]}}