{"id":39891,"date":"2025-12-29T16:47:14","date_gmt":"2025-12-29T08:47:14","guid":{"rendered":"https:\/\/ulpmat.com\/product\/kobalt-metall-4\/"},"modified":"2025-12-29T16:47:14","modified_gmt":"2025-12-29T08:47:14","slug":"kobalt-metall-4","status":"publish","type":"product","link":"https:\/\/ulpmat.com\/de\/produkt\/kobalt-metall-4\/","title":{"rendered":"Kobalt-Metall"},"content":{"rendered":"<p>K<span style=\"color: #0000ff;\"><strong><a style=\"color: #0000ff;\" href=\"https:\/\/ulpmat.com\/de\/search\/?type=name&#038;keyword=cobalt+metal\">obalt<\/a><\/strong><\/span><br \/>\nmetallst\u00e4be werden aufgrund ihrer hervorragenden Korrosionsbest\u00e4ndigkeit und hohen Festigkeit h\u00e4ufig bei der Herstellung von Elektronik, Legierungen und Hochtemperaturger\u00e4ten verwendet.<\/p>\n<p>Wir bieten ma\u00dfgeschneiderte Kobaltmetallst\u00e4be f\u00fcr die vielf\u00e4ltigen Anforderungen der industriellen Fertigung. <span style=\"color: #0000ff;\"><strong><a style=\"color: #0000ff;\" href=\"https:\/\/ulpmat.com\/de\/kontakt-us\/\">Kontaktieren Sie uns<\/a><\/strong><\/span><br \/>\nf\u00fcr weitere Informationen.<\/p>\n<h2><span style=\"font-size: 14pt;\">Produktvorteile<\/span><\/h2>\n<p>Hohe Reinheit sorgt f\u00fcr \u00fcberlegene Leistung<\/p>\n<p>Hervorragende Korrosionsbest\u00e4ndigkeit, geeignet f\u00fcr extreme Umgebungen<\/p>\n<p>Hohe Festigkeit gew\u00e4hrleistet langfristige Stabilit\u00e4t<\/p>\n<p>Gute Bearbeitbarkeit, geeignet f\u00fcr Pr\u00e4zisionsbearbeitung<\/p>\n<p>Anpassbare Gr\u00f6\u00dfen f\u00fcr unterschiedliche Anwendungsanforderungen<\/p>\n<p>Strenge Qualit\u00e4tskontrolle gew\u00e4hrleistet Konsistenz bei jedem Metallstab<\/p>\n<h2><span style=\"font-size: 14pt;\">Anwendungen von Kobalt-Metallst\u00e4ben<\/span><\/h2>\n<p><strong>Legierungsherstellung:<\/strong><br \/>\nKobalt-Metallst\u00e4be sind ein wichtiger Rohstoff f\u00fcr die Herstellung von hochfesten Hochtemperaturlegierungen, die in der Luft- und Raumfahrt sowie in industriellen Hochtemperaturger\u00e4ten verwendet werden.<\/p>\n<p><strong>Elektronikfertigung:<\/strong><br \/>\nVerwendung bei der Herstellung von elektronischen Bauteilen wie Kontaktmaterialien, Batterieelektroden und Sensoren, um Stabilit\u00e4t und lange Lebensdauer zu gew\u00e4hrleisten.<\/p>\n<p><strong>Katalysatoren:<\/strong><br \/>\nWeit verbreitet in der Petrochemie und anderen Katalysatorbereichen, sorgt f\u00fcr effiziente katalytische Reaktionen.<\/p>\n<p><strong>Medizinische Ger\u00e4te:<\/strong><br \/>\nGute Biokompatibilit\u00e4t, geeignet f\u00fcr die Herstellung bestimmter medizinischer Ger\u00e4te wie k\u00fcnstlicher Gelenke und Implantate.<\/p>\n<h2><span style=\"font-size: 14pt;\">H\u00e4ufig gestellte Fragen<\/span><\/h2>\n<p><strong>F1: Wie stabil sind Kobalt-Metallst\u00e4be?<\/strong><br \/>\nA1: Kobalt-Metallst\u00e4be haben eine extrem hohe mechanische Festigkeit, wodurch sie f\u00fcr den Einsatz in hochbelasteten und rauen Umgebungen geeignet sind.<\/p>\n<p><strong>F2: Sind Kobalt-Metallst\u00e4be in Sondergr\u00f6\u00dfen erh\u00e4ltlich?<\/strong><br \/>\nA2: Ja, wir bieten Sonderl\u00e4ngen, -durchmesser und andere Spezifikationen an, um Ihren spezifischen Anforderungen gerecht zu werden.<\/p>\n<p><strong>F3: Wie sollte es gelagert werden?<\/strong><br \/>\nA3: Es sollte an einem trockenen, k\u00fchlen Ort gelagert werden, wobei der Kontakt mit Feuchtigkeit und korrosiven Substanzen zu vermeiden ist.<\/p>\n<p><strong>F4: F\u00fcr welche industriellen Anwendungen eignen sich Kobaltst\u00e4be?<\/strong><br \/>\nA4: Sie werden h\u00e4ufig in hochfesten Legierungen, elektronischen Bauteilen, Batterien und Katalysatoren verwendet und eignen sich besonders f\u00fcr Umgebungen mit hohen Temperaturen und hoher Korrosivit\u00e4t.<\/p>\n<h2><span style=\"font-size: 14pt;\">Berichte<\/span><\/h2>\n<p>Jede Charge wird geliefert mit:<\/p>\n<p>Analysezertifikat (COA)<\/p>\n<p>Technisches Datenblatt (TDS)<\/p>\n<p>Sicherheitsdatenblatt (MSDS)<\/p>\n<p>Gr\u00f6\u00dfenpr\u00fcfbericht<\/p>\n<p>Pr\u00fcfberichte von Drittanbietern auf Anfrage erh\u00e4ltlich<\/p>\n<h2><span style=\"font-size: 14pt;\">Warum sollten Sie sich f\u00fcr uns entscheiden?<\/span><\/h2>\n<p>Unsere Kobalt-Metallst\u00e4be bieten au\u00dfergew\u00f6hnliche Reinheit und Stabilit\u00e4t, kombiniert mit ma\u00dfgeschneiderten Dienstleistungen und professionellem <strong>Kundendienst<\/strong><br \/>\n, und bieten umfassenden Schutz f\u00fcr Ihre verschiedenen Anwendungen. Wir sind bestrebt, Ihr langfristiger, zuverl\u00e4ssiger Partner zu werden.<\/p>\n","protected":false},"excerpt":{"rendered":"<p>Kobalt metallst\u00e4be werden aufgrund ihrer hervorragenden Korrosionsbest\u00e4ndigkeit und hohen Festigkeit h\u00e4ufig bei der Herstellung von Elektronik, Legierungen und Hochtemperaturger\u00e4ten verwendet. Wir bieten ma\u00dfgeschneiderte Kobaltmetallst\u00e4be f\u00fcr die vielf\u00e4ltigen Anforderungen der industriellen Fertigung. Kontaktieren Sie uns f\u00fcr weitere Informationen. Produktvorteile Hohe Reinheit sorgt f\u00fcr \u00fcberlegene Leistung Hervorragende Korrosionsbest\u00e4ndigkeit, geeignet f\u00fcr extreme Umgebungen Hohe Festigkeit gew\u00e4hrleistet langfristige Stabilit\u00e4t [&hellip;]<\/p>\n","protected":false},"featured_media":40843,"template":"","meta":{"_acf_changed":false},"product_brand":[],"product_cat":[397],"product_tag":[4801],"class_list":{"0":"post-39891","1":"product","2":"type-product","3":"status-publish","4":"has-post-thumbnail","6":"product_cat-andere-materialien","7":"product_tag-kobaltmetall-stab","9":"first","10":"instock","11":"shipping-taxable","12":"product-type-variable"},"acf":[],"_links":{"self":[{"href":"https:\/\/ulpmat.com\/de\/wp-json\/wp\/v2\/product\/39891","targetHints":{"allow":["GET"]}}],"collection":[{"href":"https:\/\/ulpmat.com\/de\/wp-json\/wp\/v2\/product"}],"about":[{"href":"https:\/\/ulpmat.com\/de\/wp-json\/wp\/v2\/types\/product"}],"wp:featuredmedia":[{"embeddable":true,"href":"https:\/\/ulpmat.com\/de\/wp-json\/wp\/v2\/media\/40843"}],"wp:attachment":[{"href":"https:\/\/ulpmat.com\/de\/wp-json\/wp\/v2\/media?parent=39891"}],"wp:term":[{"taxonomy":"product_brand","embeddable":true,"href":"https:\/\/ulpmat.com\/de\/wp-json\/wp\/v2\/product_brand?post=39891"},{"taxonomy":"product_cat","embeddable":true,"href":"https:\/\/ulpmat.com\/de\/wp-json\/wp\/v2\/product_cat?post=39891"},{"taxonomy":"product_tag","embeddable":true,"href":"https:\/\/ulpmat.com\/de\/wp-json\/wp\/v2\/product_tag?post=39891"}],"curies":[{"name":"wp","href":"https:\/\/api.w.org\/{rel}","templated":true}]}}