{"id":39842,"date":"2025-12-29T16:47:15","date_gmt":"2025-12-29T08:47:15","guid":{"rendered":"https:\/\/ulpmat.com\/product\/kobalt-metall-2\/"},"modified":"2025-12-29T16:47:15","modified_gmt":"2025-12-29T08:47:15","slug":"kobalt-metall-2","status":"publish","type":"product","link":"https:\/\/ulpmat.com\/de\/produkt\/kobalt-metall-2\/","title":{"rendered":"Kobalt-Metall"},"content":{"rendered":"<h2><span style=\"font-size: 14pt;\">\u00dcbersicht \u00fcber sph\u00e4risches Kobaltpulver<\/span><\/h2>\n<p>Sph\u00e4risches<br \/>\n<strong><span style=\"color: #0000ff;\"><a style=\"color: #0000ff;\" href=\"https:\/\/ulpmat.com\/de\/search\/?type=name&#038;keyword=cobalt+metal\">Kobalt<\/a><\/span><\/strong><br \/>\nmetallpulver bietet eine ausgezeichnete Flie\u00dff\u00e4higkeit und eine gleichm\u00e4\u00dfige Partikelverteilung, wodurch es in der Hochpr\u00e4zisionsfertigung, der Pulvermetallurgie und im 3D-Druck vielseitig einsetzbar ist.<\/p>\n<p>Wir bieten hochreines sph\u00e4risches Kobaltmetallpulver, das f\u00fcr die Pr\u00e4zisionsbearbeitung und kundenspezifische Anforderungen geeignet ist. <span style=\"color: #0000ff;\"><strong><a style=\"color: #0000ff;\" href=\"https:\/\/ulpmat.com\/de\/kontakt-us\/\">Kontaktieren Sie uns<\/a><\/strong><\/span><br \/>\nf\u00fcr weitere Produktdetails.<\/p>\n<h2><span style=\"font-size: 14pt;\">Produkt-Highlights<\/span><\/h2>\n<p>Hohe Reinheit sorgt f\u00fcr ausgezeichnete elektrische Leitf\u00e4higkeit und Korrosionsbest\u00e4ndigkeit.<\/p>\n<p>Sph\u00e4rische Partikel bieten eine bessere Flie\u00dff\u00e4higkeit und Verdichtung.<\/p>\n<p>Feine Partikel gew\u00e4hrleisten hochpr\u00e4zise Anwendungen.<\/p>\n<p>Hervorragende Hochtemperaturleistung, anpassungsf\u00e4hig an raue Umgebungen.<\/p>\n<p>Gute Bearbeitbarkeit, geeignet f\u00fcr Pulvermetallurgie und 3D-Druck.<\/p>\n<p>Strenge Qualit\u00e4tskontrollen gew\u00e4hrleisten Produktkonsistenz und -stabilit\u00e4t.<\/p>\n<h2><span style=\"font-size: 14pt;\">Anwendungen von sph\u00e4rischem Kobaltpulver<\/span><\/h2>\n<p><strong>Pulvermetallurgie:<\/strong><br \/>\nSph\u00e4risches Kobaltmetallpulver eignet sich f\u00fcr die Herstellung hochpr\u00e4ziser pulvermetallurgischer Teile und gew\u00e4hrleistet hervorragende Formungsergebnisse und Produktqualit\u00e4t.<\/p>\n<p><strong>3D-Druck:<\/strong><br \/>\nKobaltmetallpulver kann in additiven Fertigungsverfahren verwendet werden und erm\u00f6glicht hochpr\u00e4zises Drucken, das f\u00fcr Branchen wie die Luft- und Raumfahrt geeignet ist.<\/p>\n<p><strong>Magnetische Materialien:<\/strong><br \/>\nKobaltpulver verbessert die magnetischen Eigenschaften bei der Herstellung von Permanentmagnetmaterialien und findet breite Anwendung in Motoren und Sensoren.<\/p>\n<p><strong>Elektronikindustrie:<\/strong><br \/>\nWird in Batterieelektrodenmaterialien und hocheffizienten elektrischen Komponenten verwendet und bietet stabile Leitf\u00e4higkeit und Haltbarkeit.<\/p>\n<h2><span style=\"font-size: 14pt;\">H\u00e4ufig gestellte Fragen<\/span><\/h2>\n<p><strong>F1: Wie ist die Partikelverteilung von kugelf\u00f6rmigem Kobaltmetallpulver?<\/strong><br \/>\nA1: Unser kugelf\u00f6rmiges Kobaltpulver hat eine gleichm\u00e4\u00dfige Partikelverteilung und eignet sich f\u00fcr Anwendungen, die eine hohe Pr\u00e4zision erfordern, wie z. B. 3D-Druck und Pulvermetallurgie.<\/p>\n<p><strong>F2: F\u00fcr welche Anwendungen eignet sich kugelf\u00f6rmiges Kobaltpulver?<\/strong><br \/>\nA2: Es wird unter anderem h\u00e4ufig in den Bereichen 3D-Druck, Pulvermetallurgie, magnetische Materialien und elektronische Komponenten eingesetzt.<\/p>\n<p><strong>F3: Ist kugelf\u00f6rmiges Kobaltpulver leicht zu lagern?<\/strong><br \/>\nA3: Kugelf\u00f6rmiges Kobaltpulver muss in einer trockenen, gut bel\u00fcfteten Umgebung gelagert werden, wobei Feuchtigkeit und korrosive Substanzen zu vermeiden sind, die seine Qualit\u00e4t beeintr\u00e4chtigen k\u00f6nnten.<\/p>\n<p><strong>F4: Wie hoch ist die Reinheit von kugelf\u00f6rmigem Kobaltpulver?<\/strong><br \/>\nA4: Das von uns angebotene kugelf\u00f6rmige Kobaltpulver weist eine Reinheit von bis zu 99,9 % auf und gew\u00e4hrleistet somit eine hervorragende Leistung in Anwendungen.<\/p>\n<h2><span style=\"font-size: 14pt;\">Berichte<\/span><\/h2>\n<p>Jede Charge wird geliefert mit:<\/p>\n<p>Analysezertifikat (COA)<\/p>\n<p>Technisches Datenblatt (TDS)<\/p>\n<p>Sicherheitsdatenblatt (MSDS)<\/p>\n<p>Pr\u00fcfberichte von Drittanbietern sind auf Anfrage erh\u00e4ltlich.<\/p>\n<h2><span style=\"font-size: 14pt;\">Warum sollten Sie sich f\u00fcr uns entscheiden?<\/span><\/h2>\n<p>Unsere sph\u00e4rischen Kobalt-Metallpulver bieten eine hohe Reinheit und stabile Leistung. In Kombination mit ma\u00dfgeschneiderten Dienstleistungen und professionellem Kundendienst sorgen wir f\u00fcr die beste L\u00f6sung f\u00fcr Ihre Projekte.<\/p>\n","protected":false},"excerpt":{"rendered":"<p>\u00dcbersicht \u00fcber sph\u00e4risches Kobaltpulver Sph\u00e4risches Kobalt metallpulver bietet eine ausgezeichnete Flie\u00dff\u00e4higkeit und eine gleichm\u00e4\u00dfige Partikelverteilung, wodurch es in der Hochpr\u00e4zisionsfertigung, der Pulvermetallurgie und im 3D-Druck vielseitig einsetzbar ist. Wir bieten hochreines sph\u00e4risches Kobaltmetallpulver, das f\u00fcr die Pr\u00e4zisionsbearbeitung und kundenspezifische Anforderungen geeignet ist. Kontaktieren Sie uns f\u00fcr weitere Produktdetails. Produkt-Highlights Hohe Reinheit sorgt f\u00fcr ausgezeichnete elektrische [&hellip;]<\/p>\n","protected":false},"featured_media":39843,"template":"","meta":{"_acf_changed":false},"product_brand":[],"product_cat":[1143],"product_tag":[4789],"class_list":{"0":"post-39842","1":"product","2":"type-product","3":"status-publish","4":"has-post-thumbnail","6":"product_cat-3d-druck-von-kugelformigem-pulver","7":"product_tag-kobaltmetall-kugelformiges-pulver","9":"first","10":"instock","11":"shipping-taxable","12":"product-type-variable"},"acf":[],"_links":{"self":[{"href":"https:\/\/ulpmat.com\/de\/wp-json\/wp\/v2\/product\/39842","targetHints":{"allow":["GET"]}}],"collection":[{"href":"https:\/\/ulpmat.com\/de\/wp-json\/wp\/v2\/product"}],"about":[{"href":"https:\/\/ulpmat.com\/de\/wp-json\/wp\/v2\/types\/product"}],"wp:featuredmedia":[{"embeddable":true,"href":"https:\/\/ulpmat.com\/de\/wp-json\/wp\/v2\/media\/39843"}],"wp:attachment":[{"href":"https:\/\/ulpmat.com\/de\/wp-json\/wp\/v2\/media?parent=39842"}],"wp:term":[{"taxonomy":"product_brand","embeddable":true,"href":"https:\/\/ulpmat.com\/de\/wp-json\/wp\/v2\/product_brand?post=39842"},{"taxonomy":"product_cat","embeddable":true,"href":"https:\/\/ulpmat.com\/de\/wp-json\/wp\/v2\/product_cat?post=39842"},{"taxonomy":"product_tag","embeddable":true,"href":"https:\/\/ulpmat.com\/de\/wp-json\/wp\/v2\/product_tag?post=39842"}],"curies":[{"name":"wp","href":"https:\/\/api.w.org\/{rel}","templated":true}]}}