{"id":39805,"date":"2025-12-29T16:47:15","date_gmt":"2025-12-29T08:47:15","guid":{"rendered":"https:\/\/ulpmat.com\/product\/kobalt-metall\/"},"modified":"2025-12-29T16:47:15","modified_gmt":"2025-12-29T08:47:15","slug":"kobalt-metall","status":"publish","type":"product","link":"https:\/\/ulpmat.com\/de\/produkt\/kobalt-metall\/","title":{"rendered":"Kobalt-Metall"},"content":{"rendered":"<h2><span style=\"font-size: 14pt;\">\u00dcbersicht \u00fcber Kobalt-Sputter-Targets<\/span><\/h2>\n<p><strong><span style=\"color: #0000ff;\"><a style=\"color: #0000ff;\" href=\"https:\/\/ulpmat.com\/de\/search\/?type=name&#038;keyword=cobalt+metal\">Kobalt-Metall<\/a><\/span><\/strong><br \/>\n-Sputter-Targets zeichnen sich durch hervorragende Leitf\u00e4higkeit und hohe Temperaturstabilit\u00e4t aus und werden daher h\u00e4ufig bei der Herstellung von elektronischen, d\u00fcnnschichtigen und optoelektronischen Materialien eingesetzt.<\/p>\n<p>Wir bieten hochreine Kobalt-Metall-Sputter-Targets f\u00fcr verschiedene Anforderungen bei der D\u00fcnnschichtabscheidung. <strong><span style=\"color: #0000ff;\"><a style=\"color: #0000ff;\" href=\"https:\/\/ulpmat.com\/de\/kontakt-us\/\">Kontaktieren Sie uns<\/a><\/span><\/strong><br \/>\nf\u00fcr ma\u00dfgeschneiderte L\u00f6sungen.<\/p>\n<h2><span style=\"font-size: 14pt;\">Produkt-Highlights<\/span><\/h2>\n<p>Hohe Reinheit gew\u00e4hrleistet eine stabile Sputterleistung.<\/p>\n<p>Gute Leitf\u00e4higkeit, geeignet f\u00fcr eine effiziente D\u00fcnnschichtabscheidung.<\/p>\n<p>Hohe Temperaturstabilit\u00e4t, geeignet f\u00fcr Hochtemperaturumgebungen.<\/p>\n<p>Hohe Dichte gew\u00e4hrleistet einen gleichm\u00e4\u00dfigen Sputtereffekt.<\/p>\n<p>Anpassbare Gr\u00f6\u00dfen f\u00fcr unterschiedliche Ger\u00e4teanforderungen.<\/p>\n<p>Strenge Qualit\u00e4tskontrollen garantieren Produktkonsistenz und hohe Leistung.<\/p>\n<h2><span style=\"font-size: 14pt;\">Anwendungen von Kobalt-Metall-Sputter-Targets<\/span><\/h2>\n<p><strong>Halbleiterfertigung:<\/strong><br \/>\nKobalt-Metall-Sputter-Targets sind wichtige Materialien f\u00fcr die Herstellung von D\u00fcnnschichten und integrierten Schaltkreisen und werden h\u00e4ufig in der Halbleiterindustrie eingesetzt.<\/p>\n<p><strong>Optoelektronikindustrie:<\/strong><br \/>\nBei der Herstellung optoelektronischer Ger\u00e4te werden Kobaltmetalltargets f\u00fcr die D\u00fcnnschichtabscheidung verwendet, da sie hervorragende elektrische und optische Eigenschaften aufweisen.<\/p>\n<p><strong>Solarzellen:<\/strong><br \/>\nDie in Solarzellen verwendete photovoltaische D\u00fcnnschichtabscheidung tr\u00e4gt zur Verbesserung der photoelektrischen Umwandlungseffizienz bei.<\/p>\n<p><strong>Magnetische Materialien:<\/strong><br \/>\nAls Material f\u00fcr hochleistungsf\u00e4hige magnetische D\u00fcnnschichten finden Kobaltmetalltargets breite Anwendung in magnetischen Speichern und Sensoren.<\/p>\n<h2><span style=\"font-size: 14pt;\">H\u00e4ufig gestellte Fragen<\/span><\/h2>\n<p><strong>F1: Wie hoch ist die Reinheit von Kobalt-Metalltargets?<\/strong><br \/>\nA1: Unsere Kobalt-Metalltargets erreichen eine Reinheit von 99,95 % und gew\u00e4hrleisten so Stabilit\u00e4t bei der hochpr\u00e4zisen Beschichtung.<\/p>\n<p><strong>F2: F\u00fcr welche Anlagen sind Kobalt-Metalltargets geeignet?<\/strong><br \/>\nA2: Kobalt-Metalltargets werden h\u00e4ufig in Magnetron-Sputteranlagen, Sputterbeschichtungsanlagen und anderen D\u00fcnnschichtbeschichtungsanlagen eingesetzt.<\/p>\n<p><strong>F3: K\u00f6nnen Kobalt-Metalltargets in ihrer Gr\u00f6\u00dfe angepasst werden?<\/strong><br \/>\nA3: Ja, wir k\u00f6nnen Kobalt-Metalltargets in kundenspezifischen Gr\u00f6\u00dfen nach Kundenwunsch liefern.<\/p>\n<p><strong>F4: Wie lang ist die Lebensdauer von Kobalt-Metalltargets?<\/strong><br \/>\nA4: Die Lebensdauer von Kobalt-Metalltargets h\u00e4ngt von der Betriebsumgebung und den Beschichtungsbedingungen ab, aber unter normalen Bedingungen kann eine lange Lebensdauer garantiert werden.<\/p>\n<h2><span style=\"font-size: 14pt;\">Berichte<\/span><\/h2>\n<p>Jede Charge wird geliefert mit:<\/p>\n<p>Analysezertifikat (COA)<\/p>\n<p>Technisches Datenblatt (TDS)<\/p>\n<p>Sicherheitsdatenblatt (MSDS)<\/p>\n<p>Pr\u00fcfberichte von Drittanbietern auf Anfrage erh\u00e4ltlich<\/p>\n<h2><span style=\"font-size: 14pt;\">Warum sollten Sie sich f\u00fcr uns entscheiden?<\/span><\/h2>\n<p>Unsere Kobalt-Metall-Sputtertargets bieten hohe Reinheit, Stabilit\u00e4t und hervorragende Sputterleistung. In Kombination mit ma\u00dfgeschneiderten Dienstleistungen und professionellem Kundendienst sind wir die ideale Wahl f\u00fcr eine langfristige Zusammenarbeit.<\/p>\n","protected":false},"excerpt":{"rendered":"<p>\u00dcbersicht \u00fcber Kobalt-Sputter-Targets Kobalt-Metall -Sputter-Targets zeichnen sich durch hervorragende Leitf\u00e4higkeit und hohe Temperaturstabilit\u00e4t aus und werden daher h\u00e4ufig bei der Herstellung von elektronischen, d\u00fcnnschichtigen und optoelektronischen Materialien eingesetzt. Wir bieten hochreine Kobalt-Metall-Sputter-Targets f\u00fcr verschiedene Anforderungen bei der D\u00fcnnschichtabscheidung. Kontaktieren Sie uns f\u00fcr ma\u00dfgeschneiderte L\u00f6sungen. Produkt-Highlights Hohe Reinheit gew\u00e4hrleistet eine stabile Sputterleistung. Gute Leitf\u00e4higkeit, geeignet f\u00fcr [&hellip;]<\/p>\n","protected":false},"featured_media":39806,"template":"","meta":{"_acf_changed":false},"product_brand":[],"product_cat":[278],"product_tag":[4783,383],"class_list":{"0":"post-39805","1":"product","2":"type-product","3":"status-publish","4":"has-post-thumbnail","6":"product_cat-metall-sputtering-target","7":"product_tag-kobalt-metall-sputtering-target","8":"product_tag-sputtertarget","10":"first","11":"instock","12":"shipping-taxable","13":"product-type-variable"},"acf":[],"_links":{"self":[{"href":"https:\/\/ulpmat.com\/de\/wp-json\/wp\/v2\/product\/39805","targetHints":{"allow":["GET"]}}],"collection":[{"href":"https:\/\/ulpmat.com\/de\/wp-json\/wp\/v2\/product"}],"about":[{"href":"https:\/\/ulpmat.com\/de\/wp-json\/wp\/v2\/types\/product"}],"wp:featuredmedia":[{"embeddable":true,"href":"https:\/\/ulpmat.com\/de\/wp-json\/wp\/v2\/media\/39806"}],"wp:attachment":[{"href":"https:\/\/ulpmat.com\/de\/wp-json\/wp\/v2\/media?parent=39805"}],"wp:term":[{"taxonomy":"product_brand","embeddable":true,"href":"https:\/\/ulpmat.com\/de\/wp-json\/wp\/v2\/product_brand?post=39805"},{"taxonomy":"product_cat","embeddable":true,"href":"https:\/\/ulpmat.com\/de\/wp-json\/wp\/v2\/product_cat?post=39805"},{"taxonomy":"product_tag","embeddable":true,"href":"https:\/\/ulpmat.com\/de\/wp-json\/wp\/v2\/product_tag?post=39805"}],"curies":[{"name":"wp","href":"https:\/\/api.w.org\/{rel}","templated":true}]}}