{"id":39721,"date":"2025-11-20T14:29:49","date_gmt":"2025-11-20T06:29:49","guid":{"rendered":"https:\/\/ulpmat.com\/product\/palladium-metall-2\/"},"modified":"2025-11-20T14:29:49","modified_gmt":"2025-11-20T06:29:49","slug":"palladium-metall-2","status":"publish","type":"product","link":"https:\/\/ulpmat.com\/de\/produkt\/palladium-metall-2\/","title":{"rendered":"Palladium-Metall"},"content":{"rendered":"<h2><span style=\"font-size: 14pt;\">\u00dcbersicht \u00fcber Palladium-Metall-Sputtertargets<\/span><\/h2>\n<p><span style=\"color: #0000ff;\"><a style=\"color: #0000ff;\" href=\"https:\/\/ulpmat.com\/de\/search\/?type=name&#038;keyword=Palladium+metal\">Palladium-Metall<\/a><\/span><br \/>\n-Sputtertargets sind D\u00fcnnschicht-Abscheidungstargets, die haupts\u00e4chlich aus hochreinem Palladium durch Vakuumschmelzen, Pr\u00e4zisionsbearbeitung und Homogenisierungspressen hergestellt werden. Aufgrund ihrer ausgezeichneten chemischen Tr\u00e4gheit, ihrer \u00fcberlegenen Haftungseigenschaften und ihrer stabilen D\u00fcnnschichtstruktur spielen Palladium-Targets eine unersetzliche Rolle bei der Herstellung mikroelektronischer Bauelemente, der Entwicklung funktionaler D\u00fcnnschichten und der Forschung im Bereich Nanomaterialien.<\/p>\n<p>Wir bieten Palladium-Sputter-Targets in verschiedenen Gr\u00f6\u00dfen, Dicken und mit einer Reinheit von 99,99 % an. Formen (rund, quadratisch, rechteckig), Backplane-Bonding-Verfahren und Kornverteilungen k\u00f6nnen an verschiedene Vakuumbeschichtungsanlagen angepasst werden. F\u00fcr Anfragen oder technischen Support <span style=\"color: #0000ff;\"><a style=\"color: #0000ff;\" href=\"https:\/\/ulpmat.com\/de\/kontakt-us\/\">wenden Sie<\/a><\/span><br \/>\n<span style=\"color: #0000ff;\"><a style=\"color: #0000ff;\" href=\"https:\/\/ulpmat.com\/de\/kontakt-us\/\">sich<\/a><\/span><br \/>\nbitte <span style=\"color: #0000ff;\"><a style=\"color: #0000ff;\" href=\"https:\/\/ulpmat.com\/de\/kontakt-us\/\">an uns.<\/a><\/span><\/p>\n<h2><span style=\"font-size: 14pt;\">Produkt-Highlights<\/span><\/h2>\n<p>Hochreines Palladium-Rohmaterial f\u00fcr eine stabile Filmqualit\u00e4t.<br \/>\nExtrem geringer Einschlussgehalt, geeignet f\u00fcr pr\u00e4zise Halbleiteranwendungen.<br \/>\nGleichm\u00e4\u00dfige Korngr\u00f6\u00dfe, stabile Sputterrate.<br \/>\nAnpassbare Gr\u00f6\u00dfe, Form und R\u00fcckwand.<br \/>\nHervorragende Oberfl\u00e4chenebenheit, wodurch Prozessabweichungen reduziert werden.<br \/>\nHohe Dichte, wodurch das Risiko eines abnormalen Targetbruchs verringert wird.<\/p>\n<h2><span style=\"font-size: 14pt;\">Anwendungen von Palladium-Metall-Sputter-Targets<\/span><\/h2>\n<p>Abscheidung von leitf\u00e4higen Schichten und Diffusionsbarriereschichten in der Elektronikindustrie.<br \/>\nHerstellung von Hochleistungssensoren und mikroelektromechanischen Systemen (MEMS).<br \/>\nFortschrittliche <span style=\"color: #0000ff;\"><a style=\"color: #0000ff;\" href=\"https:\/\/ulpmat.com\/de\/anwendung\/materialien-fuer-die-optik\/\">optische Schichten<\/a><\/span><br \/>\nund funktionale Ger\u00e4tebeschichtungen.<br \/>\nHerstellung und Erforschung von katalytischen Materialien und nanostrukturierten Materialien.<\/p>\n<h2><span style=\"color: #0000ff;\"><a style=\"color: #0000ff;\" href=\"https:\/\/ulpmat.com\/de\/unternehmen\/faqs\/\"><span style=\"font-size: 14pt;\">H\u00e4ufig gestellte Fragen<\/span><\/a><\/span><\/h2>\n<p>F1: Welche Verpackungsmethode verwenden Sie f\u00fcr Ihre Palladiumtargets?<br \/>\nA1: Jedes Target wird in einer staubfreien Umgebung vakuumversiegelt, mit zus\u00e4tzlichem Polstermaterial und einer sto\u00dffesten Au\u00dfenverpackung, um sicherzustellen, dass die Oberfl\u00e4che w\u00e4hrend des Transports nicht mechanisch besch\u00e4digt wird.<\/p>\n<p>F2: Was sind die Vorteile von Palladium-Sputter-Targets?<br \/>\nA2: Unsere Pd-Targets haben eine hohe Dichte, einen extrem niedrigen Sauerstoffgehalt und eine stabile Filmzusammensetzung, was die Sputterkonsistenz effektiv verbessert und f\u00fcr fortschrittliche Abscheidungsprozesse geeignet ist.<\/p>\n<p>F3: Bieten Sie Verarbeitungsdienstleistungen wie Backplane-Bonding an? A3: Ja. Wir unterst\u00fctzen Mo\/Cu-Backplate-Schwei\u00dfen, feines Polieren der Targetoberfl\u00e4che, Kantenverrundung und kundenspezifische Dickenbearbeitung, um eine perfekte \u00dcbereinstimmung zwischen dem Target und der Ausr\u00fcstung zu gew\u00e4hrleisten.<\/p>\n<p>F4: Wie sollten Palladiumtargets gelagert werden?<br \/>\nA4: Es wird empfohlen, sie in einer trockenen, staubfreien Umgebung zu lagern und sie versiegelt aufzubewahren, um eine Verunreinigung oder Oxidation der Oberfl\u00e4che zu vermeiden. Vor der Verwendung ist keine zus\u00e4tzliche Behandlung erforderlich.<\/p>\n<h2><span style=\"font-size: 14pt;\">Berichte<\/span><\/h2>\n<p>Jede Charge wird mit folgenden<br \/>\n<span style=\"color: #0000ff;\"><a style=\"color: #0000ff;\" href=\"https:\/\/ulpmat.com\/de\/service\/chemische-analyse\/\">Unterlagen<\/a><\/span><br \/>\ngeliefert:<br \/>\n<span style=\"color: #0000ff;\"><a style=\"color: #0000ff;\" href=\"https:\/\/ulpmat.com\/de\/service\/chemische-analyse\/\">Analysezertifikat (COA)<\/a><\/span><\/p>\n<p><span style=\"color: #0000ff;\"><a style=\"color: #0000ff;\" href=\"https:\/\/ulpmat.com\/de\/dokumente\/technisches-datenblatt\/\">Technisches Datenblatt (TDS)<\/a><\/span><\/p>\n<p><span style=\"color: #0000ff;\"><a style=\"color: #0000ff;\" href=\"https:\/\/ulpmat.com\/de\/dokumente\/sicherheitsdatenblatt\/\">Sicherheitsdatenblatt (MSDS)<\/a><\/span><br \/>\nTestberichte von Drittanbietern sind auf Anfrage erh\u00e4ltlich.<\/p>\n<h2><span style=\"font-size: 14pt;\">Warum sollten Sie sich f\u00fcr uns entscheiden?<\/span><\/h2>\n<p>Wir verf\u00fcgen \u00fcber ausgereifte Produktionskapazit\u00e4ten f\u00fcr Edelmetalltargets und kontrollieren streng den gesamten Prozess, von der \u00dcberpr\u00fcfung der Rohstoffreinheit bis zum Sintern, Verarbeiten und Testen der Targets. Durch fortschrittliche Kornkontrolltechnologie k\u00f6nnen wir hochdichte, fehlerarme Palladium-Sputter-Targets herstellen, die f\u00fcr die pr\u00e4zise D\u00fcnnschichtabscheidung geeignet sind.<\/p>\n<p>Wir unterst\u00fctzen eine schnelle Anpassung, flexible Lieferung und <span style=\"color: #0000ff;\"><a style=\"color: #0000ff;\" href=\"https:\/\/ulpmat.com\/de\/service\/technische-unterstuetzung\/\">technischen Support<\/a><\/span><br \/>\ndurch Ingenieure und sind bestrebt, eine zuverl\u00e4ssige und stabile Versorgung mit Palladium-Sputtertargets f\u00fcr globale <span style=\"color: #0000ff;\"><a style=\"color: #0000ff;\" href=\"https:\/\/ulpmat.com\/de\/anwendung\/halbleiter-materialien\/\">Halbleiterhersteller,<\/a><\/span><br \/>\nHersteller von Beschichtungsanlagen und Forschungsanwender sicherzustellen. Wenn Sie sich f\u00fcr uns entscheiden, sichern Sie sich eine nachhaltige Versorgung, hochwertige Materialien und einen reaktionsschnellen Service.<\/p>\n","protected":false},"excerpt":{"rendered":"<p>\u00dcbersicht \u00fcber Palladium-Metall-Sputtertargets Palladium-Metall -Sputtertargets sind D\u00fcnnschicht-Abscheidungstargets, die haupts\u00e4chlich aus hochreinem Palladium durch Vakuumschmelzen, Pr\u00e4zisionsbearbeitung und Homogenisierungspressen hergestellt werden. Aufgrund ihrer ausgezeichneten chemischen Tr\u00e4gheit, ihrer \u00fcberlegenen Haftungseigenschaften und ihrer stabilen D\u00fcnnschichtstruktur spielen Palladium-Targets eine unersetzliche Rolle bei der Herstellung mikroelektronischer Bauelemente, der Entwicklung funktionaler D\u00fcnnschichten und der Forschung im Bereich Nanomaterialien. Wir bieten Palladium-Sputter-Targets in [&hellip;]<\/p>\n","protected":false},"featured_media":39722,"template":"","meta":{"_acf_changed":false},"product_brand":[132],"product_cat":[278],"product_tag":[4773],"class_list":{"0":"post-39721","1":"product","2":"type-product","3":"status-publish","4":"has-post-thumbnail","6":"product_brand-ulpmat","7":"product_cat-metall-sputtering-target","8":"product_tag-palladium-metall-sputtering-target","10":"first","11":"instock","12":"shipping-taxable","13":"product-type-variable"},"acf":[],"_links":{"self":[{"href":"https:\/\/ulpmat.com\/de\/wp-json\/wp\/v2\/product\/39721","targetHints":{"allow":["GET"]}}],"collection":[{"href":"https:\/\/ulpmat.com\/de\/wp-json\/wp\/v2\/product"}],"about":[{"href":"https:\/\/ulpmat.com\/de\/wp-json\/wp\/v2\/types\/product"}],"wp:featuredmedia":[{"embeddable":true,"href":"https:\/\/ulpmat.com\/de\/wp-json\/wp\/v2\/media\/39722"}],"wp:attachment":[{"href":"https:\/\/ulpmat.com\/de\/wp-json\/wp\/v2\/media?parent=39721"}],"wp:term":[{"taxonomy":"product_brand","embeddable":true,"href":"https:\/\/ulpmat.com\/de\/wp-json\/wp\/v2\/product_brand?post=39721"},{"taxonomy":"product_cat","embeddable":true,"href":"https:\/\/ulpmat.com\/de\/wp-json\/wp\/v2\/product_cat?post=39721"},{"taxonomy":"product_tag","embeddable":true,"href":"https:\/\/ulpmat.com\/de\/wp-json\/wp\/v2\/product_tag?post=39721"}],"curies":[{"name":"wp","href":"https:\/\/api.w.org\/{rel}","templated":true}]}}