{"id":39684,"date":"2025-11-20T14:29:49","date_gmt":"2025-11-20T06:29:49","guid":{"rendered":"https:\/\/ulpmat.com\/product\/palladiumchlorid\/"},"modified":"2025-11-20T14:29:49","modified_gmt":"2025-11-20T06:29:49","slug":"palladiumchlorid","status":"publish","type":"product","link":"https:\/\/ulpmat.com\/de\/produkt\/palladiumchlorid\/","title":{"rendered":"Palladiumchlorid"},"content":{"rendered":"<h2><span style=\"font-size: 14pt;\">\u00dcbersicht \u00fcber Palladiumchloridpulver<\/span><\/h2>\n<p><span style=\"color: #0000ff;\"><a style=\"color: #0000ff;\" href=\"https:\/\/ulpmat.com\/de\/search\/?type=name&#038;keyword=Palladium+Chloride\">Palladiumchloridpulver<\/a><\/span><br \/>\nist ein tiefrotes oder br\u00e4unlich-rotes kristallines Pulver mit ausgezeichneter katalytischer Aktivit\u00e4t und chemischer Reaktionsselektivit\u00e4t. Es ist ein wichtiger Rohstoff f\u00fcr die Herstellung von homogenen Katalysatoren, Edelmetall-Galvanisierungsl\u00f6sungen, Palladium-Nanomaterialien und Feinchemikalien. Aufgrund seiner hohen Reinheit und Stabilit\u00e4t wird es h\u00e4ufig in der Pharmaindustrie, der chemischen Synthese, der Materialwissenschaft und der Edelmetallrecyclingindustrie eingesetzt.<\/p>\n<p>Wir k\u00f6nnen Palladiumchloridpulver in verschiedenen Reinheitsgraden, Partikelgr\u00f6\u00dfen und Verpackungsspezifikationen entsprechend Ihren Anforderungen liefern und unterst\u00fctzen Gro\u00dflieferungen, kundenspezifische Verpackungen und schnelle Lieferungen. Ganz gleich, ob Sie Produkte in Laborqualit\u00e4t oder Materialien in Industriequalit\u00e4t ben\u00f6tigen, wir k\u00f6nnen Ihre Anforderungen erf\u00fcllen.<span style=\"color: #0000ff;\"><a style=\"color: #0000ff;\" href=\"https:\/\/ulpmat.com\/de\/kontakt-us\/\"> Kontaktieren Sie uns<\/a><\/span><br \/>\nf\u00fcr ein Echtzeit-Angebot.<\/p>\n<h2><span style=\"font-size: 14pt;\">Produkt-Highlights<\/span><\/h2>\n<p>Hochreines PdCl2 mit streng kontrolliertem Gehalt an Verunreinigungen.<br \/>\nGleichm\u00e4\u00dfige Partikelgr\u00f6\u00dfe und stabile L\u00f6slichkeit.<br \/>\nGeeignet f\u00fcr verschiedene katalytische Reaktionssysteme.<br \/>\nErh\u00e4ltlich in kleinen Verpackungen und als Gro\u00dflieferung.<br \/>\nHohe Reaktionsselektivit\u00e4t und hervorragende katalytische Leistung.<br \/>\nFeuchtigkeits- und verschmutzungsgesch\u00fctzte Verpackung. Auf Anfrage sind<br \/>\n<span style=\"color: #0000ff;\"><a style=\"color: #0000ff;\" href=\"https:\/\/ulpmat.com\/de\/service\/personalisierung\/\">anpassbare<\/a><\/span><br \/>\nFormulierungen und Qualit\u00e4ten erh\u00e4ltlich.<br \/>\nStarke globale Lieferkapazit\u00e4t.<\/p>\n<h2><span style=\"font-size: 14pt;\">Anwendungen von Palladiumchloridpulver<\/span><\/h2>\n<p>Homogene Katalyse: Verwendung in katalytischen Systemen f\u00fcr C\u2013C-, C\u2013N-Kupplungen und andere organische Synthesen.<br \/>\nEdelmetallgalvanisierung: Wird als wichtige Palladiumquelle in elektronischen Bauteilen und dekorativen Beschichtungen verwendet.<br \/>\nHerstellung von Nanomaterialien: Wird f\u00fcr die Synthese von Palladium-Nanopartikeln und Verbundkatalysatormaterialien verwendet.<br \/>\nFeinchemikalienproduktion: Wird f\u00fcr die Herstellung von pharmazeutischen Zwischenprodukten und Spezialchemikalien-Rohstoffen verwendet.<\/p>\n<h2><span style=\"color: #0000ff;\"><a style=\"color: #0000ff;\" href=\"https:\/\/ulpmat.com\/de\/unternehmen\/faqs\/\"><span style=\"font-size: 14pt;\">H\u00e4ufig gestellte Fragen<\/span><\/a><\/span><\/h2>\n<p>F1: Wie wird Ihr Palladiumchlorid-Pulver verpackt?<br \/>\nA: Das Pulver wird in einer Verpackung versiegelt, um es w\u00e4hrend des Transports vor Feuchtigkeit, Licht und Verschmutzung zu sch\u00fctzen.<\/p>\n<p>F2: Wird das Pulver w\u00e4hrend des Transports feucht oder oxidiert?<br \/>\nA: Nein. Wir verwenden professionell entwickelte Verpackungen mit feuchtigkeits- und auslaufsicheren Eigenschaften in Kombination mit einem sicheren internationalen Expressversand, um sicherzustellen, dass die Materialien unversehrt ankommen.<\/p>\n<p>F3: Was sind die Vorteile Ihres PdCl2-Pulvers?<br \/>\nA: Wir bieten hochreine, stabile und chargenkonsistente Produkte, die f\u00fcr jede Anwendung geeignet sind, die eine hohe katalytische Aktivit\u00e4t erfordert.<\/p>\n<p>F4: Wie lauten die Lagerungsanforderungen f\u00fcr das Produkt?<br \/>\nA: Wir empfehlen, Palladiumchlorid in einer trockenen, k\u00fchlen Umgebung zu lagern, den Beh\u00e4lter verschlossen zu halten und direkte Sonneneinstrahlung sowie l\u00e4ngere Exposition gegen\u00fcber Luft zu vermeiden.<\/p>\n<h2><span style=\"font-size: 14pt;\">Berichte<\/span><\/h2>\n<p>Jede Charge wird geliefert mit:<br \/>\n<span style=\"color: #0000ff;\"><a style=\"color: #0000ff;\" href=\"https:\/\/ulpmat.com\/de\/service\/chemische-analyse\/\">Analysezertifikat (COA)<\/a><\/span><\/p>\n<p><span style=\"color: #0000ff;\"><a style=\"color: #0000ff;\" href=\"https:\/\/ulpmat.com\/de\/dokumente\/technisches-datenblatt\/\">Technisches Datenblatt (TDS)<\/a><\/span><\/p>\n<p><span style=\"color: #0000ff;\"><a style=\"color: #0000ff;\" href=\"https:\/\/ulpmat.com\/de\/dokumente\/sicherheitsdatenblatt\/\">Sicherheitsdatenblatt (MSDS)<\/a><\/span><br \/>\nTestberichte von Drittanbietern sind auf Anfrage erh\u00e4ltlich<\/p>\n<h2><span style=\"font-size: 14pt;\">Warum sollten Sie sich f\u00fcr uns entscheiden?<\/span><\/h2>\n<p>Mit unserem Palladiumchlorid-Pulver erhalten Sie hochreine, stabile, zuverl\u00e4ssige und chargenkonsistente Edelmetallchemikalien, die f\u00fcr Forschung und industrielle Produktion geeignet sind. Wir verf\u00fcgen \u00fcber ein strenges Qualit\u00e4tssicherungssystem, umfassende Testger\u00e4te und langj\u00e4hrige Erfahrung in der Herstellung von Edelmetallmaterialien, wodurch eine stabile Versorgung und schnelle weltweite Lieferung gew\u00e4hrleistet sind. Unser technisches Team bietet Ihnen professionelle Beratung, L\u00f6sungen und ma\u00dfgeschneiderte Dienstleistungen, um Ihre Experimente und Ihre Produktion reibungsloser und effizienter zu gestalten.<\/p>\n","protected":false},"excerpt":{"rendered":"<p>\u00dcbersicht \u00fcber Palladiumchloridpulver Palladiumchloridpulver ist ein tiefrotes oder br\u00e4unlich-rotes kristallines Pulver mit ausgezeichneter katalytischer Aktivit\u00e4t und chemischer Reaktionsselektivit\u00e4t. Es ist ein wichtiger Rohstoff f\u00fcr die Herstellung von homogenen Katalysatoren, Edelmetall-Galvanisierungsl\u00f6sungen, Palladium-Nanomaterialien und Feinchemikalien. Aufgrund seiner hohen Reinheit und Stabilit\u00e4t wird es h\u00e4ufig in der Pharmaindustrie, der chemischen Synthese, der Materialwissenschaft und der Edelmetallrecyclingindustrie eingesetzt. Wir [&hellip;]<\/p>\n","protected":false},"featured_media":39685,"template":"","meta":{"_acf_changed":false},"product_brand":[132],"product_cat":[318],"product_tag":[4761],"class_list":{"0":"post-39684","1":"product","2":"type-product","3":"status-publish","4":"has-post-thumbnail","6":"product_brand-ulpmat","7":"product_cat-halogenid-materialien","8":"product_tag-palladiumchlorid-pulver","10":"first","11":"instock","12":"shipping-taxable","13":"product-type-variable"},"acf":[],"_links":{"self":[{"href":"https:\/\/ulpmat.com\/de\/wp-json\/wp\/v2\/product\/39684","targetHints":{"allow":["GET"]}}],"collection":[{"href":"https:\/\/ulpmat.com\/de\/wp-json\/wp\/v2\/product"}],"about":[{"href":"https:\/\/ulpmat.com\/de\/wp-json\/wp\/v2\/types\/product"}],"wp:featuredmedia":[{"embeddable":true,"href":"https:\/\/ulpmat.com\/de\/wp-json\/wp\/v2\/media\/39685"}],"wp:attachment":[{"href":"https:\/\/ulpmat.com\/de\/wp-json\/wp\/v2\/media?parent=39684"}],"wp:term":[{"taxonomy":"product_brand","embeddable":true,"href":"https:\/\/ulpmat.com\/de\/wp-json\/wp\/v2\/product_brand?post=39684"},{"taxonomy":"product_cat","embeddable":true,"href":"https:\/\/ulpmat.com\/de\/wp-json\/wp\/v2\/product_cat?post=39684"},{"taxonomy":"product_tag","embeddable":true,"href":"https:\/\/ulpmat.com\/de\/wp-json\/wp\/v2\/product_tag?post=39684"}],"curies":[{"name":"wp","href":"https:\/\/api.w.org\/{rel}","templated":true}]}}