{"id":39510,"date":"2025-11-25T09:43:57","date_gmt":"2025-11-25T01:43:57","guid":{"rendered":"https:\/\/ulpmat.com\/product\/rutheniumchlorid\/"},"modified":"2025-11-25T09:43:57","modified_gmt":"2025-11-25T01:43:57","slug":"rutheniumchlorid","status":"publish","type":"product","link":"https:\/\/ulpmat.com\/de\/produkt\/rutheniumchlorid\/","title":{"rendered":"Rutheniumchlorid"},"content":{"rendered":"<h2><span style=\"font-size: 14pt;\">\u00dcbersicht \u00fcber Rutheniumchloridpulver<\/span><\/h2>\n<p><span style=\"color: #0000ff;\"><a style=\"color: #0000ff;\" href=\"https:\/\/ulpmat.com\/de\/search\/?type=name&#038;keyword=Ruthenium+Chloride\">Rutheniumchloridpulver<\/a><\/span><br \/>\nist eine hochreaktive, dunkel gef\u00e4rbte kristalline Edelmetallverbindung, die h\u00e4ufig bei der Herstellung von Katalysatoren, elektronischen chemischen Materialien, Edelmetallverbindungsprecursoren und Nanomaterialien verwendet wird. Aufgrund seiner hervorragenden chemischen Eigenschaften hat es einen extrem hohen Anwendungswert in der wissenschaftlichen Forschung und bei der Herstellung von Funktionsmaterialien.<\/p>\n<p>Wir liefern hochreines Rutheniumchlorid-Pulver in verschiedenen Spezifikationen und unterst\u00fctzen sowohl <span style=\"color: #0000ff;\"><a style=\"color: #0000ff;\" href=\"https:\/\/ulpmat.com\/de\/service\/personalisierung\/\">die Anpassung<\/a><\/span><br \/>\nan Forschungs- als auch an Industrieanforderungen. Wir k\u00f6nnen je nach Kundenwunsch Sonderverpackungen und Gro\u00dflieferungen anbieten.<span style=\"color: #0000ff;\"><a style=\"color: #0000ff;\" href=\"https:\/\/ulpmat.com\/de\/kontakt-us\/\"> Kontaktieren Sie uns.<\/a><\/span><\/p>\n<h2><span style=\"font-size: 14pt;\">Produkt-Highlights<\/span><\/h2>\n<p>Hochreine Edelmetallverbindung<br \/>\nGleichm\u00e4\u00dfige Partikelgr\u00f6\u00dfe, leichte Dispergierbarkeit<br \/>\nStabile Aktivit\u00e4t, ausgezeichnete Reaktivit\u00e4t<br \/>\nGeeignet f\u00fcr verschiedene katalytische Systeme<br \/>\nGute Chargenkonsistenz, kontrollierbare Qualit\u00e4t<br \/>\nMehrere Spezifikationen verf\u00fcgbar, Anpassung m\u00f6glich<br \/>\nSichere Verpackung, zuverl\u00e4ssiger Transport<br \/>\nStabile Lieferkette, langfristige Lieferung m\u00f6glich<\/p>\n<h2><span style=\"font-size: 14pt;\">Anwendungen von Rutheniumchloridpulver<\/span><\/h2>\n<p>Verwendet f\u00fcr die Herstellung von Edelmetallkatalysatoren und homogenen\/heterogenen katalytischen Materialien.<br \/>\nVerwendet als wichtiger Vorl\u00e4ufer in der elektronischen Chemie und in Energieumwandlungssystemen.<br \/>\nAls wichtiger synthetischer Rohstoff f\u00fcr Nanorutheniummaterialien und Spezialbeschichtungen.<br \/>\nGeeignet f\u00fcr die Forschung und Pr\u00fcfung von Feinchemikalien und Edelmetallverbindungen.<\/p>\n<h2><span style=\"color: #0000ff;\"><a style=\"color: #0000ff;\" href=\"https:\/\/ulpmat.com\/de\/unternehmen\/faqs\/\"><span style=\"font-size: 14pt;\">H\u00e4ufig gestellte Fragen<\/span><\/a><\/span><\/h2>\n<p>F1: F\u00fcr welche Verarbeitungsmethoden ist Rutheniumchloridpulver geeignet?<br \/>\nA1: Geeignet f\u00fcr Aufl\u00f6sungsreaktionen, nasschemische Verfahren, Ligandenkomplexierung, thermische Zersetzungssynthese und andere Prozesse.<\/p>\n<p>F2: Welche Lagerungsanforderungen gelten f\u00fcr dieses Rutheniumsalz?<br \/>\nA2: Es muss in einem verschlossenen Beh\u00e4lter vor Licht und Feuchtigkeit gesch\u00fctzt gelagert werden. Es wird empfohlen, es in einer trockenen Umgebung zu lagern, um zu vermeiden, dass Feuchtigkeit die Materialqualit\u00e4t beeintr\u00e4chtigt.<\/p>\n<p>F3: Was sind die Vorteile von Rutheniumchlorid?<br \/>\nA3: Es hat eine hohe Reinheit, eine hohe Reaktivit\u00e4t und ein breites Anwendungsspektrum und weist eine ausgezeichnete Selektivit\u00e4t und Stabilit\u00e4t bei der Katalyse und Materialherstellung auf.<\/p>\n<p>F4: Welche zus\u00e4tzlichen Supportleistungen bieten Sie an?<br \/>\nA4: Wir bieten technische Beratung, kundenspezifische Spezifikationen, Gro\u00dflieferungen, Pr\u00fcfberichte und After-Sales-Beratung, um Kunden bei der effizienteren Nutzung des Materials zu unterst\u00fctzen.<\/p>\n<h2><span style=\"font-size: 14pt;\">Berichte<\/span><\/h2>\n<p>Jede Charge wird mit folgenden Unterlagen geliefert:<br \/>\n<span style=\"color: #0000ff;\"><a style=\"color: #0000ff;\" href=\"https:\/\/ulpmat.com\/de\/dokumente\/zertifikat-der-analyse\/\">Analysezertifikat (COA)<\/a><\/span><\/p>\n<p><span style=\"color: #0000ff;\"><a style=\"color: #0000ff;\" href=\"https:\/\/ulpmat.com\/de\/dokumente\/technisches-datenblatt\/\">Technisches Datenblatt (TDS)<\/a><\/span><\/p>\n<p><span style=\"color: #0000ff;\"><a style=\"color: #0000ff;\" href=\"https:\/\/ulpmat.com\/de\/dokumente\/sicherheitsdatenblatt\/\">Sicherheitsdatenblatt (MSDS)<\/a><\/span><br \/>\nPr\u00fcfberichte von Drittanbietern sind auf Anfrage erh\u00e4ltlich.<\/p>\n<h2><span style=\"font-size: 14pt;\">Warum sollten Sie sich f\u00fcr uns entscheiden?<\/span><\/h2>\n<p>Wir verf\u00fcgen \u00fcber ein ausgereiftes Produktionssystem f\u00fcr Edelmetallverbindungen, das eine stabile Qualit\u00e4t und flexible Lieferkapazit\u00e4ten gew\u00e4hrleistet.<br \/>\nAlle Produkte durchlaufen strenge Testverfahren mit vollst\u00e4ndigen und r\u00fcckverfolgbaren Daten, die f\u00fcr Forschung und Anwendungsentwicklung geeignet sind.<br \/>\nWir bieten einen schnellen Kundensupport, der eine zeitnahe Bearbeitung von Beschaffungsanfragen, Musteranforderungen und technischen Fragen gew\u00e4hrleistet.<br \/>\nWir verf\u00fcgen \u00fcber umfangreiche Exporterfahrung und sichere Verpackungsl\u00f6sungen, die eine sichere Lieferung der Produkte weltweit gew\u00e4hrleisten.<br \/>\nWir sind bestrebt, unseren Kunden hochstabile, hochreine und kosteng\u00fcnstige Edelmetallmaterialien anzubieten.<\/p>\n","protected":false},"excerpt":{"rendered":"<p>\u00dcbersicht \u00fcber Rutheniumchloridpulver Rutheniumchloridpulver ist eine hochreaktive, dunkel gef\u00e4rbte kristalline Edelmetallverbindung, die h\u00e4ufig bei der Herstellung von Katalysatoren, elektronischen chemischen Materialien, Edelmetallverbindungsprecursoren und Nanomaterialien verwendet wird. Aufgrund seiner hervorragenden chemischen Eigenschaften hat es einen extrem hohen Anwendungswert in der wissenschaftlichen Forschung und bei der Herstellung von Funktionsmaterialien. Wir liefern hochreines Rutheniumchlorid-Pulver in verschiedenen Spezifikationen und [&hellip;]<\/p>\n","protected":false},"featured_media":39511,"template":"","meta":{"_acf_changed":false},"product_brand":[132],"product_cat":[318],"product_tag":[4713],"class_list":{"0":"post-39510","1":"product","2":"type-product","3":"status-publish","4":"has-post-thumbnail","6":"product_brand-ulpmat","7":"product_cat-halogenid-materialien","8":"product_tag-rutheniumchlorid-pulver","10":"first","11":"instock","12":"shipping-taxable","13":"product-type-variable"},"acf":[],"_links":{"self":[{"href":"https:\/\/ulpmat.com\/de\/wp-json\/wp\/v2\/product\/39510","targetHints":{"allow":["GET"]}}],"collection":[{"href":"https:\/\/ulpmat.com\/de\/wp-json\/wp\/v2\/product"}],"about":[{"href":"https:\/\/ulpmat.com\/de\/wp-json\/wp\/v2\/types\/product"}],"wp:featuredmedia":[{"embeddable":true,"href":"https:\/\/ulpmat.com\/de\/wp-json\/wp\/v2\/media\/39511"}],"wp:attachment":[{"href":"https:\/\/ulpmat.com\/de\/wp-json\/wp\/v2\/media?parent=39510"}],"wp:term":[{"taxonomy":"product_brand","embeddable":true,"href":"https:\/\/ulpmat.com\/de\/wp-json\/wp\/v2\/product_brand?post=39510"},{"taxonomy":"product_cat","embeddable":true,"href":"https:\/\/ulpmat.com\/de\/wp-json\/wp\/v2\/product_cat?post=39510"},{"taxonomy":"product_tag","embeddable":true,"href":"https:\/\/ulpmat.com\/de\/wp-json\/wp\/v2\/product_tag?post=39510"}],"curies":[{"name":"wp","href":"https:\/\/api.w.org\/{rel}","templated":true}]}}