{"id":39186,"date":"2025-11-25T09:44:00","date_gmt":"2025-11-25T01:44:00","guid":{"rendered":"https:\/\/ulpmat.com\/product\/molybdaen-metall\/"},"modified":"2025-11-25T09:44:00","modified_gmt":"2025-11-25T01:44:00","slug":"molybdaen-metall","status":"publish","type":"product","link":"https:\/\/ulpmat.com\/de\/produkt\/molybdaen-metall\/","title":{"rendered":"Molybd\u00e4n-Metall"},"content":{"rendered":"<h2><span style=\"font-size: 14pt;\">\u00dcbersicht \u00fcber rotierende Molybd\u00e4n-Metallziele<\/span><\/h2>\n<p>Rotierende<br \/>\n<span style=\"color: #0000ff;\"><a style=\"color: #0000ff;\" href=\"https:\/\/ulpmat.com\/de\/search\/?type=name&#038;keyword=Molybdenum+Metal\">Molybd\u00e4n<\/a><\/span><br \/>\n-Metallziele sind hochreine Metallziele, die f\u00fcr Magnetron-Sputter- und Vakuumverdampfungsprozesse entwickelt wurden. Sie zeichnen sich durch hohe Dichte, gute W\u00e4rmeleitf\u00e4higkeit und ausgezeichnete mechanische Festigkeit aus. Ihr rotierendes Design verbessert die Sputtergleichm\u00e4\u00dfigkeit und die Lebensdauer der Ziele erheblich und macht sie ideal f\u00fcr die Herstellung von hochleistungsf\u00e4higen elektronischen D\u00fcnnschichten, leitf\u00e4higen Schichten und funktionellen Beschichtungen.<\/p>\n<p>Wir bieten eine Vielzahl von rotierenden Molybd\u00e4n-Targets in verschiedenen Durchmessern, L\u00e4ngen und Reinheitsgraden an und unterst\u00fctzen auch Backplane-Bonding, Oberfl\u00e4chenveredelung und kundenspezifische Gr\u00f6\u00dfenanpassungen. F\u00fcr Muster, Spezifikationen oder Angebote <span style=\"color: #0000ff;\"><a style=\"color: #0000ff;\" href=\"https:\/\/ulpmat.com\/de\/kontakt-us\/\">kontaktieren Sie uns<\/a><\/span><br \/>\nbitte<span style=\"color: #0000ff;\"><a style=\"color: #0000ff;\" href=\"https:\/\/ulpmat.com\/de\/kontakt-us\/\">.<\/a><\/span><\/p>\n<h2><span style=\"font-size: 14pt;\">Produkt-Highlights<\/span><\/h2>\n<p>Hochreines Molybd\u00e4nmaterial mit geringem Verunreinigungsgehalt<br \/>\nRotierendes Design f\u00fcr l\u00e4ngere Lebensdauer des Targets<br \/>\nAusgezeichnete W\u00e4rmeleitf\u00e4higkeit f\u00fcr gleichm\u00e4\u00dfiges Sputtern<br \/>\nStarke mechanische Eigenschaften, rissfest und verschlei\u00dffest<br \/>\nAnpassbare Gr\u00f6\u00dfen und Backplane-Typen<br \/>\nHohe Chargenkonsistenz, geeignet f\u00fcr die industrielle Massenproduktion<br \/>\nSchnelle Lieferung und technische Beratung verf\u00fcgbar<\/p>\n<h2><span style=\"font-size: 14pt;\">Anwendungen von rotierenden Molybd\u00e4n-Metallzielen<\/span><\/h2>\n<p>Verwendet f\u00fcr die D\u00fcnnschichtabscheidung in Hochleistungselektronikger\u00e4ten.<br \/>\nGeeignet f\u00fcr die Herstellung von leitf\u00e4higen und funktionellen Schichten.<br \/>\nIndustrielle Sputterprozesse f\u00fcr optische Beschichtungen und reflektierende Schichten.<br \/>\nVerwendung in wissenschaftlichen Forschungs- und industriellen Vakuumverdampfungs- und Beschichtungsprojekten.<\/p>\n<h2><span style=\"color: #0000ff;\"><a style=\"color: #0000ff;\" href=\"https:\/\/ulpmat.com\/de\/unternehmen\/faqs\/\"><span style=\"font-size: 14pt;\">H\u00e4ufig<\/span><\/a><\/span><\/h2>\n<h2><span style=\"color: #0000ff;\"><a style=\"color: #0000ff;\" href=\"https:\/\/ulpmat.com\/de\/unternehmen\/faqs\/\"><span style=\"font-size: 14pt;\">gestellte Fragen<\/span><\/a><\/span><\/h2>\n<p>F1: Welche kundenspezifischen Bearbeitungen sind f\u00fcr rotierende Targets verf\u00fcgbar?<br \/>\nA1: Wir bieten die Anpassung der Targetgr\u00f6\u00dfe, die Verklebung der R\u00fcckwand, das Schleifen und Polieren der Oberfl\u00e4che sowie die Bearbeitung auf bestimmte Dicken an.<\/p>\n<p>F2: Welche Lagerungsanforderungen gelten f\u00fcr Targets?<br \/>\nA2: Sie sollten in einer trockenen, gut bel\u00fcfteten Umgebung gelagert werden, wobei Feuchtigkeit und mechanische Einwirkungen zu vermeiden sind, um eine Oberfl\u00e4chenoxidation zu verhindern.<\/p>\n<p>F3: Was sind die Vorteile von rotierenden Molybd\u00e4n-Metall-Targets gegen\u00fcber gew\u00f6hnlichen flachen Targets?<br \/>\nA3: Das rotierende Design verbessert die Lebensdauer des Targets, sorgt f\u00fcr eine gleichm\u00e4\u00dfigere Sputterleistung und verringert das Risiko der Ansammlung von Hot Spots.<\/p>\n<p>F4: Welchen <span style=\"color: #0000ff;\"><a style=\"color: #0000ff;\" href=\"https:\/\/ulpmat.com\/de\/service\/service-nach-dem-verkauf\/\">Kundendienst<\/a><\/span><br \/>\noder technischen Support bieten Sie an?<br \/>\nA4: Wir bieten Beratung bei der Auswahl der Targets, Gr\u00f6\u00dfenmessung, Anleitung zum Sputterprozess, langfristige Lieferung und Anpassungsservices.<\/p>\n<h2><span style=\"font-size: 14pt;\">Bericht<\/span><\/h2>\n<p>Jede Charge wird mit folgenden Dokumenten geliefert:<br \/>\n<span style=\"color: #0000ff;\"><a style=\"color: #0000ff;\" href=\"https:\/\/ulpmat.com\/de\/dokumente\/zertifikat-der-analyse\/\">Analysezertifikat (COA)<\/a><\/span><\/p>\n<p><span style=\"color: #0000ff;\"><a style=\"color: #0000ff;\" href=\"https:\/\/ulpmat.com\/de\/dokumente\/technisches-datenblatt\/\">Technisches Datenblatt (TDS)<\/a><\/span><\/p>\n<p><span style=\"color: #0000ff;\"><a style=\"color: #0000ff;\" href=\"https:\/\/ulpmat.com\/de\/dokumente\/sicherheitsdatenblatt\/\">Sicherheitsdatenblatt (MSDS)<\/a><\/span><br \/>\nTestberichte von Drittanbietern sind auf Anfrage erh\u00e4ltlich.<\/p>\n<h2><span style=\"font-size: 14pt;\">Warum sollten Sie sich f\u00fcr uns entscheiden?<\/span><\/h2>\n<p>Wir verf\u00fcgen \u00fcber ausgereifte Technologien zur Herstellung von Spinning-Targets, die eine hohe Materialdichte und gleichm\u00e4\u00dfige W\u00e4rmeleitf\u00e4higkeit gew\u00e4hrleisten.<br \/>\nWir bieten flexible Anpassungsm\u00f6glichkeiten, um den unterschiedlichen Anforderungen in Forschung, Kleinserienfertigung und industrieller Massenproduktion gerecht zu werden.<br \/>\nJede Produktcharge wird mit Pr\u00fcfdaten geliefert, die die R\u00fcckverfolgbarkeit von Reinheit und Leistung gew\u00e4hrleisten.<br \/>\nUnser professionelles technisches Team bietet Unterst\u00fctzung w\u00e4hrend des gesamten Prozesses, einschlie\u00dflich Materialauswahl, Installationsanleitung und Nutzungsoptimierung.<br \/>\nSchnelle Lieferung und langfristige Lieferkapazit\u00e4ten erm\u00f6glichen es unseren Kunden, mehr Effizienz und Sicherheit in Forschung, Entwicklung und Produktion zu erreichen.<\/p>\n","protected":false},"excerpt":{"rendered":"<p>\u00dcbersicht \u00fcber rotierende Molybd\u00e4n-Metallziele Rotierende Molybd\u00e4n -Metallziele sind hochreine Metallziele, die f\u00fcr Magnetron-Sputter- und Vakuumverdampfungsprozesse entwickelt wurden. Sie zeichnen sich durch hohe Dichte, gute W\u00e4rmeleitf\u00e4higkeit und ausgezeichnete mechanische Festigkeit aus. Ihr rotierendes Design verbessert die Sputtergleichm\u00e4\u00dfigkeit und die Lebensdauer der Ziele erheblich und macht sie ideal f\u00fcr die Herstellung von hochleistungsf\u00e4higen elektronischen D\u00fcnnschichten, leitf\u00e4higen Schichten [&hellip;]<\/p>\n","protected":false},"featured_media":39187,"template":"","meta":{"_acf_changed":false},"product_brand":[132],"product_cat":[278,466],"product_tag":[4653],"class_list":{"0":"post-39186","1":"product","2":"type-product","3":"status-publish","4":"has-post-thumbnail","6":"product_brand-ulpmat","7":"product_cat-metall-sputtering-target","8":"product_cat-rotierende-zielscheiben","9":"product_tag-molybdan-metallrotarisches-ziel","11":"first","12":"instock","13":"shipping-taxable","14":"product-type-variable"},"acf":[],"_links":{"self":[{"href":"https:\/\/ulpmat.com\/de\/wp-json\/wp\/v2\/product\/39186","targetHints":{"allow":["GET"]}}],"collection":[{"href":"https:\/\/ulpmat.com\/de\/wp-json\/wp\/v2\/product"}],"about":[{"href":"https:\/\/ulpmat.com\/de\/wp-json\/wp\/v2\/types\/product"}],"wp:featuredmedia":[{"embeddable":true,"href":"https:\/\/ulpmat.com\/de\/wp-json\/wp\/v2\/media\/39187"}],"wp:attachment":[{"href":"https:\/\/ulpmat.com\/de\/wp-json\/wp\/v2\/media?parent=39186"}],"wp:term":[{"taxonomy":"product_brand","embeddable":true,"href":"https:\/\/ulpmat.com\/de\/wp-json\/wp\/v2\/product_brand?post=39186"},{"taxonomy":"product_cat","embeddable":true,"href":"https:\/\/ulpmat.com\/de\/wp-json\/wp\/v2\/product_cat?post=39186"},{"taxonomy":"product_tag","embeddable":true,"href":"https:\/\/ulpmat.com\/de\/wp-json\/wp\/v2\/product_tag?post=39186"}],"curies":[{"name":"wp","href":"https:\/\/api.w.org\/{rel}","templated":true}]}}