{"id":39132,"date":"2025-11-25T09:44:01","date_gmt":"2025-11-25T01:44:01","guid":{"rendered":"https:\/\/ulpmat.com\/product\/molybdaenkarbid\/"},"modified":"2025-11-25T09:44:01","modified_gmt":"2025-11-25T01:44:01","slug":"molybdaenkarbid","status":"publish","type":"product","link":"https:\/\/ulpmat.com\/de\/produkt\/molybdaenkarbid\/","title":{"rendered":"Molybd\u00e4nkarbid"},"content":{"rendered":"<h2><span style=\"font-size: 14pt;\">\u00dcbersicht \u00fcber Sputtertargets aus Molybd\u00e4nkarbid<\/span><\/h2>\n<p>Sputtertargets<br \/>\n<span style=\"color: #0000ff;\"><a style=\"color: #0000ff;\" href=\"https:\/\/ulpmat.com\/de\/search\/?type=name&#038;keyword=Molybdenum+carbide\">aus Molybd\u00e4nkarbid<\/a><\/span><br \/>\nsind Funktionsmaterialien, die sich durch hohe H\u00e4rte, ausgezeichnete Verschlei\u00dffestigkeit und hervorragende chemische Stabilit\u00e4t auszeichnen. Sie werden h\u00e4ufig zur Herstellung von Hochleistungsbeschichtungen, verschlei\u00dffesten D\u00fcnnschichten, leitf\u00e4higen Schichten und elektronischen Strukturfilmen verwendet. Aufgrund ihrer thermischen Stabilit\u00e4t und Filmgleichm\u00e4\u00dfigkeit eignen sie sich ideal f\u00fcr fortschrittliche D\u00fcnnschichttechnologien und industrielle Beschichtungsanwendungen.<\/p>\n<p>Wir liefern Molybd\u00e4nkarbid-Sputter-Targets in verschiedenen Reinheitsgraden, Strukturen und kundenspezifischen Gr\u00f6\u00dfen und bieten Unterst\u00fctzung bei der Backplane-Bonding, Pr\u00e4zisionsbearbeitung und Chargenlieferung. <span style=\"color: #0000ff;\"><a style=\"color: #0000ff;\" href=\"https:\/\/ulpmat.com\/de\/kontakt-us\/\">Kontaktieren Sie uns<\/a><\/span><br \/>\numgehend f\u00fcr<span style=\"color: #0000ff;\"><a style=\"color: #0000ff;\" href=\"https:\/\/ulpmat.com\/de\/service\/technische-unterstuetzung\/\"> technischen Support.<\/a><\/span><\/p>\n<h2><span style=\"font-size: 14pt;\">Produkt-Highlights<\/span><\/h2>\n<p>Hervorragende Hochtemperaturstabilit\u00e4t<br \/>\nHohe Verschlei\u00dffestigkeit und H\u00e4rte<br \/>\nHervorragende D\u00fcnnschicht-Haftung<br \/>\nGleichbleibende Filmstruktur<br \/>\nGeringer Verunreinigungsgehalt und kontrollierbare Reinheit<br \/>\nKundenspezifische Gr\u00f6\u00dfen und Backplane-Typen verf\u00fcgbar<br \/>\nChargenstabilit\u00e4t, geeignet f\u00fcr die Massenproduktion von Beschichtungen<br \/>\nKontrollierbare Sputterrate und gleichm\u00e4\u00dfige Filmschicht<\/p>\n<h2><span style=\"font-size: 14pt;\">Anwendungen von Sputtertargets aus Molybd\u00e4ncarbid<\/span><\/h2>\n<p>Zur Herstellung von verschlei\u00dffesten und korrosionsbest\u00e4ndigen D\u00fcnnschichtbeschichtungen.<br \/>\nZur Abscheidung von Funktionsfilmen in elektronischen Ger\u00e4ten.<br \/>\nZur Erzielung verbesserter Beschichtungen in der Werkzeug- und Formenbauindustrie.<br \/>\nVerwendung f\u00fcr hochleistungsf\u00e4hige elektrokatalytische Schichten und die forschungsorientierte Entwicklung von D\u00fcnnschichten.<\/p>\n<h2><span style=\"color: #0000ff;\"><a style=\"color: #0000ff;\" href=\"https:\/\/ulpmat.com\/de\/unternehmen\/faqs\/\"><span style=\"font-size: 14pt;\">H\u00e4ufig gestellte Fragen<\/span><\/a><\/span><\/h2>\n<p>F1: Welche Arten von Molybd\u00e4nkarbid-Targets k\u00f6nnen Sie verarbeiten?<br \/>\nA1: Wir k\u00f6nnen runde Targets, rechteckige Targets und Bogentargets verarbeiten und bieten eine Reihe von fortschrittlichen Verarbeitungsdienstleistungen an, darunter Pr\u00e4zisionsschleifen, Anfasen und Hinterkleben.<\/p>\n<p>F2: Welche Vorsichtsma\u00dfnahmen sollten bei der Lagerung von Targets getroffen werden?<br \/>\nA2: Targets sollten in einer versiegelten, feuchtigkeitsbest\u00e4ndigen Verpackung aufbewahrt werden, um Kollisionen mit harten Gegenst\u00e4nden zu vermeiden, und in einer sauberen Umgebung gelagert werden, um die Oberfl\u00e4chenqualit\u00e4t des Targets zu sch\u00fctzen.<\/p>\n<p>F3: Was sind die Hauptvorteile dieses Targets?<br \/>\nA3: Es verf\u00fcgt \u00fcber eine ausgezeichnete Hochtemperaturbest\u00e4ndigkeit, eine stabile Sputterleistung und eine hohe Verschlei\u00dffestigkeit, wodurch es sich ideal f\u00fcr Beschichtungsprozesse mit hohen Anforderungen an die D\u00fcnnschichtqualit\u00e4t eignet.<\/p>\n<p>F4: Welche zus\u00e4tzlichen Dienstleistungen k\u00f6nnen Sie anbieten?<br \/>\nA4: Wir bieten technische Beratung, Beratung zu Sputterparametern, Reparaturdienste f\u00fcr Targets und flexible Lieferunterst\u00fctzung f\u00fcr Gro\u00dfauftr\u00e4ge.<\/p>\n<h2><span style=\"font-size: 14pt;\">Berichte<\/span><\/h2>\n<p>Jede Charge wird mit folgenden Dokumenten geliefert:<br \/>\n<span style=\"color: #0000ff;\"><a style=\"color: #0000ff;\" href=\"https:\/\/ulpmat.com\/de\/dokumente\/zertifikat-der-analyse\/\">Analysezertifikat (COA)<\/a><\/span><\/p>\n<p><span style=\"color: #0000ff;\"><a style=\"color: #0000ff;\" href=\"https:\/\/ulpmat.com\/de\/dokumente\/technisches-datenblatt\/\">Technisches Datenblatt (TDS)<\/a><\/span><\/p>\n<p><span style=\"color: #0000ff;\"><a style=\"color: #0000ff;\" href=\"https:\/\/ulpmat.com\/de\/dokumente\/sicherheitsdatenblatt\/\">Sicherheitsdatenblatt (MSDS)<\/a><\/span><br \/>\nTestberichte von Drittanbietern sind auf Anfrage erh\u00e4ltlich.<\/p>\n<h2><span style=\"font-size: 14pt;\">Warum sollten Sie sich f\u00fcr uns entscheiden?<\/span><\/h2>\n<p>Wir verf\u00fcgen \u00fcber ausgereifte Technologien zur Herstellung von Sputter-Targets, die stabile und einheitliche Targetmaterialien gew\u00e4hrleisten.<br \/>\nWir k\u00f6nnen Formulierungen und Strukturen entsprechend den Kundenprozessen anpassen, sodass unsere Produkte mit verschiedenen Sputter-Systemen kompatibel sind.<br \/>\nJedes Target wird strengen Tests unterzogen, um eine hohe Reinheit und Konsistenz zu gew\u00e4hrleisten.<br \/>\nWir bieten stabile Lieferkapazit\u00e4ten, um den Anforderungen von Forschungseinrichtungen, Kleinauftr\u00e4gen und industrieller Massenproduktion gerecht zu werden.<br \/>\nUnser professionelles Team bietet Ihnen umfassende Unterst\u00fctzung von der Materialauswahl bis zur Anwendung und verbessert so die Effizienz der D\u00fcnnschichtvorbereitung.<\/p>\n","protected":false},"excerpt":{"rendered":"<p>\u00dcbersicht \u00fcber Sputtertargets aus Molybd\u00e4nkarbid Sputtertargets aus Molybd\u00e4nkarbid sind Funktionsmaterialien, die sich durch hohe H\u00e4rte, ausgezeichnete Verschlei\u00dffestigkeit und hervorragende chemische Stabilit\u00e4t auszeichnen. Sie werden h\u00e4ufig zur Herstellung von Hochleistungsbeschichtungen, verschlei\u00dffesten D\u00fcnnschichten, leitf\u00e4higen Schichten und elektronischen Strukturfilmen verwendet. Aufgrund ihrer thermischen Stabilit\u00e4t und Filmgleichm\u00e4\u00dfigkeit eignen sie sich ideal f\u00fcr fortschrittliche D\u00fcnnschichttechnologien und industrielle Beschichtungsanwendungen. Wir liefern [&hellip;]<\/p>\n","protected":false},"featured_media":39133,"template":"","meta":{"_acf_changed":false},"product_brand":[132],"product_cat":[451],"product_tag":[4641],"class_list":{"0":"post-39132","1":"product","2":"type-product","3":"status-publish","4":"has-post-thumbnail","6":"product_brand-ulpmat","7":"product_cat-keramisches-sputtering-target","8":"product_tag-molybdankarbid","10":"first","11":"instock","12":"shipping-taxable","13":"product-type-variable"},"acf":[],"_links":{"self":[{"href":"https:\/\/ulpmat.com\/de\/wp-json\/wp\/v2\/product\/39132","targetHints":{"allow":["GET"]}}],"collection":[{"href":"https:\/\/ulpmat.com\/de\/wp-json\/wp\/v2\/product"}],"about":[{"href":"https:\/\/ulpmat.com\/de\/wp-json\/wp\/v2\/types\/product"}],"wp:featuredmedia":[{"embeddable":true,"href":"https:\/\/ulpmat.com\/de\/wp-json\/wp\/v2\/media\/39133"}],"wp:attachment":[{"href":"https:\/\/ulpmat.com\/de\/wp-json\/wp\/v2\/media?parent=39132"}],"wp:term":[{"taxonomy":"product_brand","embeddable":true,"href":"https:\/\/ulpmat.com\/de\/wp-json\/wp\/v2\/product_brand?post=39132"},{"taxonomy":"product_cat","embeddable":true,"href":"https:\/\/ulpmat.com\/de\/wp-json\/wp\/v2\/product_cat?post=39132"},{"taxonomy":"product_tag","embeddable":true,"href":"https:\/\/ulpmat.com\/de\/wp-json\/wp\/v2\/product_tag?post=39132"}],"curies":[{"name":"wp","href":"https:\/\/api.w.org\/{rel}","templated":true}]}}