{"id":38572,"date":"2025-11-25T09:44:05","date_gmt":"2025-11-25T01:44:05","guid":{"rendered":"https:\/\/ulpmat.com\/product\/molybdaensilicid\/"},"modified":"2025-11-25T09:44:05","modified_gmt":"2025-11-25T01:44:05","slug":"molybdaensilicid","status":"publish","type":"product","link":"https:\/\/ulpmat.com\/de\/produkt\/molybdaensilicid\/","title":{"rendered":"Molybd\u00e4nsilicid"},"content":{"rendered":"<h2><span style=\"font-size: 14pt;\">Molybd\u00e4nsilizid-Sputter-Targets \u2013 \u00dcbersicht<\/span><\/h2>\n<p><span style=\"color: #0000ff;\"><a style=\"color: #0000ff;\" href=\"https:\/\/ulpmat.com\/de\/search\/?type=name&#038;keyword=Molybdenum+Silicide\">Molybd\u00e4nsilizid<\/a><\/span><br \/>\n-Sputter-Targets sind hochtemperaturbest\u00e4ndige, korrosionsfeste Keramikwerkstoffe, die durch die Verbindung von Molybd\u00e4n und Silizium entstehen. Sie zeichnen sich durch hervorragende Hochtemperaturstabilit\u00e4t, elektrische Leitf\u00e4higkeit und Oxidationsbest\u00e4ndigkeit aus. Aus diesen Targets hergestellte D\u00fcnnschichten werden h\u00e4ufig in mikroelektronischen Bauelementen, Hartbeschichtungen, Barriereschichten und optoelektronischen Funktionsschichten verwendet, was sie zu einem der wichtigsten Target-Materialien in der Halbleiter- und Hochleistungs-D\u00fcnnschichttechnik macht.<\/p>\n<p>Wir k\u00f6nnen MoSi2-Sputter-Targets in verschiedenen Reinheitsgraden, Gr\u00f6\u00dfen, Formen und Dichten entsprechend den Kundenanforderungen herstellen. Wir bieten auch Oberfl\u00e4chenpolieren, Vakuumverkleben, Anpassung des spezifischen Zusammensetzungsverh\u00e4ltnisses und kundenspezifische Chargen an, um den Prozessanforderungen unserer Kunden gerecht zu werden. Bitte z\u00f6gern Sie nicht, <span style=\"color: #0000ff;\"><a style=\"color: #0000ff;\" href=\"https:\/\/ulpmat.com\/de\/kontakt-us\/\">uns<\/a><\/span><br \/>\nzu<span style=\"color: #0000ff;\"><a style=\"color: #0000ff;\" href=\"https:\/\/ulpmat.com\/de\/kontakt-us\/\"> kontaktieren.<\/a><\/span><\/p>\n<h2><span style=\"font-size: 14pt;\">Produkt-Highlights<\/span><\/h2>\n<p>Starke Hochtemperatur-Oxidationsstabilit\u00e4t<br \/>\nGleichm\u00e4\u00dfige Schichtabscheidung mit wenigen Partikeln<br \/>\nUnterst\u00fctzt Pr\u00e4zisionsbearbeitung und kundenspezifische Gr\u00f6\u00dfen<br \/>\nGeringer Verunreinigungsgehalt und stabile elektrische Eigenschaften<br \/>\nGute Korrosionsbest\u00e4ndigkeit und elektrische Leitf\u00e4higkeit<br \/>\nKompatibel mit verschiedenen Magnetron-Sputteranlagen<\/p>\n<h2><span style=\"font-size: 14pt;\">Anwendungen von Molybd\u00e4nsilizid-Sputter-Targets<\/span><\/h2>\n<p>Verwendung f\u00fcr Barriereschichten und leitf\u00e4hige Filmabscheidungen in der Halbleiterindustrie.<br \/>\nZu den Anwendungen geh\u00f6ren die Herstellung von harten Schutzschichten und verschlei\u00dffesten Beschichtungen.<br \/>\nEs dient als funktionales D\u00fcnnschichtmaterial in <span style=\"color: #0000ff;\"><a style=\"color: #0000ff;\" href=\"https:\/\/ulpmat.com\/de\/anwendung\/materialien-fuer-die-optik\/\">optoelektronischen<\/a><\/span><br \/>\nBauteilen.<br \/>\nEs wird in der Forschung im Zusammenhang mit hochtemperaturbest\u00e4ndigen elektronischen und strukturellen D\u00fcnnschichten verwendet.<\/p>\n<h2><span style=\"color: #0000ff;\"><a style=\"color: #0000ff;\" href=\"https:\/\/ulpmat.com\/de\/unternehmen\/faqs\/\"><span style=\"font-size: 14pt;\">H\u00e4ufig gestellte Fragen<\/span><\/a><\/span><\/h2>\n<p>F1: Wie werden MoSi2-Targets f\u00fcr den Transport verpackt?<br \/>\nA1: Das Produkt wird vakuumversiegelt und mit einer druckfesten Polsterschicht und einer stabilen Au\u00dfenverpackung verpackt, um sicherzustellen, dass es w\u00e4hrend des Transports nicht verunreinigt oder besch\u00e4digt wird.<\/p>\n<p>F2: Bieten Sie die Bearbeitung von Targets an, z. B. Sondergr\u00f6\u00dfen oder Oberfl\u00e4chenbehandlungen?<br \/>\nA2: Ja, wir bieten Pr\u00e4zisionsbearbeitung, Polieren, Verkleben von Backplanes und kundenspezifische Nicht-Standardformen, um verschiedenen Anwendungsanforderungen gerecht zu werden.<\/p>\n<p>F3: Wie sollten Targets gelagert werden, um die Leistungsstabilit\u00e4t zu gew\u00e4hrleisten?<br \/>\nA3: Es wird empfohlen, sie in einer trockenen, versiegelten Umgebung zu lagern und den Kontakt mit Feuchtigkeit und korrosiven Substanzen zu vermeiden, um die Oberfl\u00e4chenreinheit und die Stabilit\u00e4t der physikalischen Eigenschaften des Targets zu erhalten.<\/p>\n<p>F4: Wie garantieren Sie die Reinheit des Produkts? K\u00f6nnen Sie entsprechende Tests durchf\u00fchren?<br \/>\nA4: Alle Sputtertargets werden aus hochreinen Rohstoffen hergestellt und mit Methoden wie XRF, ICP und XRD getestet. Vollst\u00e4ndige Materialanalyseberichte und Qualit\u00e4tszertifikate sind verf\u00fcgbar.<\/p>\n<h2><span style=\"font-size: 14pt;\">Berichte<\/span><\/h2>\n<p>Jede Charge wird mit folgenden Unterlagen geliefert:<br \/>\n<span style=\"color: #0000ff;\"><a style=\"color: #0000ff;\" href=\"https:\/\/ulpmat.com\/de\/dokumente\/zertifikat-der-analyse\/\">Analysezertifikat (COA)<\/a><\/span><\/p>\n<p><span style=\"color: #0000ff;\"><a style=\"color: #0000ff;\" href=\"https:\/\/ulpmat.com\/de\/dokumente\/technisches-datenblatt\/\">Technisches Datenblatt (TDS)<\/a><\/span><\/p>\n<p><span style=\"color: #0000ff;\"><a style=\"color: #0000ff;\" href=\"https:\/\/ulpmat.com\/de\/dokumente\/sicherheitsdatenblatt\/\">Sicherheitsdatenblatt (MSDS)<\/a><\/span><br \/>\nPr\u00fcfberichte von Dritten sind auf Anfrage erh\u00e4ltlich.<\/p>\n<h2><span style=\"font-size: 14pt;\">Warum sollten Sie sich f\u00fcr uns entscheiden?<\/span><\/h2>\n<p>Wir verf\u00fcgen \u00fcber langj\u00e4hrige Erfahrung in der Herstellung von Sputtertargets aus Verbindungen und intermetallischen Verbindungen und sind mit modernsten pulvermetallurgischen Anlagen und einem strengen Qualit\u00e4tsmanagementsystem ausgestattet. Wir k\u00f6nnen kontinuierlich hochreine, hochdichte und hochgradig einheitliche MoSi\u2082-Sputter-Targets liefern. Wir bieten unseren Kunden flexible Anpassungsm\u00f6glichkeiten, technischen Support, schnelle Lieferung und einen stabilen Lieferkettenservice, was uns zu einem vertrauensw\u00fcrdigen langfristigen Partner f\u00fcr Forschungseinrichtungen, Halbleiterunternehmen und die D\u00fcnnschichtindustrie macht.<\/p>\n","protected":false},"excerpt":{"rendered":"<p>Molybd\u00e4nsilizid-Sputter-Targets \u2013 \u00dcbersicht Molybd\u00e4nsilizid -Sputter-Targets sind hochtemperaturbest\u00e4ndige, korrosionsfeste Keramikwerkstoffe, die durch die Verbindung von Molybd\u00e4n und Silizium entstehen. Sie zeichnen sich durch hervorragende Hochtemperaturstabilit\u00e4t, elektrische Leitf\u00e4higkeit und Oxidationsbest\u00e4ndigkeit aus. Aus diesen Targets hergestellte D\u00fcnnschichten werden h\u00e4ufig in mikroelektronischen Bauelementen, Hartbeschichtungen, Barriereschichten und optoelektronischen Funktionsschichten verwendet, was sie zu einem der wichtigsten Target-Materialien in der Halbleiter- [&hellip;]<\/p>\n","protected":false},"featured_media":38573,"template":"","meta":{"_acf_changed":false},"product_brand":[132],"product_cat":[451],"product_tag":[4535],"class_list":{"0":"post-38572","1":"product","2":"type-product","3":"status-publish","4":"has-post-thumbnail","6":"product_brand-ulpmat","7":"product_cat-keramisches-sputtering-target","8":"product_tag-molybdansilicid","10":"first","11":"instock","12":"shipping-taxable","13":"product-type-variable"},"acf":[],"_links":{"self":[{"href":"https:\/\/ulpmat.com\/de\/wp-json\/wp\/v2\/product\/38572","targetHints":{"allow":["GET"]}}],"collection":[{"href":"https:\/\/ulpmat.com\/de\/wp-json\/wp\/v2\/product"}],"about":[{"href":"https:\/\/ulpmat.com\/de\/wp-json\/wp\/v2\/types\/product"}],"wp:featuredmedia":[{"embeddable":true,"href":"https:\/\/ulpmat.com\/de\/wp-json\/wp\/v2\/media\/38573"}],"wp:attachment":[{"href":"https:\/\/ulpmat.com\/de\/wp-json\/wp\/v2\/media?parent=38572"}],"wp:term":[{"taxonomy":"product_brand","embeddable":true,"href":"https:\/\/ulpmat.com\/de\/wp-json\/wp\/v2\/product_brand?post=38572"},{"taxonomy":"product_cat","embeddable":true,"href":"https:\/\/ulpmat.com\/de\/wp-json\/wp\/v2\/product_cat?post=38572"},{"taxonomy":"product_tag","embeddable":true,"href":"https:\/\/ulpmat.com\/de\/wp-json\/wp\/v2\/product_tag?post=38572"}],"curies":[{"name":"wp","href":"https:\/\/api.w.org\/{rel}","templated":true}]}}