{"id":38101,"date":"2025-11-26T17:01:06","date_gmt":"2025-11-26T09:01:06","guid":{"rendered":"https:\/\/ulpmat.com\/product\/niobium-pentoxid-3\/"},"modified":"2025-11-26T17:01:06","modified_gmt":"2025-11-26T09:01:06","slug":"niobium-pentoxid-3","status":"publish","type":"product","link":"https:\/\/ulpmat.com\/de\/produkt\/niobium-pentoxid-3\/","title":{"rendered":"Niobium Pentoxid"},"content":{"rendered":"<h2><span style=\"font-size: 14pt;\">\u00dcbersicht \u00fcber Niobpentoxidpulver<\/span><\/h2>\n<p><span style=\"color: #0000ff;\"><a style=\"color: #0000ff;\" href=\"https:\/\/ulpmat.com\/de\/search\/?type=name&#038;keyword=Niobium+pentoxide\">Niobpentoxidpulver<\/a><\/span><br \/>\nist ein hochreines, wei\u00dfes, feines Pulver mit hoher chemischer Stabilit\u00e4t und Hochtemperaturbest\u00e4ndigkeit, das h\u00e4ufig bei der Herstellung von elektronischen, optischen und keramischen Materialien verwendet wird.<\/p>\n<p>Wir bieten hochreines Nb\u2082O\u2085-Pulver mit einheitlicher Partikelgr\u00f6\u00dfe und guter Dispergierbarkeit an. Die Verpackung und die Partikelgr\u00f6\u00dfen k\u00f6nnen nach Kundenwunsch angepasst werden. Geeignet f\u00fcr Forschung und Entwicklung sowie industrielle Anwendungen. Bitte <span style=\"color: #0000ff;\"><a style=\"color: #0000ff;\" href=\"https:\/\/ulpmat.com\/de\/kontakt-us\/\">kontaktieren Sie uns.<\/a><\/span><\/p>\n<h2><span style=\"font-size: 14pt;\">Produkt-Highlights<\/span><\/h2>\n<p>Hohe Reinheit (99,99 %)<br \/>\nGleichm\u00e4\u00dfige Partikelgr\u00f6\u00dfe und gute Dispergierbarkeit<br \/>\nAusgezeichnete chemische Stabilit\u00e4t<br \/>\nHohe Temperaturbest\u00e4ndigkeit<br \/>\nLeicht zu mischen und zu verarbeiten<br \/>\nAnpassbare Partikelgr\u00f6\u00dfe und Verpackung<br \/>\nGeeignet f\u00fcr Forschung und industrielle Produktion<\/p>\n<h2><span style=\"font-size: 14pt;\">Anwendungen von Niobpentoxid-Pulver<\/span><\/h2>\n<p>Elektronische Keramik: Wird in hochleistungsf\u00e4higen elektronischen Keramikmaterialien verwendet, um die elektrische Leistung und thermische Stabilit\u00e4t zu verbessern.<\/p>\n<p>Kondensatorherstellung: Als wichtiger Rohstoff f\u00fcr Tantal- und Niob-Kondensatoren, um die Stabilit\u00e4t und Zuverl\u00e4ssigkeit der Kondensatoren zu gew\u00e4hrleisten.<\/p>\n<p><span style=\"color: #0000ff;\"><a style=\"color: #0000ff;\" href=\"https:\/\/ulpmat.com\/de\/anwendung\/materialien-fuer-die-optik\/\">Optische<\/a><\/span><br \/>\nD\u00fcnnschichten: Wird f\u00fcr D\u00fcnnschichtbeschichtungen in optischen Komponenten verwendet, um die Lichtdurchl\u00e4ssigkeit und Filmgleichm\u00e4\u00dfigkeit zu verbessern.<\/p>\n<p>Katalysatormaterialien: Als Katalysatortr\u00e4ger oder aktive Komponente zur Steigerung der chemischen Reaktionsleistung.<\/p>\n<h2><span style=\"color: #0000ff;\"><a style=\"color: #0000ff;\" href=\"https:\/\/ulpmat.com\/de\/unternehmen\/faqs\/\"><span style=\"font-size: 14pt;\">H\u00e4ufig gestellte Fragen<\/span><\/a><\/span><\/h2>\n<p>F1: Welche Verpackungsoptionen gibt es f\u00fcr Nb2O5-Pulver?<\/p>\n<p>A1: Wir bieten feuchtigkeitsgesch\u00fctzte versiegelte Beutel, Vakuumbeutel und Fassverpackungen an. Eine Anpassung an spezifische Kundenanforderungen ist m\u00f6glich, um die Stabilit\u00e4t des Pulvers w\u00e4hrend des Transports und der Lagerung zu gew\u00e4hrleisten.<\/p>\n<p>F2: Welchen Verarbeitungsmethoden kann Nb2O5-Pulver unterzogen werden?<\/p>\n<p>A2: Es kann zum Sintern von Keramik, f\u00fcr D\u00fcnnschichtbeschichtungen, zum Mischen von Pulvern und zur Herstellung von Katalysatoren verwendet werden.<\/p>\n<p>F3: Welche Lagerungsbedingungen gelten f\u00fcr Nb2O5-Pulver?<\/p>\n<p>A3: Lagern Sie das Pulver in einer trockenen, k\u00fchlen und gut bel\u00fcfteten Umgebung und vermeiden Sie Feuchtigkeit und hohe Temperaturen. F\u00fcr die Langzeitlagerung empfehlen wir die Verwendung einer feuchtigkeitsgesch\u00fctzten, versiegelten Verpackung.<\/p>\n<p>F4: Wie hoch ist die Reinheit und welche Vorteile hat Nb2O5-Pulver?<\/p>\n<p>A4: Unser Nb\u2082O\u2085-Pulver weist eine Reinheit von \u226599,9 % auf, hat eine gleichm\u00e4\u00dfige Partikelgr\u00f6\u00dfe und eine hohe chemische Stabilit\u00e4t, wodurch es sich f\u00fcr Anwendungen in Hochleistungskeramik, Kondensatoren und optischen Materialien eignet.<\/p>\n<h2><span style=\"font-size: 14pt;\">Berichte<\/span><\/h2>\n<p>Jede Charge wird mit folgenden<br \/>\n<span style=\"color: #0000ff;\"><a style=\"color: #0000ff;\" href=\"https:\/\/ulpmat.com\/de\/dokumente\/zertifikat-der-analyse\/\">Dokumenten<\/a><\/span><br \/>\ngeliefert:<br \/>\n<span style=\"color: #0000ff;\"><a style=\"color: #0000ff;\" href=\"https:\/\/ulpmat.com\/de\/dokumente\/zertifikat-der-analyse\/\">Analysezertifikat (COA)<\/a><\/span><\/p>\n<p><span style=\"color: #0000ff;\"><a style=\"color: #0000ff;\" href=\"https:\/\/ulpmat.com\/de\/dokumente\/technisches-datenblatt\/\">Technisches Datenblatt (TDS)<\/a><\/span><\/p>\n<p><a href=\"https:\/\/ulpmat.com\/de\/dokumente\/sicherheitsdatenblatt\/\"><span style=\"color: #0000ff;\">Sicherheitsdatenblatt (MSDS)<\/span><\/a><br \/>\nTestberichte von Drittanbietern sind auf Anfrage erh\u00e4ltlich.<\/p>\n<h2><span style=\"font-size: 14pt;\">Warum sollten Sie sich f\u00fcr uns entscheiden?<\/span><\/h2>\n<p>Hochreines Nb\u2082O\u2085-Pulver, stabile und zuverl\u00e4ssige Leistung<br \/>\nGleichm\u00e4\u00dfige Partikelgr\u00f6\u00dfe, gute Dispergierbarkeit, einfache Verarbeitung<br \/>\n<span style=\"color: #0000ff;\"><a style=\"color: #0000ff;\" href=\"https:\/\/ulpmat.com\/de\/service\/personalisierung\/\">Anpassbare<\/a><\/span><br \/>\nPartikelgr\u00f6\u00dfe, Verpackung und Spezifikationen<br \/>\nLiefert vollst\u00e4ndige Pr\u00fcfberichte und Konformit\u00e4tszertifikate<br \/>\nSchnelle Reaktion auf Kundenbed\u00fcrfnisse, Unterst\u00fctzung von Kleinserienforschung und gro\u00df angelegter industrieller Lieferung<br \/>\nProfessionelles<span style=\"color: #0000ff;\"><a style=\"color: #0000ff;\" href=\"https:\/\/ulpmat.com\/de\/service\/technische-unterstuetzung\/\"> technisches<\/a><\/span><br \/>\nTeam bietet Anwendungs- und Prozessberatung<\/p>\n","protected":false},"excerpt":{"rendered":"<p>\u00dcbersicht \u00fcber Niobpentoxidpulver Niobpentoxidpulver ist ein hochreines, wei\u00dfes, feines Pulver mit hoher chemischer Stabilit\u00e4t und Hochtemperaturbest\u00e4ndigkeit, das h\u00e4ufig bei der Herstellung von elektronischen, optischen und keramischen Materialien verwendet wird. Wir bieten hochreines Nb\u2082O\u2085-Pulver mit einheitlicher Partikelgr\u00f6\u00dfe und guter Dispergierbarkeit an. Die Verpackung und die Partikelgr\u00f6\u00dfen k\u00f6nnen nach Kundenwunsch angepasst werden. Geeignet f\u00fcr Forschung und Entwicklung [&hellip;]<\/p>\n","protected":false},"featured_media":38102,"template":"","meta":{"_acf_changed":false},"product_brand":[132],"product_cat":[336],"product_tag":[4445],"class_list":{"0":"post-38101","1":"product","2":"type-product","3":"status-publish","4":"has-post-thumbnail","6":"product_brand-ulpmat","7":"product_cat-oxide","8":"product_tag-niob-pentoxid-pulver","10":"first","11":"instock","12":"shipping-taxable","13":"product-type-variable"},"acf":[],"_links":{"self":[{"href":"https:\/\/ulpmat.com\/de\/wp-json\/wp\/v2\/product\/38101","targetHints":{"allow":["GET"]}}],"collection":[{"href":"https:\/\/ulpmat.com\/de\/wp-json\/wp\/v2\/product"}],"about":[{"href":"https:\/\/ulpmat.com\/de\/wp-json\/wp\/v2\/types\/product"}],"wp:featuredmedia":[{"embeddable":true,"href":"https:\/\/ulpmat.com\/de\/wp-json\/wp\/v2\/media\/38102"}],"wp:attachment":[{"href":"https:\/\/ulpmat.com\/de\/wp-json\/wp\/v2\/media?parent=38101"}],"wp:term":[{"taxonomy":"product_brand","embeddable":true,"href":"https:\/\/ulpmat.com\/de\/wp-json\/wp\/v2\/product_brand?post=38101"},{"taxonomy":"product_cat","embeddable":true,"href":"https:\/\/ulpmat.com\/de\/wp-json\/wp\/v2\/product_cat?post=38101"},{"taxonomy":"product_tag","embeddable":true,"href":"https:\/\/ulpmat.com\/de\/wp-json\/wp\/v2\/product_tag?post=38101"}],"curies":[{"name":"wp","href":"https:\/\/api.w.org\/{rel}","templated":true}]}}