{"id":38050,"date":"2025-11-26T17:01:06","date_gmt":"2025-11-26T09:01:06","guid":{"rendered":"https:\/\/ulpmat.com\/product\/niobium-pentoxid-2\/"},"modified":"2025-11-26T17:01:06","modified_gmt":"2025-11-26T09:01:06","slug":"niobium-pentoxid-2","status":"publish","type":"product","link":"https:\/\/ulpmat.com\/de\/produkt\/niobium-pentoxid-2\/","title":{"rendered":"Niobium Pentoxid"},"content":{"rendered":"<h2><span style=\"font-size: 14pt;\">\u00dcbersicht \u00fcber Sputtertargets aus Niobpentoxid<\/span><\/h2>\n<p>Sputtertargets<br \/>\n<span style=\"color: #0000ff;\"><a style=\"color: #0000ff;\" href=\"https:\/\/ulpmat.com\/de\/search\/?type=name&#038;keyword=Niobium+pentoxide\">aus Niobpentoxid<\/a><\/span><br \/>\nsind hochreine, dichte Nioboxidmaterialien, die speziell f\u00fcr PVD-Prozesse (Physical Vapor Deposition) entwickelt wurden und eine gleichm\u00e4\u00dfige Schichtabscheidung und hohe Haftung gew\u00e4hrleisten. Sie werden h\u00e4ufig f\u00fcr optische D\u00fcnnschichten, Kondensatorbeschichtungen, Touchscreens und die D\u00fcnnschichtabscheidung in Hochleistungselektronikger\u00e4ten verwendet.<\/p>\n<p>Wir bieten eine Vielzahl von Nb2O5-Sputter-Targets mit hoher Reinheit und gleichm\u00e4\u00dfiger Dichte an. Gr\u00f6\u00dfe, Dicke und Form k\u00f6nnen an die Kundenanforderungen angepasst werden und eignen sich f\u00fcr Forschung und industrielle Produktion. Bitte<span style=\"color: #0000ff;\"><a style=\"color: #0000ff;\" href=\"https:\/\/ulpmat.com\/de\/kontakt-us\/\"> kontaktieren Sie uns.<\/a><\/span><\/p>\n<h2><span style=\"font-size: 14pt;\">Produkt-Highlights<\/span><\/h2>\n<p>Hohe Reinheit Nb\u2082O\u2085 99,99 %<br \/>\nDicht und gleichm\u00e4\u00dfig, hohe mechanische Festigkeit<br \/>\nGlatte Oberfl\u00e4che, porenfrei<br \/>\nHohe Haftung und stabile D\u00fcnnschichtabscheidung<br \/>\nAnpassbare Gr\u00f6\u00dfen, Dicken und Formen<br \/>\nAnpassbare <span style=\"color: #0000ff;\"><a style=\"color: #0000ff;\" href=\"https:\/\/ulpmat.com\/de\/service\/ziel-bindung\/\">Target-Bonding-Dienstleistungen<\/a><\/span><\/p>\n<p>Verbesserte Target-Ausnutzungseffizienz<br \/>\nGeeignet f\u00fcr Forschungs- und industrielle PVD-Anwendungen<\/p>\n<h2><span style=\"font-size: 14pt;\">Anwendungen von Niobpentoxid-Sputter-Targets<\/span><\/h2>\n<p><span style=\"color: #0000ff;\"><a style=\"color: #0000ff;\" href=\"https:\/\/ulpmat.com\/de\/anwendung\/materialien-fuer-die-optik\/\">Optische<\/a><\/span><br \/>\nD\u00fcnnschichten: Werden f\u00fcr die Beschichtung von optischen Linsen und Displays verwendet und gew\u00e4hrleisten eine gleichm\u00e4\u00dfige Filmhaftung.<\/p>\n<p>Kondensatorbeschichtung: Verbessert die Kapazit\u00e4tsleistung und Stabilit\u00e4t bei der Herstellung von Niob- und Tantal-Kondensatorfolien.<br \/>\nTouchscreen-Materialien: Wird f\u00fcr die Abscheidung leitf\u00e4higer D\u00fcnnschichten verwendet, um die Empfindlichkeit und Reaktionsgeschwindigkeit von Touchscreens zu verbessern.<br \/>\nHochleistungselektronikger\u00e4te: Wird bei der Herstellung von D\u00fcnnschichten f\u00fcr mikroelektronische Ger\u00e4te verwendet, um Leitf\u00e4higkeit und Haltbarkeit zu gew\u00e4hrleisten.<\/p>\n<h2><span style=\"color: #0000ff;\"><a style=\"color: #0000ff;\" href=\"https:\/\/ulpmat.com\/de\/unternehmen\/faqs\/\"><span style=\"font-size: 14pt;\">H\u00e4ufig gestellte Fragen<\/span><\/a><\/span><\/h2>\n<p>F1: Welche Verpackungsoptionen gibt es f\u00fcr Nb2O5-Sputter-Targets?<br \/>\nA1: Wir bieten feuchtigkeitsgesch\u00fctzte versiegelte Verpackungen, Vakuumbeutelverpackungen und starre Kartonverpackungen an, um sicherzustellen, dass die Targets w\u00e4hrend des Transports und der Lagerung nicht verunreinigt oder oxidiert werden.<\/p>\n<p>F2: Welche Verarbeitung k\u00f6nnen Nb2O5-Sputter-Targets durchlaufen?<br \/>\nA2: Schneiden, Bohren, Oberfl\u00e4chenpolieren und maschinelle Bearbeitung sind m\u00f6glich, um sie an verschiedene PVD-Prozesse und experimentelle Anforderungen anzupassen.<\/p>\n<p>F3: Welche Lagerungsanforderungen gelten f\u00fcr Nb\u2082O\u2085-Sputtertargets?<br \/>\nA3: Lagern Sie die Targets in einer trockenen, k\u00fchlen und gut bel\u00fcfteten Umgebung und vermeiden Sie Feuchtigkeit, hohe Temperaturen oder chemische Verunreinigungen. F\u00fcr die Langzeitlagerung wird eine Verpackung mit Inertgas oder eine versiegelte Verpackung empfohlen.<\/p>\n<p>F4: Wie hoch ist die Reinheit und welche Vorteile bieten Nb\u2082O\u2085-Sputtertargets?<br \/>\nA4: Unsere Sputtertargets haben eine Reinheit von 99,99 %, eine gleichm\u00e4\u00dfige Dichte und eine hohe thermische Stabilit\u00e4t, was eine gleichm\u00e4\u00dfige Schichtabscheidung und hohe Haftung gew\u00e4hrleistet und sie f\u00fcr Forschungs- und Industrieanwendungen geeignet macht.<\/p>\n<h2><span style=\"font-size: 14pt;\">Berichte<\/span><\/h2>\n<p>Jede Charge wird mit<br \/>\n<span style=\"color: #0000ff;\"><a style=\"color: #0000ff;\" href=\"https:\/\/ulpmat.com\/de\/dokumente\/zertifikat-der-analyse\/\">folgenden Dokumenten<\/a><\/span><br \/>\ngeliefert:<br \/>\n<span style=\"color: #0000ff;\"><a style=\"color: #0000ff;\" href=\"https:\/\/ulpmat.com\/de\/dokumente\/zertifikat-der-analyse\/\">Analysezertifikat (COA)<\/a><\/span><\/p>\n<p><span style=\"color: #0000ff;\"><a style=\"color: #0000ff;\" href=\"https:\/\/ulpmat.com\/de\/dokumente\/technisches-datenblatt\/\">Technisches Datenblatt (TDS)<\/a><\/span><\/p>\n<p><span style=\"color: #0000ff;\"><a style=\"color: #0000ff;\" href=\"https:\/\/ulpmat.com\/de\/dokumente\/sicherheitsdatenblatt\/\">Sicherheitsdatenblatt (MSDS)<\/a><\/span><br \/>\nTestberichte von Drittanbietern sind auf Anfrage erh\u00e4ltlich.<\/p>\n<h2><span style=\"font-size: 14pt;\">Warum sollten Sie sich f\u00fcr uns entscheiden?<\/span><\/h2>\n<p>Hochreine Nb\u2082O\u2085-Sputtertargets, zuverl\u00e4ssige und stabile Leistung<br \/>\n<span style=\"color: #0000ff;\"><a style=\"color: #0000ff;\" href=\"https:\/\/ulpmat.com\/de\/service\/personalisierung\/\">Anpassbare<\/a><\/span><br \/>\nGr\u00f6\u00dfen, Dicken und Formen f\u00fcr verschiedene PVD-Prozesse<br \/>\nBereitstellung vollst\u00e4ndiger Pr\u00fcfberichte und Konformit\u00e4tszertifikate<br \/>\nSchnelle Reaktion auf Kundenbed\u00fcrfnisse, Unterst\u00fctzung von Forschung in kleinen Chargen und industrielle Lieferung in gro\u00dfen Chargen<br \/>\nProfessionelles technisches Team bietet Beratung zu D\u00fcnnschichtabscheidung und Anwendung<br \/>\nLangj\u00e4hrige Exporterfahrung, sicherer und zuverl\u00e4ssiger Transport<\/p>\n","protected":false},"excerpt":{"rendered":"<p>\u00dcbersicht \u00fcber Sputtertargets aus Niobpentoxid Sputtertargets aus Niobpentoxid sind hochreine, dichte Nioboxidmaterialien, die speziell f\u00fcr PVD-Prozesse (Physical Vapor Deposition) entwickelt wurden und eine gleichm\u00e4\u00dfige Schichtabscheidung und hohe Haftung gew\u00e4hrleisten. Sie werden h\u00e4ufig f\u00fcr optische D\u00fcnnschichten, Kondensatorbeschichtungen, Touchscreens und die D\u00fcnnschichtabscheidung in Hochleistungselektronikger\u00e4ten verwendet. Wir bieten eine Vielzahl von Nb2O5-Sputter-Targets mit hoher Reinheit und gleichm\u00e4\u00dfiger Dichte [&hellip;]<\/p>\n","protected":false},"featured_media":38051,"template":"","meta":{"_acf_changed":false},"product_brand":[132],"product_cat":[451],"product_tag":[4439],"class_list":{"0":"post-38050","1":"product","2":"type-product","3":"status-publish","4":"has-post-thumbnail","6":"product_brand-ulpmat","7":"product_cat-keramisches-sputtering-target","8":"product_tag-niob-pentoxid-sputtering-target","10":"first","11":"instock","12":"shipping-taxable","13":"product-type-variable"},"acf":[],"_links":{"self":[{"href":"https:\/\/ulpmat.com\/de\/wp-json\/wp\/v2\/product\/38050","targetHints":{"allow":["GET"]}}],"collection":[{"href":"https:\/\/ulpmat.com\/de\/wp-json\/wp\/v2\/product"}],"about":[{"href":"https:\/\/ulpmat.com\/de\/wp-json\/wp\/v2\/types\/product"}],"wp:featuredmedia":[{"embeddable":true,"href":"https:\/\/ulpmat.com\/de\/wp-json\/wp\/v2\/media\/38051"}],"wp:attachment":[{"href":"https:\/\/ulpmat.com\/de\/wp-json\/wp\/v2\/media?parent=38050"}],"wp:term":[{"taxonomy":"product_brand","embeddable":true,"href":"https:\/\/ulpmat.com\/de\/wp-json\/wp\/v2\/product_brand?post=38050"},{"taxonomy":"product_cat","embeddable":true,"href":"https:\/\/ulpmat.com\/de\/wp-json\/wp\/v2\/product_cat?post=38050"},{"taxonomy":"product_tag","embeddable":true,"href":"https:\/\/ulpmat.com\/de\/wp-json\/wp\/v2\/product_tag?post=38050"}],"curies":[{"name":"wp","href":"https:\/\/api.w.org\/{rel}","templated":true}]}}