{"id":38021,"date":"2025-11-26T17:01:06","date_gmt":"2025-11-26T09:01:06","guid":{"rendered":"https:\/\/ulpmat.com\/product\/niobium-pentoxid\/"},"modified":"2025-11-26T17:01:06","modified_gmt":"2025-11-26T09:01:06","slug":"niobium-pentoxid","status":"publish","type":"product","link":"https:\/\/ulpmat.com\/de\/produkt\/niobium-pentoxid\/","title":{"rendered":"Niobium Pentoxid"},"content":{"rendered":"<h2><span style=\"font-size: 14pt;\">Niobpentoxid-Rotationsziel \u00dcbersicht<\/span><\/h2>\n<p><span style=\"color: #0000ff;\"><a style=\"color: #0000ff;\" href=\"https:\/\/ulpmat.com\/de\/search\/?type=name&#038;keyword=Niobium+pentoxide\">Niobpentoxid<\/a><\/span><br \/>\n-Rotationsziele sind hochreine, hochdichte Nioboxid-Rohrmaterialien, die speziell f\u00fcr PVD-Prozesse (Physical Vapor Deposition) entwickelt wurden und eine gleichm\u00e4\u00dfige Schichtabscheidung sowie eine hohe Zielausnutzung gew\u00e4hrleisten. Sie werden h\u00e4ufig in optischen D\u00fcnnschichten, Kondensatorbeschichtungen, Touchscreens und bei der D\u00fcnnschichtabscheidung f\u00fcr leistungsstarke elektronische Ger\u00e4te eingesetzt.<\/p>\n<p>Wir bieten hochreine Nb\u2082O\u2085-Rotationsziele an, deren Durchmesser, L\u00e4nge und Wandst\u00e4rke an die Kundenanforderungen angepasst werden k\u00f6nnen. Sie zeichnen sich durch eine glatte, dichte und gleichm\u00e4\u00dfige Oberfl\u00e4che aus und eignen sich f\u00fcr Forschung und industrielle Produktion. <span style=\"color: #0000ff;\"><a style=\"color: #0000ff;\" href=\"https:\/\/ulpmat.com\/de\/kontakt-us\/\">Kontaktieren Sie uns.<\/a><\/span><\/p>\n<h2><span style=\"font-size: 14pt;\">Produkt-Highlights<\/span><\/h2>\n<p>Hochreines Nb\u2082O\u2085 99,99 %<br \/>\nRohrdesign f\u00fcr verbesserte Targetausnutzung<br \/>\nDicht und gleichm\u00e4\u00dfig, hohe mechanische Festigkeit<br \/>\nGlatte Oberfl\u00e4che, keine Poren<br \/>\nAnpassbarer Durchmesser, L\u00e4nge und Wandst\u00e4rke<br \/>\nHervorragende D\u00fcnnschichtabscheidungsleistung<br \/>\nTarget-Bonding-Services verf\u00fcgbar<br \/>\nGeeignet f\u00fcr Forschungs- und industrielle PVD-Anwendungen<\/p>\n<h2><span style=\"font-size: 14pt;\">Anwendungen von Niobpentoxid-Rotationstargets<\/span><\/h2>\n<p><span style=\"color: #0000ff;\"><a style=\"color: #0000ff;\" href=\"https:\/\/ulpmat.com\/de\/anwendung\/materialien-fuer-die-optik\/\">Optische<\/a><\/span><br \/>\nD\u00fcnnschichten: Werden zur Beschichtung von optischen Linsen und Displays verwendet und gew\u00e4hrleisten eine gleichm\u00e4\u00dfige Schichthaftung.<\/p>\n<p>Kondensatorbeschichtung: Verbessert die Kapazit\u00e4tsleistung und Stabilit\u00e4t bei der Herstellung von Niob- und Tantal-Kondensatorfolien.<\/p>\n<p>Touchscreen-Materialien: Wird f\u00fcr die Abscheidung leitf\u00e4higer D\u00fcnnschichten verwendet, um die Empfindlichkeit und Reaktionsgeschwindigkeit von Touchscreens zu verbessern.<\/p>\n<p>Hochleistungselektronikger\u00e4te: Wird bei der Herstellung von D\u00fcnnschichten f\u00fcr mikroelektronische Ger\u00e4te verwendet, um Leitf\u00e4higkeit und Haltbarkeit zu gew\u00e4hrleisten.<\/p>\n<h2><span style=\"font-size: 14pt; color: #0000ff;\"><a style=\"color: #0000ff;\" href=\"https:\/\/ulpmat.com\/de\/unternehmen\/faqs\/\">H\u00e4ufig gestellte Fragen<\/a><\/span><\/h2>\n<p>F1: Welche Verpackungsoptionen gibt es f\u00fcr Nb2O5-Targets?<\/p>\n<p>A1: Wir bieten feuchtigkeitsgesch\u00fctzte versiegelte Verpackungen, Vakuumbeutelverpackungen und starre Kartonverpackungen an, die je nach Kundenwunsch angepasst werden k\u00f6nnen, um sicherzustellen, dass das Targetmaterial w\u00e4hrend des Transports und der Lagerung nicht verunreinigt oder oxidiert wird.<\/p>\n<p>F2: Welche Bearbeitungen k\u00f6nnen an Nb2O5-Targets durchgef\u00fchrt werden?<\/p>\n<p>A2: Schneiden, Bohren, Oberfl\u00e4chenpolieren und maschinelle Bearbeitung sind m\u00f6glich, um unterschiedlichen PVD-Prozessen und Forschungsanforderungen gerecht zu werden.<\/p>\n<p>F3: Welche Lagerungsanforderungen gelten f\u00fcr Nb2O5-Targets?<\/p>\n<p>A3: Lagern Sie die Targets in einer trockenen, k\u00fchlen und gut bel\u00fcfteten Umgebung und vermeiden Sie Feuchtigkeit, hohe Temperaturen und chemische Verunreinigungen. F\u00fcr die Langzeitlagerung wird eine Verpackung mit Inertgas oder eine versiegelte Verpackung empfohlen.<\/p>\n<p>F4: Wie hoch ist die Reinheit und welche Vorteile bieten rotierende Nb2O5-Targets?<\/p>\n<p>A4: Unsere Rotationstargets haben eine Reinheit von \u226599,9 %, eine gleichm\u00e4\u00dfige Dichte und eine hohe thermische Stabilit\u00e4t, was die Targetausnutzung und die Filmqualit\u00e4t verbessert und sie f\u00fcr wissenschaftliche Forschung und industrielle Anwendungen geeignet macht.<\/p>\n<h2><span style=\"font-size: 14pt;\">Berichte<\/span><\/h2>\n<p>Jede Charge wird mit<br \/>\n<span style=\"color: #0000ff;\"><a style=\"color: #0000ff;\" href=\"https:\/\/ulpmat.com\/de\/dokumente\/zertifikat-der-analyse\/\">folgenden Unterlagen<\/a><\/span><br \/>\ngeliefert:<br \/>\n<span style=\"color: #0000ff;\"><a style=\"color: #0000ff;\" href=\"https:\/\/ulpmat.com\/de\/dokumente\/zertifikat-der-analyse\/\">Analysezertifikat (COA)<\/a><\/span><\/p>\n<p><span style=\"color: #0000ff;\"><a style=\"color: #0000ff;\" href=\"https:\/\/ulpmat.com\/de\/dokumente\/technisches-datenblatt\/\">Technisches Datenblatt (TDS)<\/a><\/span><\/p>\n<p><span style=\"color: #0000ff;\"><a style=\"color: #0000ff;\" href=\"https:\/\/ulpmat.com\/de\/dokumente\/sicherheitsdatenblatt\/\">Sicherheitsdatenblatt (MSDS)<\/a><\/span><br \/>\nTestberichte von Drittanbietern sind auf Anfrage erh\u00e4ltlich.<\/p>\n<h2><span style=\"font-size: 14pt;\">Warum sollten Sie sich f\u00fcr uns entscheiden?<\/span><\/h2>\n<p>Hochreine Nb2O5-Rohrtargets, stabile und zuverl\u00e4ssige Leistung<br \/>\n<span style=\"color: #0000ff;\"><a style=\"color: #0000ff;\" href=\"https:\/\/ulpmat.com\/de\/service\/personalisierung\/\">Anpassbarer<\/a><\/span><br \/>\nDurchmesser, L\u00e4nge, Wandst\u00e4rke und Oberfl\u00e4chenbehandlung<br \/>\nBereitstellung vollst\u00e4ndiger Pr\u00fcfberichte und Konformit\u00e4tszertifikate<br \/>\nSchnelle Reaktion auf Kundenbed\u00fcrfnisse, Unterst\u00fctzung von Kleinserienlieferungen f\u00fcr die wissenschaftliche Forschung und Gro\u00dfserienlieferungen f\u00fcr den industriellen Einsatz<br \/>\nProfessionelles technisches Team bietet Beratung zu D\u00fcnnschichtabscheidung und Prozessen<br \/>\nLangj\u00e4hrige Exporterfahrung, sicherer und zuverl\u00e4ssiger Transport<\/p>\n","protected":false},"excerpt":{"rendered":"<p>Niobpentoxid-Rotationsziel \u00dcbersicht Niobpentoxid -Rotationsziele sind hochreine, hochdichte Nioboxid-Rohrmaterialien, die speziell f\u00fcr PVD-Prozesse (Physical Vapor Deposition) entwickelt wurden und eine gleichm\u00e4\u00dfige Schichtabscheidung sowie eine hohe Zielausnutzung gew\u00e4hrleisten. Sie werden h\u00e4ufig in optischen D\u00fcnnschichten, Kondensatorbeschichtungen, Touchscreens und bei der D\u00fcnnschichtabscheidung f\u00fcr leistungsstarke elektronische Ger\u00e4te eingesetzt. Wir bieten hochreine Nb\u2082O\u2085-Rotationsziele an, deren Durchmesser, L\u00e4nge und Wandst\u00e4rke an die [&hellip;]<\/p>\n","protected":false},"featured_media":38022,"template":"","meta":{"_acf_changed":false},"product_brand":[132],"product_cat":[451,466],"product_tag":[4433],"class_list":{"0":"post-38021","1":"product","2":"type-product","3":"status-publish","4":"has-post-thumbnail","6":"product_brand-ulpmat","7":"product_cat-keramisches-sputtering-target","8":"product_cat-rotierende-zielscheiben","9":"product_tag-niob-pentoxid-drehscheibe","11":"first","12":"instock","13":"shipping-taxable","14":"product-type-variable"},"acf":[],"_links":{"self":[{"href":"https:\/\/ulpmat.com\/de\/wp-json\/wp\/v2\/product\/38021","targetHints":{"allow":["GET"]}}],"collection":[{"href":"https:\/\/ulpmat.com\/de\/wp-json\/wp\/v2\/product"}],"about":[{"href":"https:\/\/ulpmat.com\/de\/wp-json\/wp\/v2\/types\/product"}],"wp:featuredmedia":[{"embeddable":true,"href":"https:\/\/ulpmat.com\/de\/wp-json\/wp\/v2\/media\/38022"}],"wp:attachment":[{"href":"https:\/\/ulpmat.com\/de\/wp-json\/wp\/v2\/media?parent=38021"}],"wp:term":[{"taxonomy":"product_brand","embeddable":true,"href":"https:\/\/ulpmat.com\/de\/wp-json\/wp\/v2\/product_brand?post=38021"},{"taxonomy":"product_cat","embeddable":true,"href":"https:\/\/ulpmat.com\/de\/wp-json\/wp\/v2\/product_cat?post=38021"},{"taxonomy":"product_tag","embeddable":true,"href":"https:\/\/ulpmat.com\/de\/wp-json\/wp\/v2\/product_tag?post=38021"}],"curies":[{"name":"wp","href":"https:\/\/api.w.org\/{rel}","templated":true}]}}