{"id":37773,"date":"2025-11-26T17:01:09","date_gmt":"2025-11-26T09:01:09","guid":{"rendered":"https:\/\/ulpmat.com\/product\/niobium-oxid\/"},"modified":"2025-11-26T17:01:09","modified_gmt":"2025-11-26T09:01:09","slug":"niobium-oxid","status":"publish","type":"product","link":"https:\/\/ulpmat.com\/de\/produkt\/niobium-oxid\/","title":{"rendered":"Niobium-Oxid"},"content":{"rendered":"<h2><span style=\"font-size: 14pt;\">\u00dcbersicht \u00fcber Nioboxid-Rotationsziele<\/span><\/h2>\n<p><span style=\"color: #0000ff;\"><a style=\"color: #0000ff;\" href=\"https:\/\/ulpmat.com\/de\/search\/?type=name&#038;keyword=Niobium+oxide\">Nioboxid<\/a><\/span><br \/>\n-Rotationsziele sind rotierende Sputterziele auf Basis von Nioboxidkeramik. Sie zeichnen sich durch hohe Stabilit\u00e4t, hervorragende optische Eigenschaften und eine gut kontrollierbare St\u00f6chiometrie aus und werden h\u00e4ufig f\u00fcr die Abscheidung von transparenten D\u00fcnnschichten, elektrisch funktionalen Schichten und hochkorrosionsbest\u00e4ndigen Beschichtungen verwendet. Sie werden in erster Linie zur Herstellung von transparenten leitf\u00e4higen Schichten, optischen Interferenzschichten, Barriereschichten und funktionalen Schutzschichten eingesetzt.<\/p>\n<p>Wir k\u00f6nnen Nioboxid-Rotationstargets mit verschiedenen Zusammensetzungen (NbO, NbO\u2082, Nb\u2082O\u2085 usw.) herstellen und bieten die M\u00f6glichkeit zur individuellen Anpassung verschiedener Durchmesser, L\u00e4ngen und Wandst\u00e4rken. Diese Targets zeichnen sich durch hohe Gleichm\u00e4\u00dfigkeit, hohe Dichte und ausgezeichnete mechanische Festigkeit aus. Die Targets k\u00f6nnen mit Backplanes mit hoher W\u00e4rmeleitf\u00e4higkeit kombiniert werden und verwenden Diffusions- oder Hochvakuum-Bonding-Verfahren, wodurch sie f\u00fcr mittel- bis langlebige Spinning-Sputter-Systeme geeignet sind. <span style=\"color: #0000ff;\"><a style=\"color: #0000ff;\" href=\"https:\/\/ulpmat.com\/de\/kontakt-us\/\">Kontaktieren Sie uns<\/a><\/span><br \/>\nf\u00fcr chemische Formulierungen von NbOx-Rotationstargets.<\/p>\n<h2><span style=\"font-size: 14pt;\">Produkt-Highlights<\/span><\/h2>\n<p>Stabile Oxid-St\u00f6chiometrie<br \/>\nHohe Dichte und ausgezeichnete mechanische Festigkeit<br \/>\nKompatibel mit g\u00e4ngigen rotierenden Magnetron-Sputteranlagen<br \/>\nUnterst\u00fctzt die Anpassung mehrerer NbOx-Phasen<br \/>\nLange Lebensdauer und gleichm\u00e4\u00dfige \u00c4tzleistung<br \/>\nHohe Backplate-Festigkeit und ausgezeichnete W\u00e4rmeableitung<br \/>\nTarget-Bonding-Service<br \/>\nGeringer Partikelanteil, geeignet f\u00fcr anspruchsvolle D\u00fcnnschichten<\/p>\n<h2><span style=\"font-size: 14pt;\">Anwendungen von Nioboxid-Rotationstargets<\/span><\/h2>\n<p>Transparente optische D\u00fcnnschichten: Zur Herstellung stabiler optischer Interferenzschichten mit hohem Brechungsindex.<br \/>\nBarrierefilme f\u00fcr elektronische Ger\u00e4te: Verwendung als Antidiffusions- oder elektrische Modulationsmaterialien in Bauteilstrukturen.<br \/>\nDekorative und sch\u00fctzende Beschichtungen: Verwendung zur Bildung verschlei\u00dffester, korrosionsbest\u00e4ndiger und hochadh\u00e4siver Filme. D\u00fcnnschichten f\u00fcr die<br \/>\n<span style=\"color: #0000ff;\"><a style=\"color: #0000ff;\" href=\"https:\/\/ulpmat.com\/de\/anwendung\/photovoltaische-solaranlagen\/\">Solar-<\/a><\/span><br \/>\nund Photovoltaikindustrie: Verwendung f\u00fcr die optische Modulation, Filterfolien oder die Herstellung von Funktionsschichtstrukturen.<\/p>\n<h2><span style=\"color: #0000ff;\"><a style=\"color: #0000ff;\" href=\"https:\/\/ulpmat.com\/de\/unternehmen\/faqs\/\"><span style=\"font-size: 14pt;\">H\u00e4ufig gestellte Fragen<\/span><\/a><\/span><\/h2>\n<p>F1: Welche Verpackungsmethode wird normalerweise f\u00fcr NbOx-R\u00f6hrentargets verwendet?<br \/>\nA1: Jedes R\u00f6hrenziel wird in einer mehrschichtigen sto\u00dffesten Verpackung verpackt, in einem sauberen Beutel versiegelt und in einer speziellen verst\u00e4rkten Box platziert, um sicherzustellen, dass sich die Struktur w\u00e4hrend des Transports nicht verformt und die Oberfl\u00e4che nicht verunreinigt wird.<\/p>\n<p>F2: Welche Verarbeitungstechnologien sind f\u00fcr Nioboxid-Rotationsziele verf\u00fcgbar?<br \/>\nA2: Wir bieten Pr\u00e4zisionsschleifen, Stirnfl\u00e4chenbearbeitung, R\u00fcckplattenverschwei\u00dfung, Oberfl\u00e4chenpolieren und kundenspezifische Sinterprozesse f\u00fcr Targets in verschiedenen Oxidationszust\u00e4nden an.<\/p>\n<p>F3: Wie sollten Targets richtig gelagert werden?<br \/>\nA3: Es wird empfohlen, sie in einer trockenen Umgebung bei Raumtemperatur, fern von Licht und Feuchtigkeit, zu lagern, um einen stabilen Oxidationszustand und eine saubere Oberfl\u00e4che zu gew\u00e4hrleisten.<\/p>\n<p>F4: Welchen Reinheitsgrad k\u00f6nnen NbOx-Targets erreichen?<br \/>\nA4: Wir k\u00f6nnen Nioboxid-Rohstoffe mit einer Reinheit von \u2265 99,9 % liefern und auf Anfrage st\u00f6chiometrische Kontrollberichte f\u00fcr verschiedene Anteile von NbO, NbO\u2082 und Nb\u2082O\u2085 bereitstellen.<\/p>\n<h2><span style=\"font-size: 14pt;\">Berichte<\/span><\/h2>\n<p>Jede Charge wird mit folgenden<br \/>\n<span style=\"color: #0000ff;\"><a style=\"color: #0000ff;\" href=\"https:\/\/ulpmat.com\/de\/dokumente\/zertifikat-der-analyse\/\">Unterlagen<\/a><\/span><br \/>\ngeliefert:<br \/>\n<span style=\"color: #0000ff;\"><a style=\"color: #0000ff;\" href=\"https:\/\/ulpmat.com\/de\/dokumente\/zertifikat-der-analyse\/\">Analysezertifikat (COA)<\/a><\/span><\/p>\n<p><span style=\"color: #0000ff;\"><a style=\"color: #0000ff;\" href=\"https:\/\/ulpmat.com\/de\/dokumente\/technisches-datenblatt\/\">Technisches Datenblatt (TDS)<\/a><\/span><\/p>\n<p><span style=\"color: #0000ff;\"><a style=\"color: #0000ff;\" href=\"https:\/\/ulpmat.com\/de\/dokumente\/sicherheitsdatenblatt\/\">Sicherheitsdatenblatt (MSDS)<\/a><\/span><br \/>\nAuf Anfrage sind Pr\u00fcfberichte von Drittanbietern erh\u00e4ltlich.<\/p>\n<h2><span style=\"font-size: 14pt;\">Warum sollten Sie sich f\u00fcr uns entscheiden?<\/span><\/h2>\n<p>Spezialisiert auf Sputtertargets und R\u00f6hrentargets aus hochschmelzenden Metalloxiden<br \/>\nUnterst\u00fctzung einer vollst\u00e4ndigen Dienstleistungskette von der Forschung und Entwicklung bis zur Massenproduktion<br \/>\nKontrollierbare Formulierungen und stabile Strukturen, geeignet f\u00fcr die Herstellung von D\u00fcnnschichten mit hoher Konsistenz<br \/>\nFlexible Anpassung f\u00fcr verschiedene Gr\u00f6\u00dfen, Phasen und Backplane-Strukturen m\u00f6glich<br \/>\nKompletter Satz an Pr\u00fcfger\u00e4ten gew\u00e4hrleistet transparente und r\u00fcckverfolgbare Target-Qualit\u00e4t<br \/>\nUmfangreiche weltweite Versand Erfahrung mit sicherer und zuverl\u00e4ssiger Verpackung<br \/>\nProfessionelles technisches Team bietet Beratung zu Sputterparametern und Materialauswahl<\/p>\n","protected":false},"excerpt":{"rendered":"<p>\u00dcbersicht \u00fcber Nioboxid-Rotationsziele Nioboxid -Rotationsziele sind rotierende Sputterziele auf Basis von Nioboxidkeramik. Sie zeichnen sich durch hohe Stabilit\u00e4t, hervorragende optische Eigenschaften und eine gut kontrollierbare St\u00f6chiometrie aus und werden h\u00e4ufig f\u00fcr die Abscheidung von transparenten D\u00fcnnschichten, elektrisch funktionalen Schichten und hochkorrosionsbest\u00e4ndigen Beschichtungen verwendet. Sie werden in erster Linie zur Herstellung von transparenten leitf\u00e4higen Schichten, optischen [&hellip;]<\/p>\n","protected":false},"featured_media":37774,"template":"","meta":{"_acf_changed":false},"product_brand":[132],"product_cat":[451,466],"product_tag":[4361],"class_list":{"0":"post-37773","1":"product","2":"type-product","3":"status-publish","4":"has-post-thumbnail","6":"product_brand-ulpmat","7":"product_cat-keramisches-sputtering-target","8":"product_cat-rotierende-zielscheiben","9":"product_tag-niob-oxid-drehscheibe","11":"first","12":"instock","13":"shipping-taxable","14":"product-type-variable"},"acf":[],"_links":{"self":[{"href":"https:\/\/ulpmat.com\/de\/wp-json\/wp\/v2\/product\/37773","targetHints":{"allow":["GET"]}}],"collection":[{"href":"https:\/\/ulpmat.com\/de\/wp-json\/wp\/v2\/product"}],"about":[{"href":"https:\/\/ulpmat.com\/de\/wp-json\/wp\/v2\/types\/product"}],"wp:featuredmedia":[{"embeddable":true,"href":"https:\/\/ulpmat.com\/de\/wp-json\/wp\/v2\/media\/37774"}],"wp:attachment":[{"href":"https:\/\/ulpmat.com\/de\/wp-json\/wp\/v2\/media?parent=37773"}],"wp:term":[{"taxonomy":"product_brand","embeddable":true,"href":"https:\/\/ulpmat.com\/de\/wp-json\/wp\/v2\/product_brand?post=37773"},{"taxonomy":"product_cat","embeddable":true,"href":"https:\/\/ulpmat.com\/de\/wp-json\/wp\/v2\/product_cat?post=37773"},{"taxonomy":"product_tag","embeddable":true,"href":"https:\/\/ulpmat.com\/de\/wp-json\/wp\/v2\/product_tag?post=37773"}],"curies":[{"name":"wp","href":"https:\/\/api.w.org\/{rel}","templated":true}]}}