{"id":37511,"date":"2025-11-28T15:05:19","date_gmt":"2025-11-28T07:05:19","guid":{"rendered":"https:\/\/ulpmat.com\/product\/zirkonium-metall-5\/"},"modified":"2025-11-28T15:05:19","modified_gmt":"2025-11-28T07:05:19","slug":"zirkonium-metall-5","status":"publish","type":"product","link":"https:\/\/ulpmat.com\/de\/produkt\/zirkonium-metall-5\/","title":{"rendered":"Zirkonium Metall"},"content":{"rendered":"<h2><span style=\"font-size: 14pt;\">\u00dcbersicht \u00fcber Zirkonium-Metallpellets<\/span><\/h2>\n<p><span style=\"color: #0000ff;\"><a style=\"color: #0000ff;\" href=\"https:\/\/ulpmat.com\/de\/search\/?type=name&#038;keyword=Zirconium+metal\">Zirkonium<\/a><\/span><br \/>\n-Metallpellets sind hochreine metallische Werkstoffe, die speziell f\u00fcr Hochleistungswerkstoffe und D\u00fcnnschichtbeschichtungsprozesse entwickelt wurden. Mit einer Reinheit von bis zu 99,95 %, einer einheitlichen Partikelgr\u00f6\u00dfe und einer ausgezeichneten Dichte und Stabilit\u00e4t gew\u00e4hrleisten sie eine zuverl\u00e4ssige Leistung in verschiedenen Prozessen mit extrem geringem Verunreinigungsgehalt.<\/p>\n<p>Wir bieten Zirkonium-Pellets in verschiedenen Gr\u00f6\u00dfen und Partikelgr\u00f6\u00dfen an und k\u00f6nnen diese an die spezifischen Bed\u00fcrfnisse unserer Kunden anpassen. Wir bieten au\u00dferdem umfassenden <span style=\"color: #0000ff;\"><a style=\"color: #0000ff;\" href=\"https:\/\/ulpmat.com\/de\/service\/technische-unterstuetzung\/\">technischen Support<\/a><\/span><br \/>\nund<span style=\"color: #0000ff;\"><a style=\"color: #0000ff;\" href=\"https:\/\/ulpmat.com\/de\/service\/service-nach-dem-verkauf\/\"> Kundendienst<\/a><\/span><br \/>\n. Bei Fragen zur Verwendung oder zu Prozessen k\u00f6nnen Sie <span style=\"color: #0000ff;\"><a style=\"color: #0000ff;\" href=\"https:\/\/ulpmat.com\/de\/kontakt-us\/\">sich<\/a><\/span><br \/>\njederzeit <span style=\"color: #0000ff;\"><a style=\"color: #0000ff;\" href=\"https:\/\/ulpmat.com\/de\/kontakt-us\/\">an uns wenden<\/a><\/span><br \/>\n.<\/p>\n<h2><span style=\"font-size: 14pt;\">Produkt-Highlights<\/span><\/h2>\n<p>Hohe Reinheit<br \/>\nPartikel mit hoher Dichte, stabile Leistung<br \/>\nAnpassbare Partikelgr\u00f6\u00dfe und Verpackungsspezifikationen<br \/>\nGeeignet f\u00fcr Metallurgie, Elektronik, Chemie und D\u00fcnnschichtabscheidung<\/p>\n<h2><span style=\"font-size: 14pt;\">Anwendungen von Zirkonium-Metallpellets<\/span><\/h2>\n<p>Metallurgie: Zur Herstellung von Hochleistungslegierungen und korrosionsbest\u00e4ndigen Materialien<br \/>\nElektronik und Halbleiter: F\u00fcr Elektrodenmaterialien und funktionale D\u00fcnnschichtabscheidungen<br \/>\nChemie: Als Katalysator oder Rohstoff f\u00fcr chemische Reaktionen<br \/>\n<span style=\"color: #0000ff;\"><a style=\"color: #0000ff;\" href=\"https:\/\/ulpmat.com\/de\/anwendung\/materialien-fuer-die-optik\/\">Optik<\/a><\/span><br \/>\nund Beschichtungen: F\u00fcr hochreflektierende Beschichtungen und Schutzfolien<\/p>\n<h2><span style=\"color: #0000ff;\"><a style=\"color: #0000ff;\" href=\"https:\/\/ulpmat.com\/de\/unternehmen\/faqs\/\"><span style=\"font-size: 14pt;\">H\u00e4ufig gestellte Fragen<\/span><\/a><\/span><\/h2>\n<p>F1: Welche Verpackungsoptionen gibt es f\u00fcr Zirkoniumpellets?<br \/>\nA1: Wir bieten Kunststoffflaschen, Vakuumbeutel oder Vakuumverpackungen an und k\u00f6nnen diese nach Kundenwunsch anpassen.<\/p>\n<p>F2: K\u00f6nnen die Pellets bei hohen Temperaturen verarbeitet werden?<br \/>\nA2: Ja, Zirkoniumgranulat hat eine ausgezeichnete Hochtemperaturbest\u00e4ndigkeit und kann f\u00fcr Hochtemperaturlegierungen und D\u00fcnnschichtbeschichtungen verwendet werden.<\/p>\n<p>F3: Wie sollten Zirkoniumpellets gelagert werden?<br \/>\nA3: Bitte lagern Sie sie in einer trockenen, gut bel\u00fcfteten Umgebung mit geringer Luftfeuchtigkeit und vermeiden Sie den direkten Kontakt mit S\u00e4uren oder Oxidationsmitteln.<\/p>\n<p>F4: Ist die Partikelgr\u00f6\u00dfe anpassbar?<br \/>\nA4: Ja, wir unterst\u00fctzen verschiedene Partikelgr\u00f6\u00dfen, von einigen zehn Mikrometern bis zu mehreren hundert Mikrometern, die alle anpassbar sind.<\/p>\n<h2>Berichte<\/h2>\n<p>Jede Charge wird mit folgenden Dokumenten geliefert:<br \/>\n<span style=\"color: #0000ff;\"><a style=\"color: #0000ff;\" href=\"https:\/\/ulpmat.com\/de\/dokumente\/zertifikat-der-analyse\/\">Analysezertifikat (COA)<\/a><\/span><\/p>\n<p><span style=\"color: #0000ff;\"><a style=\"color: #0000ff;\" href=\"https:\/\/ulpmat.com\/de\/dokumente\/technisches-datenblatt\/\">Technisches Datenblatt (TDS)<\/a><\/span><\/p>\n<p><span style=\"color: #0000ff;\"><a style=\"color: #0000ff;\" href=\"https:\/\/ulpmat.com\/de\/dokumente\/sicherheitsdatenblatt\/\">Sicherheitsdatenblatt (MSDS)<\/a><\/span><br \/>\nTestberichte von Drittanbietern sind auf Anfrage erh\u00e4ltlich.<\/p>\n<h2><span style=\"font-size: 14pt;\">Warum sollten Sie sich f\u00fcr uns entscheiden?<\/span><\/h2>\n<p>Garantiert hohe Reinheit: Die strenge Kontrolle des Verunreinigungsgehalts gew\u00e4hrleistet eine stabile Materialleistung.<br \/>\nUmfassende Anpassung: Partikelgr\u00f6\u00dfe, Verpackung und Spezifikationen k\u00f6nnen flexibel an die Kundenbed\u00fcrfnisse angepasst werden.<br \/>\nProfessioneller technischer Support: Beratung bei der Materialauswahl, Anwendungshinweise und Kundendienst.<br \/>\nZuverl\u00e4ssige Qualit\u00e4tssicherung: Jede Produktcharge wird mit einem COA und einem MSDS geliefert, die Tests durch Dritte unterst\u00fctzen.<br \/>\nSchnelle Lieferung: Eine stabile Lieferkette und eine flexible Bestandsverwaltung gew\u00e4hrleisten eine p\u00fcnktliche Lieferung.<\/p>\n","protected":false},"excerpt":{"rendered":"<p>\u00dcbersicht \u00fcber Zirkonium-Metallpellets Zirkonium -Metallpellets sind hochreine metallische Werkstoffe, die speziell f\u00fcr Hochleistungswerkstoffe und D\u00fcnnschichtbeschichtungsprozesse entwickelt wurden. Mit einer Reinheit von bis zu 99,95 %, einer einheitlichen Partikelgr\u00f6\u00dfe und einer ausgezeichneten Dichte und Stabilit\u00e4t gew\u00e4hrleisten sie eine zuverl\u00e4ssige Leistung in verschiedenen Prozessen mit extrem geringem Verunreinigungsgehalt. Wir bieten Zirkonium-Pellets in verschiedenen Gr\u00f6\u00dfen und Partikelgr\u00f6\u00dfen an [&hellip;]<\/p>\n","protected":false},"featured_media":37512,"template":"","meta":{"_acf_changed":false},"product_brand":[132],"product_cat":[299],"product_tag":[4295],"class_list":{"0":"post-37511","1":"product","2":"type-product","3":"status-publish","4":"has-post-thumbnail","6":"product_brand-ulpmat","7":"product_cat-verdampfen-von-materialien","8":"product_tag-zirkonium-metall-pellets","10":"first","11":"instock","12":"shipping-taxable","13":"product-type-variable"},"acf":[],"_links":{"self":[{"href":"https:\/\/ulpmat.com\/de\/wp-json\/wp\/v2\/product\/37511","targetHints":{"allow":["GET"]}}],"collection":[{"href":"https:\/\/ulpmat.com\/de\/wp-json\/wp\/v2\/product"}],"about":[{"href":"https:\/\/ulpmat.com\/de\/wp-json\/wp\/v2\/types\/product"}],"wp:featuredmedia":[{"embeddable":true,"href":"https:\/\/ulpmat.com\/de\/wp-json\/wp\/v2\/media\/37512"}],"wp:attachment":[{"href":"https:\/\/ulpmat.com\/de\/wp-json\/wp\/v2\/media?parent=37511"}],"wp:term":[{"taxonomy":"product_brand","embeddable":true,"href":"https:\/\/ulpmat.com\/de\/wp-json\/wp\/v2\/product_brand?post=37511"},{"taxonomy":"product_cat","embeddable":true,"href":"https:\/\/ulpmat.com\/de\/wp-json\/wp\/v2\/product_cat?post=37511"},{"taxonomy":"product_tag","embeddable":true,"href":"https:\/\/ulpmat.com\/de\/wp-json\/wp\/v2\/product_tag?post=37511"}],"curies":[{"name":"wp","href":"https:\/\/api.w.org\/{rel}","templated":true}]}}