{"id":37318,"date":"2025-11-28T15:05:22","date_gmt":"2025-11-28T07:05:22","guid":{"rendered":"https:\/\/ulpmat.com\/product\/zirkonium-aluminium-legierung\/"},"modified":"2025-11-28T15:05:22","modified_gmt":"2025-11-28T07:05:22","slug":"zirkonium-aluminium-legierung","status":"publish","type":"product","link":"https:\/\/ulpmat.com\/de\/produkt\/zirkonium-aluminium-legierung\/","title":{"rendered":"Zirkonium-Aluminium-Legierung"},"content":{"rendered":"<h2><span style=\"font-size: 14pt;\">\u00dcbersicht \u00fcber rotierende Targets aus Zirkonium-Aluminium-Legierung<\/span><\/h2>\n<p>Rotierende Targets aus<br \/>\n<span style=\"color: #0000ff;\"><a style=\"color: #0000ff;\" href=\"https:\/\/ulpmat.com\/de\/search\/?type=name&#038;keyword=Zirconium+aluminum\">Zirkonium-Aluminium<\/a><\/span><br \/>\n-Legierung sind f\u00fcr fortschrittliche Sputteranlagen konzipiert, die eine gleichm\u00e4\u00dfige Abscheidung, hohe Abscheidungsraten und eine ausgezeichnete Filmhaftung erfordern. Mit ihrer stabilen Legierungszusammensetzung und feinen Mikrostruktur liefern rotierende Targets aus Zirkonium-Aluminium-Legierung eine konstante Leistung bei gro\u00dffl\u00e4chigen Beschichtungen und in Produktionsumgebungen mit hohem Durchsatz.<\/p>\n<p>Unsere Rotationsziele aus Zirkonium-Aluminium-Legierung werden unter Verwendung von hochreinen Rohstoffen durch Schmelzen, hei\u00dfisostatisches Pressen (HIP) oder pulvermetallurgische Verfahren hergestellt, wodurch ein geringer Sauerstoffgehalt, eine dichte Struktur und eine lange Lebensdauer gew\u00e4hrleistet sind. Wir bieten kundenspezifische Gr\u00f6\u00dfen, Legierungsverh\u00e4ltnisse und Verbindungsmethoden zur Unterst\u00fctzung verschiedener PVD-Ger\u00e4teplattformen.<\/p>\n<h2><span style=\"font-size: 14pt;\">Produkt-Highlights<\/span><\/h2>\n<p>Anpassbare Produktgr\u00f6\u00dfe und -verh\u00e4ltnis<br \/>\nHochdichtes und porenarmes Premiumprodukt<br \/>\nHervorragende Rissbest\u00e4ndigkeit<br \/>\nAnpassbare Verbindungsmethoden und Tr\u00e4germaterialien<br \/>\nFortschrittlicher technischer Support<\/p>\n<h2><span style=\"font-size: 14pt;\">Anwendungsbereiche von Rotationstargets aus Zirkonium-Aluminium-Legierungen<\/span><\/h2>\n<p><span style=\"color: #0000ff;\"><a style=\"color: #0000ff;\" href=\"https:\/\/ulpmat.com\/de\/anwendung\/materialien-fuer-die-optik\/\">Optische<\/a><\/span><br \/>\nBeschichtung: Geeignet f\u00fcr Hartbeschichtungen, reflektierende Schichten und korrosionsbest\u00e4ndige optische Strukturen.<br \/>\n<span style=\"color: #0000ff;\"><a style=\"color: #0000ff;\" href=\"https:\/\/ulpmat.com\/de\/anwendung\/halbleiter-materialien\/\">Halbleiter<\/a><\/span><br \/>\n-D\u00fcnnschichten: Verwendung f\u00fcr dielektrische Schichten, Barriereschichten und funktionelle Verbundschichten.<br \/>\nDisplay- und<span style=\"color: #0000ff;\"><a style=\"color: #0000ff;\" href=\"https:\/\/ulpmat.com\/de\/anwendung\/photovoltaische-solaranlagen\/\"> Solar<\/a><\/span><br \/>\nenergieindustrie: Geeignet f\u00fcr gro\u00dffl\u00e4chige, gleichm\u00e4\u00dfige Beschichtungen auf Glas, flexiblen Substraten und photovoltaischen Ger\u00e4ten.<br \/>\nSchutz- und Funktionsbeschichtungen: Hochharte, oxidationsbest\u00e4ndige Schichten f\u00fcr Werkzeuge, Komponenten und Oberfl\u00e4chentechnik.<\/p>\n<h2><span style=\"color: #0000ff;\"><a style=\"color: #0000ff;\" href=\"https:\/\/ulpmat.com\/de\/unternehmen\/faqs\/\"><span style=\"font-size: 14pt;\">H\u00e4ufig gestellte Fragen<\/span><\/a><\/span><\/h2>\n<p>F1: Welche Tr\u00e4gerrohre sind verf\u00fcgbar?<br \/>\nA1: Es sind Tr\u00e4gerrohre aus Edelstahl, Titanlegierung und Legierungen verf\u00fcgbar. Wir bieten auch \u00e4u\u00dferst zuverl\u00e4ssige Verbindungsdienstleistungen zur Unterst\u00fctzung von Hochleistungs-Sputtern an.<\/p>\n<p>F2: Unterst\u00fctzt das rotierende ZrAl-Target gro\u00dffl\u00e4chige Beschichtungen?<br \/>\nA2: Ja, unser rotierendes Target-Design gew\u00e4hrleistet eine hervorragende Filmgleichm\u00e4\u00dfigkeit bei Architekturglas, Displaypanels und photovoltaischen Anwendungen.<\/p>\n<p>F3: Was sind die empfohlenen Lagerbedingungen?<br \/>\nA3: Lagern Sie das Produkt in der Originalverpackung in einer trockenen, gut bel\u00fcfteten Umgebung. Vermeiden Sie Feuchtigkeit und den Kontakt mit korrosiven Gasen.<\/p>\n<p>F4: Kann ich das Legierungsverh\u00e4ltnis oder die Dichte festlegen?<br \/>\nA4: Ja, wir k\u00f6nnen vollst\u00e4ndig kundenspezifische Legierungszusammensetzungen, Dichten und mechanische Eigenschaften entsprechend den Anwendungsanforderungen liefern.<\/p>\n<h2><span style=\"font-size: 14pt;\">Berichte<\/span><\/h2>\n<p>Jede Charge wird mit folgenden Dokumenten geliefert:<br \/>\n<span style=\"color: #0000ff;\"><a style=\"color: #0000ff;\" href=\"https:\/\/ulpmat.com\/de\/dokumente\/zertifikat-der-analyse\/\">Analysezertifikat (COA)<\/a><\/span><\/p>\n<p><span style=\"color: #0000ff;\"><a style=\"color: #0000ff;\" href=\"https:\/\/ulpmat.com\/de\/dokumente\/technisches-datenblatt\/\">Technisches Datenblatt (TDS)<\/a><\/span><\/p>\n<p><span style=\"color: #0000ff;\"><a style=\"color: #0000ff;\" href=\"https:\/\/ulpmat.com\/de\/dokumente\/sicherheitsdatenblatt\/\">Sicherheitsdatenblatt (MSDS)<\/a><\/span><br \/>\nTestberichte von Drittanbietern sind auf Anfrage erh\u00e4ltlich.<\/p>\n<h2><span style=\"font-size: 14pt;\">Warum sollten Sie sich f\u00fcr unser ZrAl-Rotationsziel entscheiden?<\/span><\/h2>\n<p>Pr\u00e4zise Legierungskontrolle: Die stabile Zusammensetzung gew\u00e4hrleistet eine vorhersagbare Sputterleistung.<br \/>\nFortschrittliche Herstellungsverfahren: Hei\u00dfisostatisches Pressen (HIP) und pulvermetallurgische Verfahren erzielen eine hohe Dichte und extrem niedrige Fehlerraten.<br \/>\nTechnische Anpassung: Tr\u00e4gerrohre, Schnittstellendesigns und Legierungsverh\u00e4ltnisse k\u00f6nnen individuell angepasst werden.<br \/>\nZuverl\u00e4ssiges Qualit\u00e4tssystem: Jedes Target wird mit einem Analysezertifikat (COA), einem Dichtebericht, einer Mikrostrukturanalyse und einem Bericht \u00fcber den Verunreinigungsgehalt geliefert.<br \/>\nProfessioneller Support: Wir bieten Beratung zur Prozessoptimierung und Anleitung zur Leistungsf\u00e4higkeit von D\u00fcnnschichten.<br \/>\nStabile weltweite Lieferung: Schnelle Lieferung und flexible Produktionskapazit\u00e4ten erf\u00fcllen die Anforderungen von Prototypenentwicklung und Massenproduktion.<\/p>\n","protected":false},"excerpt":{"rendered":"<p>\u00dcbersicht \u00fcber rotierende Targets aus Zirkonium-Aluminium-Legierung Rotierende Targets aus Zirkonium-Aluminium -Legierung sind f\u00fcr fortschrittliche Sputteranlagen konzipiert, die eine gleichm\u00e4\u00dfige Abscheidung, hohe Abscheidungsraten und eine ausgezeichnete Filmhaftung erfordern. Mit ihrer stabilen Legierungszusammensetzung und feinen Mikrostruktur liefern rotierende Targets aus Zirkonium-Aluminium-Legierung eine konstante Leistung bei gro\u00dffl\u00e4chigen Beschichtungen und in Produktionsumgebungen mit hohem Durchsatz. Unsere Rotationsziele aus Zirkonium-Aluminium-Legierung [&hellip;]<\/p>\n","protected":false},"featured_media":37319,"template":"","meta":{"_acf_changed":false},"product_brand":[132],"product_cat":[562,466],"product_tag":[4259],"class_list":{"0":"post-37318","1":"product","2":"type-product","3":"status-publish","4":"has-post-thumbnail","6":"product_brand-ulpmat","7":"product_cat-legierung-sputtering-target","8":"product_cat-rotierende-zielscheiben","9":"product_tag-drehscheibe-aus-zirkonium-aluminium-legierung","11":"first","12":"instock","13":"shipping-taxable","14":"product-type-variable"},"acf":[],"_links":{"self":[{"href":"https:\/\/ulpmat.com\/de\/wp-json\/wp\/v2\/product\/37318","targetHints":{"allow":["GET"]}}],"collection":[{"href":"https:\/\/ulpmat.com\/de\/wp-json\/wp\/v2\/product"}],"about":[{"href":"https:\/\/ulpmat.com\/de\/wp-json\/wp\/v2\/types\/product"}],"wp:featuredmedia":[{"embeddable":true,"href":"https:\/\/ulpmat.com\/de\/wp-json\/wp\/v2\/media\/37319"}],"wp:attachment":[{"href":"https:\/\/ulpmat.com\/de\/wp-json\/wp\/v2\/media?parent=37318"}],"wp:term":[{"taxonomy":"product_brand","embeddable":true,"href":"https:\/\/ulpmat.com\/de\/wp-json\/wp\/v2\/product_brand?post=37318"},{"taxonomy":"product_cat","embeddable":true,"href":"https:\/\/ulpmat.com\/de\/wp-json\/wp\/v2\/product_cat?post=37318"},{"taxonomy":"product_tag","embeddable":true,"href":"https:\/\/ulpmat.com\/de\/wp-json\/wp\/v2\/product_tag?post=37318"}],"curies":[{"name":"wp","href":"https:\/\/api.w.org\/{rel}","templated":true}]}}