{"id":37266,"date":"2025-11-28T15:05:23","date_gmt":"2025-11-28T07:05:23","guid":{"rendered":"https:\/\/ulpmat.com\/product\/zirkoniumborid\/"},"modified":"2025-11-28T15:05:23","modified_gmt":"2025-11-28T07:05:23","slug":"zirkoniumborid","status":"publish","type":"product","link":"https:\/\/ulpmat.com\/de\/produkt\/zirkoniumborid\/","title":{"rendered":"Zirkoniumborid"},"content":{"rendered":"<h2><span style=\"font-size: 14pt;\">\u00dcbersicht \u00fcber Zirkoniumborid-Sputter-Targets<\/span><\/h2>\n<p><span style=\"color: #0000ff;\"><a style=\"color: #0000ff;\" href=\"https:\/\/ulpmat.com\/de\/search\/?type=name&#038;keyword=Zirconium+boride\">Zirkoniumborid<\/a><\/span><br \/>\n-Sputter-Targets sind technische Keramikmaterialien, die f\u00fcr die Hochleistungs-D\u00fcnnschichtabscheidung in rauen Umgebungen entwickelt wurden. ZrB\u2082-Targets bieten eine hohe Reinheit, ausgezeichnete elektrische Leitf\u00e4higkeit und \u00fcberlegene thermische Stabilit\u00e4t, wodurch die Herstellung dichter, gleichm\u00e4\u00dfiger und hochharter Beschichtungen f\u00fcr eine Vielzahl von Anwendungen erm\u00f6glicht wird.<\/p>\n<p>Unsere ZrB\u2082-Sputter-Targets werden unter Verwendung fortschrittlicher Hei\u00dfpress- oder SPS-Bonding-Verfahren hergestellt, wodurch eine ausgezeichnete mechanische Festigkeit, geringe Porosit\u00e4t und zuverl\u00e4ssige Abscheidungsleistung gew\u00e4hrleistet sind. Wir bieten eine Vielzahl von kundenspezifischen Formen an, darunter planare, rotierende, gebondete und Tr\u00e4gerplatten-Typen, um den Anforderungen von F&amp;E- und industriellen Beschichtungssystemen gerecht zu werden.<\/p>\n<h2><span style=\"font-size: 14pt;\">Produkt-Highlights<\/span><\/h2>\n<p>Hohe Reinheit<br \/>\nGeringe Porosit\u00e4t und hohe Dichte<br \/>\nHohe thermische und chemische Stabilit\u00e4t<br \/>\nGeeignet f\u00fcr Hochleistungs-Sputtern und extreme D\u00fcnnschicht-Herstellungsbedingungen<br \/>\nAusgezeichnete elektrische Leitf\u00e4higkeit<br \/>\nVollst\u00e4ndig anpassbare Abmessungen<br \/>\nAnpassbare Struktur und Bindungsmethoden<\/p>\n<h2><span style=\"font-size: 14pt;\">Anwendungen von ZrB\u2082-Sputter-Targets<\/span><\/h2>\n<p>Schutzharzbeschichtungen: Verwendung in Schneidwerkzeugen, verschlei\u00dffesten Komponenten und Luft- und Raumfahrtteilen.<br \/>\nFunktionale Keramikschichten: Geeignet f\u00fcr hochtemperaturbest\u00e4ndige, korrosionsbest\u00e4ndige und leitf\u00e4hige Keramikschichten.<br \/>\nMikroelektronik und Sensoren: F\u00fcr hochleitf\u00e4hige Keramikkomponenten und Barriereschichten.<br \/>\n<span style=\"color: #0000ff;\"><a style=\"color: #0000ff;\" href=\"https:\/\/ulpmat.com\/de\/anwendung\/materialien-fuer-die-optik\/\">Optische<\/a><\/span><br \/>\nD\u00fcnnschichten: Erm\u00f6glicht dauerhafte, hochstabile Beschichtungen f\u00fcr Infrarot- und Hochenergie-Optiksysteme.<\/p>\n<h2><span style=\"color: #0000ff;\"><a style=\"color: #0000ff;\" href=\"https:\/\/ulpmat.com\/de\/unternehmen\/faqs\/\"><span style=\"font-size: 14pt;\">H\u00e4ufig gestellte Fragen<\/span><\/a><\/span><\/h2>\n<p>F1: Welche Formen und Gr\u00f6\u00dfen von ZrB2-Sputter-Targets bieten Sie an?<br \/>\nA1: Wir bieten planare Scheiben, flache Platten, Stufentargets und rotierende R\u00f6hrentargets an, die auf Kupfer- oder Aluminium-Tr\u00e4gerplatten geklebt werden k\u00f6nnen.<\/p>\n<p>F2: Sind ZrB2-Targets f\u00fcr Hochleistungs-Sputtern geeignet?<br \/>\nA2: Ja. Ihre hohe W\u00e4rmeleitf\u00e4higkeit und ausgezeichnete Keramikfestigkeit erm\u00f6glichen einen stabilen Betrieb bei hoher Sputterleistung.<\/p>\n<p>F3: Wie sollten ZrB2-Sputter-Targets gelagert werden?<br \/>\nA3: Lagern Sie sie in einer trockenen, versiegelten Umgebung. Vermeiden Sie Feuchtigkeit und Temperaturschwankungen, um eine Oberfl\u00e4chenoxidation zu verhindern.<\/p>\n<p>F4: K\u00f6nnen Reinheit oder Dichte angepasst werden?<br \/>\nA4: Ja, wir k\u00f6nnen je nach Leistungsanforderungen anpassbare Reinheitsgrade, Dichteoptimierungen und kundenspezifische Sinterprozesse anbieten.<\/p>\n<h2><span style=\"font-size: 14pt;\">Berichte<\/span><\/h2>\n<p>Jede Charge wird mit folgenden Dokumenten geliefert:<br \/>\n<span style=\"color: #0000ff;\"><a style=\"color: #0000ff;\" href=\"https:\/\/ulpmat.com\/de\/dokumente\/zertifikat-der-analyse\/\">Analysezertifikat (COA)<\/a><\/span><\/p>\n<p><span style=\"color: #0000ff;\"><a style=\"color: #0000ff;\" href=\"https:\/\/ulpmat.com\/de\/dokumente\/technisches-datenblatt\/\">Technisches Datenblatt (TDS)<\/a><\/span><\/p>\n<p><span style=\"color: #0000ff;\"><a style=\"color: #0000ff;\" href=\"https:\/\/ulpmat.com\/de\/dokumente\/sicherheitsdatenblatt\/\">Sicherheitsdatenblatt (MSDS)<\/a><\/span><br \/>\nTestberichte von Drittanbietern sind auf Anfrage erh\u00e4ltlich.<\/p>\n<h2><span style=\"font-size: 14pt;\">Warum sollten Sie sich f\u00fcr unsere ZrB2-Sputter-Targets entscheiden?<\/span><\/h2>\n<p>Stabile Filmqualit\u00e4t: Geringe Partikelbildung und eine hochdichte Targetstruktur gew\u00e4hrleisten eine gleichm\u00e4\u00dfige Abscheidung.<br \/>\nKundenspezifische Fertigung: Kundenspezifische Fertigung ist verf\u00fcgbar, um verschiedenen Beschichtungsanlagen und Anwendungsszenarien gerecht zu werden.<br \/>\nTechnischer Support: Unterst\u00fctzung bei Sputterparametern, Verbindungsmethoden und Beschichtungsoptimierung.<br \/>\nStrenge Qualit\u00e4tskontrolle: Jedes Target wird auf Reinheit, Dichte, Gleichm\u00e4\u00dfigkeit und Mikrostruktur gepr\u00fcft.<br \/>\nZuverl\u00e4ssige Lieferung und schnelle Lieferung: Eine stabile Materialversorgungskette und effiziente Produktionskapazit\u00e4ten.<\/p>\n","protected":false},"excerpt":{"rendered":"<p>\u00dcbersicht \u00fcber Zirkoniumborid-Sputter-Targets Zirkoniumborid -Sputter-Targets sind technische Keramikmaterialien, die f\u00fcr die Hochleistungs-D\u00fcnnschichtabscheidung in rauen Umgebungen entwickelt wurden. ZrB\u2082-Targets bieten eine hohe Reinheit, ausgezeichnete elektrische Leitf\u00e4higkeit und \u00fcberlegene thermische Stabilit\u00e4t, wodurch die Herstellung dichter, gleichm\u00e4\u00dfiger und hochharter Beschichtungen f\u00fcr eine Vielzahl von Anwendungen erm\u00f6glicht wird. Unsere ZrB\u2082-Sputter-Targets werden unter Verwendung fortschrittlicher Hei\u00dfpress- oder SPS-Bonding-Verfahren hergestellt, wodurch [&hellip;]<\/p>\n","protected":false},"featured_media":37267,"template":"","meta":{"_acf_changed":false},"product_brand":[132],"product_cat":[451],"product_tag":[4247],"class_list":{"0":"post-37266","1":"product","2":"type-product","3":"status-publish","4":"has-post-thumbnail","6":"product_brand-ulpmat","7":"product_cat-keramisches-sputtering-target","8":"product_tag-zirkoniumborid-sputtering-target","10":"first","11":"instock","12":"shipping-taxable","13":"product-type-variable"},"acf":[],"_links":{"self":[{"href":"https:\/\/ulpmat.com\/de\/wp-json\/wp\/v2\/product\/37266","targetHints":{"allow":["GET"]}}],"collection":[{"href":"https:\/\/ulpmat.com\/de\/wp-json\/wp\/v2\/product"}],"about":[{"href":"https:\/\/ulpmat.com\/de\/wp-json\/wp\/v2\/types\/product"}],"wp:featuredmedia":[{"embeddable":true,"href":"https:\/\/ulpmat.com\/de\/wp-json\/wp\/v2\/media\/37267"}],"wp:attachment":[{"href":"https:\/\/ulpmat.com\/de\/wp-json\/wp\/v2\/media?parent=37266"}],"wp:term":[{"taxonomy":"product_brand","embeddable":true,"href":"https:\/\/ulpmat.com\/de\/wp-json\/wp\/v2\/product_brand?post=37266"},{"taxonomy":"product_cat","embeddable":true,"href":"https:\/\/ulpmat.com\/de\/wp-json\/wp\/v2\/product_cat?post=37266"},{"taxonomy":"product_tag","embeddable":true,"href":"https:\/\/ulpmat.com\/de\/wp-json\/wp\/v2\/product_tag?post=37266"}],"curies":[{"name":"wp","href":"https:\/\/api.w.org\/{rel}","templated":true}]}}