{"id":36728,"date":"2025-11-28T15:05:34","date_gmt":"2025-11-28T07:05:34","guid":{"rendered":"https:\/\/ulpmat.com\/product\/zirkoniumselenid\/"},"modified":"2025-11-28T15:05:34","modified_gmt":"2025-11-28T07:05:34","slug":"zirkoniumselenid","status":"publish","type":"product","link":"https:\/\/ulpmat.com\/de\/produkt\/zirkoniumselenid\/","title":{"rendered":"Zirkoniumselenid"},"content":{"rendered":"<h2><span style=\"font-size: 14pt;\">Zirkoniumselenid-Pulver \u2013 \u00dcbersicht<\/span><\/h2>\n<p><span style=\"color: #0000ff;\"><a style=\"color: #0000ff;\" href=\"https:\/\/ulpmat.com\/de\/search\/?type=name&#038;keyword=Zirconium+selenide\">Zirkoniumselenid<\/a><\/span><br \/>\n-Pulver ist ein geschichtetes \u00dcbergangsmetall-Selenid-Material mit hervorragenden Halbleitereigenschaften und Lichtabsorptionsf\u00e4higkeiten, wodurch es in optoelektronischen D\u00fcnnschichten, Sensoren und Energieumwandlungsmaterialien breit einsetzbar ist.<\/p>\n<p>Wir bieten ZrSe2-Pulver in verschiedenen Reinheitsgraden und Partikelgr\u00f6\u00dfen an, die an die Anforderungen von Forschung und Industrie angepasst werden k\u00f6nnen, einschlie\u00dflich Partikelgr\u00f6\u00dfenkontrolle, Verpackungsanpassungen und Optimierung des Verunreinigungsgehalts. Bitte <span style=\"color: #0000ff;\"><a style=\"color: #0000ff;\" href=\"https:\/\/ulpmat.com\/de\/kontakt-us\/\">kontaktieren Sie uns.<\/a><\/span><\/p>\n<h2><span style=\"font-size: 14pt;\">Produkt-Highlights<\/span><\/h2>\n<p>Intakte Schichtstruktur<br \/>\nStarke Lichtabsorptionsleistung<br \/>\nGleichm\u00e4\u00dfige Partikelgr\u00f6\u00dfe und geringer Verunreinigungsgehalt<br \/>\nAnpassbares ultrafeines Pulver<br \/>\nHohe Stabilit\u00e4t und gute Dispergierbarkeit<br \/>\nUnterst\u00fctzt die Berichterstattung von Forschungsdaten<\/p>\n<h2><span style=\"font-size: 14pt;\">Anwendungen von Zirkoniumselenid-Pulver<\/span><\/h2>\n<p>Optoelektronische Ger\u00e4te: Kann als lichtempfindliches Material zur Herstellung von lichtempfindlichen Elementen und optischen D\u00fcnnschichten verwendet werden.<br \/>\nSensortechnologie: Wird in der Gasdetektion, Lichterkennung und der Entwicklung entsprechender Detektionsger\u00e4te verwendet.<br \/>\nEnergiespeicherung: Wird als Elektrodenmaterialzusatz verwendet, um die Leitf\u00e4higkeit und die Energiespeichereffizienz zu verbessern.<br \/>\nForschung zu zweidimensionalen Materialien: Wird im Bereich neuartiger zweidimensionaler Halbleiter f\u00fcr die Herstellung von nanoskaligen D\u00fcnnschichtstrukturen eingesetzt.<\/p>\n<h2><span style=\"color: #0000ff;\"><a style=\"color: #0000ff;\" href=\"https:\/\/ulpmat.com\/de\/unternehmen\/faqs\/\"><span style=\"font-size: 14pt;\">H\u00e4ufig gestellte Fragen<\/span><\/a><\/span><\/h2>\n<p>F1: Welche Verpackung ist f\u00fcr ZrSe\u2082-Pulver am sichersten?<br \/>\nA1: Wir verwenden licht- und feuchtigkeitsundurchl\u00e4ssige Vakuumverpackungen aus Aluminium-Kunststoff-Verbundmaterial oder mit Inertgas versiegelte Glasflaschen, um sicherzustellen, dass das Pulver w\u00e4hrend des Transports stabil bleibt und seine Leistung nicht durch Feuchtigkeit oder Oxidation beeintr\u00e4chtigt wird.<\/p>\n<p>F2: Bieten Sie Pulververarbeitung und -anpassung an?<br \/>\nA2: Wir k\u00f6nnen die Feinheit von ZrSe\u2082-Pulver anpassen, Sieb- und Sortiervorg\u00e4nge durchf\u00fchren, den spezifischen Gehalt kontrollieren und ma\u00dfgeschneiderte Verpackungen f\u00fcr Labore anbieten, um unterschiedliche Materialien f\u00fcr verschiedene Forschungsrichtungen oder industrielle Anwendungen bereitzustellen.<\/p>\n<p>F3: Welche Vorsichtsma\u00dfnahmen sollten bei der Lagerung des Produkts getroffen werden?<br \/>\nA3: Es sollte in einer versiegelten, trockenen Umgebung gelagert werden, um den Einfluss der Luftfeuchtigkeit auf die Materialstruktur zu vermeiden. Es sollte au\u00dferdem vor Licht und hohen Temperaturen gesch\u00fctzt werden, um die Stabilit\u00e4tsdauer der Pulverleistung zu verl\u00e4ngern.<\/p>\n<p>F4: Was sind die Vorteile der Reinheit und Leistung des Produkts?<br \/>\nA4: Das Pulver hat eine hohe Reinheit, eine klare Kristallstruktur und einen geringen Gehalt an Verunreinigungen, wodurch es sich f\u00fcr Forschungs- und Industrieanwendungen mit hohen Anforderungen an die elektronische Leistung und optische Reaktion eignet.<\/p>\n<h2><span style=\"font-size: 14pt;\">Berichte<\/span><\/h2>\n<p>Jede Charge wird geliefert mit:<br \/>\n<span style=\"color: #0000ff;\"><a style=\"color: #0000ff;\" href=\"https:\/\/ulpmat.com\/de\/dokumente\/zertifikat-der-analyse\/\"><u>Analysezertifikat (COA)<\/u><\/a><\/span><\/p>\n<p><span style=\"color: #0000ff;\"><a style=\"color: #0000ff;\" href=\"https:\/\/ulpmat.com\/de\/dokumente\/technisches-datenblatt\/\"><u>Technisches Datenblatt (TDS)<\/u><\/a><\/span><\/p>\n<p><span style=\"color: #0000ff;\"><a style=\"color: #0000ff;\" href=\"https:\/\/ulpmat.com\/de\/dokumente\/sicherheitsdatenblatt\/\"><u>Sicherheitsdatenblatt (MSDS)<\/u><\/a><\/span><br \/>\nTestberichte von Drittanbietern sind auf Anfrage erh\u00e4ltlich<\/p>\n<h2><span style=\"font-size: 14pt;\">Warum sollten Sie sich f\u00fcr uns entscheiden?<\/span><\/h2>\n<p>Wir verf\u00fcgen \u00fcber umfangreiche Erfahrung auf dem Gebiet der anorganischen Selenide und Funktionsmaterialien, besitzen einen vollst\u00e4ndigen Produktionsprozess, ein strenges System zur Kontrolle von Verunreinigungen und ein professionelles technisches Support-Team. Wir bieten unseren Kunden eine stabile Qualit\u00e4t, schnelle Lieferung und flexible Anpassung von ZrSe2-Pulverprodukten. Ob f\u00fcr die wissenschaftliche Forschungs\u00fcberpr\u00fcfung oder die Vergr\u00f6\u00dferung im Pilotma\u00dfstab, wir k\u00f6nnen zuverl\u00e4ssige Materialien, Datenunterst\u00fctzung und <span style=\"color: #0000ff;\"><a style=\"color: #0000ff;\" href=\"https:\/\/ulpmat.com\/de\/service\/service-nach-dem-verkauf\/\">Kundendienst<\/a><\/span><br \/>\nbieten, um Kunden dabei zu helfen, ihre F&amp;E-Effizienz und Produktwettbewerbsf\u00e4higkeit zu verbessern. Wir sind ein vertrauensw\u00fcrdiger Partner als Materiallieferant.<\/p>\n","protected":false},"excerpt":{"rendered":"<p>Zirkoniumselenid-Pulver \u2013 \u00dcbersicht Zirkoniumselenid -Pulver ist ein geschichtetes \u00dcbergangsmetall-Selenid-Material mit hervorragenden Halbleitereigenschaften und Lichtabsorptionsf\u00e4higkeiten, wodurch es in optoelektronischen D\u00fcnnschichten, Sensoren und Energieumwandlungsmaterialien breit einsetzbar ist. Wir bieten ZrSe2-Pulver in verschiedenen Reinheitsgraden und Partikelgr\u00f6\u00dfen an, die an die Anforderungen von Forschung und Industrie angepasst werden k\u00f6nnen, einschlie\u00dflich Partikelgr\u00f6\u00dfenkontrolle, Verpackungsanpassungen und Optimierung des Verunreinigungsgehalts. Bitte kontaktieren Sie [&hellip;]<\/p>\n","protected":false},"featured_media":36729,"template":"","meta":{"_acf_changed":false},"product_brand":[132],"product_cat":[670,1090],"product_tag":[4121],"class_list":{"0":"post-36728","1":"product","2":"type-product","3":"status-publish","4":"has-post-thumbnail","6":"product_brand-ulpmat","7":"product_cat-chalkogenid-materialien","8":"product_cat-chalkogenid-materialien-de","9":"product_tag-zirkoniumselenid-pulver","11":"first","12":"instock","13":"shipping-taxable","14":"product-type-variable"},"acf":[],"_links":{"self":[{"href":"https:\/\/ulpmat.com\/de\/wp-json\/wp\/v2\/product\/36728","targetHints":{"allow":["GET"]}}],"collection":[{"href":"https:\/\/ulpmat.com\/de\/wp-json\/wp\/v2\/product"}],"about":[{"href":"https:\/\/ulpmat.com\/de\/wp-json\/wp\/v2\/types\/product"}],"wp:featuredmedia":[{"embeddable":true,"href":"https:\/\/ulpmat.com\/de\/wp-json\/wp\/v2\/media\/36729"}],"wp:attachment":[{"href":"https:\/\/ulpmat.com\/de\/wp-json\/wp\/v2\/media?parent=36728"}],"wp:term":[{"taxonomy":"product_brand","embeddable":true,"href":"https:\/\/ulpmat.com\/de\/wp-json\/wp\/v2\/product_brand?post=36728"},{"taxonomy":"product_cat","embeddable":true,"href":"https:\/\/ulpmat.com\/de\/wp-json\/wp\/v2\/product_cat?post=36728"},{"taxonomy":"product_tag","embeddable":true,"href":"https:\/\/ulpmat.com\/de\/wp-json\/wp\/v2\/product_tag?post=36728"}],"curies":[{"name":"wp","href":"https:\/\/api.w.org\/{rel}","templated":true}]}}