{"id":36602,"date":"2025-11-28T15:05:36","date_gmt":"2025-11-28T07:05:36","guid":{"rendered":"https:\/\/ulpmat.com\/product\/zirkonium-titan-oxid\/"},"modified":"2025-11-28T15:05:36","modified_gmt":"2025-11-28T07:05:36","slug":"zirkonium-titan-oxid","status":"publish","type":"product","link":"https:\/\/ulpmat.com\/de\/produkt\/zirkonium-titan-oxid\/","title":{"rendered":"Zirkonium-Titan-Oxid"},"content":{"rendered":"<h2><span style=\"font-size: 14pt;\">Zirkonium-Titanoxid-Pulver \u2013 \u00dcbersicht<\/span><\/h2>\n<p><span style=\"color: #0000ff;\"><a style=\"color: #0000ff;\" href=\"https:\/\/ulpmat.com\/de\/search\/?type=name&#038;keyword=Zirconium+Titanium+Oxide\">Zirkonium-Titanoxid<\/a><\/span><br \/>\n-Pulver ist ein Verbundoxidmaterial mit hervorragenden dielektrischen Eigenschaften und thermischer Stabilit\u00e4t, das h\u00e4ufig in elektronischer Keramik, dielektrischen Bauteilen und hochtemperaturbest\u00e4ndigen Funktionsmaterialien verwendet wird.<\/p>\n<p>Wir bieten ZrTiO4-Pulver mit unterschiedlichen Partikelgr\u00f6\u00dfenverteilungen, Reinheitsgraden und Kompatibilit\u00e4t mit verschiedenen Verarbeitungssystemen an. Ob f\u00fcr Forschungsproben oder Massenproduktionsanforderungen \u2013 wir bieten schnelle Lieferung und Materialparameterreferenzen. Bitte z\u00f6gern Sie nicht, <span style=\"color: #0000ff;\"><a style=\"color: #0000ff;\" href=\"https:\/\/ulpmat.com\/de\/kontakt-us\/\">uns<\/a><\/span><br \/>\nzu <span style=\"color: #0000ff;\"><a style=\"color: #0000ff;\" href=\"https:\/\/ulpmat.com\/de\/kontakt-us\/\">kontaktieren.<\/a><\/span><\/p>\n<h2><span style=\"font-size: 14pt;\">Produkt-Highlights<\/span><\/h2>\n<p>Hohe Dielektrizit\u00e4tskonstante<br \/>\nAusgezeichnete thermische Stabilit\u00e4t<br \/>\nStarke elektrische Isolierung<br \/>\nKontrollierbare Partikelgr\u00f6\u00dfe<br \/>\nAnpassbare Verpackung<br \/>\nStabile Sinterleistung<br \/>\nGeringer Gehalt an Verunreinigungen<br \/>\nAnpassbarer BET-Wert<br \/>\nGute Kompatibilit\u00e4t mit Keramiksystemen<\/p>\n<h2><span style=\"font-size: 14pt;\">Anwendungen von Zirkonium-Titanoxid-Pulver<\/span><\/h2>\n<p>Elektronische Keramikmaterialien: Verwendung bei der Herstellung von dielektrischen Keramiken und Hochfrequenzkomponenten.<\/p>\n<p>Hochtemperatur-Strukturkeramik: Als funktioneller F\u00fcllstoff zur Verbesserung der Hitzebest\u00e4ndigkeit und Strukturfestigkeit.<\/p>\n<p>Elektrische Isolationskomponenten: Verwendung f\u00fcr Keramikteile mit hohen Isolationsanforderungen.<\/p>\n<p>Entwicklung von Materialien f\u00fcr die wissenschaftliche Forschung: Verwendung f\u00fcr Materialforschung und Leistungsoptimierungsexperimente an Universit\u00e4ten und Forschungseinrichtungen.<\/p>\n<h2><span style=\"color: #0000ff;\"><a style=\"color: #0000ff;\" href=\"https:\/\/ulpmat.com\/de\/unternehmen\/faqs\/\"><span style=\"font-size: 14pt;\">H\u00e4ufig gestellte Fragen<\/span><\/a><\/span><\/h2>\n<p>F1: Wie hoch ist die typische Reinheit von ZrTiO4-Pulver? Kann sie angepasst werden?<\/p>\n<p>A1: Die Standardreinheit betr\u00e4gt 99,5 %. F\u00fcr h\u00f6here Reinheits- oder Verunreinigungsgrenzwerte k\u00f6nnen wir spezielle Chargen entsprechend den Projektanforderungen anpassen und Pr\u00fcfberichte bereitstellen.<\/p>\n<p>F2: Wie wird das Pulver verpackt? Ist der internationale Versand sicher?<\/p>\n<p>A2: Die Standardverpackung besteht aus einem inneren feuchtigkeitsbest\u00e4ndigen Aluminium-Kunststoffbeutel + einem \u00e4u\u00dferen verdickten Kunststoff- oder Pappr\u00f6hrfass mit Polstermaterialien zum Schutz vor St\u00f6\u00dfen. Geeignet f\u00fcr internationalen Luft- und Seefrachtversand, wobei das Pulver w\u00e4hrend der gesamten Reise trocken und sauber bleibt.<\/p>\n<p>F3: Wie sind die Lagerungsbedingungen f\u00fcr das Pulver? Ist es hygroskopisch?<\/p>\n<p>A3: ZrTiO\u2084-Pulver ist relativ stabil und nimmt nicht leicht Feuchtigkeit auf, es wird jedoch empfohlen, es in einer versiegelten, lichtgesch\u00fctzten und trockenen Umgebung zu lagern. F\u00fcr eine langfristige Lagerung kann Trockenmittel hinzugef\u00fcgt werden, um die Haltbarkeit zu verl\u00e4ngern.<\/p>\n<p>F4: Bieten Sie Beratung zur Verarbeitung oder Prozessunterst\u00fctzung an?<\/p>\n<p>A4: Wir k\u00f6nnen Ihnen je nach Kundenwunsch Referenzwerte f\u00fcr die Pulversintertemperatur, Vorschl\u00e4ge zur Partikelgr\u00f6\u00dfenauswahl und Vorschl\u00e4ge zum Zusatzverh\u00e4ltnis in Keramikformulierungen zur Verf\u00fcgung stellen, damit Sie schneller geeignete Materiall\u00f6sungen finden.<\/p>\n<h2><span style=\"font-size: 14pt;\">Berichte<\/span><\/h2>\n<p>Jede Charge wird geliefert mit:<br \/>\n<span style=\"color: #0000ff;\"><a style=\"color: #0000ff;\" href=\"https:\/\/ulpmat.com\/de\/dokumente\/zertifikat-der-analyse\/\"><u>Analysezertifikat (COA)<\/u><\/a><\/span><\/p>\n<p><span style=\"color: #0000ff;\"><a style=\"color: #0000ff;\" href=\"https:\/\/ulpmat.com\/de\/dokumente\/technisches-datenblatt\/\"><u>Technisches Datenblatt (TDS)<\/u><\/a><\/span><\/p>\n<p><span style=\"color: #0000ff;\"><a style=\"color: #0000ff;\" href=\"https:\/\/ulpmat.com\/de\/dokumente\/sicherheitsdatenblatt\/\"><u>Sicherheitsdatenblatt (MSDS)<\/u><\/a><\/span><br \/>\nTestberichte von Drittanbietern auf Anfrage erh\u00e4ltlich<\/p>\n<h2><span style=\"font-size: 14pt;\">Warum sollten Sie sich f\u00fcr uns entscheiden?<\/span><\/h2>\n<p>Wir verf\u00fcgen \u00fcber ein ausgereiftes Produktionssystem im Bereich anorganischer Pulvermaterialien, das es uns erm\u00f6glicht, ZrTiO4-Pulver mit hoher Reinheit, kontrollierbarer Partikelgr\u00f6\u00dfe und zuverl\u00e4ssiger Leistung stabil zu liefern und eine nachhaltige Versorgung vom Laborgebrauch bis zur industriellen Gro\u00dfproduktion zu gew\u00e4hrleisten. Unsere Produkte werden strengen Tests unterzogen, um einen kontrollierbaren Gehalt an Verunreinigungen und eine hohe Wiederholbarkeit zu gew\u00e4hrleisten, damit unsere Kunden eine stabile Verarbeitungsleistung und endg\u00fcltige Materialeigenschaften erzielen k\u00f6nnen.<\/p>\n<p>Dar\u00fcber hinaus bieten wir schnellen<span style=\"color: #0000ff;\"> t<a style=\"color: #0000ff;\" href=\"https:\/\/ulpmat.com\/de\/service\/technische-unterstuetzung\/\">echnischen Support<\/a>,<\/span><br \/>\nflexible Anpassungsm\u00f6glichkeiten und sicheren internationalen Versand, wodurch Forschung und Entwicklung sowie Produktion f\u00fcr unsere Kunden zeitsparender und effizienter werden. Wir sind bestrebt, eine langfristig zuverl\u00e4ssige Materialversorgung f\u00fcr elektronische Keramik, Strukturkeramik und wissenschaftliche Forschung zu gew\u00e4hrleisten, was uns zu Ihrem bevorzugten Partner f\u00fcr ZrTiO4-Pulver macht.<\/p>\n","protected":false},"excerpt":{"rendered":"<p>Zirkonium-Titanoxid-Pulver \u2013 \u00dcbersicht Zirkonium-Titanoxid -Pulver ist ein Verbundoxidmaterial mit hervorragenden dielektrischen Eigenschaften und thermischer Stabilit\u00e4t, das h\u00e4ufig in elektronischer Keramik, dielektrischen Bauteilen und hochtemperaturbest\u00e4ndigen Funktionsmaterialien verwendet wird. Wir bieten ZrTiO4-Pulver mit unterschiedlichen Partikelgr\u00f6\u00dfenverteilungen, Reinheitsgraden und Kompatibilit\u00e4t mit verschiedenen Verarbeitungssystemen an. Ob f\u00fcr Forschungsproben oder Massenproduktionsanforderungen \u2013 wir bieten schnelle Lieferung und Materialparameterreferenzen. Bitte z\u00f6gern Sie [&hellip;]<\/p>\n","protected":false},"featured_media":36603,"template":"","meta":{"_acf_changed":false},"product_brand":[132],"product_cat":[1185],"product_tag":[4079],"class_list":{"0":"post-36602","1":"product","2":"type-product","3":"status-publish","4":"has-post-thumbnail","6":"product_brand-ulpmat","7":"product_cat-andere-saeuren","8":"product_tag-zirkonium-titan-oxid-pulver","10":"first","11":"instock","12":"shipping-taxable","13":"product-type-variable"},"acf":[],"_links":{"self":[{"href":"https:\/\/ulpmat.com\/de\/wp-json\/wp\/v2\/product\/36602","targetHints":{"allow":["GET"]}}],"collection":[{"href":"https:\/\/ulpmat.com\/de\/wp-json\/wp\/v2\/product"}],"about":[{"href":"https:\/\/ulpmat.com\/de\/wp-json\/wp\/v2\/types\/product"}],"wp:featuredmedia":[{"embeddable":true,"href":"https:\/\/ulpmat.com\/de\/wp-json\/wp\/v2\/media\/36603"}],"wp:attachment":[{"href":"https:\/\/ulpmat.com\/de\/wp-json\/wp\/v2\/media?parent=36602"}],"wp:term":[{"taxonomy":"product_brand","embeddable":true,"href":"https:\/\/ulpmat.com\/de\/wp-json\/wp\/v2\/product_brand?post=36602"},{"taxonomy":"product_cat","embeddable":true,"href":"https:\/\/ulpmat.com\/de\/wp-json\/wp\/v2\/product_cat?post=36602"},{"taxonomy":"product_tag","embeddable":true,"href":"https:\/\/ulpmat.com\/de\/wp-json\/wp\/v2\/product_tag?post=36602"}],"curies":[{"name":"wp","href":"https:\/\/api.w.org\/{rel}","templated":true}]}}