{"id":36113,"date":"2025-12-03T11:12:06","date_gmt":"2025-12-03T03:12:06","guid":{"rendered":"https:\/\/ulpmat.com\/product\/yttrium-aluminat-yttrium-aluminium-oxid-yag\/"},"modified":"2025-12-03T11:12:06","modified_gmt":"2025-12-03T03:12:06","slug":"yttrium-aluminat-yttrium-aluminium-oxid-yag","status":"publish","type":"product","link":"https:\/\/ulpmat.com\/de\/produkt\/yttrium-aluminat-yttrium-aluminium-oxid-yag\/","title":{"rendered":"Yttrium-Aluminat (Yttrium-Aluminium-Oxid) (YAG)"},"content":{"rendered":"<h2><span style=\"font-size: 14pt;\">\u00dcbersicht \u00fcber Yttrium-Aluminiumoxid-Pulver<\/span><\/h2>\n<p><span style=\"color: #0000ff;\"><a style=\"color: #0000ff;\" href=\"https:\/\/ulpmat.com\/de\/search\/?type=name&#038;keyword=Yttrium+Aluminum+Oxide\">Yttrium-Aluminiumoxid<\/a><\/span><br \/>\n-Pulver ist ein hochreines Yttrium-Aluminium-Granat-Pulver, das h\u00e4ufig bei der Herstellung von Lasermaterialien, Keramiken und <span style=\"color: #0000ff;\"><a style=\"color: #0000ff;\" href=\"https:\/\/ulpmat.com\/de\/anwendung\/materialien-fuer-die-optik\/\">optischen<\/a><\/span><br \/>\nGer\u00e4ten verwendet wird.<\/p>\n<p>Wir bieten Y3Al5O12-Pulver in verschiedenen Partikelgr\u00f6\u00dfen und Reinheitsgraden an, um den vielf\u00e4ltigen Anforderungen in der wissenschaftlichen Forschung und in industriellen Anwendungen gerecht zu werden. F\u00fcr detaillierte Informationen und <span style=\"color: #0000ff;\"><a style=\"color: #0000ff;\" href=\"https:\/\/ulpmat.com\/de\/service\/personalisierung\/\">ma\u00dfgeschneiderte<\/a><\/span><br \/>\nL\u00f6sungen k\u00f6nnen Sie <span style=\"color: #0000ff;\"><a style=\"color: #0000ff;\" href=\"https:\/\/ulpmat.com\/de\/kontakt-us\/\">sich<\/a><\/span><br \/>\njederzeit <span style=\"color: #0000ff;\"><a style=\"color: #0000ff;\" href=\"https:\/\/ulpmat.com\/de\/kontakt-us\/\">an uns wenden<\/a><\/span><br \/>\n.<\/p>\n<h2><span style=\"font-size: 14pt;\">Produkt-Highlights<\/span><\/h2>\n<p>Hohe Reinheit, geringer Gehalt an Verunreinigungen<br \/>\nGleichm\u00e4\u00dfige Partikelgr\u00f6\u00dfe, gute Kontrollierbarkeit<br \/>\nAusgezeichnete thermische Stabilit\u00e4t<br \/>\nHervorragende optische Transparenz<br \/>\nGute mechanische Eigenschaften<br \/>\nGeeignet f\u00fcr hochpr\u00e4zise Ger\u00e4te<br \/>\nLangfristige Lieferung und schnelle Lieferung<\/p>\n<h2><span style=\"font-size: 14pt;\">Anwendungen von Yttrium-Aluminiumoxid-Pulver<\/span><\/h2>\n<p>Lasermaterialien: Wird als Verst\u00e4rkungsmedium in Festk\u00f6rperlasern verwendet, um die Laserausgangsleistung zu verbessern.<br \/>\nHochleistungskeramik: Als Bestandteil von Keramikmaterialien zur Verbesserung der mechanischen Festigkeit und Verschlei\u00dffestigkeit.<br \/>\n<span style=\"color: #0000ff;\"><a style=\"color: #0000ff;\" href=\"https:\/\/ulpmat.com\/de\/anwendung\/materialien-fuer-die-optik\/\">Optische<\/a><\/span><br \/>\nMaterialien: Verwendung in optischen Linsen, Lasernfenstern und optischen Fasern zur Verbesserung der optischen Durchl\u00e4ssigkeit.<br \/>\nElektronische Keramik: Verwendung in hochfrequenter elektronischer Keramik und mikroelektronischen Ger\u00e4ten zur Verbesserung der elektrischen Leistung und Zuverl\u00e4ssigkeit.<\/p>\n<h2><span style=\"color: #0000ff;\"><a style=\"color: #0000ff;\" href=\"https:\/\/ulpmat.com\/de\/unternehmen\/faqs\/\"><span style=\"font-size: 14pt;\">H\u00e4ufig gestellte Fragen<\/span><\/a><\/span><\/h2>\n<p>F1: Ist Yttriumaluminat-Pulver f\u00fcr Laseranwendungen geeignet?<br \/>\nA1: Ja, unser Pulver ist hochrein und hat eine einheitliche Partikelgr\u00f6\u00dfe, wodurch es sich ideal als Verst\u00e4rkungsmaterial f\u00fcr Festk\u00f6rperlaser eignet.<\/p>\n<p>F2: Wie hoch ist die Temperaturbest\u00e4ndigkeit von Yttriumaluminat-Pulver?<br \/>\nA2: Dieses Pulver hat eine ausgezeichnete thermische Stabilit\u00e4t und h\u00e4lt hohen Temperaturen bei der Verarbeitung und beim Sintern stand, wobei die Materialeigenschaften stabil bleiben.<\/p>\n<p>F3: Welche Anforderungen gelten f\u00fcr die Lagerung und den Transport des Pulvers?<br \/>\nA3: Es sollte an einem trockenen, gut bel\u00fcfteten und k\u00fchlen Ort gelagert werden, wobei Feuchtigkeit und hohe Temperaturen zu vermeiden sind. F\u00fcr den Transport sollte eine sto\u00dffeste und feuchtigkeitsbest\u00e4ndige Verpackung verwendet werden.<\/p>\n<p>F4: Kann die Partikelgr\u00f6\u00dfe von Y3Al5O12-Pulver angepasst werden?<br \/>\nA4: Ja, wir k\u00f6nnen Pulver mit unterschiedlichen Partikelgr\u00f6\u00dfenbereichen entsprechend den Kundenanforderungen liefern, von Mikrometer- bis Nanometergr\u00f6\u00dfe.<\/p>\n<h2><span style=\"font-size: 14pt;\">Berichte<\/span><\/h2>\n<p>Jede Charge wird mit folgenden Unterlagen geliefert:<br \/>\n<span style=\"color: #0000ff;\"><a style=\"color: #0000ff;\" href=\"https:\/\/ulpmat.com\/de\/dokumente\/zertifikat-der-analyse\/\"><u>Analysezertifikat (COA)<\/u><\/a><\/span><\/p>\n<p><span style=\"color: #0000ff;\"><a style=\"color: #0000ff;\" href=\"https:\/\/ulpmat.com\/de\/dokumente\/technisches-datenblatt\/\"><u>Technisches Datenblatt (TDS)<\/u><\/a><\/span><\/p>\n<p><span style=\"color: #0000ff;\"><a style=\"color: #0000ff;\" href=\"https:\/\/ulpmat.com\/de\/dokumente\/sicherheitsdatenblatt\/\"><u>Sicherheitsdatenblatt (MSDS)<\/u><\/a><\/span><br \/>\nTestberichte von Drittanbietern sind auf Anfrage erh\u00e4ltlich.<\/p>\n<h2><span style=\"font-size: 14pt;\">Warum sollten Sie sich f\u00fcr uns entscheiden?<\/span><\/h2>\n<p>Wir sind auf die Herstellung von hochreinem, leistungsstarkem Y3Al5O12-Pulver spezialisiert. Unsere strenge Qualit\u00e4tskontrolle und unsere umfangreiche Erfahrung in der kundenspezifischen Produktion gew\u00e4hrleisten stabile und zuverl\u00e4ssige Produkte, die vielf\u00e4ltigen Forschungs- und Industrieanforderungen gerecht werden.<\/p>\n","protected":false},"excerpt":{"rendered":"<p>\u00dcbersicht \u00fcber Yttrium-Aluminiumoxid-Pulver Yttrium-Aluminiumoxid -Pulver ist ein hochreines Yttrium-Aluminium-Granat-Pulver, das h\u00e4ufig bei der Herstellung von Lasermaterialien, Keramiken und optischen Ger\u00e4ten verwendet wird. Wir bieten Y3Al5O12-Pulver in verschiedenen Partikelgr\u00f6\u00dfen und Reinheitsgraden an, um den vielf\u00e4ltigen Anforderungen in der wissenschaftlichen Forschung und in industriellen Anwendungen gerecht zu werden. F\u00fcr detaillierte Informationen und ma\u00dfgeschneiderte L\u00f6sungen k\u00f6nnen Sie sich [&hellip;]<\/p>\n","protected":false},"featured_media":36114,"template":"","meta":{"_acf_changed":false},"product_brand":[132],"product_cat":[319],"product_tag":[3966],"class_list":{"0":"post-36113","1":"product","2":"type-product","3":"status-publish","4":"has-post-thumbnail","6":"product_brand-ulpmat","7":"product_cat-materialien-der-seltenen-erden","8":"product_tag-yttrium-aluminat-yttrium-aluminium-oxid-yag-pulver","10":"first","11":"instock","12":"shipping-taxable","13":"product-type-variable"},"acf":[],"_links":{"self":[{"href":"https:\/\/ulpmat.com\/de\/wp-json\/wp\/v2\/product\/36113","targetHints":{"allow":["GET"]}}],"collection":[{"href":"https:\/\/ulpmat.com\/de\/wp-json\/wp\/v2\/product"}],"about":[{"href":"https:\/\/ulpmat.com\/de\/wp-json\/wp\/v2\/types\/product"}],"wp:featuredmedia":[{"embeddable":true,"href":"https:\/\/ulpmat.com\/de\/wp-json\/wp\/v2\/media\/36114"}],"wp:attachment":[{"href":"https:\/\/ulpmat.com\/de\/wp-json\/wp\/v2\/media?parent=36113"}],"wp:term":[{"taxonomy":"product_brand","embeddable":true,"href":"https:\/\/ulpmat.com\/de\/wp-json\/wp\/v2\/product_brand?post=36113"},{"taxonomy":"product_cat","embeddable":true,"href":"https:\/\/ulpmat.com\/de\/wp-json\/wp\/v2\/product_cat?post=36113"},{"taxonomy":"product_tag","embeddable":true,"href":"https:\/\/ulpmat.com\/de\/wp-json\/wp\/v2\/product_tag?post=36113"}],"curies":[{"name":"wp","href":"https:\/\/api.w.org\/{rel}","templated":true}]}}