{"id":35934,"date":"2025-12-03T11:12:07","date_gmt":"2025-12-03T03:12:07","guid":{"rendered":"https:\/\/ulpmat.com\/product\/yttriumchlorid\/"},"modified":"2025-12-03T11:12:07","modified_gmt":"2025-12-03T03:12:07","slug":"yttriumchlorid","status":"publish","type":"product","link":"https:\/\/ulpmat.com\/de\/produkt\/yttriumchlorid\/","title":{"rendered":"Yttriumchlorid"},"content":{"rendered":"<h2><span style=\"font-size: 14pt;\">\u00dcbersicht \u00fcber Yttriumchloridpulver<\/span><\/h2>\n<p><span style=\"color: #0000ff;\"><a style=\"color: #0000ff;\" href=\"https:\/\/ulpmat.com\/de\/search\/?type=name&#038;keyword=Yttrium+chloride\">Yttriumchloridpulver<\/a><\/span><br \/>\nist ein hochreines Yttriumverbindungspulver, das h\u00e4ufig in optischen Materialien, der Keramikherstellung und der Metallurgie verwendet wird.<\/p>\n<p>Wir bieten YCl3-Pulver in verschiedenen Reinheitsgraden und Partikelgr\u00f6\u00dfen f\u00fcr Forschungszwecke und industrielle Anwendungen an.<span style=\"color: #0000ff;\"><a style=\"color: #0000ff;\" href=\"https:\/\/ulpmat.com\/de\/kontakt-us\/\"> Kontaktieren Sie uns<\/a><\/span><br \/>\nf\u00fcr ma\u00dfgeschneiderte L\u00f6sungen und <span style=\"color: #0000ff;\"><a style=\"color: #0000ff;\" href=\"https:\/\/ulpmat.com\/de\/service\/technische-unterstuetzung\/\">technischen Support<\/a><\/span><br \/>\n.<\/p>\n<h2><span style=\"font-size: 14pt;\">Produkt-Highlights<\/span><\/h2>\n<p>Hohe Reinheit, geringer Gehalt an Verunreinigungen<br \/>\nGleichm\u00e4\u00dfige und kontrollierbare Partikelgr\u00f6\u00dfe<br \/>\nGute chemische Stabilit\u00e4t<br \/>\nLeicht l\u00f6slich, hohe Reaktivit\u00e4t<br \/>\nGute thermische Stabilit\u00e4t<br \/>\nLangfristige Lieferung, zuverl\u00e4ssige Qualit\u00e4t<br \/>\nKundenspezifische Spezifikationen verf\u00fcgbar<\/p>\n<h2><span style=\"font-size: 14pt;\">Anwendungen von Yttriumchlorid-Pulver<\/span><\/h2>\n<p><span style=\"color: #0000ff;\"><a style=\"color: #0000ff;\" href=\"https:\/\/ulpmat.com\/de\/anwendung\/materialien-fuer-die-optik\/\">Optische<\/a><\/span><br \/>\nMaterialien: Wird zur Herstellung von lumineszierenden Pulvern und Laserkristallen verwendet, um die optische Leistung zu verbessern.<br \/>\nKeramische Materialien: Wird bei der Herstellung von Hochleistungskeramiken verwendet, um die strukturelle Festigkeit und die Hochtemperaturbest\u00e4ndigkeit zu verbessern.<br \/>\nMetallurgie: Wird als Yttriumquelle in organometallischen chemischen Reaktionen verwendet.<br \/>\nKatalysatorherstellung: Wird bei der Herstellung von Katalysatortr\u00e4gern oder katalytisch aktiven Materialien verwendet, um die Reaktions effizienz zu verbessern.<\/p>\n<p><span style=\"color: #0000ff;\"><a style=\"color: #0000ff;\" href=\"https:\/\/ulpmat.com\/de\/unternehmen\/faqs\/\">H\u00e4ufig gestellte Fragen<\/a><\/span><br \/>\nF1: Wie hoch ist der Reinheitsgrad von Yttriumchloridpulver?<br \/>\nA1: Unser YCl3-Pulver weist eine Reinheit von \u00fcber 99,9 % auf und gew\u00e4hrleistet somit Stabilit\u00e4t sowohl f\u00fcr Forschungs- als auch f\u00fcr industrielle Anwendungen.<\/p>\n<p>F2: Kann die Partikelgr\u00f6\u00dfe des Pulvers angepasst werden?<br \/>\nA2: Ja, wir bieten Partikelgr\u00f6\u00dfen von Mikrometern bis Nanometern an, um unterschiedlichen Prozessanforderungen gerecht zu werden.<\/p>\n<p>F3: Wie sollte YCl3-Pulver gelagert werden?<br \/>\nA3: Es sollte in einer trockenen, versiegelten Umgebung gelagert werden, um Feuchtigkeit oder Kontakt mit Wasser zu vermeiden und die Leistungsf\u00e4higkeit des Pulvers zu erhalten.<\/p>\n<p>F4: In welcher Verpackungsform wird das Pulver geliefert?<br \/>\nA4: Es wird in feuchtigkeitsbest\u00e4ndigen Beuteln oder Plastikflaschen verpackt und mit Kartons verst\u00e4rkt, um einen sicheren Transport zu gew\u00e4hrleisten.<\/p>\n<h2><span style=\"font-size: 14pt;\">Berichte<\/span><\/h2>\n<p>Jede Charge wird geliefert mit:<br \/>\n<span style=\"color: #0000ff;\"><a style=\"color: #0000ff;\" href=\"https:\/\/ulpmat.com\/de\/dokumente\/zertifikat-der-analyse\/\"><u>Analysezertifikat (COA)<\/u><\/a><\/span><\/p>\n<p><span style=\"color: #0000ff;\"><a style=\"color: #0000ff;\" href=\"https:\/\/ulpmat.com\/de\/dokumente\/technisches-datenblatt\/\"><u>Technisches Datenblatt (TDS)<\/u><\/a><\/span><\/p>\n<p><span style=\"color: #0000ff;\"><a style=\"color: #0000ff;\" href=\"https:\/\/ulpmat.com\/de\/dokumente\/sicherheitsdatenblatt\/\"><u>Sicherheitsdatenblatt (MSDS)<\/u><\/a><\/span><br \/>\nTestberichte von Drittanbietern sind auf Anfrage erh\u00e4ltlich<\/p>\n<h2><span style=\"font-size: 14pt;\">. Warum sollten Sie sich f\u00fcr uns entscheiden?<\/span><\/h2>\n<p>Wir sind auf die Herstellung von hochreinem YCl3-Pulver spezialisiert, wenden ein strenges Qualit\u00e4tsmanagement an und bieten ma\u00dfgeschneiderte Dienstleistungen, um eine stabile und zuverl\u00e4ssige Pulverleistung zu gew\u00e4hrleisten, die den Anforderungen von Forschung und industriellen Anwendungen gerecht wird.<\/p>\n","protected":false},"excerpt":{"rendered":"<p>\u00dcbersicht \u00fcber Yttriumchloridpulver Yttriumchloridpulver ist ein hochreines Yttriumverbindungspulver, das h\u00e4ufig in optischen Materialien, der Keramikherstellung und der Metallurgie verwendet wird. Wir bieten YCl3-Pulver in verschiedenen Reinheitsgraden und Partikelgr\u00f6\u00dfen f\u00fcr Forschungszwecke und industrielle Anwendungen an. Kontaktieren Sie uns f\u00fcr ma\u00dfgeschneiderte L\u00f6sungen und technischen Support . Produkt-Highlights Hohe Reinheit, geringer Gehalt an Verunreinigungen Gleichm\u00e4\u00dfige und kontrollierbare Partikelgr\u00f6\u00dfe [&hellip;]<\/p>\n","protected":false},"featured_media":35935,"template":"","meta":{"_acf_changed":false},"product_brand":[132],"product_cat":[318,319],"product_tag":[3924],"class_list":{"0":"post-35934","1":"product","2":"type-product","3":"status-publish","4":"has-post-thumbnail","6":"product_brand-ulpmat","7":"product_cat-halogenid-materialien","8":"product_cat-materialien-der-seltenen-erden","9":"product_tag-yttriumchlorid-pulver","11":"first","12":"instock","13":"shipping-taxable","14":"product-type-variable"},"acf":[],"_links":{"self":[{"href":"https:\/\/ulpmat.com\/de\/wp-json\/wp\/v2\/product\/35934","targetHints":{"allow":["GET"]}}],"collection":[{"href":"https:\/\/ulpmat.com\/de\/wp-json\/wp\/v2\/product"}],"about":[{"href":"https:\/\/ulpmat.com\/de\/wp-json\/wp\/v2\/types\/product"}],"wp:featuredmedia":[{"embeddable":true,"href":"https:\/\/ulpmat.com\/de\/wp-json\/wp\/v2\/media\/35935"}],"wp:attachment":[{"href":"https:\/\/ulpmat.com\/de\/wp-json\/wp\/v2\/media?parent=35934"}],"wp:term":[{"taxonomy":"product_brand","embeddable":true,"href":"https:\/\/ulpmat.com\/de\/wp-json\/wp\/v2\/product_brand?post=35934"},{"taxonomy":"product_cat","embeddable":true,"href":"https:\/\/ulpmat.com\/de\/wp-json\/wp\/v2\/product_cat?post=35934"},{"taxonomy":"product_tag","embeddable":true,"href":"https:\/\/ulpmat.com\/de\/wp-json\/wp\/v2\/product_tag?post=35934"}],"curies":[{"name":"wp","href":"https:\/\/api.w.org\/{rel}","templated":true}]}}