{"id":35880,"date":"2025-12-03T11:12:08","date_gmt":"2025-12-03T03:12:08","guid":{"rendered":"https:\/\/ulpmat.com\/product\/yttriumfluorid-2\/"},"modified":"2025-12-03T11:12:08","modified_gmt":"2025-12-03T03:12:08","slug":"yttriumfluorid-2","status":"publish","type":"product","link":"https:\/\/ulpmat.com\/de\/produkt\/yttriumfluorid-2\/","title":{"rendered":"Yttriumfluorid"},"content":{"rendered":"<h2><span style=\"font-size: 14pt;\">\u00dcbersicht \u00fcber Yttriumfluorid-Granulat<\/span><\/h2>\n<p><span style=\"color: #0000ff;\"><a style=\"color: #0000ff;\" href=\"https:\/\/ulpmat.com\/de\/search\/?type=name&#038;keyword=Yttrium+Fluoride\">Yttriumfluorid<\/a><\/span><br \/>\n-Granulat ist ein hochreines Yttriumfluorid-Material, das h\u00e4ufig in <span style=\"color: #0000ff;\"><a style=\"color: #0000ff;\" href=\"https:\/\/ulpmat.com\/de\/anwendung\/materialien-fuer-die-optik\/\">optischer<\/a><\/span><br \/>\nKeramik, Lasermaterialien und elektronischer Keramik verwendet wird.<\/p>\n<p>Wir bieten hochreine YF3-Partikel in verschiedenen Spezifikationen f\u00fcr Forschungs- und Industrieanwendungen an. <span style=\"color: #0000ff;\"><a style=\"color: #0000ff;\" href=\"https:\/\/ulpmat.com\/de\/kontakt-us\/\">Kontaktieren Sie uns<\/a><\/span><br \/>\nf\u00fcr ma\u00dfgeschneiderte L\u00f6sungen und <span style=\"color: #0000ff;\"><a style=\"color: #0000ff;\" href=\"https:\/\/ulpmat.com\/de\/service\/technische-unterstuetzung\/\">technischen Support.<\/a><\/span><\/p>\n<h2><span style=\"font-size: 14pt;\">Produkt-Highlights<\/span><\/h2>\n<p>Hohe Reinheit, geringer Gehalt an Verunreinigungen<br \/>\nGleichm\u00e4\u00dfige und kontrollierbare Partikelgr\u00f6\u00dfe<br \/>\nGute thermische Stabilit\u00e4t<br \/>\nChemisch stabil<br \/>\nEinfach zu optischen oder keramischen Materialien zu verarbeiten<br \/>\nLangfristige Lieferung, zuverl\u00e4ssige Qualit\u00e4t<br \/>\nAnpassbare Verpackung und Spezifikationen<\/p>\n<h2><span style=\"font-size: 14pt;\">Anwendungen von Yttriumfluorid-Granulat<\/span><\/h2>\n<p><span style=\"color: #0000ff;\"><a style=\"color: #0000ff;\" href=\"https:\/\/ulpmat.com\/de\/anwendung\/materialien-fuer-die-optik\/\">Optische<\/a><\/span><br \/>\nKeramik: Wird zur Herstellung von hochleistungsf\u00e4higer optischer Keramik verwendet, um die Durchl\u00e4ssigkeit und Gleichm\u00e4\u00dfigkeit zu verbessern.<br \/>\nLasermaterialien: Als Rohstoff f\u00fcr Laserkristalle, um die Laserleistung zu verbessern.<br \/>\nElektronische Keramik: Verbessert die Hochtemperaturbest\u00e4ndigkeit und Stabilit\u00e4t in elektronischen Bauteilen.<br \/>\nForschungsmaterialien: Bietet hochreine partikul\u00e4re Rohstoffe f\u00fcr die Forschung und Entwicklung von optischer und elektronischer Keramik.<\/p>\n<h2><span style=\"color: #0000ff;\"><a style=\"color: #0000ff;\" href=\"https:\/\/ulpmat.com\/de\/unternehmen\/faqs\/\"><span style=\"font-size: 14pt;\">H\u00e4ufig gestellte Fragen<\/span><\/a><\/span><\/h2>\n<p>F1: Wie hoch ist die Reinheit von Yttriumfluorid-Granulat?<br \/>\nA1: Unser YF3-Granulat erreicht eine Reinheit von \u00fcber 99,9 % und gew\u00e4hrleistet somit Zuverl\u00e4ssigkeit f\u00fcr Forschungs- und Industrieanwendungen.<\/p>\n<p>F2: Wie gro\u00df ist der Partikelgr\u00f6\u00dfenbereich?<br \/>\nA2: Wir bieten eine Vielzahl von Partikelgr\u00f6\u00dfen an, um unterschiedlichen Prozessanforderungen gerecht zu werden.<\/p>\n<p>F3: Wie sollten YF3-Granulate gelagert werden?<br \/>\nA3: Sie sollten in einer trockenen, k\u00fchlen und versiegelten Umgebung gelagert werden, wobei Feuchtigkeit und Licht zu vermeiden sind, um die Leistung der Granulate zu erhalten.<\/p>\n<p>F4: Welche Verpackungsoptionen gibt es f\u00fcr das Granulat?<br \/>\nA4: Es wird in der Regel in feuchtigkeitsbest\u00e4ndigen Beuteln oder Plastikflaschen verpackt und f\u00fcr den Transport durch verst\u00e4rkte Kartons erg\u00e4nzt, um sicherzustellen, dass das Granulat unversehrt bleibt.<\/p>\n<h2><span style=\"font-size: 14pt;\">Berichte<\/span><\/h2>\n<p>Jede Charge wird geliefert mit:<br \/>\n<span style=\"color: #0000ff;\"><a style=\"color: #0000ff;\" href=\"https:\/\/ulpmat.com\/de\/dokumente\/zertifikat-der-analyse\/\"><u>Analysezertifikat (COA)<\/u><\/a><\/span><\/p>\n<p><span style=\"color: #0000ff;\"><a style=\"color: #0000ff;\" href=\"https:\/\/ulpmat.com\/de\/dokumente\/technisches-datenblatt\/\"><u>Technisches Datenblatt (TDS)<\/u><\/a><\/span><\/p>\n<p><span style=\"color: #0000ff;\"><a style=\"color: #0000ff;\" href=\"https:\/\/ulpmat.com\/de\/dokumente\/sicherheitsdatenblatt\/\"><u>Sicherheitsdatenblatt (MSDS)<\/u><\/a><\/span><br \/>\nTestberichte von Drittanbietern sind auf Anfrage erh\u00e4ltlich<\/p>\n<h2><span style=\"font-size: 14pt;\">Warum sollten Sie sich f\u00fcr uns entscheiden?<\/span><\/h2>\n<p>Wir sind auf die Herstellung von hochreinen YF3-Granulaten spezialisiert und bieten ein strenges Qualit\u00e4tsmanagement sowie ma\u00dfgeschneiderte Dienstleistungen, um eine stabile und zuverl\u00e4ssige Granulatleistung zu gew\u00e4hrleisten, die den Anforderungen von Forschung und Industrie gerecht wird.<\/p>\n","protected":false},"excerpt":{"rendered":"<p>\u00dcbersicht \u00fcber Yttriumfluorid-Granulat Yttriumfluorid -Granulat ist ein hochreines Yttriumfluorid-Material, das h\u00e4ufig in optischer Keramik, Lasermaterialien und elektronischer Keramik verwendet wird. Wir bieten hochreine YF3-Partikel in verschiedenen Spezifikationen f\u00fcr Forschungs- und Industrieanwendungen an. Kontaktieren Sie uns f\u00fcr ma\u00dfgeschneiderte L\u00f6sungen und technischen Support. Produkt-Highlights Hohe Reinheit, geringer Gehalt an Verunreinigungen Gleichm\u00e4\u00dfige und kontrollierbare Partikelgr\u00f6\u00dfe Gute thermische Stabilit\u00e4t [&hellip;]<\/p>\n","protected":false},"featured_media":35881,"template":"","meta":{"_acf_changed":false},"product_brand":[132],"product_cat":[299],"product_tag":[3912],"class_list":{"0":"post-35880","1":"product","2":"type-product","3":"status-publish","4":"has-post-thumbnail","6":"product_brand-ulpmat","7":"product_cat-verdampfen-von-materialien","8":"product_tag-yttriumfluorid-granulat","10":"first","11":"instock","12":"shipping-taxable","13":"product-type-variable"},"acf":[],"_links":{"self":[{"href":"https:\/\/ulpmat.com\/de\/wp-json\/wp\/v2\/product\/35880","targetHints":{"allow":["GET"]}}],"collection":[{"href":"https:\/\/ulpmat.com\/de\/wp-json\/wp\/v2\/product"}],"about":[{"href":"https:\/\/ulpmat.com\/de\/wp-json\/wp\/v2\/types\/product"}],"wp:featuredmedia":[{"embeddable":true,"href":"https:\/\/ulpmat.com\/de\/wp-json\/wp\/v2\/media\/35881"}],"wp:attachment":[{"href":"https:\/\/ulpmat.com\/de\/wp-json\/wp\/v2\/media?parent=35880"}],"wp:term":[{"taxonomy":"product_brand","embeddable":true,"href":"https:\/\/ulpmat.com\/de\/wp-json\/wp\/v2\/product_brand?post=35880"},{"taxonomy":"product_cat","embeddable":true,"href":"https:\/\/ulpmat.com\/de\/wp-json\/wp\/v2\/product_cat?post=35880"},{"taxonomy":"product_tag","embeddable":true,"href":"https:\/\/ulpmat.com\/de\/wp-json\/wp\/v2\/product_tag?post=35880"}],"curies":[{"name":"wp","href":"https:\/\/api.w.org\/{rel}","templated":true}]}}