{"id":35490,"date":"2025-12-03T11:12:12","date_gmt":"2025-12-03T03:12:12","guid":{"rendered":"https:\/\/ulpmat.com\/product\/strontium-niobat-strontium-niob-oxid\/"},"modified":"2025-12-03T11:12:12","modified_gmt":"2025-12-03T03:12:12","slug":"strontium-niobat-strontium-niob-oxid","status":"publish","type":"product","link":"https:\/\/ulpmat.com\/de\/produkt\/strontium-niobat-strontium-niob-oxid\/","title":{"rendered":"Strontium-Niobat (Strontium-Niob-Oxid)"},"content":{"rendered":"<h2><span style=\"font-size: 14pt;\">Strontium-Nioboxid-Pulver \u2013 \u00dcbersicht<\/span><\/h2>\n<p><span style=\"color: #0000ff;\"><a style=\"color: #0000ff;\" href=\"https:\/\/ulpmat.com\/de\/search\/?type=name&#038;keyword=Strontium+Niobium+Oxide\">Strontium-Nioboxid<\/a><\/span><br \/>\n-Pulver wird h\u00e4ufig bei der Herstellung von Funktionskeramiken, dielektrischen Materialien und Festk\u00f6rperbauelementen verwendet und ist eine wichtige Verbindung in der Forschung zu fortschrittlichen Materialien.<\/p>\n<p>Wir liefern Strontium-Nioboxid-Pulver in verschiedenen Spezifikationen, die unterschiedliche Reinheitsgrade, Partikelgr\u00f6\u00dfen sowie experimentelle und industrielle Qualit\u00e4ten abdecken, und bieten gleichzeitig eine strenge Chargenkontrolle, um die Leistungsstabilit\u00e4t zu gew\u00e4hrleisten. Unsere Produkte eignen sich f\u00fcr Forschungseinrichtungen, Unternehmen f\u00fcr neue Materialien und Verarbeitungsbetriebe f\u00fcr elektronische Keramik. Auf Anfrage bieten wir auch kundenspezifische Verpackungen und Parameter an. Bitte <span style=\"color: #0000ff;\"><a style=\"color: #0000ff;\" href=\"https:\/\/ulpmat.com\/de\/kontakt-us\/\">kontaktieren Sie uns<\/a><\/span><br \/>\nf\u00fcr ein Angebot.<\/p>\n<h2><span style=\"font-size: 14pt;\">Produkt-Highlights<\/span><\/h2>\n<p>Hochreines Oxid-System<br \/>\nGute Phasenstabilit\u00e4t<br \/>\nPr\u00e4zise Kontrolle der Partikelgr\u00f6\u00dfe<br \/>\nGeeignet f\u00fcr Hochtemperatursintern<br \/>\nHervorragende dielektrische Eigenschaften<br \/>\nHohe Kompatibilit\u00e4t f\u00fcr filmbildende Formulierungen<br \/>\nKundenspezifische Qualit\u00e4ten verf\u00fcgbar<\/p>\n<h2><span style=\"font-size: 14pt;\">Anwendungen von Strontium-Nioboxid-Pulver<\/span><\/h2>\n<p>Verwendung bei der Herstellung von dielektrischen Keramiken zur Verbesserung der stabilen dielektrischen Eigenschaften von Ger\u00e4ten.<br \/>\nVerwendung bei der Herstellung von fortschrittlichen Oxid-D\u00fcnnschichten zur Verbesserung der elektrischen Eigenschaften von D\u00fcnnschichten.<br \/>\nVerwendung in der Forschungsmaterialentwicklung als Grundstoff f\u00fcr komplexe Oxid-Systeme.<br \/>\nVerwendung bei der Synthese von Sensoren oder Mikrostrukturmaterialien zur Verbesserung ihrer strukturellen Stabilit\u00e4t.<\/p>\n<h2><span style=\"color: #0000ff;\"><a style=\"color: #0000ff;\" href=\"https:\/\/ulpmat.com\/de\/unternehmen\/faqs\/\"><span style=\"font-size: 14pt;\">H\u00e4ufig gestellte Fragen<\/span><\/a><\/span><\/h2>\n<p>F1: Erfordert Strontium-Nioboxid-Pulver besondere Lagerbedingungen?<br \/>\nA1: Dieses Pulver sollte in einer dunklen, trockenen und versiegelten Umgebung gelagert werden, um zu verhindern, dass Feuchtigkeit seine Struktur und Eigenschaften beeintr\u00e4chtigt.<\/p>\n<p>F2: Neigt dieses Pulver w\u00e4hrend der Verarbeitung zur Agglomeration?<br \/>\nA2: In Umgebungen mit hohen Temperaturen oder hoher Luftfeuchtigkeit kann es zu einer leichten Agglomeration kommen. Die Dispergierbarkeit kann durch Vortrocknen oder Kugelmahlen verbessert werden.<\/p>\n<p>F3: Ist dieses Material f\u00fcr Hochtemperatur-Sinterprozesse geeignet?<br \/>\nA3: Ja, seine Struktur ist bei hohen Temperaturen stabil, was es zu einem der h\u00e4ufig verwendeten Oxidrohstoffe f\u00fcr das Sintern von Keramik macht.<\/p>\n<p>F4: Kann das Pulver in Materialsystemen f\u00fcr elektrische Leistungspr\u00fcfungen verwendet werden?<br \/>\nA4: Ja, es wird h\u00e4ufig bei der Entwicklung dielektrischer Materialien verwendet und kann verschiedene Anforderungen an elektrische Pr\u00fcfungen erf\u00fcllen.<\/p>\n<h2><span style=\"font-size: 14pt;\">Berichte<\/span><\/h2>\n<p>Jede Charge wird mit folgenden<br \/>\n<span style=\"color: #0000ff;\"><a style=\"color: #0000ff;\" href=\"https:\/\/ulpmat.com\/de\/dokumente\/zertifikat-der-analyse\/\"><u>Unterlagen<\/u><\/a><\/span><br \/>\ngeliefert:<br \/>\n<span style=\"color: #0000ff;\"><a style=\"color: #0000ff;\" href=\"https:\/\/ulpmat.com\/de\/dokumente\/zertifikat-der-analyse\/\"><u>Analysezertifikat (COA)<\/u><\/a><\/span><\/p>\n<p><span style=\"color: #0000ff;\"><a style=\"color: #0000ff;\" href=\"https:\/\/ulpmat.com\/de\/dokumente\/technisches-datenblatt\/\"><u>Technisches Datenblatt (TDS)<\/u><\/a><\/span><\/p>\n<p><span style=\"color: #0000ff;\"><a style=\"color: #0000ff;\" href=\"https:\/\/ulpmat.com\/de\/dokumente\/sicherheitsdatenblatt\/\"><u>Sicherheitsdatenblatt (MSDS)<\/u><\/a><\/span><br \/>\nPr\u00fcfberichte von Drittanbietern sind auf Anfrage erh\u00e4ltlich.<\/p>\n<h2><span style=\"font-size: 14pt;\">Warum sollten Sie sich f\u00fcr uns entscheiden?<\/span><\/h2>\n<p>Wir bieten Ihnen zuverl\u00e4ssige Unterst\u00fctzung f\u00fcr Ihre Forschung und Entwicklung sowie Ihre Produktion mit stabiler Qualit\u00e4t, schnellem Service und flexiblen Supportleistungen.<\/p>\n","protected":false},"excerpt":{"rendered":"<p>Strontium-Nioboxid-Pulver \u2013 \u00dcbersicht Strontium-Nioboxid -Pulver wird h\u00e4ufig bei der Herstellung von Funktionskeramiken, dielektrischen Materialien und Festk\u00f6rperbauelementen verwendet und ist eine wichtige Verbindung in der Forschung zu fortschrittlichen Materialien. Wir liefern Strontium-Nioboxid-Pulver in verschiedenen Spezifikationen, die unterschiedliche Reinheitsgrade, Partikelgr\u00f6\u00dfen sowie experimentelle und industrielle Qualit\u00e4ten abdecken, und bieten gleichzeitig eine strenge Chargenkontrolle, um die Leistungsstabilit\u00e4t zu gew\u00e4hrleisten. [&hellip;]<\/p>\n","protected":false},"featured_media":35491,"template":"","meta":{"_acf_changed":false},"product_brand":[132],"product_cat":[1185],"product_tag":[3840],"class_list":{"0":"post-35490","1":"product","2":"type-product","3":"status-publish","4":"has-post-thumbnail","6":"product_brand-ulpmat","7":"product_cat-andere-saeuren","8":"product_tag-strontium-niobat-strontium-niob-oxid-pulver","10":"first","11":"instock","12":"shipping-taxable","13":"product-type-variable"},"acf":[],"_links":{"self":[{"href":"https:\/\/ulpmat.com\/de\/wp-json\/wp\/v2\/product\/35490","targetHints":{"allow":["GET"]}}],"collection":[{"href":"https:\/\/ulpmat.com\/de\/wp-json\/wp\/v2\/product"}],"about":[{"href":"https:\/\/ulpmat.com\/de\/wp-json\/wp\/v2\/types\/product"}],"wp:featuredmedia":[{"embeddable":true,"href":"https:\/\/ulpmat.com\/de\/wp-json\/wp\/v2\/media\/35491"}],"wp:attachment":[{"href":"https:\/\/ulpmat.com\/de\/wp-json\/wp\/v2\/media?parent=35490"}],"wp:term":[{"taxonomy":"product_brand","embeddable":true,"href":"https:\/\/ulpmat.com\/de\/wp-json\/wp\/v2\/product_brand?post=35490"},{"taxonomy":"product_cat","embeddable":true,"href":"https:\/\/ulpmat.com\/de\/wp-json\/wp\/v2\/product_cat?post=35490"},{"taxonomy":"product_tag","embeddable":true,"href":"https:\/\/ulpmat.com\/de\/wp-json\/wp\/v2\/product_tag?post=35490"}],"curies":[{"name":"wp","href":"https:\/\/api.w.org\/{rel}","templated":true}]}}