{"id":35379,"date":"2025-12-03T11:12:16","date_gmt":"2025-12-03T03:12:16","guid":{"rendered":"https:\/\/ulpmat.com\/product\/strontium-aluminat-strontium-aluminium-oxid-2\/"},"modified":"2025-12-03T11:12:16","modified_gmt":"2025-12-03T03:12:16","slug":"strontium-aluminat-strontium-aluminium-oxid-2","status":"publish","type":"product","link":"https:\/\/ulpmat.com\/de\/produkt\/strontium-aluminat-strontium-aluminium-oxid-2\/","title":{"rendered":"Strontium-Aluminat (Strontium-Aluminium-Oxid)"},"content":{"rendered":"<h2><span style=\"font-size: 14pt;\">\u00dcbersicht \u00fcber Strontiumaluminiumoxidpulver<\/span><\/h2>\n<p><span style=\"color: #0000ff;\"><a style=\"color: #0000ff;\" href=\"https:\/\/ulpmat.com\/de\/search\/?type=name&#038;keyword=Strontium+Aluminum\">Strontiumaluminiumoxidpulver<\/a><\/span><br \/>\nist ein strukturell stabiles Verbundoxidmaterial, das h\u00e4ufig als Grundmaterial in lumineszierenden Materialien, Keramikadditiven und optischen Funktionsd\u00fcnnschichten verwendet wird.<\/p>\n<p>Wir bieten Strontiumaluminiumoxidpulver in verschiedenen Reinheitsgraden mit unterschiedlichen Partikelgr\u00f6\u00dfenverteilungen und ausgezeichneter Stabilit\u00e4t an. Unser Team kann Sie bei der Formulierung, der Auswahl der Verpackung und dem Versand beraten, um sicherzustellen, dass das Pulver vor der Verwendung eine gleichbleibende Qualit\u00e4t aufweist. <span style=\"color: #0000ff;\"><a style=\"color: #0000ff;\" href=\"https:\/\/ulpmat.com\/de\/kontakt-us\/\">Kontaktieren Sie uns,<\/a><\/span><br \/>\nwenn Sie Hilfe bei der Auswahl eines Produkts ben\u00f6tigen.<\/p>\n<h2><span style=\"font-size: 14pt;\">Produkt-Highlights<\/span><\/h2>\n<p>Gleichm\u00e4\u00dfige Partikelgr\u00f6\u00dfe, geringe Agglomeration<br \/>\nGute thermische Stabilit\u00e4t<br \/>\nEinstellbare Reinheit, geringe Verunreinigungen<br \/>\nAnpassungsf\u00e4hig an verschiedene Verarbeitungsprozesse<br \/>\nHervorragende optische Reaktionseigenschaften<br \/>\nZuverl\u00e4ssige Chargenkonsistenz<br \/>\nPr\u00e4zise Partikelgr\u00f6\u00dfenkontrolle verf\u00fcgbar<br \/>\nKundenspezifische Pulver f\u00fcr spezielle Anwendungen werden unterst\u00fctzt<\/p>\n<h2><span style=\"font-size: 14pt;\">Anwendungen von Strontiumaluminiumoxidpulver<\/span><\/h2>\n<p>Verwendung in lumineszierenden Materialsystemen zur Verbesserung der Helligkeit und Stabilit\u00e4t.<br \/>\nAls strukturelle Verst\u00e4rkungskomponente in Keramikformulierungen zur Verbesserung der mechanischen Eigenschaften.<br \/>\nGeeignet als Pulvervorl\u00e4ufer f\u00fcr Beschichtungen optischer Komponenten.<br \/>\nWird in der Forschung als Grundmaterial f\u00fcr funktionelle Oxide in verschiedenen experimentellen Projekten verwendet.<\/p>\n<h2><span style=\"color: #0000ff;\"><a style=\"color: #0000ff;\" href=\"https:\/\/ulpmat.com\/de\/unternehmen\/faqs\/\"><span style=\"font-size: 14pt;\">H\u00e4ufig gestellte Fragen<\/span><\/a><\/span><\/h2>\n<p>F1: Muss Strontiumaluminiumoxidpulver besonders gelagert werden?<br \/>\nA1: Um Feuchtigkeitsaufnahme oder Adsorption von Verunreinigungen zu vermeiden, wird empfohlen, das Pulver in einem verschlossenen Beh\u00e4lter in einer trockenen Umgebung, fern von hoher Luftfeuchtigkeit und fl\u00fcchtigen Chemikalien, zu lagern.<\/p>\n<p>F2: Was ist der typische Sintertemperaturbereich f\u00fcr das Pulver?<br \/>\nA2: Die spezifische Temperatur h\u00e4ngt von der Partikelgr\u00f6\u00dfe und Reinheit ab, aber im Allgemeinen ist ein mittlerer bis hoher Temperaturbereich erforderlich, um eine gute Dichte zu erreichen. Empfohlene Sinterprofile k\u00f6nnen je nach Anwendung bereitgestellt werden.<\/p>\n<p>F3: Kann das Pulver f\u00fcr die Herstellung von hochtransparenten Keramiken verwendet werden?<br \/>\nA3: Ja, aber es sollte eine feinere Partikelgr\u00f6\u00dfe und ein niedrigerer Verunreinigungsgrad gew\u00e4hlt werden, um eine Lichtstreuung zu vermeiden, die die Transparenz beeintr\u00e4chtigt.<\/p>\n<p>F4: Kann dieses Pulver mit anderen Metalloxiden gemischt werden?<br \/>\nA4: Ja, es ist mit vielen Oxiden gut kompatibel und kann in Verbundwerkstoffen oder modifizierten Systemen verwendet werden.<\/p>\n<h2><span style=\"font-size: 14pt;\">Berichte<\/span><\/h2>\n<p>Jede Charge wird geliefert mit:<br \/>\n<span style=\"color: #0000ff;\"><a style=\"color: #0000ff;\" href=\"https:\/\/ulpmat.com\/de\/dokumente\/zertifikat-der-analyse\/\"><u>Analysezertifikat (COA)<\/u><\/a><\/span><\/p>\n<p><span style=\"color: #0000ff;\"><a style=\"color: #0000ff;\" href=\"https:\/\/ulpmat.com\/de\/dokumente\/technisches-datenblatt\/\"><u>Technisches Datenblatt (TDS)<\/u><\/a><\/span><\/p>\n<p><span style=\"color: #0000ff;\"><a style=\"color: #0000ff;\" href=\"https:\/\/ulpmat.com\/de\/dokumente\/sicherheitsdatenblatt\/\"><u>Sicherheitsdatenblatt (MSDS)<\/u><\/a><\/span><br \/>\nTestberichte von Drittanbietern sind auf Anfrage erh\u00e4ltlich<\/p>\n<h2><span style=\"font-size: 14pt;\">. Warum sollten Sie sich f\u00fcr uns entscheiden?<\/span><\/h2>\n<p>Wir konzentrieren uns seit langem auf die Herstellung und Optimierung von anorganischen Oxidpulvern und unterziehen die Pulverreinheit, Partikelmorphologie, Dispersionsleistung und Chargenstabilit\u00e4t einer strengen Kontrolle. Dadurch wird sichergestellt, dass unser Strontiumaluminiumoxidpulver eine ausgezeichnete Kompatibilit\u00e4t in verschiedenen Prozessen aufweist. Wir bieten flexible Spezifikationsanpassungen, professionellen technischen Support, zuverl\u00e4ssige Verpackungen und eine stabile globale Lieferkette und liefern unseren Kunden aus Forschung und Industrie eine gleichbleibende Materialqualit\u00e4t.<\/p>\n","protected":false},"excerpt":{"rendered":"<p>\u00dcbersicht \u00fcber Strontiumaluminiumoxidpulver Strontiumaluminiumoxidpulver ist ein strukturell stabiles Verbundoxidmaterial, das h\u00e4ufig als Grundmaterial in lumineszierenden Materialien, Keramikadditiven und optischen Funktionsd\u00fcnnschichten verwendet wird. Wir bieten Strontiumaluminiumoxidpulver in verschiedenen Reinheitsgraden mit unterschiedlichen Partikelgr\u00f6\u00dfenverteilungen und ausgezeichneter Stabilit\u00e4t an. Unser Team kann Sie bei der Formulierung, der Auswahl der Verpackung und dem Versand beraten, um sicherzustellen, dass das Pulver [&hellip;]<\/p>\n","protected":false},"featured_media":35380,"template":"","meta":{"_acf_changed":false},"product_brand":[132],"product_cat":[1185],"product_tag":[3828],"class_list":{"0":"post-35379","1":"product","2":"type-product","3":"status-publish","4":"has-post-thumbnail","6":"product_brand-ulpmat","7":"product_cat-andere-saeuren","8":"product_tag-strontiumaluminat-strontiumaluminiumoxid-pulver","10":"first","11":"instock","12":"shipping-taxable","13":"product-type-variable"},"acf":[],"_links":{"self":[{"href":"https:\/\/ulpmat.com\/de\/wp-json\/wp\/v2\/product\/35379","targetHints":{"allow":["GET"]}}],"collection":[{"href":"https:\/\/ulpmat.com\/de\/wp-json\/wp\/v2\/product"}],"about":[{"href":"https:\/\/ulpmat.com\/de\/wp-json\/wp\/v2\/types\/product"}],"wp:featuredmedia":[{"embeddable":true,"href":"https:\/\/ulpmat.com\/de\/wp-json\/wp\/v2\/media\/35380"}],"wp:attachment":[{"href":"https:\/\/ulpmat.com\/de\/wp-json\/wp\/v2\/media?parent=35379"}],"wp:term":[{"taxonomy":"product_brand","embeddable":true,"href":"https:\/\/ulpmat.com\/de\/wp-json\/wp\/v2\/product_brand?post=35379"},{"taxonomy":"product_cat","embeddable":true,"href":"https:\/\/ulpmat.com\/de\/wp-json\/wp\/v2\/product_cat?post=35379"},{"taxonomy":"product_tag","embeddable":true,"href":"https:\/\/ulpmat.com\/de\/wp-json\/wp\/v2\/product_tag?post=35379"}],"curies":[{"name":"wp","href":"https:\/\/api.w.org\/{rel}","templated":true}]}}