{"id":35312,"date":"2025-12-03T11:12:16","date_gmt":"2025-12-03T03:12:16","guid":{"rendered":"https:\/\/ulpmat.com\/product\/strontiumchlorid-hydrat\/"},"modified":"2025-12-03T11:12:16","modified_gmt":"2025-12-03T03:12:16","slug":"strontiumchlorid-hydrat","status":"publish","type":"product","link":"https:\/\/ulpmat.com\/de\/produkt\/strontiumchlorid-hydrat\/","title":{"rendered":"Strontiumchlorid-Hydrat"},"content":{"rendered":"<h2><span style=\"font-size: 14pt;\">Strontiumchloridhydrat-Pulver \u2013 \u00dcbersicht<\/span><\/h2>\n<p><span style=\"color: #0000ff;\"><a style=\"color: #0000ff;\" href=\"https:\/\/ulpmat.com\/de\/search\/?type=name&#038;keyword=Strontium+Chloride\">Strontiumchloridhydrat<\/a><\/span><br \/>\n-Pulver ist ein hochreines hydratisiertes anorganisches Salz, das h\u00e4ufig als Strontiumquelle in Keramiken, optischen Materialien und chemischen Reaktionen verwendet wird.<\/p>\n<p>Wir bieten Strontiumchloridhydrat-Pulver mit unterschiedlichem Wassergehalt, Reinheitsgrad und Partikelgr\u00f6\u00dfe an, um den Anforderungen von Forschungs-, Industrie- und Spezialmaterialanwendungen gerecht zu werden. Das Pulver ist stabil, leicht l\u00f6slich und erleichtert die Herstellung homogener L\u00f6sungen. Auf Anfrage sind Sonderanfertigungen und Sonderverpackungen erh\u00e4ltlich. Bitte <span style=\"color: #0000ff;\"><a style=\"color: #0000ff;\" href=\"https:\/\/ulpmat.com\/de\/kontakt-us\/\">kontaktieren Sie uns<\/a><\/span><br \/>\nf\u00fcr Preise und technische Spezifikationen.<\/p>\n<h2><span style=\"font-size: 14pt;\">Produkt-Highlights<\/span><\/h2>\n<p>Hohe Reinheit<br \/>\nStabiler Wassergehalt<br \/>\nGute Wasserl\u00f6slichkeit<br \/>\nGleichm\u00e4\u00dfige Partikelgr\u00f6\u00dfe<br \/>\nGeringe Verunreinigungen<br \/>\nAnpassbare Verpackung<br \/>\nChemisch stabil<br \/>\nGeeignet f\u00fcr Forschung und industrielle Produktion<\/p>\n<h2><span style=\"font-size: 14pt;\">Anwendungen von Strontiumchloridhydrat-Pulver<\/span><\/h2>\n<p>Verwendung bei der Herstellung von <span style=\"color: #0000ff;\"><a style=\"color: #0000ff;\" href=\"https:\/\/ulpmat.com\/de\/anwendung\/materialien-fuer-die-optik\/\">optischen<\/a><\/span><br \/>\nMaterialien zur Verbesserung der Fluoreszenzleistung.<br \/>\nVerwendung als Strontiumquelle in der Keramikindustrie zur Erh\u00f6hung der Materialdichte.<br \/>\nVerwendung als Reagenz in chemischen Experimenten.<br \/>\nVerwendung als funktionelle Strontiumquelle f\u00fcr Leistungstests in der Materialforschung.<\/p>\n<h2><span style=\"font-size: 14pt;\">H\u00e4ufig gestellte Fragen<\/span><\/h2>\n<p>F1: Kann hydratisiertes Strontiumchloridpulver langfristig gelagert werden?<br \/>\nA1: Das Pulver ist hygroskopisch und sollte in einer trockenen, versiegelten und lichtgesch\u00fctzten Umgebung gelagert werden, um eine langfristige Stabilit\u00e4t zu gew\u00e4hrleisten.<\/p>\n<p>F2: L\u00f6st sich das Produkt schnell auf?<br \/>\nA2: Ja, dieses Produkt ist bei Raumtemperatur leicht wasserl\u00f6slich und kann schnell zu einer homogenen L\u00f6sung verarbeitet werden.<\/p>\n<p>F3: K\u00f6nnen Sie Produkte in verschiedenen Hydratationszust\u00e4nden anbieten?<br \/>\nA3: Ja, wir k\u00f6nnen verschiedene Hydratationsformen anbieten, um experimentellen und industriellen Anforderungen gerecht zu werden.<\/p>\n<p>F4: Ist die Verpackung anpassbar?<br \/>\nA4: Ja, wir k\u00f6nnen je nach Kundenwunsch verschiedene Gewichte, versiegelte und feuchtigkeitsbest\u00e4ndige Verpackungen anbieten.<\/p>\n<h2><span style=\"font-size: 14pt;\">Berichte<\/span><\/h2>\n<p>Jede Charge wird mit folgenden Dokumenten geliefert:<br \/>\n<span style=\"color: #0000ff;\"><a style=\"color: #0000ff;\" href=\"https:\/\/ulpmat.com\/de\/dokumente\/zertifikat-der-analyse\/\"><u>Analysezertifikat (COA)<\/u><\/a><\/span><\/p>\n<p><span style=\"color: #0000ff;\"><a style=\"color: #0000ff;\" href=\"https:\/\/ulpmat.com\/de\/dokumente\/technisches-datenblatt\/\"><u>Technisches Datenblatt (TDS)<\/u><\/a><\/span><\/p>\n<p><span style=\"color: #0000ff;\"><a style=\"color: #0000ff;\" href=\"https:\/\/ulpmat.com\/de\/dokumente\/sicherheitsdatenblatt\/\"><u>Sicherheitsdatenblatt (MSDS)<\/u><\/a><\/span><br \/>\nTestberichte von Drittanbietern sind auf Anfrage erh\u00e4ltlich.<\/p>\n<h2><span style=\"font-size: 14pt;\">Warum sollten Sie sich f\u00fcr uns entscheiden?<\/span><\/h2>\n<p>Wir verf\u00fcgen \u00fcber ausgereifte Technologien zur Herstellung von hydratisiertem Salz und ein strenges Qualit\u00e4tskontrollsystem, um die Reinheit, den Feuchtigkeitsgehalt und die Partikelgleichm\u00e4\u00dfigkeit unserer Produkte sicherzustellen. Durch die Kombination von flexiblen Anpassungsm\u00f6glichkeiten, zuverl\u00e4ssigen Verpackungsl\u00f6sungen und schneller Kundenbetreuung k\u00f6nnen wir Forschern und industriellen Anwendern hochwertiges, stabiles und zuverl\u00e4ssiges Strontiumchloridhydratpulver liefern und so reibungslose Experimente und Produktionsprozesse gew\u00e4hrleisten.<\/p>\n","protected":false},"excerpt":{"rendered":"<p>Strontiumchloridhydrat-Pulver \u2013 \u00dcbersicht Strontiumchloridhydrat -Pulver ist ein hochreines hydratisiertes anorganisches Salz, das h\u00e4ufig als Strontiumquelle in Keramiken, optischen Materialien und chemischen Reaktionen verwendet wird. Wir bieten Strontiumchloridhydrat-Pulver mit unterschiedlichem Wassergehalt, Reinheitsgrad und Partikelgr\u00f6\u00dfe an, um den Anforderungen von Forschungs-, Industrie- und Spezialmaterialanwendungen gerecht zu werden. Das Pulver ist stabil, leicht l\u00f6slich und erleichtert die Herstellung [&hellip;]<\/p>\n","protected":false},"featured_media":35313,"template":"","meta":{"_acf_changed":false},"product_brand":[132],"product_cat":[318],"product_tag":[3810],"class_list":{"0":"post-35312","1":"product","2":"type-product","3":"status-publish","4":"has-post-thumbnail","6":"product_brand-ulpmat","7":"product_cat-halogenid-materialien","8":"product_tag-strontiumchlorid-hydrat-pulver","10":"first","11":"instock","12":"shipping-taxable","13":"product-type-variable"},"acf":[],"_links":{"self":[{"href":"https:\/\/ulpmat.com\/de\/wp-json\/wp\/v2\/product\/35312","targetHints":{"allow":["GET"]}}],"collection":[{"href":"https:\/\/ulpmat.com\/de\/wp-json\/wp\/v2\/product"}],"about":[{"href":"https:\/\/ulpmat.com\/de\/wp-json\/wp\/v2\/types\/product"}],"wp:featuredmedia":[{"embeddable":true,"href":"https:\/\/ulpmat.com\/de\/wp-json\/wp\/v2\/media\/35313"}],"wp:attachment":[{"href":"https:\/\/ulpmat.com\/de\/wp-json\/wp\/v2\/media?parent=35312"}],"wp:term":[{"taxonomy":"product_brand","embeddable":true,"href":"https:\/\/ulpmat.com\/de\/wp-json\/wp\/v2\/product_brand?post=35312"},{"taxonomy":"product_cat","embeddable":true,"href":"https:\/\/ulpmat.com\/de\/wp-json\/wp\/v2\/product_cat?post=35312"},{"taxonomy":"product_tag","embeddable":true,"href":"https:\/\/ulpmat.com\/de\/wp-json\/wp\/v2\/product_tag?post=35312"}],"curies":[{"name":"wp","href":"https:\/\/api.w.org\/{rel}","templated":true}]}}