{"id":35289,"date":"2025-12-03T11:12:17","date_gmt":"2025-12-03T03:12:17","guid":{"rendered":"https:\/\/ulpmat.com\/product\/strontiumkarbonat\/"},"modified":"2025-12-03T11:12:17","modified_gmt":"2025-12-03T03:12:17","slug":"strontiumkarbonat","status":"publish","type":"product","link":"https:\/\/ulpmat.com\/de\/produkt\/strontiumkarbonat\/","title":{"rendered":"Strontiumkarbonat"},"content":{"rendered":"<h2><span style=\"font-size: 14pt;\">\u00dcbersicht \u00fcber Strontiumcarbonat-Pulver<\/span><\/h2>\n<p><span style=\"color: #0000ff;\"><a style=\"color: #0000ff;\" href=\"https:\/\/ulpmat.com\/de\/search\/?type=name&#038;keyword=Strontium+Carbonate\">Strontiumcarbonat<\/a><\/span><br \/>\n-Pulver ist ein hochreines Carbonat, das h\u00e4ufig bei der Herstellung von Keramik, Glas, elektronischen Materialien und Pigmenten verwendet wird.<\/p>\n<p>Wir bieten Strontiumcarbonat-Pulver in verschiedenen Partikelgr\u00f6\u00dfen, Reinheitsgraden und Verpackungsspezifikationen an, die f\u00fcr die Forschung und industrielle Produktion geeignet sind. Das Pulver ist stabil, leicht dispergierbar und kann in Produktion und Verpackung an die Bed\u00fcrfnisse der Kunden angepasst werden. Bitte<span style=\"color: #0000ff;\"><a style=\"color: #0000ff;\" href=\"https:\/\/ulpmat.com\/de\/kontakt-us\/\"> kontaktieren Sie uns<\/a><\/span><br \/>\nf\u00fcr technische Parameter oder Angebote.<\/p>\n<h2><span style=\"font-size: 14pt;\">Produkt-Highlights<\/span><\/h2>\n<p>Hohe Reinheit<br \/>\nGleichm\u00e4\u00dfige Partikelgr\u00f6\u00dfe und gute Dispergierbarkeit<br \/>\nChemisch stabil<br \/>\nKann zu verschiedenen Partikelgr\u00f6\u00dfen verarbeitet werden<br \/>\nGeringer Gehalt an Verunreinigungen<br \/>\nKundenspezifische Verpackung verf\u00fcgbar<br \/>\nLeicht l\u00f6slich in sauren L\u00f6sungen<br \/>\nErf\u00fcllt die Anforderungen von Forschung und industriellen Anwendungen<\/p>\n<h2><span style=\"font-size: 14pt;\">Anwendungen von Strontiumcarbonat-Pulver<\/span><\/h2>\n<p>Wird in der Keramikindustrie zur Verbesserung der Materialdichte und Hitzebest\u00e4ndigkeit verwendet.<br \/>\nWird als Strontiumquelle in elektronischen Materialien verwendet, um die Leistungsindikatoren zu verbessern.<br \/>\nWird in der Pigmentherstellung zur Herstellung von fluoreszierenden oder lumineszierenden Materialien verwendet.<br \/>\nWird als Strontiumcarbonat-Reagenz in chemischen Experimenten f\u00fcr Reaktionsstudien verwendet.<\/p>\n<h2><span style=\"font-size: 14pt;\">H\u00e4ufig gestellte Fragen<\/span><\/h2>\n<p>F1: Ist Strontiumcarbonatpulver hygroskopisch?<br \/>\nA1: Dieses Produkt hat eine gute Stabilit\u00e4t, es wird jedoch empfohlen, es in einer trockenen Umgebung zu lagern und l\u00e4ngere Feuchtigkeitseinwirkung zu vermeiden.<\/p>\n<p>F2: K\u00f6nnen Sie verschiedene Partikelgr\u00f6\u00dfen anbieten?<br \/>\nA2: Ja, wir k\u00f6nnen verschiedene Partikelgr\u00f6\u00dfen von mikro bis mittelgro\u00df anbieten, um unterschiedlichen Anwendungsanforderungen gerecht zu werden.<\/p>\n<p>F3: Ist das Produkt f\u00fcr den Labor- und Industrieeinsatz geeignet?<br \/>\nA3: Ja, dieses Produkt ist f\u00fcr wissenschaftliche Forschungsexperimente und die industrielle Gro\u00dfproduktion geeignet.<\/p>\n<p>F4: Ist die Verpackung individuell anpassbar?<br \/>\nA4: Ja, wir k\u00f6nnen je nach Kundenwunsch kleine oder gro\u00dfe Verpackungen mit feuchtigkeitsbest\u00e4ndigen Verschl\u00fcssen anbieten.<\/p>\n<h2><span style=\"font-size: 14pt;\">Berichte<\/span><\/h2>\n<p>Jede Charge wird geliefert mit:<br \/>\n<span style=\"color: #0000ff;\"><a style=\"color: #0000ff;\" href=\"https:\/\/ulpmat.com\/de\/dokumente\/zertifikat-der-analyse\/\"><u>Analysezertifikat (COA)<\/u><\/a><\/span><\/p>\n<p><span style=\"color: #0000ff;\"><a style=\"color: #0000ff;\" href=\"https:\/\/ulpmat.com\/de\/dokumente\/technisches-datenblatt\/\"><u>Technisches Datenblatt (TDS)<\/u><\/a><\/span><\/p>\n<p><span style=\"color: #0000ff;\"><a style=\"color: #0000ff;\" href=\"https:\/\/ulpmat.com\/de\/dokumente\/sicherheitsdatenblatt\/\"><u>Sicherheitsdatenblatt (MSDS)<\/u><\/a><\/span><br \/>\nTestberichte von Drittanbietern sind auf Anfrage erh\u00e4ltlich<\/p>\n<h2><span style=\"font-size: 14pt;\">. Warum sollten Sie sich f\u00fcr uns entscheiden?<\/span><\/h2>\n<p>Wir verf\u00fcgen \u00fcber eine ausgereifte Technologie zur Herstellung von Strontiumcarbonat und ein strenges Qualit\u00e4tskontrollsystem, um die Reinheit des Pulvers, die Partikelgleichm\u00e4\u00dfigkeit und die chemische Stabilit\u00e4t zu gew\u00e4hrleisten. In Kombination mit flexiblen Anpassungsdienstleistungen und professionellem Kundensupport k\u00f6nnen wir hochwertiges, zuverl\u00e4ssiges Strontiumcarbonatpulver f\u00fcr wissenschaftliche Forschung und industrielle Anwender liefern und so reibungslose Experimente und Produktion gew\u00e4hrleisten.<\/p>\n","protected":false},"excerpt":{"rendered":"<p>\u00dcbersicht \u00fcber Strontiumcarbonat-Pulver Strontiumcarbonat -Pulver ist ein hochreines Carbonat, das h\u00e4ufig bei der Herstellung von Keramik, Glas, elektronischen Materialien und Pigmenten verwendet wird. Wir bieten Strontiumcarbonat-Pulver in verschiedenen Partikelgr\u00f6\u00dfen, Reinheitsgraden und Verpackungsspezifikationen an, die f\u00fcr die Forschung und industrielle Produktion geeignet sind. Das Pulver ist stabil, leicht dispergierbar und kann in Produktion und Verpackung an [&hellip;]<\/p>\n","protected":false},"featured_media":35290,"template":"","meta":{"_acf_changed":false},"product_brand":[132],"product_cat":[1185],"product_tag":[3804],"class_list":{"0":"post-35289","1":"product","2":"type-product","3":"status-publish","4":"has-post-thumbnail","6":"product_brand-ulpmat","7":"product_cat-andere-saeuren","8":"product_tag-strontiumkarbonat-pulver","10":"first","11":"instock","12":"shipping-taxable","13":"product-type-variable"},"acf":[],"_links":{"self":[{"href":"https:\/\/ulpmat.com\/de\/wp-json\/wp\/v2\/product\/35289","targetHints":{"allow":["GET"]}}],"collection":[{"href":"https:\/\/ulpmat.com\/de\/wp-json\/wp\/v2\/product"}],"about":[{"href":"https:\/\/ulpmat.com\/de\/wp-json\/wp\/v2\/types\/product"}],"wp:featuredmedia":[{"embeddable":true,"href":"https:\/\/ulpmat.com\/de\/wp-json\/wp\/v2\/media\/35290"}],"wp:attachment":[{"href":"https:\/\/ulpmat.com\/de\/wp-json\/wp\/v2\/media?parent=35289"}],"wp:term":[{"taxonomy":"product_brand","embeddable":true,"href":"https:\/\/ulpmat.com\/de\/wp-json\/wp\/v2\/product_brand?post=35289"},{"taxonomy":"product_cat","embeddable":true,"href":"https:\/\/ulpmat.com\/de\/wp-json\/wp\/v2\/product_cat?post=35289"},{"taxonomy":"product_tag","embeddable":true,"href":"https:\/\/ulpmat.com\/de\/wp-json\/wp\/v2\/product_tag?post=35289"}],"curies":[{"name":"wp","href":"https:\/\/api.w.org\/{rel}","templated":true}]}}