{"id":35246,"date":"2025-12-03T11:12:17","date_gmt":"2025-12-03T03:12:17","guid":{"rendered":"https:\/\/ulpmat.com\/product\/strontium-ferrit-2\/"},"modified":"2025-12-03T11:12:17","modified_gmt":"2025-12-03T03:12:17","slug":"strontium-ferrit-2","status":"publish","type":"product","link":"https:\/\/ulpmat.com\/de\/produkt\/strontium-ferrit-2\/","title":{"rendered":"Strontium-Ferrit"},"content":{"rendered":"<h2><span style=\"font-size: 14pt;\">Strontiumferritpulver \u2013 \u00dcbersicht<\/span><\/h2>\n<p><span style=\"color: #0000ff;\"><a style=\"color: #0000ff;\" href=\"https:\/\/ulpmat.com\/de\/search\/?type=name&#038;keyword=Strontium+Ferrite\">Strontiumferrit<\/a><\/span><br \/>\npulver ist ein leistungsstarkes Permanentmagnetmaterial, das h\u00e4ufig bei der Herstellung von magnetischen Bauteilen und magnetischen Aufzeichnungsmaterialien verwendet wird.<\/p>\n<p>Wir bieten hochreines, \u00e4u\u00dferst gleichm\u00e4\u00dfiges Strontiumferritpulver, das sich f\u00fcr Forschungszwecke, industrielle Anwendungen und die Herstellung magnetischer Ger\u00e4te eignet. Wir bieten verschiedene Partikelgr\u00f6\u00dfen und Verpackungsformate an, um den unterschiedlichen Anwendungsanforderungen gerecht zu werden. Bitte <span style=\"color: #0000ff;\"><a style=\"color: #0000ff;\" href=\"https:\/\/ulpmat.com\/de\/kontakt-us\/\">kontaktieren Sie uns<\/a><\/span><br \/>\nf\u00fcr Muster und technische Informationen.<\/p>\n<h2><span style=\"font-size: 14pt;\">Produkt-Highlights<\/span><\/h2>\n<p>Hohe magnetische Eigenschaften<br \/>\nStabile chemische Eigenschaften<br \/>\nHohe Reinheit<br \/>\nGleichm\u00e4\u00dfige Partikelverteilung<br \/>\nUnterst\u00fctzung bei der Anpassung der Partikelgr\u00f6\u00dfe<br \/>\nGute Temperaturstabilit\u00e4t<br \/>\nLeicht zu formen und zu sintern<br \/>\nGeeignet f\u00fcr verschiedene magnetische Anwendungen<\/p>\n<h2><span style=\"font-size: 14pt;\">Anwendungen von Strontiumferritpulver<\/span><\/h2>\n<p>Hergestellt aus Permanentmagnetmaterialien f\u00fcr Motoren und Sensoren.<br \/>\nVerwendet in magnetischen Aufzeichnungsmedien zur Erh\u00f6hung der Datenspeicherdichte.<br \/>\nVerwendet als funktionelles Magnetpulver in magnetischen Trennanlagen.<br \/>\nVerwendet als Grundrohstoff f\u00fcr die Forschung an magnetischen Materialien in wissenschaftlichen Experimenten.<\/p>\n<h2><span style=\"color: #0000ff;\"><a style=\"color: #0000ff;\" href=\"https:\/\/ulpmat.com\/de\/unternehmen\/faqs\/\"><span style=\"font-size: 14pt;\">H\u00e4ufig gestellte Fragen<\/span><\/a><\/span><\/h2>\n<p>F1: Ist Strontiumferritpulver hitzebest\u00e4ndig?<br \/>\nA1: Dieses Produkt beh\u00e4lt seine magnetischen Eigenschaften auch bei hohen Temperaturen bei und eignet sich f\u00fcr Hochtemperatur-Sinterprozesse.<\/p>\n<p>F2: K\u00f6nnen Sie Pulver in Nanogr\u00f6\u00dfe liefern?<br \/>\nA2: Wir k\u00f6nnen Pulver in verschiedenen Partikelgr\u00f6\u00dfen von Nano bis Mikron liefern, um unterschiedlichen Anwendungsanforderungen gerecht zu werden.<\/p>\n<p>F3: Wie sollte ich das Pulver lagern, um Feuchtigkeit oder Oxidation zu vermeiden?<br \/>\nA3: Wir empfehlen, es in einer trockenen Umgebung zu verschlie\u00dfen und eine l\u00e4ngere Einwirkung feuchter Luft zu vermeiden.<\/p>\n<p>F4: Welche Verpackungsoptionen sind verf\u00fcgbar?<br \/>\nA4: Wir bieten kleine Verpackungen, gro\u00dfe Industrieverpackungen und feuchtigkeitsgesch\u00fctzte, versiegelte Verpackungen an. Auch kundenspezifische Anpassungen sind m\u00f6glich.<\/p>\n<h2><span style=\"font-size: 14pt;\">Berichte<\/span><\/h2>\n<p>Jede Charge wird geliefert mit:<br \/>\n<a href=\"https:\/\/ulpmat.com\/de\/dokumente\/zertifikat-der-analyse\/\"><u><span style=\"color: #0000ff;\">Analysezertifikat (COA)<\/span><\/u><\/a><\/p>\n<p><span style=\"color: #0000ff;\"><a style=\"color: #0000ff;\" href=\"https:\/\/ulpmat.com\/de\/dokumente\/technisches-datenblatt\/\"><u>Technisches Datenblatt (TDS)<\/u><\/a><\/span><\/p>\n<p><span style=\"color: #0000ff;\"><a style=\"color: #0000ff;\" href=\"https:\/\/ulpmat.com\/de\/dokumente\/sicherheitsdatenblatt\/\"><u>Sicherheitsdatenblatt (MSDS)<\/u><\/a><\/span><br \/>\nTestberichte von Drittanbietern sind auf Anfrage erh\u00e4ltlich<\/p>\n<h2><span style=\"font-size: 14pt;\">. Warum sollten Sie sich f\u00fcr uns entscheiden?<\/span><\/h2>\n<p>Wir verf\u00fcgen \u00fcber ausgereifte Technologien zur Herstellung von Strontiumferritpulver und ein strenges Qualit\u00e4tsmanagementsystem, das sicherstellt, dass unsere Produkte magnetisch stabil sind, eine einheitliche Partikelgr\u00f6\u00dfe und eine hohe Reinheit aufweisen. In Kombination mit flexiblen Anpassungsm\u00f6glichkeiten und professionellem technischen Support bieten wir zuverl\u00e4ssige Materiall\u00f6sungen f\u00fcr Forschungs- und Industriekunden und erm\u00f6glichen so die reibungslose Entwicklung magnetischer Anwendungen und Produkte.<\/p>\n","protected":false},"excerpt":{"rendered":"<p>Strontiumferritpulver \u2013 \u00dcbersicht Strontiumferrit pulver ist ein leistungsstarkes Permanentmagnetmaterial, das h\u00e4ufig bei der Herstellung von magnetischen Bauteilen und magnetischen Aufzeichnungsmaterialien verwendet wird. Wir bieten hochreines, \u00e4u\u00dferst gleichm\u00e4\u00dfiges Strontiumferritpulver, das sich f\u00fcr Forschungszwecke, industrielle Anwendungen und die Herstellung magnetischer Ger\u00e4te eignet. Wir bieten verschiedene Partikelgr\u00f6\u00dfen und Verpackungsformate an, um den unterschiedlichen Anwendungsanforderungen gerecht zu werden. Bitte [&hellip;]<\/p>\n","protected":false},"featured_media":35247,"template":"","meta":{"_acf_changed":false},"product_brand":[132],"product_cat":[1185],"product_tag":[3792],"class_list":{"0":"post-35246","1":"product","2":"type-product","3":"status-publish","4":"has-post-thumbnail","6":"product_brand-ulpmat","7":"product_cat-andere-saeuren","8":"product_tag-strontiumferrit-pulver","10":"first","11":"instock","12":"shipping-taxable","13":"product-type-variable"},"acf":[],"_links":{"self":[{"href":"https:\/\/ulpmat.com\/de\/wp-json\/wp\/v2\/product\/35246","targetHints":{"allow":["GET"]}}],"collection":[{"href":"https:\/\/ulpmat.com\/de\/wp-json\/wp\/v2\/product"}],"about":[{"href":"https:\/\/ulpmat.com\/de\/wp-json\/wp\/v2\/types\/product"}],"wp:featuredmedia":[{"embeddable":true,"href":"https:\/\/ulpmat.com\/de\/wp-json\/wp\/v2\/media\/35247"}],"wp:attachment":[{"href":"https:\/\/ulpmat.com\/de\/wp-json\/wp\/v2\/media?parent=35246"}],"wp:term":[{"taxonomy":"product_brand","embeddable":true,"href":"https:\/\/ulpmat.com\/de\/wp-json\/wp\/v2\/product_brand?post=35246"},{"taxonomy":"product_cat","embeddable":true,"href":"https:\/\/ulpmat.com\/de\/wp-json\/wp\/v2\/product_cat?post=35246"},{"taxonomy":"product_tag","embeddable":true,"href":"https:\/\/ulpmat.com\/de\/wp-json\/wp\/v2\/product_tag?post=35246"}],"curies":[{"name":"wp","href":"https:\/\/api.w.org\/{rel}","templated":true}]}}