{"id":35223,"date":"2025-12-03T11:12:17","date_gmt":"2025-12-03T03:12:17","guid":{"rendered":"https:\/\/ulpmat.com\/product\/strontium-ferrit\/"},"modified":"2025-12-03T11:12:17","modified_gmt":"2025-12-03T03:12:17","slug":"strontium-ferrit","status":"publish","type":"product","link":"https:\/\/ulpmat.com\/de\/produkt\/strontium-ferrit\/","title":{"rendered":"Strontium-Ferrit"},"content":{"rendered":"<h2><span style=\"font-size: 14pt;\">Strontiumferrit-Sputtertarget \u00dcbersicht<\/span><\/h2>\n<p><span style=\"color: #0000ff;\"><a style=\"color: #0000ff;\" href=\"https:\/\/ulpmat.com\/de\/search\/?type=name&#038;keyword=Strontium+Ferrite\">Strontiumferrit<\/a><\/span><br \/>\n-Sputtertargets sind hochleistungsf\u00e4hige magnetische Materialien, die f\u00fcr die Herstellung von magnetischen D\u00fcnnschichtbauelementen und elektronischen Bauteilen verwendet werden.<\/p>\n<p>Wir bieten hochdichte, hochgradig gleichm\u00e4\u00dfige Strontiumferrit-Sputtertargets an, die f\u00fcr die Abscheidung magnetischer D\u00fcnnschichten, Sensoren und wissenschaftliche Forschungsexperimente geeignet sind. Gr\u00f6\u00dfe und Form k\u00f6nnen an die Kundenanforderungen angepasst werden, um eine gleichm\u00e4\u00dfige Sputterung und Filmleistung zu gew\u00e4hrleisten. <span style=\"color: #0000ff;\"><a style=\"color: #0000ff;\" href=\"https:\/\/ulpmat.com\/de\/kontakt-us\/\">Kontaktieren Sie uns<\/a><\/span><br \/>\nf\u00fcr Muster.<\/p>\n<h2><span style=\"font-size: 14pt;\">Produkt-Highlights<\/span><\/h2>\n<p>Hohe magnetische Stabilit\u00e4t<br \/>\nAusgezeichnete thermische Stabilit\u00e4t<br \/>\nHohe Dichte und gleichm\u00e4\u00dfige Struktur<br \/>\nKundenspezifische Gr\u00f6\u00dfen und Formen m\u00f6glich<br \/>\nEinfaches Sputtern und Filmabscheidung<br \/>\nHohe Reinheit, geringe Verunreinigungen<br \/>\nLangfristige Lagerstabilit\u00e4t<br \/>\nOptionale Target-Verklebung<br \/>\nGeeignet f\u00fcr verschiedene elektronische und magnetische Anwendungen<\/p>\n<h2><span style=\"font-size: 14pt;\">Anwendungen von Strontiumferrit-Sputter-Targets<\/span><\/h2>\n<p>Wird f\u00fcr die Herstellung magnetischer D\u00fcnnschichten verwendet, um die Ger\u00e4teleistung zu verbessern.<br \/>\nGeeignet f\u00fcr Magnetsensoren und magnetische Speicherger\u00e4te.<br \/>\nWird zur Herstellung funktionaler magnetischer Filme in wissenschaftlichen Forschungsexperimenten verwendet.<br \/>\nAnwendungen in der Oberfl\u00e4chenfunktionalisierung magnetischer elektronischer Ger\u00e4te.<\/p>\n<h2><span style=\"color: #0000ff;\"><a style=\"color: #0000ff;\" href=\"https:\/\/ulpmat.com\/de\/unternehmen\/faqs\/\"><span style=\"font-size: 14pt;\">H\u00e4ufig gestellte Fragen<\/span><\/a><\/span><\/h2>\n<p>F1: Welche Sputterprozesse sind f\u00fcr dieses Sputtertarget geeignet?<br \/>\nA1: Dieses Produkt eignet sich sowohl f\u00fcr DC- als auch f\u00fcr RF-Sputtern und erzeugt eine ausgezeichnete Filmgleichm\u00e4\u00dfigkeit.<\/p>\n<p>F2: K\u00f6nnen Sie die Dicke oder den Durchmesser anpassen?<br \/>\nA2: Wir k\u00f6nnen verschiedene Durchmesser, Dicken und Formen anbieten, um den Anforderungen verschiedener Ger\u00e4te gerecht zu werden.<\/p>\n<p>F3: Welche Vorsichtsma\u00dfnahmen sind bei der Lagerung zu beachten?<br \/>\nA3: Es wird empfohlen, das Produkt in einem verschlossenen Beh\u00e4lter in einer trockenen Umgebung zu lagern und Feuchtigkeit und l\u00e4ngere Lichteinwirkung zu vermeiden.<\/p>\n<p>F4: Wie wird die Reinheit des Targetmaterials gew\u00e4hrleistet?<br \/>\nA4: Wir verwenden hochreine Rohstoffe und kontrollieren streng den Produktionsprozess und den Gehalt an Verunreinigungen, um hohe Reinheitsstandards zu gew\u00e4hrleisten.<\/p>\n<h2><span style=\"font-size: 14pt;\">Berichte<\/span><\/h2>\n<p>Jede Charge wird geliefert mit:<br \/>\n<span style=\"color: #0000ff;\"><a style=\"color: #0000ff;\" href=\"https:\/\/ulpmat.com\/de\/dokumente\/zertifikat-der-analyse\/\"><u>Analysezertifikat (COA)<\/u><\/a><\/span><\/p>\n<p><span style=\"color: #0000ff;\"><a style=\"color: #0000ff;\" href=\"https:\/\/ulpmat.com\/de\/dokumente\/technisches-datenblatt\/\"><u>Technisches Datenblatt (TDS)<\/u><\/a><\/span><\/p>\n<p><span style=\"color: #0000ff;\"><a style=\"color: #0000ff;\" href=\"https:\/\/ulpmat.com\/de\/dokumente\/sicherheitsdatenblatt\/\"><u>Sicherheitsdatenblatt (MSDS)<\/u><\/a><\/span><br \/>\nTestberichte von Drittanbietern sind auf Anfrage erh\u00e4ltlich<\/p>\n<h2><span style=\"font-size: 14pt;\">Warum sollten Sie sich f\u00fcr uns entscheiden?<\/span><\/h2>\n<p>Wir verf\u00fcgen \u00fcber fortschrittliche Technologien zur Herstellung von Sputtertargets und ein strenges Qualit\u00e4tsmanagementsystem, das eine hohe Targetdichte, eine gleichm\u00e4\u00dfige Struktur und magnetische Stabilit\u00e4t gew\u00e4hrleistet. In Kombination mit flexibler Anpassung und professionellen technischen Dienstleistungen bieten wir unseren Kunden zuverl\u00e4ssige, leistungsstarke magnetische Sputtertarget-L\u00f6sungen, um die reibungslose Umsetzung wissenschaftlicher Forschung und industrieller Anwendungen zu unterst\u00fctzen.<\/p>\n","protected":false},"excerpt":{"rendered":"<p>Strontiumferrit-Sputtertarget \u00dcbersicht Strontiumferrit -Sputtertargets sind hochleistungsf\u00e4hige magnetische Materialien, die f\u00fcr die Herstellung von magnetischen D\u00fcnnschichtbauelementen und elektronischen Bauteilen verwendet werden. Wir bieten hochdichte, hochgradig gleichm\u00e4\u00dfige Strontiumferrit-Sputtertargets an, die f\u00fcr die Abscheidung magnetischer D\u00fcnnschichten, Sensoren und wissenschaftliche Forschungsexperimente geeignet sind. Gr\u00f6\u00dfe und Form k\u00f6nnen an die Kundenanforderungen angepasst werden, um eine gleichm\u00e4\u00dfige Sputterung und Filmleistung zu [&hellip;]<\/p>\n","protected":false},"featured_media":35224,"template":"","meta":{"_acf_changed":false},"product_brand":[132],"product_cat":[451],"product_tag":[3786],"class_list":{"0":"post-35223","1":"product","2":"type-product","3":"status-publish","4":"has-post-thumbnail","6":"product_brand-ulpmat","7":"product_cat-keramisches-sputtering-target","8":"product_tag-strontium-ferrit-sputtering-target","10":"first","11":"instock","12":"shipping-taxable","13":"product-type-variable"},"acf":[],"_links":{"self":[{"href":"https:\/\/ulpmat.com\/de\/wp-json\/wp\/v2\/product\/35223","targetHints":{"allow":["GET"]}}],"collection":[{"href":"https:\/\/ulpmat.com\/de\/wp-json\/wp\/v2\/product"}],"about":[{"href":"https:\/\/ulpmat.com\/de\/wp-json\/wp\/v2\/types\/product"}],"wp:featuredmedia":[{"embeddable":true,"href":"https:\/\/ulpmat.com\/de\/wp-json\/wp\/v2\/media\/35224"}],"wp:attachment":[{"href":"https:\/\/ulpmat.com\/de\/wp-json\/wp\/v2\/media?parent=35223"}],"wp:term":[{"taxonomy":"product_brand","embeddable":true,"href":"https:\/\/ulpmat.com\/de\/wp-json\/wp\/v2\/product_brand?post=35223"},{"taxonomy":"product_cat","embeddable":true,"href":"https:\/\/ulpmat.com\/de\/wp-json\/wp\/v2\/product_cat?post=35223"},{"taxonomy":"product_tag","embeddable":true,"href":"https:\/\/ulpmat.com\/de\/wp-json\/wp\/v2\/product_tag?post=35223"}],"curies":[{"name":"wp","href":"https:\/\/api.w.org\/{rel}","templated":true}]}}