{"id":35142,"date":"2025-12-03T11:12:18","date_gmt":"2025-12-03T03:12:18","guid":{"rendered":"https:\/\/ulpmat.com\/product\/strontium-sulfid\/"},"modified":"2025-12-03T11:12:18","modified_gmt":"2025-12-03T03:12:18","slug":"strontium-sulfid","status":"publish","type":"product","link":"https:\/\/ulpmat.com\/de\/produkt\/strontium-sulfid\/","title":{"rendered":"Strontium-Sulfid"},"content":{"rendered":"<h2><span style=\"font-size: 14pt;\">\u00dcbersicht \u00fcber Strontiumsulfidpulver<\/span><\/h2>\n<p>Hochreines <span style=\"color: #0000ff;\"><a style=\"color: #0000ff;\" href=\"https:\/\/ulpmat.com\/de\/search\/?type=name&#038;keyword=Strontium+Sulfide\">Strontiumsulfidpulver<\/a><\/span><br \/>\neignet sich f\u00fcr die Herstellung von optoelektronischen Materialien und lichtemittierenden Bauelementen.<\/p>\n<p>Wir bieten hochreine SrS-Pulver in verschiedenen Partikelgr\u00f6\u00dfen an, um den Anforderungen der wissenschaftlichen Forschung und industriellen Anwendungen gerecht zu werden. Bitte <span style=\"color: #0000ff;\"><a style=\"color: #0000ff;\" href=\"https:\/\/ulpmat.com\/de\/kontakt-us\/\">kontaktieren Sie uns,<\/a><\/span><br \/>\nwenn Sie Muster ben\u00f6tigen oder Pulverspezifikationen anpassen m\u00f6chten. Wir bieten <span style=\"color: #0000ff;\"><a style=\"color: #0000ff;\" href=\"https:\/\/ulpmat.com\/de\/service\/technische-unterstuetzung\/\">technischen Support<\/a><\/span><br \/>\nund <span style=\"color: #0000ff;\"><a style=\"color: #0000ff;\" href=\"https:\/\/ulpmat.com\/de\/service\/service-nach-dem-verkauf\/\">Kundendienst<\/a><\/span><br \/>\n, um eine zuverl\u00e4ssige Benutzererfahrung zu gew\u00e4hrleisten.<\/p>\n<h2><span style=\"font-size: 14pt;\">Produkt-Highlights<\/span><\/h2>\n<p>Hohe Reinheit<br \/>\nGleichm\u00e4\u00dfige Partikelgr\u00f6\u00dfen, gute Dispergierbarkeit<br \/>\nHervorragende optische Eigenschaften<br \/>\nHohe chemische Stabilit\u00e4t<br \/>\nEinfach zu verarbeiten und zu mischen<br \/>\nUnterst\u00fctzt kundenspezifische Partikelgr\u00f6\u00dfen<br \/>\nGeeignet f\u00fcr optoelektronische und lichtemittierende Anwendungen<br \/>\nStarke Chargenkonsistenz<\/p>\n<h2><span style=\"font-size: 14pt;\">Anwendungen von Strontiumsulfidpulver<\/span><\/h2>\n<p>Verwendung bei der Herstellung von infrarotemittierenden Materialien und Leuchtstoffen.<br \/>\nErreichen einer hocheffizienten Elektronenumwandlung in optoelektronischen Ger\u00e4ten.<br \/>\nVerwendung als Lasermaterialien und Vorl\u00e4ufer f\u00fcr Quantenpunkte.<br \/>\nVerwendung bei der Herstellung von mehrschichtigen Verbundwerkstoffen und Beschichtungen zur Verbesserung der Materialfunktionalit\u00e4t.<\/p>\n<h2><span style=\"color: #0000ff;\"><a style=\"color: #0000ff;\" href=\"https:\/\/ulpmat.com\/de\/unternehmen\/faqs\/\"><span style=\"font-size: 14pt;\">H\u00e4ufig gestellte Fragen<\/span><\/a><\/span><\/h2>\n<p>F1: Was ist der \u00fcbliche Partikelgr\u00f6\u00dfenbereich von SrS-Pulver?<br \/>\nA1: Wir bieten eine Vielzahl von Partikelgr\u00f6\u00dfen von Mikrometern bis Nanometern an, die je nach Kundenwunsch angepasst werden k\u00f6nnen.<\/p>\n<p>F2: Wie muss SrS-Pulver gelagert werden, um seine Stabilit\u00e4t zu gew\u00e4hrleisten?<br \/>\nA2: Lagern Sie es in einer trockenen, dunklen und versiegelten Umgebung und vermeiden Sie Feuchtigkeit und l\u00e4ngere Exposition gegen\u00fcber Luft.<\/p>\n<p>F3: Kann das Pulver in Nassmisch- oder Beschichtungsprozessen verwendet werden?<br \/>\nA3: Ja, das Pulver hat eine gute Dispergierbarkeit und eignet sich f\u00fcr Nassverarbeitungs- und Beschichtungsanwendungen.<\/p>\n<p>F4: Wie kann die Reinheit des Pulvers und die Konsistenz der Chargen sichergestellt werden?<br \/>\nA4: Jede Pulvercharge wird einer strengen Analyse der chemischen Zusammensetzung und einer Partikelgr\u00f6\u00dfenpr\u00fcfung unterzogen, um eine hohe Reinheit und stabile Leistung zu gew\u00e4hrleisten.<\/p>\n<h2><span style=\"font-size: 14pt;\">Berichte<\/span><\/h2>\n<p>Jede Charge wird mit folgenden Dokumenten geliefert:<br \/>\n<span style=\"color: #0000ff;\"><a style=\"color: #0000ff;\" href=\"https:\/\/ulpmat.com\/de\/dokumente\/zertifikat-der-analyse\/\"><u>Analysezertifikat (COA)<\/u><\/a><\/span><\/p>\n<p><span style=\"color: #0000ff;\"><a style=\"color: #0000ff;\" href=\"https:\/\/ulpmat.com\/de\/dokumente\/technisches-datenblatt\/\"><u>Technisches Datenblatt (TDS)<\/u><\/a><\/span><\/p>\n<p><span style=\"color: #0000ff;\"><a style=\"color: #0000ff;\" href=\"https:\/\/ulpmat.com\/de\/dokumente\/sicherheitsdatenblatt\/\"><u>Sicherheitsdatenblatt (MSDS)<\/u><\/a><\/span><br \/>\nTestberichte von Drittanbietern sind auf Anfrage erh\u00e4ltlich<\/p>\n<h2><span style=\"font-size: 14pt;\">. Warum sollten Sie sich f\u00fcr uns entscheiden?<\/span><\/h2>\n<p>Wir verf\u00fcgen \u00fcber ausgereifte Technologien zur Herstellung von SrS-Pulver und ein strenges Qualit\u00e4tskontrollsystem, wodurch wir hochreine, gut dispergierbare und stabile Pulver sowie professionelle technische Dienstleistungen anbieten k\u00f6nnen, um reibungslose Forschungs- und Industrieanwendungen zu erm\u00f6glichen.<\/p>\n","protected":false},"excerpt":{"rendered":"<p>\u00dcbersicht \u00fcber Strontiumsulfidpulver Hochreines Strontiumsulfidpulver eignet sich f\u00fcr die Herstellung von optoelektronischen Materialien und lichtemittierenden Bauelementen. Wir bieten hochreine SrS-Pulver in verschiedenen Partikelgr\u00f6\u00dfen an, um den Anforderungen der wissenschaftlichen Forschung und industriellen Anwendungen gerecht zu werden. Bitte kontaktieren Sie uns, wenn Sie Muster ben\u00f6tigen oder Pulverspezifikationen anpassen m\u00f6chten. Wir bieten technischen Support und Kundendienst , [&hellip;]<\/p>\n","protected":false},"featured_media":35143,"template":"","meta":{"_acf_changed":false},"product_brand":[132],"product_cat":[670,1090],"product_tag":[3762],"class_list":{"0":"post-35142","1":"product","2":"type-product","3":"status-publish","4":"has-post-thumbnail","6":"product_brand-ulpmat","7":"product_cat-chalkogenid-materialien","8":"product_cat-chalkogenid-materialien-de","9":"product_tag-strontium-sulfid-pulver","11":"first","12":"instock","13":"shipping-taxable","14":"product-type-variable"},"acf":[],"_links":{"self":[{"href":"https:\/\/ulpmat.com\/de\/wp-json\/wp\/v2\/product\/35142","targetHints":{"allow":["GET"]}}],"collection":[{"href":"https:\/\/ulpmat.com\/de\/wp-json\/wp\/v2\/product"}],"about":[{"href":"https:\/\/ulpmat.com\/de\/wp-json\/wp\/v2\/types\/product"}],"wp:featuredmedia":[{"embeddable":true,"href":"https:\/\/ulpmat.com\/de\/wp-json\/wp\/v2\/media\/35143"}],"wp:attachment":[{"href":"https:\/\/ulpmat.com\/de\/wp-json\/wp\/v2\/media?parent=35142"}],"wp:term":[{"taxonomy":"product_brand","embeddable":true,"href":"https:\/\/ulpmat.com\/de\/wp-json\/wp\/v2\/product_brand?post=35142"},{"taxonomy":"product_cat","embeddable":true,"href":"https:\/\/ulpmat.com\/de\/wp-json\/wp\/v2\/product_cat?post=35142"},{"taxonomy":"product_tag","embeddable":true,"href":"https:\/\/ulpmat.com\/de\/wp-json\/wp\/v2\/product_tag?post=35142"}],"curies":[{"name":"wp","href":"https:\/\/api.w.org\/{rel}","templated":true}]}}