{"id":34968,"date":"2025-12-09T15:51:06","date_gmt":"2025-12-09T07:51:06","guid":{"rendered":"https:\/\/ulpmat.com\/product\/rubidiumkarbonat\/"},"modified":"2025-12-09T15:51:06","modified_gmt":"2025-12-09T07:51:06","slug":"rubidiumkarbonat","status":"publish","type":"product","link":"https:\/\/ulpmat.com\/de\/produkt\/rubidiumkarbonat\/","title":{"rendered":"Rubidiumkarbonat"},"content":{"rendered":"<h2><span style=\"font-size: 14pt;\">Rubidiumcarbonat-Pulver<\/span><\/h2>\n<p>\u2013 \u00dcbersicht<br \/>\nHochreines <span style=\"color: #0000ff;\"><a style=\"color: #0000ff;\" href=\"https:\/\/ulpmat.com\/de\/search\/?type=name&#038;keyword=rubidium+carbonate\">Rubidiumcarbonat<\/a><\/span><br \/>\n-Pulver zeichnet sich durch hohe Reinheit, ausgezeichnete Stabilit\u00e4t und starke L\u00f6slichkeit aus und dient als wichtiger Rohstoff f\u00fcr Forschung und Entwicklung sowie Produktion in den Bereichen Optoelektronik, Katalyse, Spezialglas und anderen Bereichen.<\/p>\n<p>Wir bieten Rubidiumcarbonat-Pulver in verschiedenen Reinheitsgraden und Spezifikationen an und unterst\u00fctzen Sie bei der Anpassung der Partikelgr\u00f6\u00dfe und der speziellen Verpackung. F\u00fcr Muster, Angebote oder technische Anfragen k\u00f6nnen Sie <span style=\"color: #0000ff;\"><a style=\"color: #0000ff;\" href=\"https:\/\/ulpmat.com\/de\/kontakt-us\/\">sich<\/a><\/span><br \/>\njederzeit <span style=\"color: #0000ff;\"><a style=\"color: #0000ff;\" href=\"https:\/\/ulpmat.com\/de\/kontakt-us\/\">an uns wenden<\/a><\/span><br \/>\n.<\/p>\n<h2><span style=\"font-size: 14pt;\">Produkt-Highlights<\/span><\/h2>\n<p>Ultrahohe Reinheit<br \/>\nGleichm\u00e4\u00dfige und kontrollierbare Partikelgr\u00f6\u00dfe<br \/>\nAusgezeichnete Wasserl\u00f6slichkeit und Reaktivit\u00e4t<br \/>\nStrenge feuchtigkeitsgesch\u00fctzte Verpackung<br \/>\nProfessioneller <span style=\"color: #0000ff;\"><a style=\"color: #0000ff;\" href=\"https:\/\/ulpmat.com\/de\/service\/technische-unterstuetzung\/\">technischer Support<\/a><\/span><\/p>\n<h2><span style=\"font-size: 14pt;\">Anwendungen von Rubidiumcarbonat-Pulver<\/span><\/h2>\n<p>Spezialoptisches<span style=\"color: #0000ff;\"><\/span><br \/>\nGlas: Wird zur Herstellung von optischem Glas mit hohem Brechungsindex und geringer Dispersion verwendet.<br \/>\nPhotovoltaik- und optoelektronische Materialien: Dient als wichtiges Dotierungsmaterial f\u00fcr neuartige optoelektronische Bauelemente wie Perowskit-Solarzellen.<br \/>\nKatalysatoren f\u00fcr die organische Synthese: Wirkt als effizienter Katalysator in verschiedenen alkalikatalysierten Reaktionen.<br \/>\nHerstellung von elektronischer Keramik: Verbessert die Sinterleistung und die dielektrischen Eigenschaften von Keramikmaterialien.<\/p>\n<h2><span style=\"color: #0000ff;\"><a style=\"color: #0000ff;\" href=\"https:\/\/ulpmat.com\/de\/unternehmen\/faqs\/\"><span style=\"font-size: 14pt;\">H\u00e4ufig gestellte Fragen<\/span><\/a><\/span><\/h2>\n<p>F1: Wie hoch ist die typische Reinheit des Produkts?<br \/>\nA1: Wir liefern standardm\u00e4\u00dfig eine Reinheit von 99,9 % und k\u00f6nnen je nach Kundenwunsch auch ma\u00dfgeschneiderte Reinheitsl\u00f6sungen anbieten.<\/p>\n<p>F2: Wie sollte das Produkt gelagert werden?<br \/>\nA2: Dieses Produkt nimmt leicht Feuchtigkeit auf. Lagern Sie es in einem verschlossenen Beh\u00e4lter in einer trockenen, k\u00fchlen und dunklen Umgebung. Nach dem \u00d6ffnen mit Inertgas sch\u00fctzen und umgehend verbrauchen.<\/p>\n<p>F3: K\u00f6nnen Muster zum Testen bereitgestellt werden?<br \/>\nA3: Ja, wir freuen uns, wenn Neukunden Muster zur Bewertung anfordern. Bitte wenden Sie sich an unser Vertriebsteam, um die genauen Richtlinien zu erfahren.<\/p>\n<p>F4: Unterst\u00fctzen Sie kundenspezifische Fertigung?<br \/>\nA4: Ja. Wir k\u00f6nnen die Produktion gem\u00e4\u00df Ihren spezifischen Anforderungen hinsichtlich Partikelgr\u00f6\u00dfe, Reinheit, Kristallmorphologie und Verpackung anpassen.<\/p>\n<h2><span style=\"font-size: 14pt;\">Bericht<\/span><\/h2>\n<p>Jede Charge wird mit folgenden Unterlagen geliefert:<br \/>\n<span style=\"color: #0000ff;\"><a style=\"color: #0000ff;\" href=\"https:\/\/ulpmat.com\/de\/dokumente\/zertifikat-der-analyse\/\"><u>Analysezertifikat (COA)<\/u><\/a><\/span><\/p>\n<p><span style=\"color: #0000ff;\"><a style=\"color: #0000ff;\" href=\"https:\/\/ulpmat.com\/de\/dokumente\/technisches-datenblatt\/\"><u>Technisches Datenblatt (TDS)<\/u><\/a><\/span><\/p>\n<p><span style=\"color: #0000ff;\"><a style=\"color: #0000ff;\" href=\"https:\/\/ulpmat.com\/de\/dokumente\/sicherheitsdatenblatt\/\"><u>Sicherheitsdatenblatt (MSDS)<\/u><\/a><\/span><br \/>\nTestberichte von Drittanbietern sind auf Anfrage erh\u00e4ltlich<\/p>\n<h2><span style=\"font-size: 14pt;\">Warum sollten Sie sich f\u00fcr uns entscheiden?<\/span><\/h2>\n<p>Mit unserer stabilen Versorgung mit hochreinen Produkten, professionellem technischen Support und flexiblen Anpassungsdienstleistungen sind wir Ihr zuverl\u00e4ssiger Partner f\u00fcr Rubidiumverbindungen.<\/p>\n","protected":false},"excerpt":{"rendered":"<p>Rubidiumcarbonat-Pulver \u2013 \u00dcbersicht Hochreines Rubidiumcarbonat -Pulver zeichnet sich durch hohe Reinheit, ausgezeichnete Stabilit\u00e4t und starke L\u00f6slichkeit aus und dient als wichtiger Rohstoff f\u00fcr Forschung und Entwicklung sowie Produktion in den Bereichen Optoelektronik, Katalyse, Spezialglas und anderen Bereichen. Wir bieten Rubidiumcarbonat-Pulver in verschiedenen Reinheitsgraden und Spezifikationen an und unterst\u00fctzen Sie bei der Anpassung der Partikelgr\u00f6\u00dfe und [&hellip;]<\/p>\n","protected":false},"featured_media":34969,"template":"","meta":{"_acf_changed":false},"product_brand":[132],"product_cat":[1185],"product_tag":[3720],"class_list":{"0":"post-34968","1":"product","2":"type-product","3":"status-publish","4":"has-post-thumbnail","6":"product_brand-ulpmat","7":"product_cat-andere-saeuren","8":"product_tag-rubidiumkarbonat-pulver","10":"first","11":"instock","12":"shipping-taxable","13":"product-type-variable"},"acf":[],"_links":{"self":[{"href":"https:\/\/ulpmat.com\/de\/wp-json\/wp\/v2\/product\/34968","targetHints":{"allow":["GET"]}}],"collection":[{"href":"https:\/\/ulpmat.com\/de\/wp-json\/wp\/v2\/product"}],"about":[{"href":"https:\/\/ulpmat.com\/de\/wp-json\/wp\/v2\/types\/product"}],"wp:featuredmedia":[{"embeddable":true,"href":"https:\/\/ulpmat.com\/de\/wp-json\/wp\/v2\/media\/34969"}],"wp:attachment":[{"href":"https:\/\/ulpmat.com\/de\/wp-json\/wp\/v2\/media?parent=34968"}],"wp:term":[{"taxonomy":"product_brand","embeddable":true,"href":"https:\/\/ulpmat.com\/de\/wp-json\/wp\/v2\/product_brand?post=34968"},{"taxonomy":"product_cat","embeddable":true,"href":"https:\/\/ulpmat.com\/de\/wp-json\/wp\/v2\/product_cat?post=34968"},{"taxonomy":"product_tag","embeddable":true,"href":"https:\/\/ulpmat.com\/de\/wp-json\/wp\/v2\/product_tag?post=34968"}],"curies":[{"name":"wp","href":"https:\/\/api.w.org\/{rel}","templated":true}]}}